

{"id":28000,"date":"2023-04-21T12:23:52","date_gmt":"2023-04-21T09:23:52","guid":{"rendered":"https:\/\/kinnunen.fi\/?post_type=product&#038;p=28000"},"modified":"2026-04-20T04:00:36","modified_gmt":"2026-04-20T01:00:36","slug":"jaguar-kampasetti-eri-vareja","status":"publish","type":"product","link":"https:\/\/kinnunen.fi\/en\/product\/jaguar-kampasetti-eri-vareja\/","title":{"rendered":"Jaguar campaign kit, different colours"},"content":{"rendered":"","protected":false},"excerpt":{"rendered":"<p>The 9-piece Jaguar comb set contains all the combs you need for your hairdressing work. The combs are packed in a handy storage case.<br \/>\nSet includes; Cutting comb, fading comb, master comb, stalk trimming comb, sparse trimming comb, trimming comb, rolling comb, permanent comb, tweezing comb.<\/p>","protected":false},"featured_media":27891,"comment_status":"closed","ping_status":"closed","template":"","meta":{"_relevanssi_hide_post":"","_relevanssi_pin_for_all":"","_relevanssi_pin_keywords":"","_relevanssi_unpin_keywords":"","_relevanssi_related_keywords":"","_relevanssi_related_include_ids":"","_relevanssi_related_exclude_ids":"","_relevanssi_related_no_append":"","_relevanssi_related_not_related":"","_relevanssi_related_posts":"","_relevanssi_noindex_reason":""},"product_cat":[1790,2067,1795,1796],"product_tag":[],"class_list":["post-28000","product","type-product","status-publish","has-post-thumbnail","hentry","product_cat-harjat-ja-kammat","product_cat-muut-kammat","product_cat-leikkauskamat","product_cat-permanentti-ja-rullauskammat","pa_vari-musta","pa_vari-pinkki","pa_vari-violetti","tuotemerkki-jaguar"],"tuotemerkit":[{"term_id":173,"name":"Jaguar","slug":"jaguar","term_group":0,"term_taxonomy_id":173,"taxonomy":"tuotemerkki","description":"","parent":0,"count":26,"filter":"raw"}],"acf":[],"yoast_head":"<!-- This site is optimized with the Yoast SEO plugin v23.3 - https:\/\/yoast.com\/wordpress\/plugins\/seo\/ -->\n<title>Jaguar -kampasetti, eri v\u00e4rej\u00e4 - Kinnunen<\/title>\n<meta name=\"robots\" content=\"index, follow, max-snippet:-1, max-image-preview:large, max-video-preview:-1\" \/>\n<link rel=\"canonical\" href=\"https:\/\/kinnunen.fi\/en\/product\/jaguar-kampasetti-eri-vareja\/\" \/>\n<meta property=\"og:locale\" content=\"en_GB\" \/>\n<meta property=\"og:type\" content=\"article\" \/>\n<meta property=\"og:title\" content=\"Jaguar -kampasetti, eri v\u00e4rej\u00e4 - Kinnunen\" \/>\n<meta property=\"og:description\" content=\"9 -osainen Jaguar kampasetti sis\u00e4lt\u00e4\u00e4 kaikki kammat mit\u00e4 tarvitset kampaajan ty\u00f6ss\u00e4. Kammat on pakattu k\u00e4tev\u00e4\u00e4n s\u00e4ilytyskoteloon. Setti sis\u00e4lt\u00e4\u00e4; Leikkauskampa, h\u00e4ivytyskampa, mestarikampa, varsiselvityskampa, harva leikkauskampa, selvityskampa, rullauskampa, permanenttikampa, tupeerauskampa.\" \/>\n<meta property=\"og:url\" content=\"https:\/\/kinnunen.fi\/en\/product\/jaguar-kampasetti-eri-vareja\/\" \/>\n<meta property=\"og:site_name\" content=\"Kinnunen\" \/>\n<meta property=\"article:modified_time\" content=\"2026-04-20T01:00:36+00:00\" \/>\n<meta property=\"og:image\" content=\"https:\/\/kinnunen.fi\/wp-content\/uploads\/2023\/04\/Jaguar_kampasetti.jpg\" \/>\n\t<meta property=\"og:image:width\" content=\"1000\" \/>\n\t<meta property=\"og:image:height\" content=\"1000\" \/>\n\t<meta property=\"og:image:type\" content=\"image\/jpeg\" \/>\n<meta name=\"twitter:card\" content=\"summary_large_image\" \/>\n<script type=\"application\/ld+json\" class=\"yoast-schema-graph\">{\"@context\":\"https:\/\/schema.org\",\"@graph\":[{\"@type\":\"WebPage\",\"@id\":\"https:\/\/kinnunen.fi\/tuote\/jaguar-kampasetti-eri-vareja\/\",\"url\":\"https:\/\/kinnunen.fi\/tuote\/jaguar-kampasetti-eri-vareja\/\",\"name\":\"Jaguar -kampasetti, eri v\u00e4rej\u00e4 - Kinnunen\",\"isPartOf\":{\"@id\":\"https:\/\/kinnunen.fi\/#website\"},\"primaryImageOfPage\":{\"@id\":\"https:\/\/kinnunen.fi\/tuote\/jaguar-kampasetti-eri-vareja\/#primaryimage\"},\"image\":{\"@id\":\"https:\/\/kinnunen.fi\/tuote\/jaguar-kampasetti-eri-vareja\/#primaryimage\"},\"thumbnailUrl\":\"https:\/\/kinnunen.fi\/wp-content\/uploads\/2023\/04\/Jaguar_kampasetti.jpg\",\"datePublished\":\"2023-04-21T09:23:52+00:00\",\"dateModified\":\"2026-04-20T01:00:36+00:00\",\"breadcrumb\":{\"@id\":\"https:\/\/kinnunen.fi\/tuote\/jaguar-kampasetti-eri-vareja\/#breadcrumb\"},\"inLanguage\":\"en-GB\",\"potentialAction\":[{\"@type\":\"ReadAction\",\"target\":[\"https:\/\/kinnunen.fi\/tuote\/jaguar-kampasetti-eri-vareja\/\"]}]},{\"@type\":\"ImageObject\",\"inLanguage\":\"en-GB\",\"@id\":\"https:\/\/kinnunen.fi\/tuote\/jaguar-kampasetti-eri-vareja\/#primaryimage\",\"url\":\"https:\/\/kinnunen.fi\/wp-content\/uploads\/2023\/04\/Jaguar_kampasetti.jpg\",\"contentUrl\":\"https:\/\/kinnunen.fi\/wp-content\/uploads\/2023\/04\/Jaguar_kampasetti.jpg\",\"width\":1000,\"height\":1000},{\"@type\":\"BreadcrumbList\",\"@id\":\"https:\/\/kinnunen.fi\/tuote\/jaguar-kampasetti-eri-vareja\/#breadcrumb\",\"itemListElement\":[{\"@type\":\"ListItem\",\"position\":1,\"name\":\"Etusivu\",\"item\":\"https:\/\/kinnunen.fi\/\"},{\"@type\":\"ListItem\",\"position\":2,\"name\":\"Kaikki tuotteet\",\"item\":\"https:\/\/kinnunen.fi\/kauppa\/\"},{\"@type\":\"ListItem\",\"position\":3,\"name\":\"Tarvikkeet\",\"item\":\"https:\/\/kinnunen.fi\/tuote-osasto\/tarvikkeet\/\"},{\"@type\":\"ListItem\",\"position\":4,\"name\":\"Harjat ja kammat\",\"item\":\"https:\/\/kinnunen.fi\/tuote-osasto\/tarvikkeet\/harjat-ja-kammat\/\"},{\"@type\":\"ListItem\",\"position\":5,\"name\":\"Jaguar -kampasetti, eri v\u00e4rej\u00e4\"}]},{\"@type\":\"WebSite\",\"@id\":\"https:\/\/kinnunen.fi\/#website\",\"url\":\"https:\/\/kinnunen.fi\/\",\"name\":\"Kinnunen\",\"description\":\"\",\"potentialAction\":[{\"@type\":\"SearchAction\",\"target\":{\"@type\":\"EntryPoint\",\"urlTemplate\":\"https:\/\/kinnunen.fi\/?s={search_term_string}\"},\"query-input\":\"required name=search_term_string\"}],\"inLanguage\":\"en-GB\"}]}<\/script>\n<!-- \/ Yoast SEO plugin. -->","yoast_head_json":{"title":"Jaguar -kampasetti, eri v\u00e4rej\u00e4 - Kinnunen","robots":{"index":"index","follow":"follow","max-snippet":"max-snippet:-1","max-image-preview":"max-image-preview:large","max-video-preview":"max-video-preview:-1"},"canonical":"https:\/\/kinnunen.fi\/en\/product\/jaguar-kampasetti-eri-vareja\/","og_locale":"en_GB","og_type":"article","og_title":"Jaguar -kampasetti, eri v\u00e4rej\u00e4 - Kinnunen","og_description":"9 -osainen Jaguar kampasetti sis\u00e4lt\u00e4\u00e4 kaikki kammat mit\u00e4 tarvitset kampaajan ty\u00f6ss\u00e4. Kammat on pakattu k\u00e4tev\u00e4\u00e4n s\u00e4ilytyskoteloon. Setti sis\u00e4lt\u00e4\u00e4; Leikkauskampa, h\u00e4ivytyskampa, mestarikampa, varsiselvityskampa, harva leikkauskampa, selvityskampa, rullauskampa, permanenttikampa, tupeerauskampa.","og_url":"https:\/\/kinnunen.fi\/en\/product\/jaguar-kampasetti-eri-vareja\/","og_site_name":"Kinnunen","article_modified_time":"2026-04-20T01:00:36+00:00","og_image":[{"width":1000,"height":1000,"url":"https:\/\/kinnunen.fi\/wp-content\/uploads\/2023\/04\/Jaguar_kampasetti.jpg","type":"image\/jpeg"}],"twitter_card":"summary_large_image","schema":{"@context":"https:\/\/schema.org","@graph":[{"@type":"WebPage","@id":"https:\/\/kinnunen.fi\/tuote\/jaguar-kampasetti-eri-vareja\/","url":"https:\/\/kinnunen.fi\/tuote\/jaguar-kampasetti-eri-vareja\/","name":"Jaguar -kampasetti, eri v\u00e4rej\u00e4 - Kinnunen","isPartOf":{"@id":"https:\/\/kinnunen.fi\/#website"},"primaryImageOfPage":{"@id":"https:\/\/kinnunen.fi\/tuote\/jaguar-kampasetti-eri-vareja\/#primaryimage"},"image":{"@id":"https:\/\/kinnunen.fi\/tuote\/jaguar-kampasetti-eri-vareja\/#primaryimage"},"thumbnailUrl":"https:\/\/kinnunen.fi\/wp-content\/uploads\/2023\/04\/Jaguar_kampasetti.jpg","datePublished":"2023-04-21T09:23:52+00:00","dateModified":"2026-04-20T01:00:36+00:00","breadcrumb":{"@id":"https:\/\/kinnunen.fi\/tuote\/jaguar-kampasetti-eri-vareja\/#breadcrumb"},"inLanguage":"en-GB","potentialAction":[{"@type":"ReadAction","target":["https:\/\/kinnunen.fi\/tuote\/jaguar-kampasetti-eri-vareja\/"]}]},{"@type":"ImageObject","inLanguage":"en-GB","@id":"https:\/\/kinnunen.fi\/tuote\/jaguar-kampasetti-eri-vareja\/#primaryimage","url":"https:\/\/kinnunen.fi\/wp-content\/uploads\/2023\/04\/Jaguar_kampasetti.jpg","contentUrl":"https:\/\/kinnunen.fi\/wp-content\/uploads\/2023\/04\/Jaguar_kampasetti.jpg","width":1000,"height":1000},{"@type":"BreadcrumbList","@id":"https:\/\/kinnunen.fi\/tuote\/jaguar-kampasetti-eri-vareja\/#breadcrumb","itemListElement":[{"@type":"ListItem","position":1,"name":"Etusivu","item":"https:\/\/kinnunen.fi\/"},{"@type":"ListItem","position":2,"name":"Kaikki tuotteet","item":"https:\/\/kinnunen.fi\/kauppa\/"},{"@type":"ListItem","position":3,"name":"Tarvikkeet","item":"https:\/\/kinnunen.fi\/tuote-osasto\/tarvikkeet\/"},{"@type":"ListItem","position":4,"name":"Harjat ja kammat","item":"https:\/\/kinnunen.fi\/tuote-osasto\/tarvikkeet\/harjat-ja-kammat\/"},{"@type":"ListItem","position":5,"name":"Jaguar -kampasetti, eri v\u00e4rej\u00e4"}]},{"@type":"WebSite","@id":"https:\/\/kinnunen.fi\/#website","url":"https:\/\/kinnunen.fi\/","name":"Kinnunen","description":"","potentialAction":[{"@type":"SearchAction","target":{"@type":"EntryPoint","urlTemplate":"https:\/\/kinnunen.fi\/?s={search_term_string}"},"query-input":"required name=search_term_string"}],"inLanguage":"en-GB"}]}},"_links":{"self":[{"href":"https:\/\/kinnunen.fi\/en\/wp-json\/wp\/v2\/product\/28000"}],"collection":[{"href":"https:\/\/kinnunen.fi\/en\/wp-json\/wp\/v2\/product"}],"about":[{"href":"https:\/\/kinnunen.fi\/en\/wp-json\/wp\/v2\/types\/product"}],"replies":[{"embeddable":true,"href":"https:\/\/kinnunen.fi\/en\/wp-json\/wp\/v2\/comments?post=28000"}],"wp:featuredmedia":[{"embeddable":true,"href":"https:\/\/kinnunen.fi\/en\/wp-json\/wp\/v2\/media\/27891"}],"wp:attachment":[{"href":"https:\/\/kinnunen.fi\/en\/wp-json\/wp\/v2\/media?parent=28000"}],"wp:term":[{"taxonomy":"product_cat","embeddable":true,"href":"https:\/\/kinnunen.fi\/en\/wp-json\/wp\/v2\/product_cat?post=28000"},{"taxonomy":"product_tag","embeddable":true,"href":"https:\/\/kinnunen.fi\/en\/wp-json\/wp\/v2\/product_tag?post=28000"}],"curies":[{"name":"wp","href":"https:\/\/api.w.org\/{rel}","templated":true}]}}