

{"id":28047,"date":"2023-04-25T10:18:40","date_gmt":"2023-04-25T07:18:40","guid":{"rendered":"https:\/\/kinnunen.fi\/?post_type=product&#038;p=28047"},"modified":"2026-04-19T04:00:37","modified_gmt":"2026-04-19T01:00:37","slug":"jofrika-varispray-100ml","status":"publish","type":"product","link":"https:\/\/kinnunen.fi\/en\/product\/jofrika-varispray-100ml\/","title":{"rendered":"Jofrika colour spray, 100ml"},"content":{"rendered":"","protected":false},"excerpt":{"rendered":"<p>With Jofrika Colour Spray you can easily and quickly create spectacular effects or even a whole new shade!<\/p>\n<p>The colour spray comes off with a shampoo wash. Do not use the spray on bleached, permed, coloured, brittle or grey hair, as the colour may stick more firmly to these types of hair. Carefully protect the environment and clothing from spills, drips and stains. Wear gloves when applying the product. Do not use on facial hair.<\/p>","protected":false},"featured_media":28045,"comment_status":"closed","ping_status":"closed","template":"","meta":{"_relevanssi_hide_post":"","_relevanssi_pin_for_all":"","_relevanssi_pin_keywords":"","_relevanssi_unpin_keywords":"","_relevanssi_related_keywords":"","_relevanssi_related_include_ids":"","_relevanssi_related_exclude_ids":"","_relevanssi_related_no_append":"","_relevanssi_related_not_related":"","_relevanssi_related_posts":"","_relevanssi_noindex_reason":""},"product_cat":[1727,1752,1753],"product_tag":[],"class_list":["post-28047","product","type-product","status-publish","has-post-thumbnail","hentry","product_cat-hiuskosmetiikka","product_cat-hiusvarit","product_cat-suoravarit","pa_vari-hopea","pa_vari-keltainen","pa_vari-kulta","pa_vari-musta","pa_vari-oranssi","pa_vari-pinkki","pa_vari-punainen","pa_vari-sininen","pa_vari-vihrea","tuotemerkki-jofrika"],"tuotemerkit":[{"term_id":2134,"name":"Jofrika","slug":"jofrika","term_group":0,"term_taxonomy_id":2134,"taxonomy":"tuotemerkki","description":"","parent":0,"count":1,"filter":"raw"}],"acf":[],"yoast_head":"<!-- This site is optimized with the Yoast SEO plugin v23.3 - https:\/\/yoast.com\/wordpress\/plugins\/seo\/ -->\n<title>Jofrika v\u00e4rispray, 100ml - Kinnunen<\/title>\n<meta name=\"robots\" content=\"index, follow, max-snippet:-1, max-image-preview:large, max-video-preview:-1\" \/>\n<link rel=\"canonical\" href=\"https:\/\/kinnunen.fi\/en\/product\/jofrika-varispray-100ml\/\" \/>\n<meta property=\"og:locale\" content=\"en_GB\" \/>\n<meta property=\"og:type\" content=\"article\" \/>\n<meta property=\"og:title\" content=\"Jofrika v\u00e4rispray, 100ml - Kinnunen\" \/>\n<meta property=\"og:description\" content=\"Jofrika v\u00e4rispraylla luot hiuksiin helposti ja nopeasti n\u00e4ytt\u00e4vi\u00e4 efektej\u00e4 tai luot vaikka kokonaan uuden s\u00e4vyn!  V\u00e4risuihke l\u00e4htee pois shampoopesulla. \u00c4l\u00e4 k\u00e4yt\u00e4 suihketta vaalennettuihin, permanentattuihin, v\u00e4rj\u00e4ttyihin, hauraisiin tai harmaisiin hiuksiin, v\u00e4ri voi tarttua n\u00e4ihin hiuslaatuihin tiukemmin. Suojaa ymp\u00e4rist\u00f6 sek\u00e4 vaatteet huolellisesti valumilta, pisaroilta ja tahroilta. K\u00e4yt\u00e4 hanskoja tuotetta laittaessa. \u00c4l\u00e4 k\u00e4yt\u00e4 kasvojen karvoituksiin.\" \/>\n<meta property=\"og:url\" content=\"https:\/\/kinnunen.fi\/en\/product\/jofrika-varispray-100ml\/\" \/>\n<meta property=\"og:site_name\" content=\"Kinnunen\" \/>\n<meta property=\"article:modified_time\" content=\"2026-04-19T01:00:37+00:00\" \/>\n<meta property=\"og:image\" content=\"https:\/\/kinnunen.fi\/wp-content\/uploads\/2023\/04\/Jofrika_varispray_706100.jpg\" \/>\n\t<meta property=\"og:image:width\" content=\"1000\" \/>\n\t<meta property=\"og:image:height\" content=\"1000\" \/>\n\t<meta property=\"og:image:type\" content=\"image\/jpeg\" \/>\n<meta name=\"twitter:card\" content=\"summary_large_image\" \/>\n<script type=\"application\/ld+json\" class=\"yoast-schema-graph\">{\"@context\":\"https:\/\/schema.org\",\"@graph\":[{\"@type\":\"WebPage\",\"@id\":\"https:\/\/kinnunen.fi\/tuote\/jofrika-varispray-100ml\/\",\"url\":\"https:\/\/kinnunen.fi\/tuote\/jofrika-varispray-100ml\/\",\"name\":\"Jofrika v\u00e4rispray, 100ml - Kinnunen\",\"isPartOf\":{\"@id\":\"https:\/\/kinnunen.fi\/#website\"},\"primaryImageOfPage\":{\"@id\":\"https:\/\/kinnunen.fi\/tuote\/jofrika-varispray-100ml\/#primaryimage\"},\"image\":{\"@id\":\"https:\/\/kinnunen.fi\/tuote\/jofrika-varispray-100ml\/#primaryimage\"},\"thumbnailUrl\":\"https:\/\/kinnunen.fi\/wp-content\/uploads\/2023\/04\/Jofrika_varispray_706100.jpg\",\"datePublished\":\"2023-04-25T07:18:40+00:00\",\"dateModified\":\"2026-04-19T01:00:37+00:00\",\"breadcrumb\":{\"@id\":\"https:\/\/kinnunen.fi\/tuote\/jofrika-varispray-100ml\/#breadcrumb\"},\"inLanguage\":\"en-GB\",\"potentialAction\":[{\"@type\":\"ReadAction\",\"target\":[\"https:\/\/kinnunen.fi\/tuote\/jofrika-varispray-100ml\/\"]}]},{\"@type\":\"ImageObject\",\"inLanguage\":\"en-GB\",\"@id\":\"https:\/\/kinnunen.fi\/tuote\/jofrika-varispray-100ml\/#primaryimage\",\"url\":\"https:\/\/kinnunen.fi\/wp-content\/uploads\/2023\/04\/Jofrika_varispray_706100.jpg\",\"contentUrl\":\"https:\/\/kinnunen.fi\/wp-content\/uploads\/2023\/04\/Jofrika_varispray_706100.jpg\",\"width\":1000,\"height\":1000},{\"@type\":\"BreadcrumbList\",\"@id\":\"https:\/\/kinnunen.fi\/tuote\/jofrika-varispray-100ml\/#breadcrumb\",\"itemListElement\":[{\"@type\":\"ListItem\",\"position\":1,\"name\":\"Etusivu\",\"item\":\"https:\/\/kinnunen.fi\/\"},{\"@type\":\"ListItem\",\"position\":2,\"name\":\"Kaikki tuotteet\",\"item\":\"https:\/\/kinnunen.fi\/kauppa\/\"},{\"@type\":\"ListItem\",\"position\":3,\"name\":\"Hiuskosmetiikka\",\"item\":\"https:\/\/kinnunen.fi\/tuote-osasto\/hiuskosmetiikka\/\"},{\"@type\":\"ListItem\",\"position\":4,\"name\":\"Jofrika v\u00e4rispray, 100ml\"}]},{\"@type\":\"WebSite\",\"@id\":\"https:\/\/kinnunen.fi\/#website\",\"url\":\"https:\/\/kinnunen.fi\/\",\"name\":\"Kinnunen\",\"description\":\"\",\"potentialAction\":[{\"@type\":\"SearchAction\",\"target\":{\"@type\":\"EntryPoint\",\"urlTemplate\":\"https:\/\/kinnunen.fi\/?s={search_term_string}\"},\"query-input\":\"required name=search_term_string\"}],\"inLanguage\":\"en-GB\"}]}<\/script>\n<!-- \/ Yoast SEO plugin. -->","yoast_head_json":{"title":"Jofrika v\u00e4rispray, 100ml - Kinnunen","robots":{"index":"index","follow":"follow","max-snippet":"max-snippet:-1","max-image-preview":"max-image-preview:large","max-video-preview":"max-video-preview:-1"},"canonical":"https:\/\/kinnunen.fi\/en\/product\/jofrika-varispray-100ml\/","og_locale":"en_GB","og_type":"article","og_title":"Jofrika v\u00e4rispray, 100ml - Kinnunen","og_description":"Jofrika v\u00e4rispraylla luot hiuksiin helposti ja nopeasti n\u00e4ytt\u00e4vi\u00e4 efektej\u00e4 tai luot vaikka kokonaan uuden s\u00e4vyn!  V\u00e4risuihke l\u00e4htee pois shampoopesulla. \u00c4l\u00e4 k\u00e4yt\u00e4 suihketta vaalennettuihin, permanentattuihin, v\u00e4rj\u00e4ttyihin, hauraisiin tai harmaisiin hiuksiin, v\u00e4ri voi tarttua n\u00e4ihin hiuslaatuihin tiukemmin. Suojaa ymp\u00e4rist\u00f6 sek\u00e4 vaatteet huolellisesti valumilta, pisaroilta ja tahroilta. K\u00e4yt\u00e4 hanskoja tuotetta laittaessa. \u00c4l\u00e4 k\u00e4yt\u00e4 kasvojen karvoituksiin.","og_url":"https:\/\/kinnunen.fi\/en\/product\/jofrika-varispray-100ml\/","og_site_name":"Kinnunen","article_modified_time":"2026-04-19T01:00:37+00:00","og_image":[{"width":1000,"height":1000,"url":"https:\/\/kinnunen.fi\/wp-content\/uploads\/2023\/04\/Jofrika_varispray_706100.jpg","type":"image\/jpeg"}],"twitter_card":"summary_large_image","schema":{"@context":"https:\/\/schema.org","@graph":[{"@type":"WebPage","@id":"https:\/\/kinnunen.fi\/tuote\/jofrika-varispray-100ml\/","url":"https:\/\/kinnunen.fi\/tuote\/jofrika-varispray-100ml\/","name":"Jofrika v\u00e4rispray, 100ml - Kinnunen","isPartOf":{"@id":"https:\/\/kinnunen.fi\/#website"},"primaryImageOfPage":{"@id":"https:\/\/kinnunen.fi\/tuote\/jofrika-varispray-100ml\/#primaryimage"},"image":{"@id":"https:\/\/kinnunen.fi\/tuote\/jofrika-varispray-100ml\/#primaryimage"},"thumbnailUrl":"https:\/\/kinnunen.fi\/wp-content\/uploads\/2023\/04\/Jofrika_varispray_706100.jpg","datePublished":"2023-04-25T07:18:40+00:00","dateModified":"2026-04-19T01:00:37+00:00","breadcrumb":{"@id":"https:\/\/kinnunen.fi\/tuote\/jofrika-varispray-100ml\/#breadcrumb"},"inLanguage":"en-GB","potentialAction":[{"@type":"ReadAction","target":["https:\/\/kinnunen.fi\/tuote\/jofrika-varispray-100ml\/"]}]},{"@type":"ImageObject","inLanguage":"en-GB","@id":"https:\/\/kinnunen.fi\/tuote\/jofrika-varispray-100ml\/#primaryimage","url":"https:\/\/kinnunen.fi\/wp-content\/uploads\/2023\/04\/Jofrika_varispray_706100.jpg","contentUrl":"https:\/\/kinnunen.fi\/wp-content\/uploads\/2023\/04\/Jofrika_varispray_706100.jpg","width":1000,"height":1000},{"@type":"BreadcrumbList","@id":"https:\/\/kinnunen.fi\/tuote\/jofrika-varispray-100ml\/#breadcrumb","itemListElement":[{"@type":"ListItem","position":1,"name":"Etusivu","item":"https:\/\/kinnunen.fi\/"},{"@type":"ListItem","position":2,"name":"Kaikki tuotteet","item":"https:\/\/kinnunen.fi\/kauppa\/"},{"@type":"ListItem","position":3,"name":"Hiuskosmetiikka","item":"https:\/\/kinnunen.fi\/tuote-osasto\/hiuskosmetiikka\/"},{"@type":"ListItem","position":4,"name":"Jofrika v\u00e4rispray, 100ml"}]},{"@type":"WebSite","@id":"https:\/\/kinnunen.fi\/#website","url":"https:\/\/kinnunen.fi\/","name":"Kinnunen","description":"","potentialAction":[{"@type":"SearchAction","target":{"@type":"EntryPoint","urlTemplate":"https:\/\/kinnunen.fi\/?s={search_term_string}"},"query-input":"required name=search_term_string"}],"inLanguage":"en-GB"}]}},"_links":{"self":[{"href":"https:\/\/kinnunen.fi\/en\/wp-json\/wp\/v2\/product\/28047"}],"collection":[{"href":"https:\/\/kinnunen.fi\/en\/wp-json\/wp\/v2\/product"}],"about":[{"href":"https:\/\/kinnunen.fi\/en\/wp-json\/wp\/v2\/types\/product"}],"replies":[{"embeddable":true,"href":"https:\/\/kinnunen.fi\/en\/wp-json\/wp\/v2\/comments?post=28047"}],"wp:featuredmedia":[{"embeddable":true,"href":"https:\/\/kinnunen.fi\/en\/wp-json\/wp\/v2\/media\/28045"}],"wp:attachment":[{"href":"https:\/\/kinnunen.fi\/en\/wp-json\/wp\/v2\/media?parent=28047"}],"wp:term":[{"taxonomy":"product_cat","embeddable":true,"href":"https:\/\/kinnunen.fi\/en\/wp-json\/wp\/v2\/product_cat?post=28047"},{"taxonomy":"product_tag","embeddable":true,"href":"https:\/\/kinnunen.fi\/en\/wp-json\/wp\/v2\/product_tag?post=28047"}],"curies":[{"name":"wp","href":"https:\/\/api.w.org\/{rel}","templated":true}]}}