

{"id":31228,"date":"2023-05-02T10:37:24","date_gmt":"2023-05-02T07:37:24","guid":{"rendered":"https:\/\/kinnunen.fi\/?post_type=product&#038;p=31228"},"modified":"2026-04-17T04:00:36","modified_gmt":"2026-04-17T01:00:36","slug":"y-s-park-diffuser-l-koko","status":"publish","type":"product","link":"https:\/\/kinnunen.fi\/en\/product\/y-s-park-diffuser-l-koko\/","title":{"rendered":"Y.S.Park Diffuser, L-size"},"content":{"rendered":"<p>The Y.S.Park diffuser does not dry out the hair structure but maintains the hair's natural moisture balance. The diffuser does not break the airflow but converts the airflow from the hair dryer into heat and infrared rays. The diffuser is suitable for almost all types of hairdryers. Folds into a small space. Construction material: impregnated fabric + titanium and silver mesh. Size: width 140mm, height 160mm, width of neck 50-100mm.<\/p>","protected":false},"excerpt":{"rendered":"<p>Y.S.Park diffuuseri ei kuivata hiusten rakennetta vaan s\u00e4ilytt\u00e4\u00e4 hiusten luonnollisen kosteustasapainon. Diffuuseri ei riko ilmavirtaa vaan se muuntaa f\u00f6\u00f6nist\u00e4 tulevan&hellip;<\/p>","protected":false},"featured_media":31231,"comment_status":"open","ping_status":"closed","template":"","meta":{"_relevanssi_hide_post":"","_relevanssi_pin_for_all":"","_relevanssi_pin_keywords":"","_relevanssi_unpin_keywords":"","_relevanssi_related_keywords":"","_relevanssi_related_include_ids":"","_relevanssi_related_exclude_ids":"","_relevanssi_related_no_append":"","_relevanssi_related_not_related":"","_relevanssi_related_posts":"","_relevanssi_noindex_reason":""},"product_cat":[1774,1779],"product_tag":[],"class_list":["post-31228","product","type-product","status-publish","has-post-thumbnail","hentry","product_cat-koneet-ja-laitteet","product_cat-koneiden-oheistuotteet","tuotemerkki-y-s-park"],"tuotemerkit":[{"term_id":193,"name":"Y.S.Park","slug":"y-s-park","term_group":0,"term_taxonomy_id":193,"taxonomy":"tuotemerkki","description":"","parent":0,"count":61,"filter":"raw"}],"acf":[],"yoast_head":"<!-- This site is optimized with the Yoast SEO plugin v23.3 - https:\/\/yoast.com\/wordpress\/plugins\/seo\/ -->\n<title>Y.S.Park Diffuser, L-koko - Kinnunen<\/title>\n<meta name=\"robots\" content=\"index, follow, max-snippet:-1, max-image-preview:large, max-video-preview:-1\" \/>\n<link rel=\"canonical\" href=\"https:\/\/kinnunen.fi\/en\/product\/y-s-park-diffuser-l-koko\/\" \/>\n<meta property=\"og:locale\" content=\"en_GB\" \/>\n<meta property=\"og:type\" content=\"article\" \/>\n<meta property=\"og:title\" content=\"Y.S.Park Diffuser, L-koko - Kinnunen\" \/>\n<meta property=\"og:description\" content=\"Y.S.Park diffuuseri ei kuivata hiusten rakennetta vaan s\u00e4ilytt\u00e4\u00e4 hiusten luonnollisen kosteustasapainon. Diffuuseri ei riko ilmavirtaa vaan se muuntaa f\u00f6\u00f6nist\u00e4 tulevan&hellip;\" \/>\n<meta property=\"og:url\" content=\"https:\/\/kinnunen.fi\/en\/product\/y-s-park-diffuser-l-koko\/\" \/>\n<meta property=\"og:site_name\" content=\"Kinnunen\" \/>\n<meta property=\"article:modified_time\" content=\"2026-04-17T01:00:36+00:00\" \/>\n<meta property=\"og:image\" content=\"https:\/\/kinnunen.fi\/wp-content\/uploads\/2023\/05\/ysdiffuserL.jpg\" \/>\n\t<meta property=\"og:image:width\" content=\"1000\" \/>\n\t<meta property=\"og:image:height\" content=\"1000\" \/>\n\t<meta property=\"og:image:type\" content=\"image\/jpeg\" \/>\n<meta name=\"twitter:card\" content=\"summary_large_image\" \/>\n<meta name=\"twitter:label1\" content=\"Estimated reading time\" \/>\n\t<meta name=\"twitter:data1\" content=\"1 minute\" \/>\n<script type=\"application\/ld+json\" class=\"yoast-schema-graph\">{\"@context\":\"https:\/\/schema.org\",\"@graph\":[{\"@type\":\"WebPage\",\"@id\":\"https:\/\/kinnunen.fi\/tuote\/y-s-park-diffuser-l-koko\/\",\"url\":\"https:\/\/kinnunen.fi\/tuote\/y-s-park-diffuser-l-koko\/\",\"name\":\"Y.S.Park Diffuser, L-koko - Kinnunen\",\"isPartOf\":{\"@id\":\"https:\/\/kinnunen.fi\/#website\"},\"primaryImageOfPage\":{\"@id\":\"https:\/\/kinnunen.fi\/tuote\/y-s-park-diffuser-l-koko\/#primaryimage\"},\"image\":{\"@id\":\"https:\/\/kinnunen.fi\/tuote\/y-s-park-diffuser-l-koko\/#primaryimage\"},\"thumbnailUrl\":\"https:\/\/kinnunen.fi\/wp-content\/uploads\/2023\/05\/ysdiffuserL.jpg\",\"datePublished\":\"2023-05-02T07:37:24+00:00\",\"dateModified\":\"2026-04-17T01:00:36+00:00\",\"breadcrumb\":{\"@id\":\"https:\/\/kinnunen.fi\/tuote\/y-s-park-diffuser-l-koko\/#breadcrumb\"},\"inLanguage\":\"en-GB\",\"potentialAction\":[{\"@type\":\"ReadAction\",\"target\":[\"https:\/\/kinnunen.fi\/tuote\/y-s-park-diffuser-l-koko\/\"]}]},{\"@type\":\"ImageObject\",\"inLanguage\":\"en-GB\",\"@id\":\"https:\/\/kinnunen.fi\/tuote\/y-s-park-diffuser-l-koko\/#primaryimage\",\"url\":\"https:\/\/kinnunen.fi\/wp-content\/uploads\/2023\/05\/ysdiffuserL.jpg\",\"contentUrl\":\"https:\/\/kinnunen.fi\/wp-content\/uploads\/2023\/05\/ysdiffuserL.jpg\",\"width\":1000,\"height\":1000},{\"@type\":\"BreadcrumbList\",\"@id\":\"https:\/\/kinnunen.fi\/tuote\/y-s-park-diffuser-l-koko\/#breadcrumb\",\"itemListElement\":[{\"@type\":\"ListItem\",\"position\":1,\"name\":\"Etusivu\",\"item\":\"https:\/\/kinnunen.fi\/\"},{\"@type\":\"ListItem\",\"position\":2,\"name\":\"Kaikki tuotteet\",\"item\":\"https:\/\/kinnunen.fi\/kauppa\/\"},{\"@type\":\"ListItem\",\"position\":3,\"name\":\"Koneet ja s\u00e4hk\u00f6laitteet\",\"item\":\"https:\/\/kinnunen.fi\/tuote-osasto\/koneet-ja-laitteet\/\"},{\"@type\":\"ListItem\",\"position\":4,\"name\":\"Koneiden oheistuotteet\",\"item\":\"https:\/\/kinnunen.fi\/tuote-osasto\/koneet-ja-laitteet\/koneiden-oheistuotteet\/\"},{\"@type\":\"ListItem\",\"position\":5,\"name\":\"Y.S.Park Diffuser, L-koko\"}]},{\"@type\":\"WebSite\",\"@id\":\"https:\/\/kinnunen.fi\/#website\",\"url\":\"https:\/\/kinnunen.fi\/\",\"name\":\"Kinnunen\",\"description\":\"\",\"potentialAction\":[{\"@type\":\"SearchAction\",\"target\":{\"@type\":\"EntryPoint\",\"urlTemplate\":\"https:\/\/kinnunen.fi\/?s={search_term_string}\"},\"query-input\":\"required name=search_term_string\"}],\"inLanguage\":\"en-GB\"}]}<\/script>\n<!-- \/ Yoast SEO plugin. -->","yoast_head_json":{"title":"Y.S.Park Diffuser, L-koko - Kinnunen","robots":{"index":"index","follow":"follow","max-snippet":"max-snippet:-1","max-image-preview":"max-image-preview:large","max-video-preview":"max-video-preview:-1"},"canonical":"https:\/\/kinnunen.fi\/en\/product\/y-s-park-diffuser-l-koko\/","og_locale":"en_GB","og_type":"article","og_title":"Y.S.Park Diffuser, L-koko - Kinnunen","og_description":"Y.S.Park diffuuseri ei kuivata hiusten rakennetta vaan s\u00e4ilytt\u00e4\u00e4 hiusten luonnollisen kosteustasapainon. Diffuuseri ei riko ilmavirtaa vaan se muuntaa f\u00f6\u00f6nist\u00e4 tulevan&hellip;","og_url":"https:\/\/kinnunen.fi\/en\/product\/y-s-park-diffuser-l-koko\/","og_site_name":"Kinnunen","article_modified_time":"2026-04-17T01:00:36+00:00","og_image":[{"width":1000,"height":1000,"url":"https:\/\/kinnunen.fi\/wp-content\/uploads\/2023\/05\/ysdiffuserL.jpg","type":"image\/jpeg"}],"twitter_card":"summary_large_image","twitter_misc":{"Estimated reading time":"1 minute"},"schema":{"@context":"https:\/\/schema.org","@graph":[{"@type":"WebPage","@id":"https:\/\/kinnunen.fi\/tuote\/y-s-park-diffuser-l-koko\/","url":"https:\/\/kinnunen.fi\/tuote\/y-s-park-diffuser-l-koko\/","name":"Y.S.Park Diffuser, L-koko - Kinnunen","isPartOf":{"@id":"https:\/\/kinnunen.fi\/#website"},"primaryImageOfPage":{"@id":"https:\/\/kinnunen.fi\/tuote\/y-s-park-diffuser-l-koko\/#primaryimage"},"image":{"@id":"https:\/\/kinnunen.fi\/tuote\/y-s-park-diffuser-l-koko\/#primaryimage"},"thumbnailUrl":"https:\/\/kinnunen.fi\/wp-content\/uploads\/2023\/05\/ysdiffuserL.jpg","datePublished":"2023-05-02T07:37:24+00:00","dateModified":"2026-04-17T01:00:36+00:00","breadcrumb":{"@id":"https:\/\/kinnunen.fi\/tuote\/y-s-park-diffuser-l-koko\/#breadcrumb"},"inLanguage":"en-GB","potentialAction":[{"@type":"ReadAction","target":["https:\/\/kinnunen.fi\/tuote\/y-s-park-diffuser-l-koko\/"]}]},{"@type":"ImageObject","inLanguage":"en-GB","@id":"https:\/\/kinnunen.fi\/tuote\/y-s-park-diffuser-l-koko\/#primaryimage","url":"https:\/\/kinnunen.fi\/wp-content\/uploads\/2023\/05\/ysdiffuserL.jpg","contentUrl":"https:\/\/kinnunen.fi\/wp-content\/uploads\/2023\/05\/ysdiffuserL.jpg","width":1000,"height":1000},{"@type":"BreadcrumbList","@id":"https:\/\/kinnunen.fi\/tuote\/y-s-park-diffuser-l-koko\/#breadcrumb","itemListElement":[{"@type":"ListItem","position":1,"name":"Etusivu","item":"https:\/\/kinnunen.fi\/"},{"@type":"ListItem","position":2,"name":"Kaikki tuotteet","item":"https:\/\/kinnunen.fi\/kauppa\/"},{"@type":"ListItem","position":3,"name":"Koneet ja s\u00e4hk\u00f6laitteet","item":"https:\/\/kinnunen.fi\/tuote-osasto\/koneet-ja-laitteet\/"},{"@type":"ListItem","position":4,"name":"Koneiden oheistuotteet","item":"https:\/\/kinnunen.fi\/tuote-osasto\/koneet-ja-laitteet\/koneiden-oheistuotteet\/"},{"@type":"ListItem","position":5,"name":"Y.S.Park Diffuser, L-koko"}]},{"@type":"WebSite","@id":"https:\/\/kinnunen.fi\/#website","url":"https:\/\/kinnunen.fi\/","name":"Kinnunen","description":"","potentialAction":[{"@type":"SearchAction","target":{"@type":"EntryPoint","urlTemplate":"https:\/\/kinnunen.fi\/?s={search_term_string}"},"query-input":"required name=search_term_string"}],"inLanguage":"en-GB"}]}},"_links":{"self":[{"href":"https:\/\/kinnunen.fi\/en\/wp-json\/wp\/v2\/product\/31228"}],"collection":[{"href":"https:\/\/kinnunen.fi\/en\/wp-json\/wp\/v2\/product"}],"about":[{"href":"https:\/\/kinnunen.fi\/en\/wp-json\/wp\/v2\/types\/product"}],"replies":[{"embeddable":true,"href":"https:\/\/kinnunen.fi\/en\/wp-json\/wp\/v2\/comments?post=31228"}],"wp:featuredmedia":[{"embeddable":true,"href":"https:\/\/kinnunen.fi\/en\/wp-json\/wp\/v2\/media\/31231"}],"wp:attachment":[{"href":"https:\/\/kinnunen.fi\/en\/wp-json\/wp\/v2\/media?parent=31228"}],"wp:term":[{"taxonomy":"product_cat","embeddable":true,"href":"https:\/\/kinnunen.fi\/en\/wp-json\/wp\/v2\/product_cat?post=31228"},{"taxonomy":"product_tag","embeddable":true,"href":"https:\/\/kinnunen.fi\/en\/wp-json\/wp\/v2\/product_tag?post=31228"}],"curies":[{"name":"wp","href":"https:\/\/api.w.org\/{rel}","templated":true}]}}