

{"id":31294,"date":"2023-05-08T09:40:34","date_gmt":"2023-05-08T06:40:34","guid":{"rendered":"https:\/\/kinnunen.fi\/?post_type=product&#038;p=31294"},"modified":"2026-04-19T04:00:28","modified_gmt":"2026-04-19T01:00:28","slug":"moyra-vitamine-hydrate-hoitoneste-12-ml","status":"publish","type":"product","link":"https:\/\/kinnunen.fi\/en\/product\/moyra-vitamine-hydrate-hoitoneste-12-ml\/","title":{"rendered":"Moyra Vitamine Hydrate, treatment liquid, 12 ml"},"content":{"rendered":"","protected":false},"excerpt":{"rendered":"<p>Moyra Vitamine Hydrate is recommended as a base coat for brittle and cracking nails. It makes nails more flexible and stronger. Contains water, hyaluronic acid and special vitamins. It can be used on its own or as a base coat under Moyra colours.<\/p>","protected":false},"featured_media":31255,"comment_status":"closed","ping_status":"closed","template":"","meta":{"_relevanssi_hide_post":"","_relevanssi_pin_for_all":"","_relevanssi_pin_keywords":"","_relevanssi_unpin_keywords":"","_relevanssi_related_keywords":"","_relevanssi_related_include_ids":"","_relevanssi_related_exclude_ids":"","_relevanssi_related_no_append":"","_relevanssi_related_not_related":"","_relevanssi_related_posts":"","_relevanssi_noindex_reason":""},"product_cat":[1865,1892],"product_tag":[],"class_list":["post-31294","product","type-product","status-publish","has-post-thumbnail","hentry","product_cat-kynnet-ja-kadet","product_cat-kynsienhoitotuotteet","tuotemerkki-moyra"],"tuotemerkit":[{"term_id":1995,"name":"Moyra","slug":"moyra","term_group":0,"term_taxonomy_id":1995,"taxonomy":"tuotemerkki","description":"","parent":0,"count":60,"filter":"raw"}],"acf":[],"yoast_head":"<!-- This site is optimized with the Yoast SEO plugin v23.3 - https:\/\/yoast.com\/wordpress\/plugins\/seo\/ -->\n<title>Moyra Vitamine Hydrate, hoitoneste, 12 ml - Kinnunen<\/title>\n<meta name=\"robots\" content=\"index, follow, max-snippet:-1, max-image-preview:large, max-video-preview:-1\" \/>\n<link rel=\"canonical\" href=\"https:\/\/kinnunen.fi\/en\/product\/moyra-vitamine-hydrate-hoitoneste-12-ml\/\" \/>\n<meta property=\"og:locale\" content=\"en_GB\" \/>\n<meta property=\"og:type\" content=\"article\" \/>\n<meta property=\"og:title\" content=\"Moyra Vitamine Hydrate, hoitoneste, 12 ml - Kinnunen\" \/>\n<meta property=\"og:description\" content=\"Moyra Vitamine Hydrate suositellaan k\u00e4ytett\u00e4v\u00e4ksi aluslakkana hauraille ja halkeileville kynsille. Se tekee kynsist\u00e4 joustavammat ja vahvemmat. Sis\u00e4lt\u00e4\u00e4 vett\u00e4, hyaluronhappoa sek\u00e4 erityisi\u00e4 vitamiineja. Sit\u00e4 voidaan k\u00e4ytt\u00e4\u00e4 sellaisenaan tai aluslakkana Moyra v\u00e4rien alla.\" \/>\n<meta property=\"og:url\" content=\"https:\/\/kinnunen.fi\/en\/product\/moyra-vitamine-hydrate-hoitoneste-12-ml\/\" \/>\n<meta property=\"og:site_name\" content=\"Kinnunen\" \/>\n<meta property=\"article:modified_time\" content=\"2026-04-19T01:00:28+00:00\" \/>\n<meta property=\"og:image\" content=\"https:\/\/kinnunen.fi\/wp-content\/uploads\/2023\/05\/MVIHY_vitamine_hydrate.png\" \/>\n\t<meta property=\"og:image:width\" content=\"1000\" \/>\n\t<meta property=\"og:image:height\" content=\"1000\" \/>\n\t<meta property=\"og:image:type\" content=\"image\/png\" \/>\n<meta name=\"twitter:card\" content=\"summary_large_image\" \/>\n<script type=\"application\/ld+json\" class=\"yoast-schema-graph\">{\"@context\":\"https:\/\/schema.org\",\"@graph\":[{\"@type\":\"WebPage\",\"@id\":\"https:\/\/kinnunen.fi\/tuote\/moyra-vitamine-hydrate-hoitoneste-12-ml\/\",\"url\":\"https:\/\/kinnunen.fi\/tuote\/moyra-vitamine-hydrate-hoitoneste-12-ml\/\",\"name\":\"Moyra Vitamine Hydrate, hoitoneste, 12 ml - Kinnunen\",\"isPartOf\":{\"@id\":\"https:\/\/kinnunen.fi\/#website\"},\"primaryImageOfPage\":{\"@id\":\"https:\/\/kinnunen.fi\/tuote\/moyra-vitamine-hydrate-hoitoneste-12-ml\/#primaryimage\"},\"image\":{\"@id\":\"https:\/\/kinnunen.fi\/tuote\/moyra-vitamine-hydrate-hoitoneste-12-ml\/#primaryimage\"},\"thumbnailUrl\":\"https:\/\/kinnunen.fi\/wp-content\/uploads\/2023\/05\/MVIHY_vitamine_hydrate.png\",\"datePublished\":\"2023-05-08T06:40:34+00:00\",\"dateModified\":\"2026-04-19T01:00:28+00:00\",\"breadcrumb\":{\"@id\":\"https:\/\/kinnunen.fi\/tuote\/moyra-vitamine-hydrate-hoitoneste-12-ml\/#breadcrumb\"},\"inLanguage\":\"en-GB\",\"potentialAction\":[{\"@type\":\"ReadAction\",\"target\":[\"https:\/\/kinnunen.fi\/tuote\/moyra-vitamine-hydrate-hoitoneste-12-ml\/\"]}]},{\"@type\":\"ImageObject\",\"inLanguage\":\"en-GB\",\"@id\":\"https:\/\/kinnunen.fi\/tuote\/moyra-vitamine-hydrate-hoitoneste-12-ml\/#primaryimage\",\"url\":\"https:\/\/kinnunen.fi\/wp-content\/uploads\/2023\/05\/MVIHY_vitamine_hydrate.png\",\"contentUrl\":\"https:\/\/kinnunen.fi\/wp-content\/uploads\/2023\/05\/MVIHY_vitamine_hydrate.png\",\"width\":1000,\"height\":1000},{\"@type\":\"BreadcrumbList\",\"@id\":\"https:\/\/kinnunen.fi\/tuote\/moyra-vitamine-hydrate-hoitoneste-12-ml\/#breadcrumb\",\"itemListElement\":[{\"@type\":\"ListItem\",\"position\":1,\"name\":\"Etusivu\",\"item\":\"https:\/\/kinnunen.fi\/\"},{\"@type\":\"ListItem\",\"position\":2,\"name\":\"Kaikki tuotteet\",\"item\":\"https:\/\/kinnunen.fi\/kauppa\/\"},{\"@type\":\"ListItem\",\"position\":3,\"name\":\"Kauneudenhoito\",\"item\":\"https:\/\/kinnunen.fi\/tuote-osasto\/kauneudenhoito\/\"},{\"@type\":\"ListItem\",\"position\":4,\"name\":\"Kynnet ja k\u00e4det\",\"item\":\"https:\/\/kinnunen.fi\/tuote-osasto\/kauneudenhoito\/kynnet-ja-kadet\/\"},{\"@type\":\"ListItem\",\"position\":5,\"name\":\"Moyra Vitamine Hydrate, hoitoneste, 12 ml\"}]},{\"@type\":\"WebSite\",\"@id\":\"https:\/\/kinnunen.fi\/#website\",\"url\":\"https:\/\/kinnunen.fi\/\",\"name\":\"Kinnunen\",\"description\":\"\",\"potentialAction\":[{\"@type\":\"SearchAction\",\"target\":{\"@type\":\"EntryPoint\",\"urlTemplate\":\"https:\/\/kinnunen.fi\/?s={search_term_string}\"},\"query-input\":\"required name=search_term_string\"}],\"inLanguage\":\"en-GB\"}]}<\/script>\n<!-- \/ Yoast SEO plugin. -->","yoast_head_json":{"title":"Moyra Vitamine Hydrate, hoitoneste, 12 ml - Kinnunen","robots":{"index":"index","follow":"follow","max-snippet":"max-snippet:-1","max-image-preview":"max-image-preview:large","max-video-preview":"max-video-preview:-1"},"canonical":"https:\/\/kinnunen.fi\/en\/product\/moyra-vitamine-hydrate-hoitoneste-12-ml\/","og_locale":"en_GB","og_type":"article","og_title":"Moyra Vitamine Hydrate, hoitoneste, 12 ml - Kinnunen","og_description":"Moyra Vitamine Hydrate suositellaan k\u00e4ytett\u00e4v\u00e4ksi aluslakkana hauraille ja halkeileville kynsille. Se tekee kynsist\u00e4 joustavammat ja vahvemmat. Sis\u00e4lt\u00e4\u00e4 vett\u00e4, hyaluronhappoa sek\u00e4 erityisi\u00e4 vitamiineja. Sit\u00e4 voidaan k\u00e4ytt\u00e4\u00e4 sellaisenaan tai aluslakkana Moyra v\u00e4rien alla.","og_url":"https:\/\/kinnunen.fi\/en\/product\/moyra-vitamine-hydrate-hoitoneste-12-ml\/","og_site_name":"Kinnunen","article_modified_time":"2026-04-19T01:00:28+00:00","og_image":[{"width":1000,"height":1000,"url":"https:\/\/kinnunen.fi\/wp-content\/uploads\/2023\/05\/MVIHY_vitamine_hydrate.png","type":"image\/png"}],"twitter_card":"summary_large_image","schema":{"@context":"https:\/\/schema.org","@graph":[{"@type":"WebPage","@id":"https:\/\/kinnunen.fi\/tuote\/moyra-vitamine-hydrate-hoitoneste-12-ml\/","url":"https:\/\/kinnunen.fi\/tuote\/moyra-vitamine-hydrate-hoitoneste-12-ml\/","name":"Moyra Vitamine Hydrate, hoitoneste, 12 ml - Kinnunen","isPartOf":{"@id":"https:\/\/kinnunen.fi\/#website"},"primaryImageOfPage":{"@id":"https:\/\/kinnunen.fi\/tuote\/moyra-vitamine-hydrate-hoitoneste-12-ml\/#primaryimage"},"image":{"@id":"https:\/\/kinnunen.fi\/tuote\/moyra-vitamine-hydrate-hoitoneste-12-ml\/#primaryimage"},"thumbnailUrl":"https:\/\/kinnunen.fi\/wp-content\/uploads\/2023\/05\/MVIHY_vitamine_hydrate.png","datePublished":"2023-05-08T06:40:34+00:00","dateModified":"2026-04-19T01:00:28+00:00","breadcrumb":{"@id":"https:\/\/kinnunen.fi\/tuote\/moyra-vitamine-hydrate-hoitoneste-12-ml\/#breadcrumb"},"inLanguage":"en-GB","potentialAction":[{"@type":"ReadAction","target":["https:\/\/kinnunen.fi\/tuote\/moyra-vitamine-hydrate-hoitoneste-12-ml\/"]}]},{"@type":"ImageObject","inLanguage":"en-GB","@id":"https:\/\/kinnunen.fi\/tuote\/moyra-vitamine-hydrate-hoitoneste-12-ml\/#primaryimage","url":"https:\/\/kinnunen.fi\/wp-content\/uploads\/2023\/05\/MVIHY_vitamine_hydrate.png","contentUrl":"https:\/\/kinnunen.fi\/wp-content\/uploads\/2023\/05\/MVIHY_vitamine_hydrate.png","width":1000,"height":1000},{"@type":"BreadcrumbList","@id":"https:\/\/kinnunen.fi\/tuote\/moyra-vitamine-hydrate-hoitoneste-12-ml\/#breadcrumb","itemListElement":[{"@type":"ListItem","position":1,"name":"Etusivu","item":"https:\/\/kinnunen.fi\/"},{"@type":"ListItem","position":2,"name":"Kaikki tuotteet","item":"https:\/\/kinnunen.fi\/kauppa\/"},{"@type":"ListItem","position":3,"name":"Kauneudenhoito","item":"https:\/\/kinnunen.fi\/tuote-osasto\/kauneudenhoito\/"},{"@type":"ListItem","position":4,"name":"Kynnet ja k\u00e4det","item":"https:\/\/kinnunen.fi\/tuote-osasto\/kauneudenhoito\/kynnet-ja-kadet\/"},{"@type":"ListItem","position":5,"name":"Moyra Vitamine Hydrate, hoitoneste, 12 ml"}]},{"@type":"WebSite","@id":"https:\/\/kinnunen.fi\/#website","url":"https:\/\/kinnunen.fi\/","name":"Kinnunen","description":"","potentialAction":[{"@type":"SearchAction","target":{"@type":"EntryPoint","urlTemplate":"https:\/\/kinnunen.fi\/?s={search_term_string}"},"query-input":"required name=search_term_string"}],"inLanguage":"en-GB"}]}},"_links":{"self":[{"href":"https:\/\/kinnunen.fi\/en\/wp-json\/wp\/v2\/product\/31294"}],"collection":[{"href":"https:\/\/kinnunen.fi\/en\/wp-json\/wp\/v2\/product"}],"about":[{"href":"https:\/\/kinnunen.fi\/en\/wp-json\/wp\/v2\/types\/product"}],"replies":[{"embeddable":true,"href":"https:\/\/kinnunen.fi\/en\/wp-json\/wp\/v2\/comments?post=31294"}],"wp:featuredmedia":[{"embeddable":true,"href":"https:\/\/kinnunen.fi\/en\/wp-json\/wp\/v2\/media\/31255"}],"wp:attachment":[{"href":"https:\/\/kinnunen.fi\/en\/wp-json\/wp\/v2\/media?parent=31294"}],"wp:term":[{"taxonomy":"product_cat","embeddable":true,"href":"https:\/\/kinnunen.fi\/en\/wp-json\/wp\/v2\/product_cat?post=31294"},{"taxonomy":"product_tag","embeddable":true,"href":"https:\/\/kinnunen.fi\/en\/wp-json\/wp\/v2\/product_tag?post=31294"}],"curies":[{"name":"wp","href":"https:\/\/api.w.org\/{rel}","templated":true}]}}