

{"id":31465,"date":"2023-05-15T12:43:06","date_gmt":"2023-05-15T09:43:06","guid":{"rendered":"https:\/\/kinnunen.fi\/?post_type=product&#038;p=31465"},"modified":"2026-05-01T04:00:09","modified_gmt":"2026-05-01T01:00:09","slug":"limited-edition-lumi-coat-supreme-cream-pride","status":"publish","type":"product","link":"https:\/\/kinnunen.fi\/en\/product\/limited-edition-lumi-coat-supreme-cream-pride\/","title":{"rendered":"Limited edition - Lumi Coat Supreme Cream Pride"},"content":{"rendered":"<p>Lumi Coat Supreme Cream is a luxurious deep moisturising vegan conditioner designed for coarse and frizzy hair. Fiber Sealing technology smoothes the hair, creating a protective film on the hair surface. The end result is soft and shiny hair. The cream is heat-activated, so for the product to work properly and give you the best possible results, add the product to clean hair before blow-drying. After blow-drying, style your hair as desired. The product is heat protected up to 230 degrees Celsius.<\/p>","protected":false},"excerpt":{"rendered":"<p><strong>We are proud to present Lumi Coat Supreme Cream Pride!<br \/>\n<\/strong>Keune Haircosmetics supports the LGBTQIA+ community by donating a portion of the proceeds from this Limited Edition product to Hivos Free to be Me, a program that fights for freedom and equality.<br \/>\nKeune Haircosmetics encourages everyone to be exactly who they are. To stand behind the values they believe in. We believe in a culture of acceptance and love, where you feel you can be yourself, without hesitation to love who you love!<\/p>","protected":false},"featured_media":31466,"comment_status":"closed","ping_status":"closed","template":"","meta":{"_relevanssi_hide_post":"","_relevanssi_pin_for_all":"","_relevanssi_pin_keywords":"","_relevanssi_unpin_keywords":"","_relevanssi_related_keywords":"","_relevanssi_related_include_ids":"","_relevanssi_related_exclude_ids":"","_relevanssi_related_no_append":"","_relevanssi_related_not_related":"","_relevanssi_related_posts":"","_relevanssi_noindex_reason":""},"product_cat":[1727,1734,1735,1730,1731],"product_tag":[],"class_list":["post-31465","product","type-product","status-publish","has-post-thumbnail","hentry","product_cat-hiuskosmetiikka","product_cat-hoitoaineet-ja-hiusmaamiot","product_cat-keune-care-hoitoaineet-ja-hiusmaamiot","product_cat-muut-hoitotuotteet-oljyt-ja-hiuspohjan-hoito","product_cat-keune-care-muut-hoitotuotteet-oljyt-ja-hiuspohjan-hoito","tuotemerkki-keune-care","tuotemerkki-keune-haircosmetics"],"tuotemerkit":[{"term_id":26,"name":"Keune Care","slug":"keune-care","term_group":0,"term_taxonomy_id":26,"taxonomy":"tuotemerkki","description":"","parent":25,"count":136,"filter":"raw"},{"term_id":25,"name":"Keune Haircosmetics","slug":"keune-haircosmetics","term_group":0,"term_taxonomy_id":25,"taxonomy":"tuotemerkki","description":"","parent":0,"count":276,"filter":"raw"}],"acf":[],"yoast_head":"<!-- This site is optimized with the Yoast SEO plugin v23.3 - https:\/\/yoast.com\/wordpress\/plugins\/seo\/ -->\n<title>Limited edition - Lumi Coat Supreme Cream Pride - Kinnunen<\/title>\n<meta name=\"robots\" content=\"index, follow, max-snippet:-1, max-image-preview:large, max-video-preview:-1\" \/>\n<link rel=\"canonical\" href=\"https:\/\/kinnunen.fi\/en\/product\/limited-edition-lumi-coat-supreme-cream-pride\/\" \/>\n<meta property=\"og:locale\" content=\"en_GB\" \/>\n<meta property=\"og:type\" content=\"article\" \/>\n<meta property=\"og:title\" content=\"Limited edition - Lumi Coat Supreme Cream Pride - Kinnunen\" \/>\n<meta property=\"og:description\" content=\"Ylpe\u00e4n\u00e4 esittelemme Lumi Coat Supreme Cream Pride! Keune Haircosmetics tukee LGBTQIA+ yhteis\u00f6\u00e4 lahjoittamalla osan t\u00e4m\u00e4n Limited Edition -tuotteen tuotoista Hivos Free to be Me -ohjelmalle, joka taistelee vapauden ja yhdenmukaisuuden puolesta. Keune Haircosmetics rohkaisee kaikkia olemaan juuri sellaisia kuin ovat. Seisomaan uskomiensa arvojen takana. Uskomme hyv\u00e4ksynn\u00e4n ja rakkauden kulttuuriin, jossa tunnet voivasi olla oma itsesi, ep\u00e4r\u00f6im\u00e4tt\u00e4 rakastaa ket\u00e4 rakastat!\" \/>\n<meta property=\"og:url\" content=\"https:\/\/kinnunen.fi\/en\/product\/limited-edition-lumi-coat-supreme-cream-pride\/\" \/>\n<meta property=\"og:site_name\" content=\"Kinnunen\" \/>\n<meta property=\"article:modified_time\" content=\"2026-05-01T01:00:09+00:00\" \/>\n<meta property=\"og:image\" content=\"https:\/\/kinnunen.fi\/wp-content\/uploads\/2023\/05\/LumiCoat_Pride_21399_2.jpg\" \/>\n\t<meta property=\"og:image:width\" content=\"1000\" \/>\n\t<meta property=\"og:image:height\" content=\"1000\" \/>\n\t<meta property=\"og:image:type\" content=\"image\/jpeg\" \/>\n<meta name=\"twitter:card\" content=\"summary_large_image\" \/>\n<meta name=\"twitter:label1\" content=\"Estimated reading time\" \/>\n\t<meta name=\"twitter:data1\" content=\"1 minute\" \/>\n<script type=\"application\/ld+json\" class=\"yoast-schema-graph\">{\"@context\":\"https:\/\/schema.org\",\"@graph\":[{\"@type\":\"WebPage\",\"@id\":\"https:\/\/kinnunen.fi\/tuote\/limited-edition-lumi-coat-supreme-cream-pride\/\",\"url\":\"https:\/\/kinnunen.fi\/tuote\/limited-edition-lumi-coat-supreme-cream-pride\/\",\"name\":\"Limited edition - Lumi Coat Supreme Cream Pride - Kinnunen\",\"isPartOf\":{\"@id\":\"https:\/\/kinnunen.fi\/#website\"},\"primaryImageOfPage\":{\"@id\":\"https:\/\/kinnunen.fi\/tuote\/limited-edition-lumi-coat-supreme-cream-pride\/#primaryimage\"},\"image\":{\"@id\":\"https:\/\/kinnunen.fi\/tuote\/limited-edition-lumi-coat-supreme-cream-pride\/#primaryimage\"},\"thumbnailUrl\":\"https:\/\/kinnunen.fi\/wp-content\/uploads\/2023\/05\/LumiCoat_Pride_21399_2.jpg\",\"datePublished\":\"2023-05-15T09:43:06+00:00\",\"dateModified\":\"2026-05-01T01:00:09+00:00\",\"breadcrumb\":{\"@id\":\"https:\/\/kinnunen.fi\/tuote\/limited-edition-lumi-coat-supreme-cream-pride\/#breadcrumb\"},\"inLanguage\":\"en-GB\",\"potentialAction\":[{\"@type\":\"ReadAction\",\"target\":[\"https:\/\/kinnunen.fi\/tuote\/limited-edition-lumi-coat-supreme-cream-pride\/\"]}]},{\"@type\":\"ImageObject\",\"inLanguage\":\"en-GB\",\"@id\":\"https:\/\/kinnunen.fi\/tuote\/limited-edition-lumi-coat-supreme-cream-pride\/#primaryimage\",\"url\":\"https:\/\/kinnunen.fi\/wp-content\/uploads\/2023\/05\/LumiCoat_Pride_21399_2.jpg\",\"contentUrl\":\"https:\/\/kinnunen.fi\/wp-content\/uploads\/2023\/05\/LumiCoat_Pride_21399_2.jpg\",\"width\":1000,\"height\":1000},{\"@type\":\"BreadcrumbList\",\"@id\":\"https:\/\/kinnunen.fi\/tuote\/limited-edition-lumi-coat-supreme-cream-pride\/#breadcrumb\",\"itemListElement\":[{\"@type\":\"ListItem\",\"position\":1,\"name\":\"Etusivu\",\"item\":\"https:\/\/kinnunen.fi\/\"},{\"@type\":\"ListItem\",\"position\":2,\"name\":\"Kaikki tuotteet\",\"item\":\"https:\/\/kinnunen.fi\/kauppa\/\"},{\"@type\":\"ListItem\",\"position\":3,\"name\":\"Hiuskosmetiikka\",\"item\":\"https:\/\/kinnunen.fi\/tuote-osasto\/hiuskosmetiikka\/\"},{\"@type\":\"ListItem\",\"position\":4,\"name\":\"Limited edition &#8211; Lumi Coat Supreme Cream Pride\"}]},{\"@type\":\"WebSite\",\"@id\":\"https:\/\/kinnunen.fi\/#website\",\"url\":\"https:\/\/kinnunen.fi\/\",\"name\":\"Kinnunen\",\"description\":\"\",\"potentialAction\":[{\"@type\":\"SearchAction\",\"target\":{\"@type\":\"EntryPoint\",\"urlTemplate\":\"https:\/\/kinnunen.fi\/?s={search_term_string}\"},\"query-input\":\"required name=search_term_string\"}],\"inLanguage\":\"en-GB\"}]}<\/script>\n<!-- \/ Yoast SEO plugin. -->","yoast_head_json":{"title":"Limited edition - Lumi Coat Supreme Cream Pride - Kinnunen","robots":{"index":"index","follow":"follow","max-snippet":"max-snippet:-1","max-image-preview":"max-image-preview:large","max-video-preview":"max-video-preview:-1"},"canonical":"https:\/\/kinnunen.fi\/en\/product\/limited-edition-lumi-coat-supreme-cream-pride\/","og_locale":"en_GB","og_type":"article","og_title":"Limited edition - Lumi Coat Supreme Cream Pride - Kinnunen","og_description":"Ylpe\u00e4n\u00e4 esittelemme Lumi Coat Supreme Cream Pride! Keune Haircosmetics tukee LGBTQIA+ yhteis\u00f6\u00e4 lahjoittamalla osan t\u00e4m\u00e4n Limited Edition -tuotteen tuotoista Hivos Free to be Me -ohjelmalle, joka taistelee vapauden ja yhdenmukaisuuden puolesta. Keune Haircosmetics rohkaisee kaikkia olemaan juuri sellaisia kuin ovat. Seisomaan uskomiensa arvojen takana. Uskomme hyv\u00e4ksynn\u00e4n ja rakkauden kulttuuriin, jossa tunnet voivasi olla oma itsesi, ep\u00e4r\u00f6im\u00e4tt\u00e4 rakastaa ket\u00e4 rakastat!","og_url":"https:\/\/kinnunen.fi\/en\/product\/limited-edition-lumi-coat-supreme-cream-pride\/","og_site_name":"Kinnunen","article_modified_time":"2026-05-01T01:00:09+00:00","og_image":[{"width":1000,"height":1000,"url":"https:\/\/kinnunen.fi\/wp-content\/uploads\/2023\/05\/LumiCoat_Pride_21399_2.jpg","type":"image\/jpeg"}],"twitter_card":"summary_large_image","twitter_misc":{"Estimated reading time":"1 minute"},"schema":{"@context":"https:\/\/schema.org","@graph":[{"@type":"WebPage","@id":"https:\/\/kinnunen.fi\/tuote\/limited-edition-lumi-coat-supreme-cream-pride\/","url":"https:\/\/kinnunen.fi\/tuote\/limited-edition-lumi-coat-supreme-cream-pride\/","name":"Limited edition - Lumi Coat Supreme Cream Pride - Kinnunen","isPartOf":{"@id":"https:\/\/kinnunen.fi\/#website"},"primaryImageOfPage":{"@id":"https:\/\/kinnunen.fi\/tuote\/limited-edition-lumi-coat-supreme-cream-pride\/#primaryimage"},"image":{"@id":"https:\/\/kinnunen.fi\/tuote\/limited-edition-lumi-coat-supreme-cream-pride\/#primaryimage"},"thumbnailUrl":"https:\/\/kinnunen.fi\/wp-content\/uploads\/2023\/05\/LumiCoat_Pride_21399_2.jpg","datePublished":"2023-05-15T09:43:06+00:00","dateModified":"2026-05-01T01:00:09+00:00","breadcrumb":{"@id":"https:\/\/kinnunen.fi\/tuote\/limited-edition-lumi-coat-supreme-cream-pride\/#breadcrumb"},"inLanguage":"en-GB","potentialAction":[{"@type":"ReadAction","target":["https:\/\/kinnunen.fi\/tuote\/limited-edition-lumi-coat-supreme-cream-pride\/"]}]},{"@type":"ImageObject","inLanguage":"en-GB","@id":"https:\/\/kinnunen.fi\/tuote\/limited-edition-lumi-coat-supreme-cream-pride\/#primaryimage","url":"https:\/\/kinnunen.fi\/wp-content\/uploads\/2023\/05\/LumiCoat_Pride_21399_2.jpg","contentUrl":"https:\/\/kinnunen.fi\/wp-content\/uploads\/2023\/05\/LumiCoat_Pride_21399_2.jpg","width":1000,"height":1000},{"@type":"BreadcrumbList","@id":"https:\/\/kinnunen.fi\/tuote\/limited-edition-lumi-coat-supreme-cream-pride\/#breadcrumb","itemListElement":[{"@type":"ListItem","position":1,"name":"Etusivu","item":"https:\/\/kinnunen.fi\/"},{"@type":"ListItem","position":2,"name":"Kaikki tuotteet","item":"https:\/\/kinnunen.fi\/kauppa\/"},{"@type":"ListItem","position":3,"name":"Hiuskosmetiikka","item":"https:\/\/kinnunen.fi\/tuote-osasto\/hiuskosmetiikka\/"},{"@type":"ListItem","position":4,"name":"Limited edition &#8211; Lumi Coat Supreme Cream Pride"}]},{"@type":"WebSite","@id":"https:\/\/kinnunen.fi\/#website","url":"https:\/\/kinnunen.fi\/","name":"Kinnunen","description":"","potentialAction":[{"@type":"SearchAction","target":{"@type":"EntryPoint","urlTemplate":"https:\/\/kinnunen.fi\/?s={search_term_string}"},"query-input":"required name=search_term_string"}],"inLanguage":"en-GB"}]}},"_links":{"self":[{"href":"https:\/\/kinnunen.fi\/en\/wp-json\/wp\/v2\/product\/31465"}],"collection":[{"href":"https:\/\/kinnunen.fi\/en\/wp-json\/wp\/v2\/product"}],"about":[{"href":"https:\/\/kinnunen.fi\/en\/wp-json\/wp\/v2\/types\/product"}],"replies":[{"embeddable":true,"href":"https:\/\/kinnunen.fi\/en\/wp-json\/wp\/v2\/comments?post=31465"}],"wp:featuredmedia":[{"embeddable":true,"href":"https:\/\/kinnunen.fi\/en\/wp-json\/wp\/v2\/media\/31466"}],"wp:attachment":[{"href":"https:\/\/kinnunen.fi\/en\/wp-json\/wp\/v2\/media?parent=31465"}],"wp:term":[{"taxonomy":"product_cat","embeddable":true,"href":"https:\/\/kinnunen.fi\/en\/wp-json\/wp\/v2\/product_cat?post=31465"},{"taxonomy":"product_tag","embeddable":true,"href":"https:\/\/kinnunen.fi\/en\/wp-json\/wp\/v2\/product_tag?post=31465"}],"curies":[{"name":"wp","href":"https:\/\/api.w.org\/{rel}","templated":true}]}}