

{"id":31736,"date":"2023-06-06T10:42:27","date_gmt":"2023-06-06T07:42:27","guid":{"rendered":"https:\/\/kinnunen.fi\/?post_type=product&#038;p=31736"},"modified":"2026-04-19T04:00:37","modified_gmt":"2026-04-19T01:00:37","slug":"janeke-superbrush","status":"publish","type":"product","link":"https:\/\/kinnunen.fi\/en\/product\/janeke-superbrush\/","title":{"rendered":"Rabbit SUPERBRUSH brush"},"content":{"rendered":"","protected":false},"excerpt":{"rendered":"<p>The SUPERBRUSH brush is made of durable material and is suitable for brushing, detangling and drying hair. The tines of the brush are made of a super soft material, which makes them flexible and does not scratch the scalp. Specially patented honeycomb holes allow air to pass through efficiently, which allows for quick drying of the hair. Very lightweight, length 20,5 cm.<\/p>","protected":false},"featured_media":31743,"comment_status":"open","ping_status":"closed","template":"","meta":{"_relevanssi_hide_post":"","_relevanssi_pin_for_all":"","_relevanssi_pin_keywords":"","_relevanssi_unpin_keywords":"","_relevanssi_related_keywords":"","_relevanssi_related_include_ids":"","_relevanssi_related_exclude_ids":"","_relevanssi_related_no_append":"","_relevanssi_related_not_related":"","_relevanssi_related_posts":"","_relevanssi_noindex_reason":""},"product_cat":[1790,1793,1792],"product_tag":[],"class_list":["post-31736","product","type-product","status-publish","has-post-thumbnail","hentry","product_cat-harjat-ja-kammat","product_cat-foonausharjat","product_cat-selvitys-ja-aukikampausharjat","pa_vari-fuksia","pa_vari-musta","pa_vari-oranssi-limited-edition","pa_vari-sininen","pa_vari-violetti","tuotemerkki-janeke"],"tuotemerkit":[{"term_id":2066,"name":"J\u00e4neke","slug":"janeke","term_group":0,"term_taxonomy_id":2066,"taxonomy":"tuotemerkki","description":"","parent":0,"count":17,"filter":"raw"}],"acf":[],"yoast_head":"<!-- This site is optimized with the Yoast SEO plugin v23.3 - https:\/\/yoast.com\/wordpress\/plugins\/seo\/ -->\n<title>J\u00e4neke SUPERBRUSH- harja - Kinnunen<\/title>\n<meta name=\"robots\" content=\"index, follow, max-snippet:-1, max-image-preview:large, max-video-preview:-1\" \/>\n<link rel=\"canonical\" href=\"https:\/\/kinnunen.fi\/en\/product\/janeke-superbrush\/\" \/>\n<meta property=\"og:locale\" content=\"en_GB\" \/>\n<meta property=\"og:type\" content=\"article\" \/>\n<meta property=\"og:title\" content=\"J\u00e4neke SUPERBRUSH- harja - Kinnunen\" \/>\n<meta property=\"og:description\" content=\"SUPERBRUSH- harja on tehty kest\u00e4v\u00e4st\u00e4 materiaalista ja soveltuu hyvin niin hiusten harjaamiseen, selvitt\u00e4miseen kuin kuivaukseenkin. Harjan piikit ovat tehty super pehme\u00e4st\u00e4 materiaalista, jonka vuoksi joustavat eiv\u00e4tk\u00e4 raavi hiuspohjaa. Erityisesti patentoidut hunajakennorei\u00e4t p\u00e4\u00e4st\u00e4v\u00e4t ilman tehokkaasti l\u00e4pi, joka mahdollistaa hiusten nopean kuivaamisen. Eritt\u00e4in kevyt, pituus 20,5 cm.\" \/>\n<meta property=\"og:url\" content=\"https:\/\/kinnunen.fi\/en\/product\/janeke-superbrush\/\" \/>\n<meta property=\"og:site_name\" content=\"Kinnunen\" \/>\n<meta property=\"article:modified_time\" content=\"2026-04-19T01:00:37+00:00\" \/>\n<meta property=\"og:image\" content=\"https:\/\/kinnunen.fi\/wp-content\/uploads\/2023\/06\/Janeke_superbrush_LE.png\" \/>\n\t<meta property=\"og:image:width\" content=\"1000\" \/>\n\t<meta property=\"og:image:height\" content=\"1000\" \/>\n\t<meta property=\"og:image:type\" content=\"image\/png\" \/>\n<meta name=\"twitter:card\" content=\"summary_large_image\" \/>\n<script type=\"application\/ld+json\" class=\"yoast-schema-graph\">{\"@context\":\"https:\/\/schema.org\",\"@graph\":[{\"@type\":\"WebPage\",\"@id\":\"https:\/\/kinnunen.fi\/tuote\/janeke-superbrush\/\",\"url\":\"https:\/\/kinnunen.fi\/tuote\/janeke-superbrush\/\",\"name\":\"J\u00e4neke SUPERBRUSH- harja - Kinnunen\",\"isPartOf\":{\"@id\":\"https:\/\/kinnunen.fi\/#website\"},\"primaryImageOfPage\":{\"@id\":\"https:\/\/kinnunen.fi\/tuote\/janeke-superbrush\/#primaryimage\"},\"image\":{\"@id\":\"https:\/\/kinnunen.fi\/tuote\/janeke-superbrush\/#primaryimage\"},\"thumbnailUrl\":\"https:\/\/kinnunen.fi\/wp-content\/uploads\/2023\/06\/Janeke_superbrush_LE.png\",\"datePublished\":\"2023-06-06T07:42:27+00:00\",\"dateModified\":\"2026-04-19T01:00:37+00:00\",\"breadcrumb\":{\"@id\":\"https:\/\/kinnunen.fi\/tuote\/janeke-superbrush\/#breadcrumb\"},\"inLanguage\":\"en-GB\",\"potentialAction\":[{\"@type\":\"ReadAction\",\"target\":[\"https:\/\/kinnunen.fi\/tuote\/janeke-superbrush\/\"]}]},{\"@type\":\"ImageObject\",\"inLanguage\":\"en-GB\",\"@id\":\"https:\/\/kinnunen.fi\/tuote\/janeke-superbrush\/#primaryimage\",\"url\":\"https:\/\/kinnunen.fi\/wp-content\/uploads\/2023\/06\/Janeke_superbrush_LE.png\",\"contentUrl\":\"https:\/\/kinnunen.fi\/wp-content\/uploads\/2023\/06\/Janeke_superbrush_LE.png\",\"width\":1000,\"height\":1000},{\"@type\":\"BreadcrumbList\",\"@id\":\"https:\/\/kinnunen.fi\/tuote\/janeke-superbrush\/#breadcrumb\",\"itemListElement\":[{\"@type\":\"ListItem\",\"position\":1,\"name\":\"Etusivu\",\"item\":\"https:\/\/kinnunen.fi\/\"},{\"@type\":\"ListItem\",\"position\":2,\"name\":\"Kaikki tuotteet\",\"item\":\"https:\/\/kinnunen.fi\/kauppa\/\"},{\"@type\":\"ListItem\",\"position\":3,\"name\":\"Tarvikkeet\",\"item\":\"https:\/\/kinnunen.fi\/tuote-osasto\/tarvikkeet\/\"},{\"@type\":\"ListItem\",\"position\":4,\"name\":\"Harjat ja kammat\",\"item\":\"https:\/\/kinnunen.fi\/tuote-osasto\/tarvikkeet\/harjat-ja-kammat\/\"},{\"@type\":\"ListItem\",\"position\":5,\"name\":\"J\u00e4neke SUPERBRUSH- harja\"}]},{\"@type\":\"WebSite\",\"@id\":\"https:\/\/kinnunen.fi\/#website\",\"url\":\"https:\/\/kinnunen.fi\/\",\"name\":\"Kinnunen\",\"description\":\"\",\"potentialAction\":[{\"@type\":\"SearchAction\",\"target\":{\"@type\":\"EntryPoint\",\"urlTemplate\":\"https:\/\/kinnunen.fi\/?s={search_term_string}\"},\"query-input\":\"required name=search_term_string\"}],\"inLanguage\":\"en-GB\"}]}<\/script>\n<!-- \/ Yoast SEO plugin. -->","yoast_head_json":{"title":"J\u00e4neke SUPERBRUSH- harja - Kinnunen","robots":{"index":"index","follow":"follow","max-snippet":"max-snippet:-1","max-image-preview":"max-image-preview:large","max-video-preview":"max-video-preview:-1"},"canonical":"https:\/\/kinnunen.fi\/en\/product\/janeke-superbrush\/","og_locale":"en_GB","og_type":"article","og_title":"J\u00e4neke SUPERBRUSH- harja - Kinnunen","og_description":"SUPERBRUSH- harja on tehty kest\u00e4v\u00e4st\u00e4 materiaalista ja soveltuu hyvin niin hiusten harjaamiseen, selvitt\u00e4miseen kuin kuivaukseenkin. Harjan piikit ovat tehty super pehme\u00e4st\u00e4 materiaalista, jonka vuoksi joustavat eiv\u00e4tk\u00e4 raavi hiuspohjaa. Erityisesti patentoidut hunajakennorei\u00e4t p\u00e4\u00e4st\u00e4v\u00e4t ilman tehokkaasti l\u00e4pi, joka mahdollistaa hiusten nopean kuivaamisen. Eritt\u00e4in kevyt, pituus 20,5 cm.","og_url":"https:\/\/kinnunen.fi\/en\/product\/janeke-superbrush\/","og_site_name":"Kinnunen","article_modified_time":"2026-04-19T01:00:37+00:00","og_image":[{"width":1000,"height":1000,"url":"https:\/\/kinnunen.fi\/wp-content\/uploads\/2023\/06\/Janeke_superbrush_LE.png","type":"image\/png"}],"twitter_card":"summary_large_image","schema":{"@context":"https:\/\/schema.org","@graph":[{"@type":"WebPage","@id":"https:\/\/kinnunen.fi\/tuote\/janeke-superbrush\/","url":"https:\/\/kinnunen.fi\/tuote\/janeke-superbrush\/","name":"J\u00e4neke SUPERBRUSH- harja - Kinnunen","isPartOf":{"@id":"https:\/\/kinnunen.fi\/#website"},"primaryImageOfPage":{"@id":"https:\/\/kinnunen.fi\/tuote\/janeke-superbrush\/#primaryimage"},"image":{"@id":"https:\/\/kinnunen.fi\/tuote\/janeke-superbrush\/#primaryimage"},"thumbnailUrl":"https:\/\/kinnunen.fi\/wp-content\/uploads\/2023\/06\/Janeke_superbrush_LE.png","datePublished":"2023-06-06T07:42:27+00:00","dateModified":"2026-04-19T01:00:37+00:00","breadcrumb":{"@id":"https:\/\/kinnunen.fi\/tuote\/janeke-superbrush\/#breadcrumb"},"inLanguage":"en-GB","potentialAction":[{"@type":"ReadAction","target":["https:\/\/kinnunen.fi\/tuote\/janeke-superbrush\/"]}]},{"@type":"ImageObject","inLanguage":"en-GB","@id":"https:\/\/kinnunen.fi\/tuote\/janeke-superbrush\/#primaryimage","url":"https:\/\/kinnunen.fi\/wp-content\/uploads\/2023\/06\/Janeke_superbrush_LE.png","contentUrl":"https:\/\/kinnunen.fi\/wp-content\/uploads\/2023\/06\/Janeke_superbrush_LE.png","width":1000,"height":1000},{"@type":"BreadcrumbList","@id":"https:\/\/kinnunen.fi\/tuote\/janeke-superbrush\/#breadcrumb","itemListElement":[{"@type":"ListItem","position":1,"name":"Etusivu","item":"https:\/\/kinnunen.fi\/"},{"@type":"ListItem","position":2,"name":"Kaikki tuotteet","item":"https:\/\/kinnunen.fi\/kauppa\/"},{"@type":"ListItem","position":3,"name":"Tarvikkeet","item":"https:\/\/kinnunen.fi\/tuote-osasto\/tarvikkeet\/"},{"@type":"ListItem","position":4,"name":"Harjat ja kammat","item":"https:\/\/kinnunen.fi\/tuote-osasto\/tarvikkeet\/harjat-ja-kammat\/"},{"@type":"ListItem","position":5,"name":"J\u00e4neke SUPERBRUSH- harja"}]},{"@type":"WebSite","@id":"https:\/\/kinnunen.fi\/#website","url":"https:\/\/kinnunen.fi\/","name":"Kinnunen","description":"","potentialAction":[{"@type":"SearchAction","target":{"@type":"EntryPoint","urlTemplate":"https:\/\/kinnunen.fi\/?s={search_term_string}"},"query-input":"required name=search_term_string"}],"inLanguage":"en-GB"}]}},"_links":{"self":[{"href":"https:\/\/kinnunen.fi\/en\/wp-json\/wp\/v2\/product\/31736"}],"collection":[{"href":"https:\/\/kinnunen.fi\/en\/wp-json\/wp\/v2\/product"}],"about":[{"href":"https:\/\/kinnunen.fi\/en\/wp-json\/wp\/v2\/types\/product"}],"replies":[{"embeddable":true,"href":"https:\/\/kinnunen.fi\/en\/wp-json\/wp\/v2\/comments?post=31736"}],"wp:featuredmedia":[{"embeddable":true,"href":"https:\/\/kinnunen.fi\/en\/wp-json\/wp\/v2\/media\/31743"}],"wp:attachment":[{"href":"https:\/\/kinnunen.fi\/en\/wp-json\/wp\/v2\/media?parent=31736"}],"wp:term":[{"taxonomy":"product_cat","embeddable":true,"href":"https:\/\/kinnunen.fi\/en\/wp-json\/wp\/v2\/product_cat?post=31736"},{"taxonomy":"product_tag","embeddable":true,"href":"https:\/\/kinnunen.fi\/en\/wp-json\/wp\/v2\/product_tag?post=31736"}],"curies":[{"name":"wp","href":"https:\/\/api.w.org\/{rel}","templated":true}]}}