

{"id":31782,"date":"2023-06-08T11:04:24","date_gmt":"2023-06-08T08:04:24","guid":{"rendered":"https:\/\/kinnunen.fi\/?post_type=product&#038;p=31782"},"modified":"2026-04-30T16:54:49","modified_gmt":"2026-04-30T13:54:49","slug":"lvl-ceralashbond-bonding-gel-10-ml","status":"publish","type":"product","link":"https:\/\/kinnunen.fi\/en\/product\/lvl-ceralashbond-bonding-gel-10-ml\/","title":{"rendered":"LVL CeraLashBond Bonding Gel, 10 ml"},"content":{"rendered":"","protected":false},"excerpt":{"rendered":"<p>LVL CeraLashBond Bonding Gel is packaged in a handy tube, which gives more flexibility to work with. The Bonding Gel is added to the mould and applied to the eyelid. The lashes are then attached to the moulds with Bonding Gel. Bonding Gel has a strong hold, a fast drying formula and a medium viscosity.<br \/>\nBonding Gel is enriched with cold-pressed Bobab seed oil, which contains vitamins A, D, E and F, known for their antioxidant conditioning and moisturising properties.<\/p>","protected":false},"featured_media":31776,"comment_status":"closed","ping_status":"closed","template":"","meta":{"_relevanssi_hide_post":"","_relevanssi_pin_for_all":"","_relevanssi_pin_keywords":"","_relevanssi_unpin_keywords":"","_relevanssi_related_keywords":"","_relevanssi_related_include_ids":"","_relevanssi_related_exclude_ids":"","_relevanssi_related_no_append":"","_relevanssi_related_not_related":"","_relevanssi_related_posts":"","_relevanssi_noindex_reason":""},"product_cat":[1852,1853],"product_tag":[],"class_list":["post-31782","product","type-product","status-publish","has-post-thumbnail","hentry","product_cat-ripset-ja-kulmat","product_cat-ripsien-kestotaivutus"],"tuotemerkit":[],"acf":[],"yoast_head":"<!-- This site is optimized with the Yoast SEO plugin v23.3 - https:\/\/yoast.com\/wordpress\/plugins\/seo\/ -->\n<title>LVL CeraLashBond Bonding Gel, 10 ml - Kinnunen<\/title>\n<meta name=\"robots\" content=\"index, follow, max-snippet:-1, max-image-preview:large, max-video-preview:-1\" \/>\n<link rel=\"canonical\" href=\"https:\/\/kinnunen.fi\/en\/product\/lvl-ceralashbond-bonding-gel-10-ml\/\" \/>\n<meta property=\"og:locale\" content=\"en_GB\" \/>\n<meta property=\"og:type\" content=\"article\" \/>\n<meta property=\"og:title\" content=\"LVL CeraLashBond Bonding Gel, 10 ml - Kinnunen\" \/>\n<meta property=\"og:description\" content=\"LVL CeraLashBond Bonding Gel on pakattu k\u00e4tev\u00e4\u00e4n tuubiin, joka antaa enemm\u00e4n joustavuutta ty\u00f6skentelyyn. Bonding Geli\u00e4 lis\u00e4t\u00e4\u00e4n muottiin ja kiinnitet\u00e4\u00e4n silm\u00e4luomeen. T\u00e4m\u00e4n j\u00e4lkeen ripset kiinnitet\u00e4\u00e4n muotteihin Bonding Gelin avulla. Bonding Geliss\u00e4 on vahva pito, nopeasti kuivuva koostumus sek\u00e4 medium viskositeetti. Bonding Gel on rikastettu kylm\u00e4puristetulla Bobab- siemen\u00f6ljyll\u00e4, joka sis\u00e4lt\u00e4\u00e4 A-, D-, E- ja F- vitamiineja, jotka tunnetaan antioksidanttisista hoitavista ja kosteuttavista ominaisuuksista.\" \/>\n<meta property=\"og:url\" content=\"https:\/\/kinnunen.fi\/en\/product\/lvl-ceralashbond-bonding-gel-10-ml\/\" \/>\n<meta property=\"og:site_name\" content=\"Kinnunen\" \/>\n<meta property=\"article:modified_time\" content=\"2026-04-30T13:54:49+00:00\" \/>\n<meta property=\"og:image\" content=\"https:\/\/kinnunen.fi\/wp-content\/uploads\/2023\/06\/NLCERALBOND_CeraLash_BondingGel.png\" \/>\n\t<meta property=\"og:image:width\" content=\"1000\" \/>\n\t<meta property=\"og:image:height\" content=\"1000\" \/>\n\t<meta property=\"og:image:type\" content=\"image\/png\" \/>\n<meta name=\"twitter:card\" content=\"summary_large_image\" \/>\n<script type=\"application\/ld+json\" class=\"yoast-schema-graph\">{\"@context\":\"https:\/\/schema.org\",\"@graph\":[{\"@type\":\"WebPage\",\"@id\":\"https:\/\/kinnunen.fi\/tuote\/lvl-ceralashbond-bonding-gel-10-ml\/\",\"url\":\"https:\/\/kinnunen.fi\/tuote\/lvl-ceralashbond-bonding-gel-10-ml\/\",\"name\":\"LVL CeraLashBond Bonding Gel, 10 ml - Kinnunen\",\"isPartOf\":{\"@id\":\"https:\/\/kinnunen.fi\/#website\"},\"primaryImageOfPage\":{\"@id\":\"https:\/\/kinnunen.fi\/tuote\/lvl-ceralashbond-bonding-gel-10-ml\/#primaryimage\"},\"image\":{\"@id\":\"https:\/\/kinnunen.fi\/tuote\/lvl-ceralashbond-bonding-gel-10-ml\/#primaryimage\"},\"thumbnailUrl\":\"https:\/\/kinnunen.fi\/wp-content\/uploads\/2023\/06\/NLCERALBOND_CeraLash_BondingGel.png\",\"datePublished\":\"2023-06-08T08:04:24+00:00\",\"dateModified\":\"2026-04-30T13:54:49+00:00\",\"breadcrumb\":{\"@id\":\"https:\/\/kinnunen.fi\/tuote\/lvl-ceralashbond-bonding-gel-10-ml\/#breadcrumb\"},\"inLanguage\":\"en-GB\",\"potentialAction\":[{\"@type\":\"ReadAction\",\"target\":[\"https:\/\/kinnunen.fi\/tuote\/lvl-ceralashbond-bonding-gel-10-ml\/\"]}]},{\"@type\":\"ImageObject\",\"inLanguage\":\"en-GB\",\"@id\":\"https:\/\/kinnunen.fi\/tuote\/lvl-ceralashbond-bonding-gel-10-ml\/#primaryimage\",\"url\":\"https:\/\/kinnunen.fi\/wp-content\/uploads\/2023\/06\/NLCERALBOND_CeraLash_BondingGel.png\",\"contentUrl\":\"https:\/\/kinnunen.fi\/wp-content\/uploads\/2023\/06\/NLCERALBOND_CeraLash_BondingGel.png\",\"width\":1000,\"height\":1000},{\"@type\":\"BreadcrumbList\",\"@id\":\"https:\/\/kinnunen.fi\/tuote\/lvl-ceralashbond-bonding-gel-10-ml\/#breadcrumb\",\"itemListElement\":[{\"@type\":\"ListItem\",\"position\":1,\"name\":\"Etusivu\",\"item\":\"https:\/\/kinnunen.fi\/\"},{\"@type\":\"ListItem\",\"position\":2,\"name\":\"Kaikki tuotteet\",\"item\":\"https:\/\/kinnunen.fi\/kauppa\/\"},{\"@type\":\"ListItem\",\"position\":3,\"name\":\"Kauneudenhoito\",\"item\":\"https:\/\/kinnunen.fi\/tuote-osasto\/kauneudenhoito\/\"},{\"@type\":\"ListItem\",\"position\":4,\"name\":\"Ripset ja kulmat\",\"item\":\"https:\/\/kinnunen.fi\/tuote-osasto\/kauneudenhoito\/ripset-ja-kulmat\/\"},{\"@type\":\"ListItem\",\"position\":5,\"name\":\"LVL CeraLashBond Bonding Gel, 10 ml\"}]},{\"@type\":\"WebSite\",\"@id\":\"https:\/\/kinnunen.fi\/#website\",\"url\":\"https:\/\/kinnunen.fi\/\",\"name\":\"Kinnunen\",\"description\":\"\",\"potentialAction\":[{\"@type\":\"SearchAction\",\"target\":{\"@type\":\"EntryPoint\",\"urlTemplate\":\"https:\/\/kinnunen.fi\/?s={search_term_string}\"},\"query-input\":\"required name=search_term_string\"}],\"inLanguage\":\"en-GB\"}]}<\/script>\n<!-- \/ Yoast SEO plugin. -->","yoast_head_json":{"title":"LVL CeraLashBond Bonding Gel, 10 ml - Kinnunen","robots":{"index":"index","follow":"follow","max-snippet":"max-snippet:-1","max-image-preview":"max-image-preview:large","max-video-preview":"max-video-preview:-1"},"canonical":"https:\/\/kinnunen.fi\/en\/product\/lvl-ceralashbond-bonding-gel-10-ml\/","og_locale":"en_GB","og_type":"article","og_title":"LVL CeraLashBond Bonding Gel, 10 ml - Kinnunen","og_description":"LVL CeraLashBond Bonding Gel on pakattu k\u00e4tev\u00e4\u00e4n tuubiin, joka antaa enemm\u00e4n joustavuutta ty\u00f6skentelyyn. Bonding Geli\u00e4 lis\u00e4t\u00e4\u00e4n muottiin ja kiinnitet\u00e4\u00e4n silm\u00e4luomeen. T\u00e4m\u00e4n j\u00e4lkeen ripset kiinnitet\u00e4\u00e4n muotteihin Bonding Gelin avulla. Bonding Geliss\u00e4 on vahva pito, nopeasti kuivuva koostumus sek\u00e4 medium viskositeetti. Bonding Gel on rikastettu kylm\u00e4puristetulla Bobab- siemen\u00f6ljyll\u00e4, joka sis\u00e4lt\u00e4\u00e4 A-, D-, E- ja F- vitamiineja, jotka tunnetaan antioksidanttisista hoitavista ja kosteuttavista ominaisuuksista.","og_url":"https:\/\/kinnunen.fi\/en\/product\/lvl-ceralashbond-bonding-gel-10-ml\/","og_site_name":"Kinnunen","article_modified_time":"2026-04-30T13:54:49+00:00","og_image":[{"width":1000,"height":1000,"url":"https:\/\/kinnunen.fi\/wp-content\/uploads\/2023\/06\/NLCERALBOND_CeraLash_BondingGel.png","type":"image\/png"}],"twitter_card":"summary_large_image","schema":{"@context":"https:\/\/schema.org","@graph":[{"@type":"WebPage","@id":"https:\/\/kinnunen.fi\/tuote\/lvl-ceralashbond-bonding-gel-10-ml\/","url":"https:\/\/kinnunen.fi\/tuote\/lvl-ceralashbond-bonding-gel-10-ml\/","name":"LVL CeraLashBond Bonding Gel, 10 ml - Kinnunen","isPartOf":{"@id":"https:\/\/kinnunen.fi\/#website"},"primaryImageOfPage":{"@id":"https:\/\/kinnunen.fi\/tuote\/lvl-ceralashbond-bonding-gel-10-ml\/#primaryimage"},"image":{"@id":"https:\/\/kinnunen.fi\/tuote\/lvl-ceralashbond-bonding-gel-10-ml\/#primaryimage"},"thumbnailUrl":"https:\/\/kinnunen.fi\/wp-content\/uploads\/2023\/06\/NLCERALBOND_CeraLash_BondingGel.png","datePublished":"2023-06-08T08:04:24+00:00","dateModified":"2026-04-30T13:54:49+00:00","breadcrumb":{"@id":"https:\/\/kinnunen.fi\/tuote\/lvl-ceralashbond-bonding-gel-10-ml\/#breadcrumb"},"inLanguage":"en-GB","potentialAction":[{"@type":"ReadAction","target":["https:\/\/kinnunen.fi\/tuote\/lvl-ceralashbond-bonding-gel-10-ml\/"]}]},{"@type":"ImageObject","inLanguage":"en-GB","@id":"https:\/\/kinnunen.fi\/tuote\/lvl-ceralashbond-bonding-gel-10-ml\/#primaryimage","url":"https:\/\/kinnunen.fi\/wp-content\/uploads\/2023\/06\/NLCERALBOND_CeraLash_BondingGel.png","contentUrl":"https:\/\/kinnunen.fi\/wp-content\/uploads\/2023\/06\/NLCERALBOND_CeraLash_BondingGel.png","width":1000,"height":1000},{"@type":"BreadcrumbList","@id":"https:\/\/kinnunen.fi\/tuote\/lvl-ceralashbond-bonding-gel-10-ml\/#breadcrumb","itemListElement":[{"@type":"ListItem","position":1,"name":"Etusivu","item":"https:\/\/kinnunen.fi\/"},{"@type":"ListItem","position":2,"name":"Kaikki tuotteet","item":"https:\/\/kinnunen.fi\/kauppa\/"},{"@type":"ListItem","position":3,"name":"Kauneudenhoito","item":"https:\/\/kinnunen.fi\/tuote-osasto\/kauneudenhoito\/"},{"@type":"ListItem","position":4,"name":"Ripset ja kulmat","item":"https:\/\/kinnunen.fi\/tuote-osasto\/kauneudenhoito\/ripset-ja-kulmat\/"},{"@type":"ListItem","position":5,"name":"LVL CeraLashBond Bonding Gel, 10 ml"}]},{"@type":"WebSite","@id":"https:\/\/kinnunen.fi\/#website","url":"https:\/\/kinnunen.fi\/","name":"Kinnunen","description":"","potentialAction":[{"@type":"SearchAction","target":{"@type":"EntryPoint","urlTemplate":"https:\/\/kinnunen.fi\/?s={search_term_string}"},"query-input":"required name=search_term_string"}],"inLanguage":"en-GB"}]}},"_links":{"self":[{"href":"https:\/\/kinnunen.fi\/en\/wp-json\/wp\/v2\/product\/31782"}],"collection":[{"href":"https:\/\/kinnunen.fi\/en\/wp-json\/wp\/v2\/product"}],"about":[{"href":"https:\/\/kinnunen.fi\/en\/wp-json\/wp\/v2\/types\/product"}],"replies":[{"embeddable":true,"href":"https:\/\/kinnunen.fi\/en\/wp-json\/wp\/v2\/comments?post=31782"}],"wp:featuredmedia":[{"embeddable":true,"href":"https:\/\/kinnunen.fi\/en\/wp-json\/wp\/v2\/media\/31776"}],"wp:attachment":[{"href":"https:\/\/kinnunen.fi\/en\/wp-json\/wp\/v2\/media?parent=31782"}],"wp:term":[{"taxonomy":"product_cat","embeddable":true,"href":"https:\/\/kinnunen.fi\/en\/wp-json\/wp\/v2\/product_cat?post=31782"},{"taxonomy":"product_tag","embeddable":true,"href":"https:\/\/kinnunen.fi\/en\/wp-json\/wp\/v2\/product_tag?post=31782"}],"curies":[{"name":"wp","href":"https:\/\/api.w.org\/{rel}","templated":true}]}}