

{"id":31783,"date":"2023-06-08T11:06:46","date_gmt":"2023-06-08T08:06:46","guid":{"rendered":"https:\/\/kinnunen.fi\/?post_type=product&#038;p=31783"},"modified":"2026-04-30T16:54:51","modified_gmt":"2026-04-30T13:54:51","slug":"lvl-ceralashbalance-ph-reconstructor-15-ml","status":"publish","type":"product","link":"https:\/\/kinnunen.fi\/en\/product\/lvl-ceralashbalance-ph-reconstructor-15-ml\/","title":{"rendered":"LVL CeraLashBalance pH Reconstructor, 15 ml"},"content":{"rendered":"","protected":false},"excerpt":{"rendered":"<p>LVL CeraLashBalance pH Reconstructor is a groundbreaking, new step 4 in LVL treatment. pH Reconstructor removes lashes from the mould and mould from the eyelid. In addition, it gently restores the natural pH level of the lashes after treatment and repairs the cuticle layers of the lashes. Keratin, a vegan alternative Keravis\u2122 PE contains a versatile protein-based complex that penetrates deep into the lashes, strengthening the fibrous layer while reinforcing and protecting the surface of the lashes. pH Reconstructor is dispensed from a glass bottle with a pipette into a glue cup and applied to the lashes with a clean microbrush (1 drop\/half).<\/p>","protected":false},"featured_media":31777,"comment_status":"closed","ping_status":"closed","template":"","meta":{"_relevanssi_hide_post":"","_relevanssi_pin_for_all":"","_relevanssi_pin_keywords":"","_relevanssi_unpin_keywords":"","_relevanssi_related_keywords":"","_relevanssi_related_include_ids":"","_relevanssi_related_exclude_ids":"","_relevanssi_related_no_append":"","_relevanssi_related_not_related":"","_relevanssi_related_posts":"","_relevanssi_noindex_reason":""},"product_cat":[1852,1853],"product_tag":[],"class_list":["post-31783","product","type-product","status-publish","has-post-thumbnail","hentry","product_cat-ripset-ja-kulmat","product_cat-ripsien-kestotaivutus"],"tuotemerkit":[],"acf":[],"yoast_head":"<!-- This site is optimized with the Yoast SEO plugin v23.3 - https:\/\/yoast.com\/wordpress\/plugins\/seo\/ -->\n<title>LVL CeraLashBalance pH Reconstructor, 15 ml - Kinnunen<\/title>\n<meta name=\"robots\" content=\"index, follow, max-snippet:-1, max-image-preview:large, max-video-preview:-1\" \/>\n<link rel=\"canonical\" href=\"https:\/\/kinnunen.fi\/en\/product\/lvl-ceralashbalance-ph-reconstructor-15-ml\/\" \/>\n<meta property=\"og:locale\" content=\"en_GB\" \/>\n<meta property=\"og:type\" content=\"article\" \/>\n<meta property=\"og:title\" content=\"LVL CeraLashBalance pH Reconstructor, 15 ml - Kinnunen\" \/>\n<meta property=\"og:description\" content=\"LVL CeraLashBalance pH Reconstructor tuote on uraauurtava, uusi 4. vaihe LVL k\u00e4sittelyss\u00e4. pH Reconstructorilla ripset irrotetaan muotista sek\u00e4 muotti silm\u00e4luomelta. T\u00e4m\u00e4n lis\u00e4ksi se palauttaa hell\u00e4varaisesti ripsien luonnollisen pH- tason k\u00e4sittelyn j\u00e4lkeen sek\u00e4 korjaa ripsien suomukerroksia. Keratiinin, vegaaninen vaihtoehto Keravis\u2122 PE:n sis\u00e4lt\u00e4m\u00e4 monipuolinen proteiinipohjainen kompleksi tunkeutuu syv\u00e4lle ripseen vahvistaen kuitukerrosta ja samalla vahvistaen ja suojaten ripsen pintaa. pH Reconstructor annostellaan lasipullosta pipetill\u00e4 esim. liimakuppiin ja levitet\u00e4\u00e4n ripsille puhtaalla microbrush harjalla (1 tippa\/ puoli).\" \/>\n<meta property=\"og:url\" content=\"https:\/\/kinnunen.fi\/en\/product\/lvl-ceralashbalance-ph-reconstructor-15-ml\/\" \/>\n<meta property=\"og:site_name\" content=\"Kinnunen\" \/>\n<meta property=\"article:modified_time\" content=\"2026-04-30T13:54:51+00:00\" \/>\n<meta property=\"og:image\" content=\"https:\/\/kinnunen.fi\/wp-content\/uploads\/2023\/06\/NLCLB_CeraLash_pHreconstructor.png\" \/>\n\t<meta property=\"og:image:width\" content=\"1000\" \/>\n\t<meta property=\"og:image:height\" content=\"1000\" \/>\n\t<meta property=\"og:image:type\" content=\"image\/png\" \/>\n<meta name=\"twitter:card\" content=\"summary_large_image\" \/>\n<script type=\"application\/ld+json\" class=\"yoast-schema-graph\">{\"@context\":\"https:\/\/schema.org\",\"@graph\":[{\"@type\":\"WebPage\",\"@id\":\"https:\/\/kinnunen.fi\/tuote\/lvl-ceralashbalance-ph-reconstructor-15-ml\/\",\"url\":\"https:\/\/kinnunen.fi\/tuote\/lvl-ceralashbalance-ph-reconstructor-15-ml\/\",\"name\":\"LVL CeraLashBalance pH Reconstructor, 15 ml - Kinnunen\",\"isPartOf\":{\"@id\":\"https:\/\/kinnunen.fi\/#website\"},\"primaryImageOfPage\":{\"@id\":\"https:\/\/kinnunen.fi\/tuote\/lvl-ceralashbalance-ph-reconstructor-15-ml\/#primaryimage\"},\"image\":{\"@id\":\"https:\/\/kinnunen.fi\/tuote\/lvl-ceralashbalance-ph-reconstructor-15-ml\/#primaryimage\"},\"thumbnailUrl\":\"https:\/\/kinnunen.fi\/wp-content\/uploads\/2023\/06\/NLCLB_CeraLash_pHreconstructor.png\",\"datePublished\":\"2023-06-08T08:06:46+00:00\",\"dateModified\":\"2026-04-30T13:54:51+00:00\",\"breadcrumb\":{\"@id\":\"https:\/\/kinnunen.fi\/tuote\/lvl-ceralashbalance-ph-reconstructor-15-ml\/#breadcrumb\"},\"inLanguage\":\"en-GB\",\"potentialAction\":[{\"@type\":\"ReadAction\",\"target\":[\"https:\/\/kinnunen.fi\/tuote\/lvl-ceralashbalance-ph-reconstructor-15-ml\/\"]}]},{\"@type\":\"ImageObject\",\"inLanguage\":\"en-GB\",\"@id\":\"https:\/\/kinnunen.fi\/tuote\/lvl-ceralashbalance-ph-reconstructor-15-ml\/#primaryimage\",\"url\":\"https:\/\/kinnunen.fi\/wp-content\/uploads\/2023\/06\/NLCLB_CeraLash_pHreconstructor.png\",\"contentUrl\":\"https:\/\/kinnunen.fi\/wp-content\/uploads\/2023\/06\/NLCLB_CeraLash_pHreconstructor.png\",\"width\":1000,\"height\":1000},{\"@type\":\"BreadcrumbList\",\"@id\":\"https:\/\/kinnunen.fi\/tuote\/lvl-ceralashbalance-ph-reconstructor-15-ml\/#breadcrumb\",\"itemListElement\":[{\"@type\":\"ListItem\",\"position\":1,\"name\":\"Etusivu\",\"item\":\"https:\/\/kinnunen.fi\/\"},{\"@type\":\"ListItem\",\"position\":2,\"name\":\"Kaikki tuotteet\",\"item\":\"https:\/\/kinnunen.fi\/kauppa\/\"},{\"@type\":\"ListItem\",\"position\":3,\"name\":\"Kauneudenhoito\",\"item\":\"https:\/\/kinnunen.fi\/tuote-osasto\/kauneudenhoito\/\"},{\"@type\":\"ListItem\",\"position\":4,\"name\":\"Ripset ja kulmat\",\"item\":\"https:\/\/kinnunen.fi\/tuote-osasto\/kauneudenhoito\/ripset-ja-kulmat\/\"},{\"@type\":\"ListItem\",\"position\":5,\"name\":\"LVL CeraLashBalance pH Reconstructor, 15 ml\"}]},{\"@type\":\"WebSite\",\"@id\":\"https:\/\/kinnunen.fi\/#website\",\"url\":\"https:\/\/kinnunen.fi\/\",\"name\":\"Kinnunen\",\"description\":\"\",\"potentialAction\":[{\"@type\":\"SearchAction\",\"target\":{\"@type\":\"EntryPoint\",\"urlTemplate\":\"https:\/\/kinnunen.fi\/?s={search_term_string}\"},\"query-input\":\"required name=search_term_string\"}],\"inLanguage\":\"en-GB\"}]}<\/script>\n<!-- \/ Yoast SEO plugin. -->","yoast_head_json":{"title":"LVL CeraLashBalance pH Reconstructor, 15 ml - Kinnunen","robots":{"index":"index","follow":"follow","max-snippet":"max-snippet:-1","max-image-preview":"max-image-preview:large","max-video-preview":"max-video-preview:-1"},"canonical":"https:\/\/kinnunen.fi\/en\/product\/lvl-ceralashbalance-ph-reconstructor-15-ml\/","og_locale":"en_GB","og_type":"article","og_title":"LVL CeraLashBalance pH Reconstructor, 15 ml - Kinnunen","og_description":"LVL CeraLashBalance pH Reconstructor tuote on uraauurtava, uusi 4. vaihe LVL k\u00e4sittelyss\u00e4. pH Reconstructorilla ripset irrotetaan muotista sek\u00e4 muotti silm\u00e4luomelta. T\u00e4m\u00e4n lis\u00e4ksi se palauttaa hell\u00e4varaisesti ripsien luonnollisen pH- tason k\u00e4sittelyn j\u00e4lkeen sek\u00e4 korjaa ripsien suomukerroksia. Keratiinin, vegaaninen vaihtoehto Keravis\u2122 PE:n sis\u00e4lt\u00e4m\u00e4 monipuolinen proteiinipohjainen kompleksi tunkeutuu syv\u00e4lle ripseen vahvistaen kuitukerrosta ja samalla vahvistaen ja suojaten ripsen pintaa. pH Reconstructor annostellaan lasipullosta pipetill\u00e4 esim. liimakuppiin ja levitet\u00e4\u00e4n ripsille puhtaalla microbrush harjalla (1 tippa\/ puoli).","og_url":"https:\/\/kinnunen.fi\/en\/product\/lvl-ceralashbalance-ph-reconstructor-15-ml\/","og_site_name":"Kinnunen","article_modified_time":"2026-04-30T13:54:51+00:00","og_image":[{"width":1000,"height":1000,"url":"https:\/\/kinnunen.fi\/wp-content\/uploads\/2023\/06\/NLCLB_CeraLash_pHreconstructor.png","type":"image\/png"}],"twitter_card":"summary_large_image","schema":{"@context":"https:\/\/schema.org","@graph":[{"@type":"WebPage","@id":"https:\/\/kinnunen.fi\/tuote\/lvl-ceralashbalance-ph-reconstructor-15-ml\/","url":"https:\/\/kinnunen.fi\/tuote\/lvl-ceralashbalance-ph-reconstructor-15-ml\/","name":"LVL CeraLashBalance pH Reconstructor, 15 ml - Kinnunen","isPartOf":{"@id":"https:\/\/kinnunen.fi\/#website"},"primaryImageOfPage":{"@id":"https:\/\/kinnunen.fi\/tuote\/lvl-ceralashbalance-ph-reconstructor-15-ml\/#primaryimage"},"image":{"@id":"https:\/\/kinnunen.fi\/tuote\/lvl-ceralashbalance-ph-reconstructor-15-ml\/#primaryimage"},"thumbnailUrl":"https:\/\/kinnunen.fi\/wp-content\/uploads\/2023\/06\/NLCLB_CeraLash_pHreconstructor.png","datePublished":"2023-06-08T08:06:46+00:00","dateModified":"2026-04-30T13:54:51+00:00","breadcrumb":{"@id":"https:\/\/kinnunen.fi\/tuote\/lvl-ceralashbalance-ph-reconstructor-15-ml\/#breadcrumb"},"inLanguage":"en-GB","potentialAction":[{"@type":"ReadAction","target":["https:\/\/kinnunen.fi\/tuote\/lvl-ceralashbalance-ph-reconstructor-15-ml\/"]}]},{"@type":"ImageObject","inLanguage":"en-GB","@id":"https:\/\/kinnunen.fi\/tuote\/lvl-ceralashbalance-ph-reconstructor-15-ml\/#primaryimage","url":"https:\/\/kinnunen.fi\/wp-content\/uploads\/2023\/06\/NLCLB_CeraLash_pHreconstructor.png","contentUrl":"https:\/\/kinnunen.fi\/wp-content\/uploads\/2023\/06\/NLCLB_CeraLash_pHreconstructor.png","width":1000,"height":1000},{"@type":"BreadcrumbList","@id":"https:\/\/kinnunen.fi\/tuote\/lvl-ceralashbalance-ph-reconstructor-15-ml\/#breadcrumb","itemListElement":[{"@type":"ListItem","position":1,"name":"Etusivu","item":"https:\/\/kinnunen.fi\/"},{"@type":"ListItem","position":2,"name":"Kaikki tuotteet","item":"https:\/\/kinnunen.fi\/kauppa\/"},{"@type":"ListItem","position":3,"name":"Kauneudenhoito","item":"https:\/\/kinnunen.fi\/tuote-osasto\/kauneudenhoito\/"},{"@type":"ListItem","position":4,"name":"Ripset ja kulmat","item":"https:\/\/kinnunen.fi\/tuote-osasto\/kauneudenhoito\/ripset-ja-kulmat\/"},{"@type":"ListItem","position":5,"name":"LVL CeraLashBalance pH Reconstructor, 15 ml"}]},{"@type":"WebSite","@id":"https:\/\/kinnunen.fi\/#website","url":"https:\/\/kinnunen.fi\/","name":"Kinnunen","description":"","potentialAction":[{"@type":"SearchAction","target":{"@type":"EntryPoint","urlTemplate":"https:\/\/kinnunen.fi\/?s={search_term_string}"},"query-input":"required name=search_term_string"}],"inLanguage":"en-GB"}]}},"_links":{"self":[{"href":"https:\/\/kinnunen.fi\/en\/wp-json\/wp\/v2\/product\/31783"}],"collection":[{"href":"https:\/\/kinnunen.fi\/en\/wp-json\/wp\/v2\/product"}],"about":[{"href":"https:\/\/kinnunen.fi\/en\/wp-json\/wp\/v2\/types\/product"}],"replies":[{"embeddable":true,"href":"https:\/\/kinnunen.fi\/en\/wp-json\/wp\/v2\/comments?post=31783"}],"wp:featuredmedia":[{"embeddable":true,"href":"https:\/\/kinnunen.fi\/en\/wp-json\/wp\/v2\/media\/31777"}],"wp:attachment":[{"href":"https:\/\/kinnunen.fi\/en\/wp-json\/wp\/v2\/media?parent=31783"}],"wp:term":[{"taxonomy":"product_cat","embeddable":true,"href":"https:\/\/kinnunen.fi\/en\/wp-json\/wp\/v2\/product_cat?post=31783"},{"taxonomy":"product_tag","embeddable":true,"href":"https:\/\/kinnunen.fi\/en\/wp-json\/wp\/v2\/product_tag?post=31783"}],"curies":[{"name":"wp","href":"https:\/\/api.w.org\/{rel}","templated":true}]}}