

{"id":31784,"date":"2023-06-08T11:10:52","date_gmt":"2023-06-08T08:10:52","guid":{"rendered":"https:\/\/kinnunen.fi\/?post_type=product&#038;p=31784"},"modified":"2026-04-30T16:54:49","modified_gmt":"2026-04-30T13:54:49","slug":"lvl-ceralashsystem-vaiheet-235","status":"publish","type":"product","link":"https:\/\/kinnunen.fi\/en\/product\/lvl-ceralashsystem-vaiheet-235\/","title":{"rendered":"LVL CeraLashSystem (steps 2,3,5)"},"content":{"rendered":"","protected":false},"excerpt":{"rendered":"<p>The CeraLashLift permanent lifting kit contains sachets for phases 2, 3 and 5 (5 or 15 sachets per phase). Each sachet contains 0.6 ml of product.<\/p>\n<p>Step 2 - Lifting Balm; a new lighter feeling, gel-like texture is easier to use and apply. Gentle fragrance. Effect times 8, 10 and 12 minutes depending on the type of lashes.<br \/>\nStep 3 - 2-in-1 Volumising Fix; combining the fixing and colouring steps. Fixes the sulphur bridges to their new bent shape and activates\/oxidises the shade. To use the 2-in-1 Volumising Fix <strong>always<\/strong> <a href=\"https:\/\/kinnunen.fi\/en\/product\/lvl-ceralashtint-kestovari-15-ml\/\">CeraLashTint- permanent colour<\/a> with. The concentration of hydrogen peroxide in the fixer is 3%, when mixed with the dye the final concentration is 2%. If no dyeing is done, use for fixation <a href=\"https:\/\/kinnunen.fi\/en\/product\/lvl-ceralashfix-volumising-fix-1-9-5-kpl\/\">CeraLashFix Volumising Fix 1.9%<\/a><br \/>\nStep 5 - Moisturising Complex; a moisturising serum that nourishes and hydrates lashes and protects colour. Nourishing properties smooth and moisturise lashes, improving their appearance and condition. Strengthens natural lashes and helps maintain and preserve the new curved shape.<\/p>\n<p><strong>NOTE!<\/strong><br \/>\nThe package does not include <a href=\"https:\/\/kinnunen.fi\/en\/product\/lvl-ceralashtint-kestovari-15-ml\/\">CeraLashTint permanent colours<\/a>, so please order them separately.<br \/>\nIf the treatment does not involve tinting the lashes, the 2-in-1 Volumising Fix must be replaced with a <a href=\"https:\/\/kinnunen.fi\/en\/product\/lvl-ceralashfix-volumising-fix-1-9-5-kpl\/\">CeraLashFix Volumising Fix 1.9%<\/a> !<\/p>","protected":false},"featured_media":31778,"comment_status":"closed","ping_status":"closed","template":"","meta":{"_relevanssi_hide_post":"","_relevanssi_pin_for_all":"","_relevanssi_pin_keywords":"","_relevanssi_unpin_keywords":"","_relevanssi_related_keywords":"","_relevanssi_related_include_ids":"","_relevanssi_related_exclude_ids":"","_relevanssi_related_no_append":"","_relevanssi_related_not_related":"","_relevanssi_related_posts":"","_relevanssi_noindex_reason":""},"product_cat":[1852,1853],"product_tag":[],"class_list":["post-31784","product","type-product","status-publish","has-post-thumbnail","hentry","product_cat-ripset-ja-kulmat","product_cat-ripsien-kestotaivutus","pa_koko-15-kasittelya","pa_koko-5-kasittelya"],"tuotemerkit":[],"acf":[],"yoast_head":"<!-- This site is optimized with the Yoast SEO plugin v23.3 - https:\/\/yoast.com\/wordpress\/plugins\/seo\/ -->\n<title>LVL CeraLashSystem (vaiheet 2,3,5) - Kinnunen<\/title>\n<meta name=\"robots\" content=\"index, follow, max-snippet:-1, max-image-preview:large, max-video-preview:-1\" \/>\n<link rel=\"canonical\" href=\"https:\/\/kinnunen.fi\/en\/product\/lvl-ceralashsystem-vaiheet-235\/\" \/>\n<meta property=\"og:locale\" content=\"en_GB\" \/>\n<meta property=\"og:type\" content=\"article\" \/>\n<meta property=\"og:title\" content=\"LVL CeraLashSystem (vaiheet 2,3,5) - Kinnunen\" \/>\n<meta property=\"og:description\" content=\"CeraLashLift kestotaivutus paketissa on annospussit vaiheisiin 2, 3 ja 5 (5 tai 15 annospussia\/vaihe). Annospussissa tuotetta 0.6 ml.  Vaihe 2 - Lifting Balm; uusi kevyempi tunne, geelim\u00e4inen koostumus on helpompi k\u00e4ytt\u00e4\u00e4 ja levitt\u00e4\u00e4. Mieto tuoksuinen. Vaikutusajat 8, 10 ja 12 minuuttia riippuen ripsityypist\u00e4. Vaihe 3 - 2-in-1 Volumising Fix; Kiinnityksen ja v\u00e4rj\u00e4ys- vaiheiden yhdist\u00e4minen. Kiinnitt\u00e4\u00e4 rikkisillat uuteen taivutettuun muotoonsa sek\u00e4 aktivoi\/hapettaa s\u00e4vyn. 2-in-1 Volumising Fixi\u00e4 k\u00e4ytett\u00e4v\u00e4 aina CeraLashTint- kestov\u00e4rin kanssa. Fixin sis\u00e4lt\u00e4m\u00e4n vetyperoksidin pitoisuus on 3%, sekoitettuna v\u00e4rin kanssa lopullinen pitoisuus on 2%. Mik\u00e4li v\u00e4rj\u00e4yst\u00e4 ei tehd\u00e4, k\u00e4yt\u00e4 kiinnitykseen CeraLashFix Volumising Fix 1.9% Vaihe 5 - Moisturising Complex; kosteuttava seerumi hoitaa ja kosteuttaa ripsi\u00e4 sek\u00e4 suojaa v\u00e4ri\u00e4. Hoitavat ominaisuudet silottavat ja kosteuttavat ripsi\u00e4, parantaen niiden ulkon\u00e4k\u00f6\u00e4 ja kuntoa. Vahvistaa luonnollisia ripsi\u00e4 sek\u00e4 auttaa pit\u00e4m\u00e4\u00e4n ja s\u00e4ilytt\u00e4m\u00e4\u00e4n uuden taivutetun muodon.  HUOM! Paketti ei sis\u00e4ll\u00e4 CeraLashTint -kestov\u00e4rej\u00e4, joten tilaathan ne erikseen. Mik\u00e4li k\u00e4sittelyn yhteydess\u00e4 ei v\u00e4rj\u00e4t\u00e4 ripsi\u00e4, t\u00e4ytyy 2-in-1 Volumising Fix kiinnitteen sijasta k\u00e4ytt\u00e4\u00e4 CeraLashFix Volumising Fix 1.9% !\" \/>\n<meta property=\"og:url\" content=\"https:\/\/kinnunen.fi\/en\/product\/lvl-ceralashsystem-vaiheet-235\/\" \/>\n<meta property=\"og:site_name\" content=\"Kinnunen\" \/>\n<meta property=\"article:modified_time\" content=\"2026-04-30T13:54:49+00:00\" \/>\n<meta property=\"og:image\" content=\"https:\/\/kinnunen.fi\/wp-content\/uploads\/2023\/06\/CeraLashvaiheet-235.png\" \/>\n\t<meta property=\"og:image:width\" content=\"1000\" \/>\n\t<meta property=\"og:image:height\" content=\"1000\" \/>\n\t<meta property=\"og:image:type\" content=\"image\/png\" \/>\n<meta name=\"twitter:card\" content=\"summary_large_image\" \/>\n<script type=\"application\/ld+json\" class=\"yoast-schema-graph\">{\"@context\":\"https:\/\/schema.org\",\"@graph\":[{\"@type\":\"WebPage\",\"@id\":\"https:\/\/kinnunen.fi\/tuote\/lvl-ceralashsystem-vaiheet-235\/\",\"url\":\"https:\/\/kinnunen.fi\/tuote\/lvl-ceralashsystem-vaiheet-235\/\",\"name\":\"LVL CeraLashSystem (vaiheet 2,3,5) - Kinnunen\",\"isPartOf\":{\"@id\":\"https:\/\/kinnunen.fi\/#website\"},\"primaryImageOfPage\":{\"@id\":\"https:\/\/kinnunen.fi\/tuote\/lvl-ceralashsystem-vaiheet-235\/#primaryimage\"},\"image\":{\"@id\":\"https:\/\/kinnunen.fi\/tuote\/lvl-ceralashsystem-vaiheet-235\/#primaryimage\"},\"thumbnailUrl\":\"https:\/\/kinnunen.fi\/wp-content\/uploads\/2023\/06\/CeraLashvaiheet-235.png\",\"datePublished\":\"2023-06-08T08:10:52+00:00\",\"dateModified\":\"2026-04-30T13:54:49+00:00\",\"breadcrumb\":{\"@id\":\"https:\/\/kinnunen.fi\/tuote\/lvl-ceralashsystem-vaiheet-235\/#breadcrumb\"},\"inLanguage\":\"en-GB\",\"potentialAction\":[{\"@type\":\"ReadAction\",\"target\":[\"https:\/\/kinnunen.fi\/tuote\/lvl-ceralashsystem-vaiheet-235\/\"]}]},{\"@type\":\"ImageObject\",\"inLanguage\":\"en-GB\",\"@id\":\"https:\/\/kinnunen.fi\/tuote\/lvl-ceralashsystem-vaiheet-235\/#primaryimage\",\"url\":\"https:\/\/kinnunen.fi\/wp-content\/uploads\/2023\/06\/CeraLashvaiheet-235.png\",\"contentUrl\":\"https:\/\/kinnunen.fi\/wp-content\/uploads\/2023\/06\/CeraLashvaiheet-235.png\",\"width\":1000,\"height\":1000},{\"@type\":\"BreadcrumbList\",\"@id\":\"https:\/\/kinnunen.fi\/tuote\/lvl-ceralashsystem-vaiheet-235\/#breadcrumb\",\"itemListElement\":[{\"@type\":\"ListItem\",\"position\":1,\"name\":\"Etusivu\",\"item\":\"https:\/\/kinnunen.fi\/\"},{\"@type\":\"ListItem\",\"position\":2,\"name\":\"Kaikki tuotteet\",\"item\":\"https:\/\/kinnunen.fi\/kauppa\/\"},{\"@type\":\"ListItem\",\"position\":3,\"name\":\"Kauneudenhoito\",\"item\":\"https:\/\/kinnunen.fi\/tuote-osasto\/kauneudenhoito\/\"},{\"@type\":\"ListItem\",\"position\":4,\"name\":\"Ripset ja kulmat\",\"item\":\"https:\/\/kinnunen.fi\/tuote-osasto\/kauneudenhoito\/ripset-ja-kulmat\/\"},{\"@type\":\"ListItem\",\"position\":5,\"name\":\"LVL CeraLashSystem (vaiheet 2,3,5)\"}]},{\"@type\":\"WebSite\",\"@id\":\"https:\/\/kinnunen.fi\/#website\",\"url\":\"https:\/\/kinnunen.fi\/\",\"name\":\"Kinnunen\",\"description\":\"\",\"potentialAction\":[{\"@type\":\"SearchAction\",\"target\":{\"@type\":\"EntryPoint\",\"urlTemplate\":\"https:\/\/kinnunen.fi\/?s={search_term_string}\"},\"query-input\":\"required name=search_term_string\"}],\"inLanguage\":\"en-GB\"}]}<\/script>\n<!-- \/ Yoast SEO plugin. -->","yoast_head_json":{"title":"LVL CeraLashSystem (vaiheet 2,3,5) - Kinnunen","robots":{"index":"index","follow":"follow","max-snippet":"max-snippet:-1","max-image-preview":"max-image-preview:large","max-video-preview":"max-video-preview:-1"},"canonical":"https:\/\/kinnunen.fi\/en\/product\/lvl-ceralashsystem-vaiheet-235\/","og_locale":"en_GB","og_type":"article","og_title":"LVL CeraLashSystem (vaiheet 2,3,5) - Kinnunen","og_description":"CeraLashLift kestotaivutus paketissa on annospussit vaiheisiin 2, 3 ja 5 (5 tai 15 annospussia\/vaihe). Annospussissa tuotetta 0.6 ml.  Vaihe 2 - Lifting Balm; uusi kevyempi tunne, geelim\u00e4inen koostumus on helpompi k\u00e4ytt\u00e4\u00e4 ja levitt\u00e4\u00e4. Mieto tuoksuinen. Vaikutusajat 8, 10 ja 12 minuuttia riippuen ripsityypist\u00e4. Vaihe 3 - 2-in-1 Volumising Fix; Kiinnityksen ja v\u00e4rj\u00e4ys- vaiheiden yhdist\u00e4minen. Kiinnitt\u00e4\u00e4 rikkisillat uuteen taivutettuun muotoonsa sek\u00e4 aktivoi\/hapettaa s\u00e4vyn. 2-in-1 Volumising Fixi\u00e4 k\u00e4ytett\u00e4v\u00e4 aina CeraLashTint- kestov\u00e4rin kanssa. Fixin sis\u00e4lt\u00e4m\u00e4n vetyperoksidin pitoisuus on 3%, sekoitettuna v\u00e4rin kanssa lopullinen pitoisuus on 2%. Mik\u00e4li v\u00e4rj\u00e4yst\u00e4 ei tehd\u00e4, k\u00e4yt\u00e4 kiinnitykseen CeraLashFix Volumising Fix 1.9% Vaihe 5 - Moisturising Complex; kosteuttava seerumi hoitaa ja kosteuttaa ripsi\u00e4 sek\u00e4 suojaa v\u00e4ri\u00e4. Hoitavat ominaisuudet silottavat ja kosteuttavat ripsi\u00e4, parantaen niiden ulkon\u00e4k\u00f6\u00e4 ja kuntoa. Vahvistaa luonnollisia ripsi\u00e4 sek\u00e4 auttaa pit\u00e4m\u00e4\u00e4n ja s\u00e4ilytt\u00e4m\u00e4\u00e4n uuden taivutetun muodon.  HUOM! Paketti ei sis\u00e4ll\u00e4 CeraLashTint -kestov\u00e4rej\u00e4, joten tilaathan ne erikseen. Mik\u00e4li k\u00e4sittelyn yhteydess\u00e4 ei v\u00e4rj\u00e4t\u00e4 ripsi\u00e4, t\u00e4ytyy 2-in-1 Volumising Fix kiinnitteen sijasta k\u00e4ytt\u00e4\u00e4 CeraLashFix Volumising Fix 1.9% !","og_url":"https:\/\/kinnunen.fi\/en\/product\/lvl-ceralashsystem-vaiheet-235\/","og_site_name":"Kinnunen","article_modified_time":"2026-04-30T13:54:49+00:00","og_image":[{"width":1000,"height":1000,"url":"https:\/\/kinnunen.fi\/wp-content\/uploads\/2023\/06\/CeraLashvaiheet-235.png","type":"image\/png"}],"twitter_card":"summary_large_image","schema":{"@context":"https:\/\/schema.org","@graph":[{"@type":"WebPage","@id":"https:\/\/kinnunen.fi\/tuote\/lvl-ceralashsystem-vaiheet-235\/","url":"https:\/\/kinnunen.fi\/tuote\/lvl-ceralashsystem-vaiheet-235\/","name":"LVL CeraLashSystem (vaiheet 2,3,5) - Kinnunen","isPartOf":{"@id":"https:\/\/kinnunen.fi\/#website"},"primaryImageOfPage":{"@id":"https:\/\/kinnunen.fi\/tuote\/lvl-ceralashsystem-vaiheet-235\/#primaryimage"},"image":{"@id":"https:\/\/kinnunen.fi\/tuote\/lvl-ceralashsystem-vaiheet-235\/#primaryimage"},"thumbnailUrl":"https:\/\/kinnunen.fi\/wp-content\/uploads\/2023\/06\/CeraLashvaiheet-235.png","datePublished":"2023-06-08T08:10:52+00:00","dateModified":"2026-04-30T13:54:49+00:00","breadcrumb":{"@id":"https:\/\/kinnunen.fi\/tuote\/lvl-ceralashsystem-vaiheet-235\/#breadcrumb"},"inLanguage":"en-GB","potentialAction":[{"@type":"ReadAction","target":["https:\/\/kinnunen.fi\/tuote\/lvl-ceralashsystem-vaiheet-235\/"]}]},{"@type":"ImageObject","inLanguage":"en-GB","@id":"https:\/\/kinnunen.fi\/tuote\/lvl-ceralashsystem-vaiheet-235\/#primaryimage","url":"https:\/\/kinnunen.fi\/wp-content\/uploads\/2023\/06\/CeraLashvaiheet-235.png","contentUrl":"https:\/\/kinnunen.fi\/wp-content\/uploads\/2023\/06\/CeraLashvaiheet-235.png","width":1000,"height":1000},{"@type":"BreadcrumbList","@id":"https:\/\/kinnunen.fi\/tuote\/lvl-ceralashsystem-vaiheet-235\/#breadcrumb","itemListElement":[{"@type":"ListItem","position":1,"name":"Etusivu","item":"https:\/\/kinnunen.fi\/"},{"@type":"ListItem","position":2,"name":"Kaikki tuotteet","item":"https:\/\/kinnunen.fi\/kauppa\/"},{"@type":"ListItem","position":3,"name":"Kauneudenhoito","item":"https:\/\/kinnunen.fi\/tuote-osasto\/kauneudenhoito\/"},{"@type":"ListItem","position":4,"name":"Ripset ja kulmat","item":"https:\/\/kinnunen.fi\/tuote-osasto\/kauneudenhoito\/ripset-ja-kulmat\/"},{"@type":"ListItem","position":5,"name":"LVL CeraLashSystem (vaiheet 2,3,5)"}]},{"@type":"WebSite","@id":"https:\/\/kinnunen.fi\/#website","url":"https:\/\/kinnunen.fi\/","name":"Kinnunen","description":"","potentialAction":[{"@type":"SearchAction","target":{"@type":"EntryPoint","urlTemplate":"https:\/\/kinnunen.fi\/?s={search_term_string}"},"query-input":"required name=search_term_string"}],"inLanguage":"en-GB"}]}},"_links":{"self":[{"href":"https:\/\/kinnunen.fi\/en\/wp-json\/wp\/v2\/product\/31784"}],"collection":[{"href":"https:\/\/kinnunen.fi\/en\/wp-json\/wp\/v2\/product"}],"about":[{"href":"https:\/\/kinnunen.fi\/en\/wp-json\/wp\/v2\/types\/product"}],"replies":[{"embeddable":true,"href":"https:\/\/kinnunen.fi\/en\/wp-json\/wp\/v2\/comments?post=31784"}],"wp:featuredmedia":[{"embeddable":true,"href":"https:\/\/kinnunen.fi\/en\/wp-json\/wp\/v2\/media\/31778"}],"wp:attachment":[{"href":"https:\/\/kinnunen.fi\/en\/wp-json\/wp\/v2\/media?parent=31784"}],"wp:term":[{"taxonomy":"product_cat","embeddable":true,"href":"https:\/\/kinnunen.fi\/en\/wp-json\/wp\/v2\/product_cat?post=31784"},{"taxonomy":"product_tag","embeddable":true,"href":"https:\/\/kinnunen.fi\/en\/wp-json\/wp\/v2\/product_tag?post=31784"}],"curies":[{"name":"wp","href":"https:\/\/api.w.org\/{rel}","templated":true}]}}