

{"id":31791,"date":"2023-06-08T12:25:00","date_gmt":"2023-06-08T09:25:00","guid":{"rendered":"https:\/\/kinnunen.fi\/?post_type=product&#038;p=31791"},"modified":"2026-04-20T04:00:37","modified_gmt":"2026-04-20T01:00:37","slug":"lvl-ceralashtint-kestovari-15-ml","status":"publish","type":"product","link":"https:\/\/kinnunen.fi\/en\/product\/lvl-ceralashtint-kestovari-15-ml\/","title":{"rendered":"LVL CeraLashTint permanent colour, 15 ml"},"content":{"rendered":"","protected":false},"excerpt":{"rendered":"<p>LVL CeraLashTint permanent shades have been developed to be used 2-in-1 with Volumising Fix in step 3 (no separate acid is needed). A full-bodied and intense professional eyelash curler based on advanced CeramideBio technology, which helps to strengthen the naturally occurring ceramides in the lashes. Contains Pro-Vitamin B5, which improves the condition and shine of lashes, and Vitamins C and E, known for their protective antioxidant properties. The soft and unique formula allows for easier and faster application and provides a long-lasting, excellent finish.<\/p>","protected":false},"featured_media":31792,"comment_status":"closed","ping_status":"closed","template":"","meta":{"_relevanssi_hide_post":"","_relevanssi_pin_for_all":"","_relevanssi_pin_keywords":"","_relevanssi_unpin_keywords":"","_relevanssi_related_keywords":"","_relevanssi_related_include_ids":"","_relevanssi_related_exclude_ids":"","_relevanssi_related_no_append":"","_relevanssi_related_not_related":"","_relevanssi_related_posts":"","_relevanssi_noindex_reason":""},"product_cat":[1852,1853],"product_tag":[],"class_list":["post-31791","product","type-product","status-publish","has-post-thumbnail","hentry","product_cat-ripset-ja-kulmat","product_cat-ripsien-kestotaivutus","pa_vari-musta","pa_vari-sinimusta","pa_vari-tummanruskea","tuotemerkki-nouveau-lashes"],"tuotemerkit":[{"term_id":323,"name":"Nouveau Lashes","slug":"nouveau-lashes","term_group":0,"term_taxonomy_id":323,"taxonomy":"tuotemerkki","description":"","parent":0,"count":71,"filter":"raw"}],"acf":[],"yoast_head":"<!-- This site is optimized with the Yoast SEO plugin v23.3 - https:\/\/yoast.com\/wordpress\/plugins\/seo\/ -->\n<title>LVL CeraLashTint -kestov\u00e4ri, 15 ml - Kinnunen<\/title>\n<meta name=\"robots\" content=\"index, follow, max-snippet:-1, max-image-preview:large, max-video-preview:-1\" \/>\n<link rel=\"canonical\" href=\"https:\/\/kinnunen.fi\/en\/product\/lvl-ceralashtint-kestovari-15-ml\/\" \/>\n<meta property=\"og:locale\" content=\"en_GB\" \/>\n<meta property=\"og:type\" content=\"article\" \/>\n<meta property=\"og:title\" content=\"LVL CeraLashTint -kestov\u00e4ri, 15 ml - Kinnunen\" \/>\n<meta property=\"og:description\" content=\"LVL CeraLashTint- kestov\u00e4rit on kehitelty k\u00e4ytett\u00e4v\u00e4ksi 2-in-1 Volumising Fix kanssa vaiheessa 3 (erillist\u00e4 hapetetta ei tarvita). T\u00e4ytel\u00e4inen ja intensiivinen ammattilaisripsikestov\u00e4ri, joka perustuu edistykselliseen CeramideBio- teknologiaan, joka auttaa vahvistamaan luonnostaan ripsiss\u00e4 sis\u00e4lt\u00e4vi\u00e4 keramideja. Sis\u00e4lt\u00e4\u00e4 Pro-vitamiinia B5, joka parantaa ripsien kuntoa ja kiiltoa, sek\u00e4 C- ja E- vitamiinia, jotka tunnetaan suojaavista antioksidanttisista ominaisuuksistaan. Pehme\u00e4 ja ainutlaatuinen koostumus mahdollistaa helpomman ja nopeamman levityksen sek\u00e4 antaa pitk\u00e4kestoisen, erinomaisen lopputuloksen.\" \/>\n<meta property=\"og:url\" content=\"https:\/\/kinnunen.fi\/en\/product\/lvl-ceralashtint-kestovari-15-ml\/\" \/>\n<meta property=\"og:site_name\" content=\"Kinnunen\" \/>\n<meta property=\"article:modified_time\" content=\"2026-04-20T01:00:37+00:00\" \/>\n<meta property=\"og:image\" content=\"https:\/\/kinnunen.fi\/wp-content\/uploads\/2023\/06\/CeraLashTint_kestovarit.png\" \/>\n\t<meta property=\"og:image:width\" content=\"1000\" \/>\n\t<meta property=\"og:image:height\" content=\"1000\" \/>\n\t<meta property=\"og:image:type\" content=\"image\/png\" \/>\n<meta name=\"twitter:card\" content=\"summary_large_image\" \/>\n<script type=\"application\/ld+json\" class=\"yoast-schema-graph\">{\"@context\":\"https:\/\/schema.org\",\"@graph\":[{\"@type\":\"WebPage\",\"@id\":\"https:\/\/kinnunen.fi\/tuote\/lvl-ceralashtint-kestovari-15-ml\/\",\"url\":\"https:\/\/kinnunen.fi\/tuote\/lvl-ceralashtint-kestovari-15-ml\/\",\"name\":\"LVL CeraLashTint -kestov\u00e4ri, 15 ml - Kinnunen\",\"isPartOf\":{\"@id\":\"https:\/\/kinnunen.fi\/#website\"},\"primaryImageOfPage\":{\"@id\":\"https:\/\/kinnunen.fi\/tuote\/lvl-ceralashtint-kestovari-15-ml\/#primaryimage\"},\"image\":{\"@id\":\"https:\/\/kinnunen.fi\/tuote\/lvl-ceralashtint-kestovari-15-ml\/#primaryimage\"},\"thumbnailUrl\":\"https:\/\/kinnunen.fi\/wp-content\/uploads\/2023\/06\/CeraLashTint_kestovarit.png\",\"datePublished\":\"2023-06-08T09:25:00+00:00\",\"dateModified\":\"2026-04-20T01:00:37+00:00\",\"breadcrumb\":{\"@id\":\"https:\/\/kinnunen.fi\/tuote\/lvl-ceralashtint-kestovari-15-ml\/#breadcrumb\"},\"inLanguage\":\"en-GB\",\"potentialAction\":[{\"@type\":\"ReadAction\",\"target\":[\"https:\/\/kinnunen.fi\/tuote\/lvl-ceralashtint-kestovari-15-ml\/\"]}]},{\"@type\":\"ImageObject\",\"inLanguage\":\"en-GB\",\"@id\":\"https:\/\/kinnunen.fi\/tuote\/lvl-ceralashtint-kestovari-15-ml\/#primaryimage\",\"url\":\"https:\/\/kinnunen.fi\/wp-content\/uploads\/2023\/06\/CeraLashTint_kestovarit.png\",\"contentUrl\":\"https:\/\/kinnunen.fi\/wp-content\/uploads\/2023\/06\/CeraLashTint_kestovarit.png\",\"width\":1000,\"height\":1000},{\"@type\":\"BreadcrumbList\",\"@id\":\"https:\/\/kinnunen.fi\/tuote\/lvl-ceralashtint-kestovari-15-ml\/#breadcrumb\",\"itemListElement\":[{\"@type\":\"ListItem\",\"position\":1,\"name\":\"Etusivu\",\"item\":\"https:\/\/kinnunen.fi\/\"},{\"@type\":\"ListItem\",\"position\":2,\"name\":\"Kaikki tuotteet\",\"item\":\"https:\/\/kinnunen.fi\/kauppa\/\"},{\"@type\":\"ListItem\",\"position\":3,\"name\":\"Kauneudenhoito\",\"item\":\"https:\/\/kinnunen.fi\/tuote-osasto\/kauneudenhoito\/\"},{\"@type\":\"ListItem\",\"position\":4,\"name\":\"Ripset ja kulmat\",\"item\":\"https:\/\/kinnunen.fi\/tuote-osasto\/kauneudenhoito\/ripset-ja-kulmat\/\"},{\"@type\":\"ListItem\",\"position\":5,\"name\":\"Nouveau Lashes ripsien kestotaivutus\",\"item\":\"https:\/\/kinnunen.fi\/tuote-osasto\/kauneudenhoito\/ripset-ja-kulmat\/ripsien-kestotaivutus\/\"},{\"@type\":\"ListItem\",\"position\":6,\"name\":\"LVL CeraLashTint -kestov\u00e4ri, 15 ml\"}]},{\"@type\":\"WebSite\",\"@id\":\"https:\/\/kinnunen.fi\/#website\",\"url\":\"https:\/\/kinnunen.fi\/\",\"name\":\"Kinnunen\",\"description\":\"\",\"potentialAction\":[{\"@type\":\"SearchAction\",\"target\":{\"@type\":\"EntryPoint\",\"urlTemplate\":\"https:\/\/kinnunen.fi\/?s={search_term_string}\"},\"query-input\":\"required name=search_term_string\"}],\"inLanguage\":\"en-GB\"}]}<\/script>\n<!-- \/ Yoast SEO plugin. -->","yoast_head_json":{"title":"LVL CeraLashTint -kestov\u00e4ri, 15 ml - Kinnunen","robots":{"index":"index","follow":"follow","max-snippet":"max-snippet:-1","max-image-preview":"max-image-preview:large","max-video-preview":"max-video-preview:-1"},"canonical":"https:\/\/kinnunen.fi\/en\/product\/lvl-ceralashtint-kestovari-15-ml\/","og_locale":"en_GB","og_type":"article","og_title":"LVL CeraLashTint -kestov\u00e4ri, 15 ml - Kinnunen","og_description":"LVL CeraLashTint- kestov\u00e4rit on kehitelty k\u00e4ytett\u00e4v\u00e4ksi 2-in-1 Volumising Fix kanssa vaiheessa 3 (erillist\u00e4 hapetetta ei tarvita). T\u00e4ytel\u00e4inen ja intensiivinen ammattilaisripsikestov\u00e4ri, joka perustuu edistykselliseen CeramideBio- teknologiaan, joka auttaa vahvistamaan luonnostaan ripsiss\u00e4 sis\u00e4lt\u00e4vi\u00e4 keramideja. Sis\u00e4lt\u00e4\u00e4 Pro-vitamiinia B5, joka parantaa ripsien kuntoa ja kiiltoa, sek\u00e4 C- ja E- vitamiinia, jotka tunnetaan suojaavista antioksidanttisista ominaisuuksistaan. Pehme\u00e4 ja ainutlaatuinen koostumus mahdollistaa helpomman ja nopeamman levityksen sek\u00e4 antaa pitk\u00e4kestoisen, erinomaisen lopputuloksen.","og_url":"https:\/\/kinnunen.fi\/en\/product\/lvl-ceralashtint-kestovari-15-ml\/","og_site_name":"Kinnunen","article_modified_time":"2026-04-20T01:00:37+00:00","og_image":[{"width":1000,"height":1000,"url":"https:\/\/kinnunen.fi\/wp-content\/uploads\/2023\/06\/CeraLashTint_kestovarit.png","type":"image\/png"}],"twitter_card":"summary_large_image","schema":{"@context":"https:\/\/schema.org","@graph":[{"@type":"WebPage","@id":"https:\/\/kinnunen.fi\/tuote\/lvl-ceralashtint-kestovari-15-ml\/","url":"https:\/\/kinnunen.fi\/tuote\/lvl-ceralashtint-kestovari-15-ml\/","name":"LVL CeraLashTint -kestov\u00e4ri, 15 ml - Kinnunen","isPartOf":{"@id":"https:\/\/kinnunen.fi\/#website"},"primaryImageOfPage":{"@id":"https:\/\/kinnunen.fi\/tuote\/lvl-ceralashtint-kestovari-15-ml\/#primaryimage"},"image":{"@id":"https:\/\/kinnunen.fi\/tuote\/lvl-ceralashtint-kestovari-15-ml\/#primaryimage"},"thumbnailUrl":"https:\/\/kinnunen.fi\/wp-content\/uploads\/2023\/06\/CeraLashTint_kestovarit.png","datePublished":"2023-06-08T09:25:00+00:00","dateModified":"2026-04-20T01:00:37+00:00","breadcrumb":{"@id":"https:\/\/kinnunen.fi\/tuote\/lvl-ceralashtint-kestovari-15-ml\/#breadcrumb"},"inLanguage":"en-GB","potentialAction":[{"@type":"ReadAction","target":["https:\/\/kinnunen.fi\/tuote\/lvl-ceralashtint-kestovari-15-ml\/"]}]},{"@type":"ImageObject","inLanguage":"en-GB","@id":"https:\/\/kinnunen.fi\/tuote\/lvl-ceralashtint-kestovari-15-ml\/#primaryimage","url":"https:\/\/kinnunen.fi\/wp-content\/uploads\/2023\/06\/CeraLashTint_kestovarit.png","contentUrl":"https:\/\/kinnunen.fi\/wp-content\/uploads\/2023\/06\/CeraLashTint_kestovarit.png","width":1000,"height":1000},{"@type":"BreadcrumbList","@id":"https:\/\/kinnunen.fi\/tuote\/lvl-ceralashtint-kestovari-15-ml\/#breadcrumb","itemListElement":[{"@type":"ListItem","position":1,"name":"Etusivu","item":"https:\/\/kinnunen.fi\/"},{"@type":"ListItem","position":2,"name":"Kaikki tuotteet","item":"https:\/\/kinnunen.fi\/kauppa\/"},{"@type":"ListItem","position":3,"name":"Kauneudenhoito","item":"https:\/\/kinnunen.fi\/tuote-osasto\/kauneudenhoito\/"},{"@type":"ListItem","position":4,"name":"Ripset ja kulmat","item":"https:\/\/kinnunen.fi\/tuote-osasto\/kauneudenhoito\/ripset-ja-kulmat\/"},{"@type":"ListItem","position":5,"name":"Nouveau Lashes ripsien kestotaivutus","item":"https:\/\/kinnunen.fi\/tuote-osasto\/kauneudenhoito\/ripset-ja-kulmat\/ripsien-kestotaivutus\/"},{"@type":"ListItem","position":6,"name":"LVL CeraLashTint -kestov\u00e4ri, 15 ml"}]},{"@type":"WebSite","@id":"https:\/\/kinnunen.fi\/#website","url":"https:\/\/kinnunen.fi\/","name":"Kinnunen","description":"","potentialAction":[{"@type":"SearchAction","target":{"@type":"EntryPoint","urlTemplate":"https:\/\/kinnunen.fi\/?s={search_term_string}"},"query-input":"required name=search_term_string"}],"inLanguage":"en-GB"}]}},"_links":{"self":[{"href":"https:\/\/kinnunen.fi\/en\/wp-json\/wp\/v2\/product\/31791"}],"collection":[{"href":"https:\/\/kinnunen.fi\/en\/wp-json\/wp\/v2\/product"}],"about":[{"href":"https:\/\/kinnunen.fi\/en\/wp-json\/wp\/v2\/types\/product"}],"replies":[{"embeddable":true,"href":"https:\/\/kinnunen.fi\/en\/wp-json\/wp\/v2\/comments?post=31791"}],"wp:featuredmedia":[{"embeddable":true,"href":"https:\/\/kinnunen.fi\/en\/wp-json\/wp\/v2\/media\/31792"}],"wp:attachment":[{"href":"https:\/\/kinnunen.fi\/en\/wp-json\/wp\/v2\/media?parent=31791"}],"wp:term":[{"taxonomy":"product_cat","embeddable":true,"href":"https:\/\/kinnunen.fi\/en\/wp-json\/wp\/v2\/product_cat?post=31791"},{"taxonomy":"product_tag","embeddable":true,"href":"https:\/\/kinnunen.fi\/en\/wp-json\/wp\/v2\/product_tag?post=31791"}],"curies":[{"name":"wp","href":"https:\/\/api.w.org\/{rel}","templated":true}]}}