

{"id":31958,"date":"2023-06-28T13:53:05","date_gmt":"2023-06-28T10:53:05","guid":{"rendered":"https:\/\/kinnunen.fi\/?post_type=product&#038;p=31958"},"modified":"2026-04-18T04:00:08","modified_gmt":"2026-04-18T01:00:08","slug":"care-confident-curl-conditioner-1000ml","status":"publish","type":"product","link":"https:\/\/kinnunen.fi\/en\/product\/care-confident-curl-conditioner-1000ml\/","title":{"rendered":"Care Confident Curl Conditioner 1000ml"},"content":{"rendered":"","protected":false},"excerpt":{"rendered":"<p>Confident Curl Conditioner deeply moisturizes and nourishes hair from root to tip, reducing frizz and tangles on wavy and curly hair.<\/p>\n<p>-Shea Butter is known for its highly moisturising, smoothing and protective properties.<br \/>\n-Coconut oil-derived ingredients are soothing, moisturising and protect curls from protein loss.<br \/>\nThe pH-balancing vinegar extract smoothes the hair surface, helps reduce frizz and makes curls clearer and more defined.<br \/>\n-Includes the Green Conditioning System, a Keune laboratory creation that conditions, soothes and adds shine.<\/p>\n<p>For curl types 2A-4C<\/p>","protected":false},"featured_media":31925,"comment_status":"closed","ping_status":"closed","template":"","meta":{"_relevanssi_hide_post":"","_relevanssi_pin_for_all":"","_relevanssi_pin_keywords":"","_relevanssi_unpin_keywords":"","_relevanssi_related_keywords":"","_relevanssi_related_include_ids":"","_relevanssi_related_exclude_ids":"","_relevanssi_related_no_append":"","_relevanssi_related_not_related":"","_relevanssi_related_posts":"","_relevanssi_noindex_reason":""},"product_cat":[1727,1734,1735],"product_tag":[],"class_list":["post-31958","product","type-product","status-publish","has-post-thumbnail","hentry","product_cat-hiuskosmetiikka","product_cat-hoitoaineet-ja-hiusmaamiot","product_cat-keune-care-hoitoaineet-ja-hiusmaamiot","tuotemerkki-keune-care","tuotemerkki-keune-haircosmetics"],"tuotemerkit":[{"term_id":26,"name":"Keune Care","slug":"keune-care","term_group":0,"term_taxonomy_id":26,"taxonomy":"tuotemerkki","description":"","parent":25,"count":137,"filter":"raw"},{"term_id":25,"name":"Keune Haircosmetics","slug":"keune-haircosmetics","term_group":0,"term_taxonomy_id":25,"taxonomy":"tuotemerkki","description":"","parent":0,"count":277,"filter":"raw"}],"acf":[],"yoast_head":"<!-- This site is optimized with the Yoast SEO plugin v23.3 - https:\/\/yoast.com\/wordpress\/plugins\/seo\/ -->\n<title>Care Confident Curl Conditioner 1000ml - Kinnunen<\/title>\n<meta name=\"robots\" content=\"index, follow, max-snippet:-1, max-image-preview:large, max-video-preview:-1\" \/>\n<link rel=\"canonical\" href=\"https:\/\/kinnunen.fi\/en\/product\/care-confident-curl-conditioner-1000ml\/\" \/>\n<meta property=\"og:locale\" content=\"en_GB\" \/>\n<meta property=\"og:type\" content=\"article\" \/>\n<meta property=\"og:title\" content=\"Care Confident Curl Conditioner 1000ml - Kinnunen\" \/>\n<meta property=\"og:description\" content=\"Confident Curl Conditioner syv\u00e4kosteuttaa ja ravitsee hiusta tyvest\u00e4 latvoihin, v\u00e4hent\u00e4\u00e4 laineisten ja kiharoiden hiusten p\u00f6rr\u00f6isyytt\u00e4 ja takkuisuutta.  -Shea Butter tunnetaan sen eritt\u00e4in kosteuttavista, silottavista ja suojaavista ominaisuuksista. -Kookos\u00f6ljyst\u00e4 johdetut ainesosat ovat rauhoittavia, kosteuttavia ja suojaavat kiharoita menett\u00e4m\u00e4st\u00e4 proteiineja. -pH:ta tasapainottava etikkauute silottaa hiuksen pintaa, auttaa v\u00e4hent\u00e4m\u00e4\u00e4n p\u00f6rr\u00f6isyytt\u00e4 ja tekee kiharoista selke\u00e4mm\u00e4t ja erottuvat. -Sis\u00e4lt\u00e4\u00e4 Green Conditioning Systemin, Keune laboratorion luomuksen, joka hoitaa, rauhoittaa ja lis\u00e4\u00e4 kiiltoa.  Kiharatyypeille 2A-4C\" \/>\n<meta property=\"og:url\" content=\"https:\/\/kinnunen.fi\/en\/product\/care-confident-curl-conditioner-1000ml\/\" \/>\n<meta property=\"og:site_name\" content=\"Kinnunen\" \/>\n<meta property=\"article:modified_time\" content=\"2026-04-18T01:00:08+00:00\" \/>\n<meta property=\"og:image\" content=\"https:\/\/kinnunen.fi\/wp-content\/uploads\/2023\/06\/ConfidentCurl_conditioner_1000ml_21459.jpg\" \/>\n\t<meta property=\"og:image:width\" content=\"1000\" \/>\n\t<meta property=\"og:image:height\" content=\"1000\" \/>\n\t<meta property=\"og:image:type\" content=\"image\/jpeg\" \/>\n<meta name=\"twitter:card\" content=\"summary_large_image\" \/>\n<script type=\"application\/ld+json\" class=\"yoast-schema-graph\">{\"@context\":\"https:\/\/schema.org\",\"@graph\":[{\"@type\":\"WebPage\",\"@id\":\"https:\/\/kinnunen.fi\/tuote\/care-confident-curl-conditioner-1000ml\/\",\"url\":\"https:\/\/kinnunen.fi\/tuote\/care-confident-curl-conditioner-1000ml\/\",\"name\":\"Care Confident Curl Conditioner 1000ml - Kinnunen\",\"isPartOf\":{\"@id\":\"https:\/\/kinnunen.fi\/#website\"},\"primaryImageOfPage\":{\"@id\":\"https:\/\/kinnunen.fi\/tuote\/care-confident-curl-conditioner-1000ml\/#primaryimage\"},\"image\":{\"@id\":\"https:\/\/kinnunen.fi\/tuote\/care-confident-curl-conditioner-1000ml\/#primaryimage\"},\"thumbnailUrl\":\"https:\/\/kinnunen.fi\/wp-content\/uploads\/2023\/06\/ConfidentCurl_conditioner_1000ml_21459.jpg\",\"datePublished\":\"2023-06-28T10:53:05+00:00\",\"dateModified\":\"2026-04-18T01:00:08+00:00\",\"breadcrumb\":{\"@id\":\"https:\/\/kinnunen.fi\/tuote\/care-confident-curl-conditioner-1000ml\/#breadcrumb\"},\"inLanguage\":\"en-GB\",\"potentialAction\":[{\"@type\":\"ReadAction\",\"target\":[\"https:\/\/kinnunen.fi\/tuote\/care-confident-curl-conditioner-1000ml\/\"]}]},{\"@type\":\"ImageObject\",\"inLanguage\":\"en-GB\",\"@id\":\"https:\/\/kinnunen.fi\/tuote\/care-confident-curl-conditioner-1000ml\/#primaryimage\",\"url\":\"https:\/\/kinnunen.fi\/wp-content\/uploads\/2023\/06\/ConfidentCurl_conditioner_1000ml_21459.jpg\",\"contentUrl\":\"https:\/\/kinnunen.fi\/wp-content\/uploads\/2023\/06\/ConfidentCurl_conditioner_1000ml_21459.jpg\",\"width\":1000,\"height\":1000},{\"@type\":\"BreadcrumbList\",\"@id\":\"https:\/\/kinnunen.fi\/tuote\/care-confident-curl-conditioner-1000ml\/#breadcrumb\",\"itemListElement\":[{\"@type\":\"ListItem\",\"position\":1,\"name\":\"Etusivu\",\"item\":\"https:\/\/kinnunen.fi\/\"},{\"@type\":\"ListItem\",\"position\":2,\"name\":\"Kaikki tuotteet\",\"item\":\"https:\/\/kinnunen.fi\/kauppa\/\"},{\"@type\":\"ListItem\",\"position\":3,\"name\":\"Hiuskosmetiikka\",\"item\":\"https:\/\/kinnunen.fi\/tuote-osasto\/hiuskosmetiikka\/\"},{\"@type\":\"ListItem\",\"position\":4,\"name\":\"Care Confident Curl Conditioner 1000ml\"}]},{\"@type\":\"WebSite\",\"@id\":\"https:\/\/kinnunen.fi\/#website\",\"url\":\"https:\/\/kinnunen.fi\/\",\"name\":\"Kinnunen\",\"description\":\"\",\"potentialAction\":[{\"@type\":\"SearchAction\",\"target\":{\"@type\":\"EntryPoint\",\"urlTemplate\":\"https:\/\/kinnunen.fi\/?s={search_term_string}\"},\"query-input\":\"required name=search_term_string\"}],\"inLanguage\":\"en-GB\"}]}<\/script>\n<!-- \/ Yoast SEO plugin. -->","yoast_head_json":{"title":"Care Confident Curl Conditioner 1000ml - Kinnunen","robots":{"index":"index","follow":"follow","max-snippet":"max-snippet:-1","max-image-preview":"max-image-preview:large","max-video-preview":"max-video-preview:-1"},"canonical":"https:\/\/kinnunen.fi\/en\/product\/care-confident-curl-conditioner-1000ml\/","og_locale":"en_GB","og_type":"article","og_title":"Care Confident Curl Conditioner 1000ml - Kinnunen","og_description":"Confident Curl Conditioner syv\u00e4kosteuttaa ja ravitsee hiusta tyvest\u00e4 latvoihin, v\u00e4hent\u00e4\u00e4 laineisten ja kiharoiden hiusten p\u00f6rr\u00f6isyytt\u00e4 ja takkuisuutta.  -Shea Butter tunnetaan sen eritt\u00e4in kosteuttavista, silottavista ja suojaavista ominaisuuksista. -Kookos\u00f6ljyst\u00e4 johdetut ainesosat ovat rauhoittavia, kosteuttavia ja suojaavat kiharoita menett\u00e4m\u00e4st\u00e4 proteiineja. -pH:ta tasapainottava etikkauute silottaa hiuksen pintaa, auttaa v\u00e4hent\u00e4m\u00e4\u00e4n p\u00f6rr\u00f6isyytt\u00e4 ja tekee kiharoista selke\u00e4mm\u00e4t ja erottuvat. -Sis\u00e4lt\u00e4\u00e4 Green Conditioning Systemin, Keune laboratorion luomuksen, joka hoitaa, rauhoittaa ja lis\u00e4\u00e4 kiiltoa.  Kiharatyypeille 2A-4C","og_url":"https:\/\/kinnunen.fi\/en\/product\/care-confident-curl-conditioner-1000ml\/","og_site_name":"Kinnunen","article_modified_time":"2026-04-18T01:00:08+00:00","og_image":[{"width":1000,"height":1000,"url":"https:\/\/kinnunen.fi\/wp-content\/uploads\/2023\/06\/ConfidentCurl_conditioner_1000ml_21459.jpg","type":"image\/jpeg"}],"twitter_card":"summary_large_image","schema":{"@context":"https:\/\/schema.org","@graph":[{"@type":"WebPage","@id":"https:\/\/kinnunen.fi\/tuote\/care-confident-curl-conditioner-1000ml\/","url":"https:\/\/kinnunen.fi\/tuote\/care-confident-curl-conditioner-1000ml\/","name":"Care Confident Curl Conditioner 1000ml - Kinnunen","isPartOf":{"@id":"https:\/\/kinnunen.fi\/#website"},"primaryImageOfPage":{"@id":"https:\/\/kinnunen.fi\/tuote\/care-confident-curl-conditioner-1000ml\/#primaryimage"},"image":{"@id":"https:\/\/kinnunen.fi\/tuote\/care-confident-curl-conditioner-1000ml\/#primaryimage"},"thumbnailUrl":"https:\/\/kinnunen.fi\/wp-content\/uploads\/2023\/06\/ConfidentCurl_conditioner_1000ml_21459.jpg","datePublished":"2023-06-28T10:53:05+00:00","dateModified":"2026-04-18T01:00:08+00:00","breadcrumb":{"@id":"https:\/\/kinnunen.fi\/tuote\/care-confident-curl-conditioner-1000ml\/#breadcrumb"},"inLanguage":"en-GB","potentialAction":[{"@type":"ReadAction","target":["https:\/\/kinnunen.fi\/tuote\/care-confident-curl-conditioner-1000ml\/"]}]},{"@type":"ImageObject","inLanguage":"en-GB","@id":"https:\/\/kinnunen.fi\/tuote\/care-confident-curl-conditioner-1000ml\/#primaryimage","url":"https:\/\/kinnunen.fi\/wp-content\/uploads\/2023\/06\/ConfidentCurl_conditioner_1000ml_21459.jpg","contentUrl":"https:\/\/kinnunen.fi\/wp-content\/uploads\/2023\/06\/ConfidentCurl_conditioner_1000ml_21459.jpg","width":1000,"height":1000},{"@type":"BreadcrumbList","@id":"https:\/\/kinnunen.fi\/tuote\/care-confident-curl-conditioner-1000ml\/#breadcrumb","itemListElement":[{"@type":"ListItem","position":1,"name":"Etusivu","item":"https:\/\/kinnunen.fi\/"},{"@type":"ListItem","position":2,"name":"Kaikki tuotteet","item":"https:\/\/kinnunen.fi\/kauppa\/"},{"@type":"ListItem","position":3,"name":"Hiuskosmetiikka","item":"https:\/\/kinnunen.fi\/tuote-osasto\/hiuskosmetiikka\/"},{"@type":"ListItem","position":4,"name":"Care Confident Curl Conditioner 1000ml"}]},{"@type":"WebSite","@id":"https:\/\/kinnunen.fi\/#website","url":"https:\/\/kinnunen.fi\/","name":"Kinnunen","description":"","potentialAction":[{"@type":"SearchAction","target":{"@type":"EntryPoint","urlTemplate":"https:\/\/kinnunen.fi\/?s={search_term_string}"},"query-input":"required name=search_term_string"}],"inLanguage":"en-GB"}]}},"_links":{"self":[{"href":"https:\/\/kinnunen.fi\/en\/wp-json\/wp\/v2\/product\/31958"}],"collection":[{"href":"https:\/\/kinnunen.fi\/en\/wp-json\/wp\/v2\/product"}],"about":[{"href":"https:\/\/kinnunen.fi\/en\/wp-json\/wp\/v2\/types\/product"}],"replies":[{"embeddable":true,"href":"https:\/\/kinnunen.fi\/en\/wp-json\/wp\/v2\/comments?post=31958"}],"wp:featuredmedia":[{"embeddable":true,"href":"https:\/\/kinnunen.fi\/en\/wp-json\/wp\/v2\/media\/31925"}],"wp:attachment":[{"href":"https:\/\/kinnunen.fi\/en\/wp-json\/wp\/v2\/media?parent=31958"}],"wp:term":[{"taxonomy":"product_cat","embeddable":true,"href":"https:\/\/kinnunen.fi\/en\/wp-json\/wp\/v2\/product_cat?post=31958"},{"taxonomy":"product_tag","embeddable":true,"href":"https:\/\/kinnunen.fi\/en\/wp-json\/wp\/v2\/product_tag?post=31958"}],"curies":[{"name":"wp","href":"https:\/\/api.w.org\/{rel}","templated":true}]}}