

{"id":32319,"date":"2023-08-15T11:17:27","date_gmt":"2023-08-15T08:17:27","guid":{"rendered":"https:\/\/kinnunen.fi\/?post_type=product&#038;p=32319"},"modified":"2026-04-30T04:00:37","modified_gmt":"2026-04-30T01:00:37","slug":"y-s-park-102-permanenttikampa-mintunvihrea","status":"publish","type":"product","link":"https:\/\/kinnunen.fi\/en\/product\/y-s-park-102-permanenttikampa-mintunvihrea\/","title":{"rendered":"Y.S.Park 102 Permanent comb, mint green"},"content":{"rendered":"","protected":false},"excerpt":{"rendered":"<p>The YS102 permanent comb is the perfect tool for the colour specialist. This spiked comb glides effortlessly through the hair, allowing you to create even the smallest details. The first spike is shorter, which allows you to part your hair quickly and precisely. Each individual spike is spaced 1\/100 mm apart from the previous spike; this creates the perfect tension in the section to be treated with a single stroke of the comb. The comb is also suitable for tweezing and rolling permanent rollers.<br \/>\nComb length 220 mm.<br \/>\nY.S. Park combs are made of very durable plastic, which is nevertheless a flexible but tough material. The combs can withstand temperatures of up to 220 degrees and are resistant to dirt and chemicals.<\/p>","protected":false},"featured_media":32308,"comment_status":"closed","ping_status":"closed","template":"","meta":{"_relevanssi_hide_post":"","_relevanssi_pin_for_all":"","_relevanssi_pin_keywords":"","_relevanssi_unpin_keywords":"","_relevanssi_related_keywords":"","_relevanssi_related_include_ids":"","_relevanssi_related_exclude_ids":"","_relevanssi_related_no_append":"","_relevanssi_related_not_related":"","_relevanssi_related_posts":"","_relevanssi_noindex_reason":""},"product_cat":[1790,1796],"product_tag":[],"class_list":["post-32319","product","type-product","status-publish","has-post-thumbnail","hentry","product_cat-harjat-ja-kammat","product_cat-permanentti-ja-rullauskammat","tuotemerkki-y-s-park"],"tuotemerkit":[{"term_id":193,"name":"Y.S.Park","slug":"y-s-park","term_group":0,"term_taxonomy_id":193,"taxonomy":"tuotemerkki","description":"","parent":0,"count":61,"filter":"raw"}],"acf":[],"yoast_head":"<!-- This site is optimized with the Yoast SEO plugin v23.3 - https:\/\/yoast.com\/wordpress\/plugins\/seo\/ -->\n<title>Y.S.Park 102 Permanenttikampa, mintunvihre\u00e4 - Kinnunen<\/title>\n<meta name=\"robots\" content=\"index, follow, max-snippet:-1, max-image-preview:large, max-video-preview:-1\" \/>\n<link rel=\"canonical\" href=\"https:\/\/kinnunen.fi\/en\/product\/y-s-park-102-permanenttikampa-mintunvihrea\/\" \/>\n<meta property=\"og:locale\" content=\"en_GB\" \/>\n<meta property=\"og:type\" content=\"article\" \/>\n<meta property=\"og:title\" content=\"Y.S.Park 102 Permanenttikampa, mintunvihre\u00e4 - Kinnunen\" \/>\n<meta property=\"og:description\" content=\"YS102 permanenttikampa on v\u00e4rispesialistin t\u00e4ydellinen ty\u00f6v\u00e4line. T\u00e4m\u00e4 piikkikampa liukuu vaivattomasti hiusten l\u00e4pi ja mahdollistaa pienienkin yksityiskohtien luomisen. Ensimm\u00e4inen piikki on lyhempi, jolla ositat hiukset nopeasti ja tarkasti. Jokaisen yksitt\u00e4isen piikin v\u00e4li tihenee 1\/100 mm edellisest\u00e4 piikist\u00e4; t\u00e4m\u00e4 luo t\u00e4ydellisen j\u00e4nnitteen k\u00e4sitelt\u00e4v\u00e4\u00e4n osioon yhdell\u00e4 kamman vedolla. Kampa sopii my\u00f6s tupeeraukseen sek\u00e4 permanentti rullien rullaukseen. Kamman pituus 220 mm. Y.S. Park kammat ovat valmistettu eritt\u00e4in kest\u00e4v\u00e4st\u00e4 muovista, joka on kuitenkin taipuisaa, mutta kovaa materiaalia. Kammat kest\u00e4v\u00e4t jopa 220 astetta, sek\u00e4 ne hylkiv\u00e4t likaa ja kemikaaleja.\" \/>\n<meta property=\"og:url\" content=\"https:\/\/kinnunen.fi\/en\/product\/y-s-park-102-permanenttikampa-mintunvihrea\/\" \/>\n<meta property=\"og:site_name\" content=\"Kinnunen\" \/>\n<meta property=\"article:modified_time\" content=\"2026-04-30T01:00:37+00:00\" \/>\n<meta property=\"og:image\" content=\"https:\/\/kinnunen.fi\/wp-content\/uploads\/2023\/08\/YS102_mint.jpg\" \/>\n\t<meta property=\"og:image:width\" content=\"1000\" \/>\n\t<meta property=\"og:image:height\" content=\"1000\" \/>\n\t<meta property=\"og:image:type\" content=\"image\/jpeg\" \/>\n<meta name=\"twitter:card\" content=\"summary_large_image\" \/>\n<script type=\"application\/ld+json\" class=\"yoast-schema-graph\">{\"@context\":\"https:\/\/schema.org\",\"@graph\":[{\"@type\":\"WebPage\",\"@id\":\"https:\/\/kinnunen.fi\/tuote\/y-s-park-102-permanenttikampa-mintunvihrea\/\",\"url\":\"https:\/\/kinnunen.fi\/tuote\/y-s-park-102-permanenttikampa-mintunvihrea\/\",\"name\":\"Y.S.Park 102 Permanenttikampa, mintunvihre\u00e4 - Kinnunen\",\"isPartOf\":{\"@id\":\"https:\/\/kinnunen.fi\/#website\"},\"primaryImageOfPage\":{\"@id\":\"https:\/\/kinnunen.fi\/tuote\/y-s-park-102-permanenttikampa-mintunvihrea\/#primaryimage\"},\"image\":{\"@id\":\"https:\/\/kinnunen.fi\/tuote\/y-s-park-102-permanenttikampa-mintunvihrea\/#primaryimage\"},\"thumbnailUrl\":\"https:\/\/kinnunen.fi\/wp-content\/uploads\/2023\/08\/YS102_mint.jpg\",\"datePublished\":\"2023-08-15T08:17:27+00:00\",\"dateModified\":\"2026-04-30T01:00:37+00:00\",\"breadcrumb\":{\"@id\":\"https:\/\/kinnunen.fi\/tuote\/y-s-park-102-permanenttikampa-mintunvihrea\/#breadcrumb\"},\"inLanguage\":\"en-GB\",\"potentialAction\":[{\"@type\":\"ReadAction\",\"target\":[\"https:\/\/kinnunen.fi\/tuote\/y-s-park-102-permanenttikampa-mintunvihrea\/\"]}]},{\"@type\":\"ImageObject\",\"inLanguage\":\"en-GB\",\"@id\":\"https:\/\/kinnunen.fi\/tuote\/y-s-park-102-permanenttikampa-mintunvihrea\/#primaryimage\",\"url\":\"https:\/\/kinnunen.fi\/wp-content\/uploads\/2023\/08\/YS102_mint.jpg\",\"contentUrl\":\"https:\/\/kinnunen.fi\/wp-content\/uploads\/2023\/08\/YS102_mint.jpg\",\"width\":1000,\"height\":1000},{\"@type\":\"BreadcrumbList\",\"@id\":\"https:\/\/kinnunen.fi\/tuote\/y-s-park-102-permanenttikampa-mintunvihrea\/#breadcrumb\",\"itemListElement\":[{\"@type\":\"ListItem\",\"position\":1,\"name\":\"Etusivu\",\"item\":\"https:\/\/kinnunen.fi\/\"},{\"@type\":\"ListItem\",\"position\":2,\"name\":\"Kaikki tuotteet\",\"item\":\"https:\/\/kinnunen.fi\/kauppa\/\"},{\"@type\":\"ListItem\",\"position\":3,\"name\":\"Tarvikkeet\",\"item\":\"https:\/\/kinnunen.fi\/tuote-osasto\/tarvikkeet\/\"},{\"@type\":\"ListItem\",\"position\":4,\"name\":\"Harjat ja kammat\",\"item\":\"https:\/\/kinnunen.fi\/tuote-osasto\/tarvikkeet\/harjat-ja-kammat\/\"},{\"@type\":\"ListItem\",\"position\":5,\"name\":\"Y.S.Park 102 Permanenttikampa, mintunvihre\u00e4\"}]},{\"@type\":\"WebSite\",\"@id\":\"https:\/\/kinnunen.fi\/#website\",\"url\":\"https:\/\/kinnunen.fi\/\",\"name\":\"Kinnunen\",\"description\":\"\",\"potentialAction\":[{\"@type\":\"SearchAction\",\"target\":{\"@type\":\"EntryPoint\",\"urlTemplate\":\"https:\/\/kinnunen.fi\/?s={search_term_string}\"},\"query-input\":\"required name=search_term_string\"}],\"inLanguage\":\"en-GB\"}]}<\/script>\n<!-- \/ Yoast SEO plugin. -->","yoast_head_json":{"title":"Y.S.Park 102 Permanenttikampa, mintunvihre\u00e4 - Kinnunen","robots":{"index":"index","follow":"follow","max-snippet":"max-snippet:-1","max-image-preview":"max-image-preview:large","max-video-preview":"max-video-preview:-1"},"canonical":"https:\/\/kinnunen.fi\/en\/product\/y-s-park-102-permanenttikampa-mintunvihrea\/","og_locale":"en_GB","og_type":"article","og_title":"Y.S.Park 102 Permanenttikampa, mintunvihre\u00e4 - Kinnunen","og_description":"YS102 permanenttikampa on v\u00e4rispesialistin t\u00e4ydellinen ty\u00f6v\u00e4line. T\u00e4m\u00e4 piikkikampa liukuu vaivattomasti hiusten l\u00e4pi ja mahdollistaa pienienkin yksityiskohtien luomisen. Ensimm\u00e4inen piikki on lyhempi, jolla ositat hiukset nopeasti ja tarkasti. Jokaisen yksitt\u00e4isen piikin v\u00e4li tihenee 1\/100 mm edellisest\u00e4 piikist\u00e4; t\u00e4m\u00e4 luo t\u00e4ydellisen j\u00e4nnitteen k\u00e4sitelt\u00e4v\u00e4\u00e4n osioon yhdell\u00e4 kamman vedolla. Kampa sopii my\u00f6s tupeeraukseen sek\u00e4 permanentti rullien rullaukseen. Kamman pituus 220 mm. Y.S. Park kammat ovat valmistettu eritt\u00e4in kest\u00e4v\u00e4st\u00e4 muovista, joka on kuitenkin taipuisaa, mutta kovaa materiaalia. Kammat kest\u00e4v\u00e4t jopa 220 astetta, sek\u00e4 ne hylkiv\u00e4t likaa ja kemikaaleja.","og_url":"https:\/\/kinnunen.fi\/en\/product\/y-s-park-102-permanenttikampa-mintunvihrea\/","og_site_name":"Kinnunen","article_modified_time":"2026-04-30T01:00:37+00:00","og_image":[{"width":1000,"height":1000,"url":"https:\/\/kinnunen.fi\/wp-content\/uploads\/2023\/08\/YS102_mint.jpg","type":"image\/jpeg"}],"twitter_card":"summary_large_image","schema":{"@context":"https:\/\/schema.org","@graph":[{"@type":"WebPage","@id":"https:\/\/kinnunen.fi\/tuote\/y-s-park-102-permanenttikampa-mintunvihrea\/","url":"https:\/\/kinnunen.fi\/tuote\/y-s-park-102-permanenttikampa-mintunvihrea\/","name":"Y.S.Park 102 Permanenttikampa, mintunvihre\u00e4 - Kinnunen","isPartOf":{"@id":"https:\/\/kinnunen.fi\/#website"},"primaryImageOfPage":{"@id":"https:\/\/kinnunen.fi\/tuote\/y-s-park-102-permanenttikampa-mintunvihrea\/#primaryimage"},"image":{"@id":"https:\/\/kinnunen.fi\/tuote\/y-s-park-102-permanenttikampa-mintunvihrea\/#primaryimage"},"thumbnailUrl":"https:\/\/kinnunen.fi\/wp-content\/uploads\/2023\/08\/YS102_mint.jpg","datePublished":"2023-08-15T08:17:27+00:00","dateModified":"2026-04-30T01:00:37+00:00","breadcrumb":{"@id":"https:\/\/kinnunen.fi\/tuote\/y-s-park-102-permanenttikampa-mintunvihrea\/#breadcrumb"},"inLanguage":"en-GB","potentialAction":[{"@type":"ReadAction","target":["https:\/\/kinnunen.fi\/tuote\/y-s-park-102-permanenttikampa-mintunvihrea\/"]}]},{"@type":"ImageObject","inLanguage":"en-GB","@id":"https:\/\/kinnunen.fi\/tuote\/y-s-park-102-permanenttikampa-mintunvihrea\/#primaryimage","url":"https:\/\/kinnunen.fi\/wp-content\/uploads\/2023\/08\/YS102_mint.jpg","contentUrl":"https:\/\/kinnunen.fi\/wp-content\/uploads\/2023\/08\/YS102_mint.jpg","width":1000,"height":1000},{"@type":"BreadcrumbList","@id":"https:\/\/kinnunen.fi\/tuote\/y-s-park-102-permanenttikampa-mintunvihrea\/#breadcrumb","itemListElement":[{"@type":"ListItem","position":1,"name":"Etusivu","item":"https:\/\/kinnunen.fi\/"},{"@type":"ListItem","position":2,"name":"Kaikki tuotteet","item":"https:\/\/kinnunen.fi\/kauppa\/"},{"@type":"ListItem","position":3,"name":"Tarvikkeet","item":"https:\/\/kinnunen.fi\/tuote-osasto\/tarvikkeet\/"},{"@type":"ListItem","position":4,"name":"Harjat ja kammat","item":"https:\/\/kinnunen.fi\/tuote-osasto\/tarvikkeet\/harjat-ja-kammat\/"},{"@type":"ListItem","position":5,"name":"Y.S.Park 102 Permanenttikampa, mintunvihre\u00e4"}]},{"@type":"WebSite","@id":"https:\/\/kinnunen.fi\/#website","url":"https:\/\/kinnunen.fi\/","name":"Kinnunen","description":"","potentialAction":[{"@type":"SearchAction","target":{"@type":"EntryPoint","urlTemplate":"https:\/\/kinnunen.fi\/?s={search_term_string}"},"query-input":"required name=search_term_string"}],"inLanguage":"en-GB"}]}},"_links":{"self":[{"href":"https:\/\/kinnunen.fi\/en\/wp-json\/wp\/v2\/product\/32319"}],"collection":[{"href":"https:\/\/kinnunen.fi\/en\/wp-json\/wp\/v2\/product"}],"about":[{"href":"https:\/\/kinnunen.fi\/en\/wp-json\/wp\/v2\/types\/product"}],"replies":[{"embeddable":true,"href":"https:\/\/kinnunen.fi\/en\/wp-json\/wp\/v2\/comments?post=32319"}],"wp:featuredmedia":[{"embeddable":true,"href":"https:\/\/kinnunen.fi\/en\/wp-json\/wp\/v2\/media\/32308"}],"wp:attachment":[{"href":"https:\/\/kinnunen.fi\/en\/wp-json\/wp\/v2\/media?parent=32319"}],"wp:term":[{"taxonomy":"product_cat","embeddable":true,"href":"https:\/\/kinnunen.fi\/en\/wp-json\/wp\/v2\/product_cat?post=32319"},{"taxonomy":"product_tag","embeddable":true,"href":"https:\/\/kinnunen.fi\/en\/wp-json\/wp\/v2\/product_tag?post=32319"}],"curies":[{"name":"wp","href":"https:\/\/api.w.org\/{rel}","templated":true}]}}