

{"id":32720,"date":"2023-09-20T10:52:20","date_gmt":"2023-09-20T07:52:20","guid":{"rendered":"https:\/\/kinnunen.fi\/?post_type=product&#038;p=32720"},"modified":"2026-05-14T04:00:40","modified_gmt":"2026-05-14T01:00:40","slug":"y-s-park-curl-shine-styler-g-harja-eri-kokoja","status":"publish","type":"product","link":"https:\/\/kinnunen.fi\/en\/product\/y-s-park-curl-shine-styler-g-harja-eri-kokoja\/","title":{"rendered":"Y.S.PARK Curl Shine Styler G-brush, different sizes"},"content":{"rendered":"","protected":false},"excerpt":{"rendered":"<p>Curl Shine Styler G brushes are ideal for creating waves and curls. The sparser bristles of the brush make for a lighter tension, which makes it ideal for curls. The body of the brush is made of teak with boar bristles and heat resistant nylon spikes. The function of the bristles is to add shine to the hair, the nylon spikes make it easier to wrap the hair around the brush. The G-brushes' air ducts are designed to dry hair faster and remove heat more effectively. The narrow shape of the handle and the air holes make the brush easier to handle.<\/p>","protected":false},"featured_media":32706,"comment_status":"closed","ping_status":"closed","template":"","meta":{"_relevanssi_hide_post":"","_relevanssi_pin_for_all":"","_relevanssi_pin_keywords":"","_relevanssi_unpin_keywords":"","_relevanssi_related_keywords":"","_relevanssi_related_include_ids":"","_relevanssi_related_exclude_ids":"","_relevanssi_related_no_append":"","_relevanssi_related_not_related":"","_relevanssi_related_posts":"","_relevanssi_noindex_reason":""},"product_cat":[1790,1791],"product_tag":[],"class_list":["post-32720","product","type-product","status-publish","has-post-thumbnail","hentry","product_cat-harjat-ja-kammat","product_cat-pyoroharjat","pa_koko-34-mm","pa_koko-52-mm","pa_koko-60-mm","tuotemerkki-y-s-park"],"tuotemerkit":[{"term_id":193,"name":"Y.S.Park","slug":"y-s-park","term_group":0,"term_taxonomy_id":193,"taxonomy":"tuotemerkki","description":"","parent":0,"count":61,"filter":"raw"}],"acf":[],"yoast_head":"<!-- This site is optimized with the Yoast SEO plugin v23.3 - https:\/\/yoast.com\/wordpress\/plugins\/seo\/ -->\n<title>Y.S.PARK Curl Shine Styler G-harja, eri kokoja - Kinnunen<\/title>\n<meta name=\"robots\" content=\"index, follow, max-snippet:-1, max-image-preview:large, max-video-preview:-1\" \/>\n<link rel=\"canonical\" href=\"https:\/\/kinnunen.fi\/en\/product\/y-s-park-curl-shine-styler-g-harja-eri-kokoja\/\" \/>\n<meta property=\"og:locale\" content=\"en_GB\" \/>\n<meta property=\"og:type\" content=\"article\" \/>\n<meta property=\"og:title\" content=\"Y.S.PARK Curl Shine Styler G-harja, eri kokoja - Kinnunen\" \/>\n<meta property=\"og:description\" content=\"Curl Shine Styler G-harjat soveltuvat erinomaisesti laineiden sek\u00e4 kiharoiden tekemiseen. Harjan harvempi harjaksisuus tekee kevyemm\u00e4n j\u00e4nnitteen, jonka vuoksi se sopii hyvin kiharoiden tekemiseen. Harjan runko on valmistettu tiikist\u00e4, jossa villisian harjakset sek\u00e4 kuumuutta kest\u00e4v\u00e4t nylonpiikit. Harjaksien teht\u00e4v\u00e4n\u00e4 on antaa hiuksiin kiiltoa, nylonpiikkien avulla hiukset saadaan helpommin harjan ymp\u00e4rille. G-harjojen ilmakanavien teht\u00e4v\u00e4n\u00e4 on kuivattaa hiukset nopeammin sek\u00e4 poistaa kuumuutta tehokkaammin. K\u00e4densijan kapea muoto sek\u00e4 ilmarei\u00e4t antaa helpomman k\u00e4sitelt\u00e4vyyden harjalle.\" \/>\n<meta property=\"og:url\" content=\"https:\/\/kinnunen.fi\/en\/product\/y-s-park-curl-shine-styler-g-harja-eri-kokoja\/\" \/>\n<meta property=\"og:site_name\" content=\"Kinnunen\" \/>\n<meta property=\"article:modified_time\" content=\"2026-05-14T01:00:40+00:00\" \/>\n<meta property=\"og:image\" content=\"https:\/\/kinnunen.fi\/wp-content\/uploads\/2023\/09\/YSG_harja.jpg\" \/>\n\t<meta property=\"og:image:width\" content=\"1000\" \/>\n\t<meta property=\"og:image:height\" content=\"1000\" \/>\n\t<meta property=\"og:image:type\" content=\"image\/jpeg\" \/>\n<meta name=\"twitter:card\" content=\"summary_large_image\" \/>\n<script type=\"application\/ld+json\" class=\"yoast-schema-graph\">{\"@context\":\"https:\/\/schema.org\",\"@graph\":[{\"@type\":\"WebPage\",\"@id\":\"https:\/\/kinnunen.fi\/tuote\/y-s-park-curl-shine-styler-g-harja-eri-kokoja\/\",\"url\":\"https:\/\/kinnunen.fi\/tuote\/y-s-park-curl-shine-styler-g-harja-eri-kokoja\/\",\"name\":\"Y.S.PARK Curl Shine Styler G-harja, eri kokoja - Kinnunen\",\"isPartOf\":{\"@id\":\"https:\/\/kinnunen.fi\/#website\"},\"primaryImageOfPage\":{\"@id\":\"https:\/\/kinnunen.fi\/tuote\/y-s-park-curl-shine-styler-g-harja-eri-kokoja\/#primaryimage\"},\"image\":{\"@id\":\"https:\/\/kinnunen.fi\/tuote\/y-s-park-curl-shine-styler-g-harja-eri-kokoja\/#primaryimage\"},\"thumbnailUrl\":\"https:\/\/kinnunen.fi\/wp-content\/uploads\/2023\/09\/YSG_harja.jpg\",\"datePublished\":\"2023-09-20T07:52:20+00:00\",\"dateModified\":\"2026-05-14T01:00:40+00:00\",\"breadcrumb\":{\"@id\":\"https:\/\/kinnunen.fi\/tuote\/y-s-park-curl-shine-styler-g-harja-eri-kokoja\/#breadcrumb\"},\"inLanguage\":\"en-GB\",\"potentialAction\":[{\"@type\":\"ReadAction\",\"target\":[\"https:\/\/kinnunen.fi\/tuote\/y-s-park-curl-shine-styler-g-harja-eri-kokoja\/\"]}]},{\"@type\":\"ImageObject\",\"inLanguage\":\"en-GB\",\"@id\":\"https:\/\/kinnunen.fi\/tuote\/y-s-park-curl-shine-styler-g-harja-eri-kokoja\/#primaryimage\",\"url\":\"https:\/\/kinnunen.fi\/wp-content\/uploads\/2023\/09\/YSG_harja.jpg\",\"contentUrl\":\"https:\/\/kinnunen.fi\/wp-content\/uploads\/2023\/09\/YSG_harja.jpg\",\"width\":1000,\"height\":1000},{\"@type\":\"BreadcrumbList\",\"@id\":\"https:\/\/kinnunen.fi\/tuote\/y-s-park-curl-shine-styler-g-harja-eri-kokoja\/#breadcrumb\",\"itemListElement\":[{\"@type\":\"ListItem\",\"position\":1,\"name\":\"Etusivu\",\"item\":\"https:\/\/kinnunen.fi\/\"},{\"@type\":\"ListItem\",\"position\":2,\"name\":\"Kaikki tuotteet\",\"item\":\"https:\/\/kinnunen.fi\/kauppa\/\"},{\"@type\":\"ListItem\",\"position\":3,\"name\":\"Tarvikkeet\",\"item\":\"https:\/\/kinnunen.fi\/tuote-osasto\/tarvikkeet\/\"},{\"@type\":\"ListItem\",\"position\":4,\"name\":\"Harjat ja kammat\",\"item\":\"https:\/\/kinnunen.fi\/tuote-osasto\/tarvikkeet\/harjat-ja-kammat\/\"},{\"@type\":\"ListItem\",\"position\":5,\"name\":\"Y.S.PARK Curl Shine Styler G-harja, eri kokoja\"}]},{\"@type\":\"WebSite\",\"@id\":\"https:\/\/kinnunen.fi\/#website\",\"url\":\"https:\/\/kinnunen.fi\/\",\"name\":\"Kinnunen\",\"description\":\"\",\"potentialAction\":[{\"@type\":\"SearchAction\",\"target\":{\"@type\":\"EntryPoint\",\"urlTemplate\":\"https:\/\/kinnunen.fi\/?s={search_term_string}\"},\"query-input\":\"required name=search_term_string\"}],\"inLanguage\":\"en-GB\"}]}<\/script>\n<!-- \/ Yoast SEO plugin. -->","yoast_head_json":{"title":"Y.S.PARK Curl Shine Styler G-harja, eri kokoja - Kinnunen","robots":{"index":"index","follow":"follow","max-snippet":"max-snippet:-1","max-image-preview":"max-image-preview:large","max-video-preview":"max-video-preview:-1"},"canonical":"https:\/\/kinnunen.fi\/en\/product\/y-s-park-curl-shine-styler-g-harja-eri-kokoja\/","og_locale":"en_GB","og_type":"article","og_title":"Y.S.PARK Curl Shine Styler G-harja, eri kokoja - Kinnunen","og_description":"Curl Shine Styler G-harjat soveltuvat erinomaisesti laineiden sek\u00e4 kiharoiden tekemiseen. Harjan harvempi harjaksisuus tekee kevyemm\u00e4n j\u00e4nnitteen, jonka vuoksi se sopii hyvin kiharoiden tekemiseen. Harjan runko on valmistettu tiikist\u00e4, jossa villisian harjakset sek\u00e4 kuumuutta kest\u00e4v\u00e4t nylonpiikit. Harjaksien teht\u00e4v\u00e4n\u00e4 on antaa hiuksiin kiiltoa, nylonpiikkien avulla hiukset saadaan helpommin harjan ymp\u00e4rille. G-harjojen ilmakanavien teht\u00e4v\u00e4n\u00e4 on kuivattaa hiukset nopeammin sek\u00e4 poistaa kuumuutta tehokkaammin. K\u00e4densijan kapea muoto sek\u00e4 ilmarei\u00e4t antaa helpomman k\u00e4sitelt\u00e4vyyden harjalle.","og_url":"https:\/\/kinnunen.fi\/en\/product\/y-s-park-curl-shine-styler-g-harja-eri-kokoja\/","og_site_name":"Kinnunen","article_modified_time":"2026-05-14T01:00:40+00:00","og_image":[{"width":1000,"height":1000,"url":"https:\/\/kinnunen.fi\/wp-content\/uploads\/2023\/09\/YSG_harja.jpg","type":"image\/jpeg"}],"twitter_card":"summary_large_image","schema":{"@context":"https:\/\/schema.org","@graph":[{"@type":"WebPage","@id":"https:\/\/kinnunen.fi\/tuote\/y-s-park-curl-shine-styler-g-harja-eri-kokoja\/","url":"https:\/\/kinnunen.fi\/tuote\/y-s-park-curl-shine-styler-g-harja-eri-kokoja\/","name":"Y.S.PARK Curl Shine Styler G-harja, eri kokoja - Kinnunen","isPartOf":{"@id":"https:\/\/kinnunen.fi\/#website"},"primaryImageOfPage":{"@id":"https:\/\/kinnunen.fi\/tuote\/y-s-park-curl-shine-styler-g-harja-eri-kokoja\/#primaryimage"},"image":{"@id":"https:\/\/kinnunen.fi\/tuote\/y-s-park-curl-shine-styler-g-harja-eri-kokoja\/#primaryimage"},"thumbnailUrl":"https:\/\/kinnunen.fi\/wp-content\/uploads\/2023\/09\/YSG_harja.jpg","datePublished":"2023-09-20T07:52:20+00:00","dateModified":"2026-05-14T01:00:40+00:00","breadcrumb":{"@id":"https:\/\/kinnunen.fi\/tuote\/y-s-park-curl-shine-styler-g-harja-eri-kokoja\/#breadcrumb"},"inLanguage":"en-GB","potentialAction":[{"@type":"ReadAction","target":["https:\/\/kinnunen.fi\/tuote\/y-s-park-curl-shine-styler-g-harja-eri-kokoja\/"]}]},{"@type":"ImageObject","inLanguage":"en-GB","@id":"https:\/\/kinnunen.fi\/tuote\/y-s-park-curl-shine-styler-g-harja-eri-kokoja\/#primaryimage","url":"https:\/\/kinnunen.fi\/wp-content\/uploads\/2023\/09\/YSG_harja.jpg","contentUrl":"https:\/\/kinnunen.fi\/wp-content\/uploads\/2023\/09\/YSG_harja.jpg","width":1000,"height":1000},{"@type":"BreadcrumbList","@id":"https:\/\/kinnunen.fi\/tuote\/y-s-park-curl-shine-styler-g-harja-eri-kokoja\/#breadcrumb","itemListElement":[{"@type":"ListItem","position":1,"name":"Etusivu","item":"https:\/\/kinnunen.fi\/"},{"@type":"ListItem","position":2,"name":"Kaikki tuotteet","item":"https:\/\/kinnunen.fi\/kauppa\/"},{"@type":"ListItem","position":3,"name":"Tarvikkeet","item":"https:\/\/kinnunen.fi\/tuote-osasto\/tarvikkeet\/"},{"@type":"ListItem","position":4,"name":"Harjat ja kammat","item":"https:\/\/kinnunen.fi\/tuote-osasto\/tarvikkeet\/harjat-ja-kammat\/"},{"@type":"ListItem","position":5,"name":"Y.S.PARK Curl Shine Styler G-harja, eri kokoja"}]},{"@type":"WebSite","@id":"https:\/\/kinnunen.fi\/#website","url":"https:\/\/kinnunen.fi\/","name":"Kinnunen","description":"","potentialAction":[{"@type":"SearchAction","target":{"@type":"EntryPoint","urlTemplate":"https:\/\/kinnunen.fi\/?s={search_term_string}"},"query-input":"required name=search_term_string"}],"inLanguage":"en-GB"}]}},"_links":{"self":[{"href":"https:\/\/kinnunen.fi\/en\/wp-json\/wp\/v2\/product\/32720"}],"collection":[{"href":"https:\/\/kinnunen.fi\/en\/wp-json\/wp\/v2\/product"}],"about":[{"href":"https:\/\/kinnunen.fi\/en\/wp-json\/wp\/v2\/types\/product"}],"replies":[{"embeddable":true,"href":"https:\/\/kinnunen.fi\/en\/wp-json\/wp\/v2\/comments?post=32720"}],"wp:featuredmedia":[{"embeddable":true,"href":"https:\/\/kinnunen.fi\/en\/wp-json\/wp\/v2\/media\/32706"}],"wp:attachment":[{"href":"https:\/\/kinnunen.fi\/en\/wp-json\/wp\/v2\/media?parent=32720"}],"wp:term":[{"taxonomy":"product_cat","embeddable":true,"href":"https:\/\/kinnunen.fi\/en\/wp-json\/wp\/v2\/product_cat?post=32720"},{"taxonomy":"product_tag","embeddable":true,"href":"https:\/\/kinnunen.fi\/en\/wp-json\/wp\/v2\/product_tag?post=32720"}],"curies":[{"name":"wp","href":"https:\/\/api.w.org\/{rel}","templated":true}]}}