

{"id":32869,"date":"2023-10-09T07:59:15","date_gmt":"2023-10-09T04:59:15","guid":{"rendered":"https:\/\/kinnunen.fi\/?post_type=product&#038;p=32869"},"modified":"2026-04-17T04:00:07","modified_gmt":"2026-04-17T01:00:07","slug":"semi-color-liquid-activator-1000ml","status":"publish","type":"product","link":"https:\/\/kinnunen.fi\/en\/product\/semi-color-liquid-activator-1000ml\/","title":{"rendered":"Semi Color Liquid Activator 1000ml"},"content":{"rendered":"","protected":false},"excerpt":{"rendered":"<p>Keune Semi Color Liquid Activator is a liquid developer for use with Semi Color colours. The perfect developer for on-the-spot application, for example. You can also mix normal Semi Color Activator and Liquid Activator to get the right formula for your needs.<br \/>\nSemi Color Liquid Activator Strength 2.25 %, when mixed with the colour the hydrogen peroxide strength is 1.5 %.<\/p>","protected":false},"featured_media":32868,"comment_status":"closed","ping_status":"closed","template":"","meta":{"_relevanssi_hide_post":"","_relevanssi_pin_for_all":"","_relevanssi_pin_keywords":"","_relevanssi_unpin_keywords":"","_relevanssi_related_keywords":"","_relevanssi_related_include_ids":"","_relevanssi_related_exclude_ids":"","_relevanssi_related_no_append":"","_relevanssi_related_not_related":"","_relevanssi_related_posts":"","_relevanssi_noindex_reason":""},"product_cat":[1727,1751],"product_tag":[2209],"class_list":["post-32869","product","type-product","status-publish","has-post-thumbnail","hentry","product_cat-hiuskosmetiikka","product_cat-hapetteet","product_tag-tinta-ja-semi","tuotemerkki-keune-haircosmetics","tuotemerkki-semi-color"],"tuotemerkit":[{"term_id":25,"name":"Keune Haircosmetics","slug":"keune-haircosmetics","term_group":0,"term_taxonomy_id":25,"taxonomy":"tuotemerkki","description":"","parent":0,"count":277,"filter":"raw"},{"term_id":115,"name":"Semi Color","slug":"semi-color","term_group":0,"term_taxonomy_id":115,"taxonomy":"tuotemerkki","description":"","parent":25,"count":5,"filter":"raw"}],"acf":[],"yoast_head":"<!-- This site is optimized with the Yoast SEO plugin v23.3 - https:\/\/yoast.com\/wordpress\/plugins\/seo\/ -->\n<title>Semi Color Liquid Activator 1000ml - Kinnunen<\/title>\n<meta name=\"robots\" content=\"index, follow, max-snippet:-1, max-image-preview:large, max-video-preview:-1\" \/>\n<link rel=\"canonical\" href=\"https:\/\/kinnunen.fi\/en\/product\/semi-color-liquid-activator-1000ml\/\" \/>\n<meta property=\"og:locale\" content=\"en_GB\" \/>\n<meta property=\"og:type\" content=\"article\" \/>\n<meta property=\"og:title\" content=\"Semi Color Liquid Activator 1000ml - Kinnunen\" \/>\n<meta property=\"og:description\" content=\"Keune Semi Color Liquid Activator on Semi Color -v\u00e4rien kanssa k\u00e4ytett\u00e4v\u00e4 nestem\u00e4inen kehite. T\u00e4ydellinen kehite esimerkiksi pesupaikalla levitett\u00e4v\u00e4\u00e4n v\u00e4riin. Voit my\u00f6s sekoittaa normaalia Semi Color Activatoria ja Liquid Activatoria kesken\u00e4\u00e4n saadaksesi juuri sinun tarpeeseesi sopivan koostumuksen. Semi Color Liquid Activator Vahvuus 2.25 %, v\u00e4riin sekoitettuna vetyperoksidi vahvuus on 1,5 %.\" \/>\n<meta property=\"og:url\" content=\"https:\/\/kinnunen.fi\/en\/product\/semi-color-liquid-activator-1000ml\/\" \/>\n<meta property=\"og:site_name\" content=\"Kinnunen\" \/>\n<meta property=\"article:modified_time\" content=\"2026-04-17T01:00:07+00:00\" \/>\n<meta property=\"og:image\" content=\"https:\/\/kinnunen.fi\/wp-content\/uploads\/2023\/10\/SemiColor_LiquidActivator_16435.jpg\" \/>\n\t<meta property=\"og:image:width\" content=\"1500\" \/>\n\t<meta property=\"og:image:height\" content=\"1500\" \/>\n\t<meta property=\"og:image:type\" content=\"image\/jpeg\" \/>\n<meta name=\"twitter:card\" content=\"summary_large_image\" \/>\n<script type=\"application\/ld+json\" class=\"yoast-schema-graph\">{\"@context\":\"https:\/\/schema.org\",\"@graph\":[{\"@type\":\"WebPage\",\"@id\":\"https:\/\/kinnunen.fi\/tuote\/semi-color-liquid-activator-1000ml\/\",\"url\":\"https:\/\/kinnunen.fi\/tuote\/semi-color-liquid-activator-1000ml\/\",\"name\":\"Semi Color Liquid Activator 1000ml - Kinnunen\",\"isPartOf\":{\"@id\":\"https:\/\/kinnunen.fi\/#website\"},\"primaryImageOfPage\":{\"@id\":\"https:\/\/kinnunen.fi\/tuote\/semi-color-liquid-activator-1000ml\/#primaryimage\"},\"image\":{\"@id\":\"https:\/\/kinnunen.fi\/tuote\/semi-color-liquid-activator-1000ml\/#primaryimage\"},\"thumbnailUrl\":\"https:\/\/kinnunen.fi\/wp-content\/uploads\/2023\/10\/SemiColor_LiquidActivator_16435.jpg\",\"datePublished\":\"2023-10-09T04:59:15+00:00\",\"dateModified\":\"2026-04-17T01:00:07+00:00\",\"breadcrumb\":{\"@id\":\"https:\/\/kinnunen.fi\/tuote\/semi-color-liquid-activator-1000ml\/#breadcrumb\"},\"inLanguage\":\"en-GB\",\"potentialAction\":[{\"@type\":\"ReadAction\",\"target\":[\"https:\/\/kinnunen.fi\/tuote\/semi-color-liquid-activator-1000ml\/\"]}]},{\"@type\":\"ImageObject\",\"inLanguage\":\"en-GB\",\"@id\":\"https:\/\/kinnunen.fi\/tuote\/semi-color-liquid-activator-1000ml\/#primaryimage\",\"url\":\"https:\/\/kinnunen.fi\/wp-content\/uploads\/2023\/10\/SemiColor_LiquidActivator_16435.jpg\",\"contentUrl\":\"https:\/\/kinnunen.fi\/wp-content\/uploads\/2023\/10\/SemiColor_LiquidActivator_16435.jpg\",\"width\":1500,\"height\":1500},{\"@type\":\"BreadcrumbList\",\"@id\":\"https:\/\/kinnunen.fi\/tuote\/semi-color-liquid-activator-1000ml\/#breadcrumb\",\"itemListElement\":[{\"@type\":\"ListItem\",\"position\":1,\"name\":\"Etusivu\",\"item\":\"https:\/\/kinnunen.fi\/\"},{\"@type\":\"ListItem\",\"position\":2,\"name\":\"Kaikki tuotteet\",\"item\":\"https:\/\/kinnunen.fi\/kauppa\/\"},{\"@type\":\"ListItem\",\"position\":3,\"name\":\"Hiuskosmetiikka\",\"item\":\"https:\/\/kinnunen.fi\/tuote-osasto\/hiuskosmetiikka\/\"},{\"@type\":\"ListItem\",\"position\":4,\"name\":\"Semi Color Liquid Activator 1000ml\"}]},{\"@type\":\"WebSite\",\"@id\":\"https:\/\/kinnunen.fi\/#website\",\"url\":\"https:\/\/kinnunen.fi\/\",\"name\":\"Kinnunen\",\"description\":\"\",\"potentialAction\":[{\"@type\":\"SearchAction\",\"target\":{\"@type\":\"EntryPoint\",\"urlTemplate\":\"https:\/\/kinnunen.fi\/?s={search_term_string}\"},\"query-input\":\"required name=search_term_string\"}],\"inLanguage\":\"en-GB\"}]}<\/script>\n<!-- \/ Yoast SEO plugin. -->","yoast_head_json":{"title":"Semi Color Liquid Activator 1000ml - Kinnunen","robots":{"index":"index","follow":"follow","max-snippet":"max-snippet:-1","max-image-preview":"max-image-preview:large","max-video-preview":"max-video-preview:-1"},"canonical":"https:\/\/kinnunen.fi\/en\/product\/semi-color-liquid-activator-1000ml\/","og_locale":"en_GB","og_type":"article","og_title":"Semi Color Liquid Activator 1000ml - Kinnunen","og_description":"Keune Semi Color Liquid Activator on Semi Color -v\u00e4rien kanssa k\u00e4ytett\u00e4v\u00e4 nestem\u00e4inen kehite. T\u00e4ydellinen kehite esimerkiksi pesupaikalla levitett\u00e4v\u00e4\u00e4n v\u00e4riin. Voit my\u00f6s sekoittaa normaalia Semi Color Activatoria ja Liquid Activatoria kesken\u00e4\u00e4n saadaksesi juuri sinun tarpeeseesi sopivan koostumuksen. Semi Color Liquid Activator Vahvuus 2.25 %, v\u00e4riin sekoitettuna vetyperoksidi vahvuus on 1,5 %.","og_url":"https:\/\/kinnunen.fi\/en\/product\/semi-color-liquid-activator-1000ml\/","og_site_name":"Kinnunen","article_modified_time":"2026-04-17T01:00:07+00:00","og_image":[{"width":1500,"height":1500,"url":"https:\/\/kinnunen.fi\/wp-content\/uploads\/2023\/10\/SemiColor_LiquidActivator_16435.jpg","type":"image\/jpeg"}],"twitter_card":"summary_large_image","schema":{"@context":"https:\/\/schema.org","@graph":[{"@type":"WebPage","@id":"https:\/\/kinnunen.fi\/tuote\/semi-color-liquid-activator-1000ml\/","url":"https:\/\/kinnunen.fi\/tuote\/semi-color-liquid-activator-1000ml\/","name":"Semi Color Liquid Activator 1000ml - Kinnunen","isPartOf":{"@id":"https:\/\/kinnunen.fi\/#website"},"primaryImageOfPage":{"@id":"https:\/\/kinnunen.fi\/tuote\/semi-color-liquid-activator-1000ml\/#primaryimage"},"image":{"@id":"https:\/\/kinnunen.fi\/tuote\/semi-color-liquid-activator-1000ml\/#primaryimage"},"thumbnailUrl":"https:\/\/kinnunen.fi\/wp-content\/uploads\/2023\/10\/SemiColor_LiquidActivator_16435.jpg","datePublished":"2023-10-09T04:59:15+00:00","dateModified":"2026-04-17T01:00:07+00:00","breadcrumb":{"@id":"https:\/\/kinnunen.fi\/tuote\/semi-color-liquid-activator-1000ml\/#breadcrumb"},"inLanguage":"en-GB","potentialAction":[{"@type":"ReadAction","target":["https:\/\/kinnunen.fi\/tuote\/semi-color-liquid-activator-1000ml\/"]}]},{"@type":"ImageObject","inLanguage":"en-GB","@id":"https:\/\/kinnunen.fi\/tuote\/semi-color-liquid-activator-1000ml\/#primaryimage","url":"https:\/\/kinnunen.fi\/wp-content\/uploads\/2023\/10\/SemiColor_LiquidActivator_16435.jpg","contentUrl":"https:\/\/kinnunen.fi\/wp-content\/uploads\/2023\/10\/SemiColor_LiquidActivator_16435.jpg","width":1500,"height":1500},{"@type":"BreadcrumbList","@id":"https:\/\/kinnunen.fi\/tuote\/semi-color-liquid-activator-1000ml\/#breadcrumb","itemListElement":[{"@type":"ListItem","position":1,"name":"Etusivu","item":"https:\/\/kinnunen.fi\/"},{"@type":"ListItem","position":2,"name":"Kaikki tuotteet","item":"https:\/\/kinnunen.fi\/kauppa\/"},{"@type":"ListItem","position":3,"name":"Hiuskosmetiikka","item":"https:\/\/kinnunen.fi\/tuote-osasto\/hiuskosmetiikka\/"},{"@type":"ListItem","position":4,"name":"Semi Color Liquid Activator 1000ml"}]},{"@type":"WebSite","@id":"https:\/\/kinnunen.fi\/#website","url":"https:\/\/kinnunen.fi\/","name":"Kinnunen","description":"","potentialAction":[{"@type":"SearchAction","target":{"@type":"EntryPoint","urlTemplate":"https:\/\/kinnunen.fi\/?s={search_term_string}"},"query-input":"required name=search_term_string"}],"inLanguage":"en-GB"}]}},"_links":{"self":[{"href":"https:\/\/kinnunen.fi\/en\/wp-json\/wp\/v2\/product\/32869"}],"collection":[{"href":"https:\/\/kinnunen.fi\/en\/wp-json\/wp\/v2\/product"}],"about":[{"href":"https:\/\/kinnunen.fi\/en\/wp-json\/wp\/v2\/types\/product"}],"replies":[{"embeddable":true,"href":"https:\/\/kinnunen.fi\/en\/wp-json\/wp\/v2\/comments?post=32869"}],"wp:featuredmedia":[{"embeddable":true,"href":"https:\/\/kinnunen.fi\/en\/wp-json\/wp\/v2\/media\/32868"}],"wp:attachment":[{"href":"https:\/\/kinnunen.fi\/en\/wp-json\/wp\/v2\/media?parent=32869"}],"wp:term":[{"taxonomy":"product_cat","embeddable":true,"href":"https:\/\/kinnunen.fi\/en\/wp-json\/wp\/v2\/product_cat?post=32869"},{"taxonomy":"product_tag","embeddable":true,"href":"https:\/\/kinnunen.fi\/en\/wp-json\/wp\/v2\/product_tag?post=32869"}],"curies":[{"name":"wp","href":"https:\/\/api.w.org\/{rel}","templated":true}]}}