

{"id":32896,"date":"2023-10-09T07:59:06","date_gmt":"2023-10-09T04:59:06","guid":{"rendered":"https:\/\/kinnunen.fi\/?post_type=product&#038;p=32896"},"modified":"2026-04-19T04:00:39","modified_gmt":"2026-04-19T01:00:39","slug":"y-s-park-no-mark-clips-eri-vareja","status":"publish","type":"product","link":"https:\/\/kinnunen.fi\/en\/product\/y-s-park-no-mark-clips-eri-vareja\/","title":{"rendered":"Y.S.Park No Mark Clips, different colours"},"content":{"rendered":"","protected":false},"excerpt":{"rendered":"<p>Y.S.Park's No Mark Clip is a very lightweight, one-piece clip. The clips do not leave any marks on the hair. The wide shape of the clip distributes the pressure of the spring over a wide area. A great tool for hairdressers and make-up artists. Available in several shades.<br \/>\nTotal length of clip 7 cm, length of clip part without spring part 5cm, width 2cm. Weight of one clip 2,0 g.<br \/>\nPack of 2.<\/p>","protected":false},"featured_media":32887,"comment_status":"closed","ping_status":"closed","template":"","meta":{"_relevanssi_hide_post":"","_relevanssi_pin_for_all":"","_relevanssi_pin_keywords":"","_relevanssi_unpin_keywords":"","_relevanssi_related_keywords":"","_relevanssi_related_include_ids":"","_relevanssi_related_exclude_ids":"","_relevanssi_related_no_append":"","_relevanssi_related_not_related":"","_relevanssi_related_posts":"","_relevanssi_noindex_reason":""},"product_cat":[1762,1828],"product_tag":[],"class_list":["post-32896","product","type-product","status-publish","has-post-thumbnail","hentry","product_cat-tarvikkeet","product_cat-klipsit","pa_vari-hopea","pa_vari-kulta","pa_vari-musta","pa_vari-pinkki","pa_vari-punainen","pa_vari-sininen","tuotemerkki-y-s-park"],"tuotemerkit":[{"term_id":193,"name":"Y.S.Park","slug":"y-s-park","term_group":0,"term_taxonomy_id":193,"taxonomy":"tuotemerkki","description":"","parent":0,"count":61,"filter":"raw"}],"acf":[],"yoast_head":"<!-- This site is optimized with the Yoast SEO plugin v23.3 - https:\/\/yoast.com\/wordpress\/plugins\/seo\/ -->\n<title>Y.S.Park No Mark Clips, eri v\u00e4rej\u00e4 - Kinnunen<\/title>\n<meta name=\"robots\" content=\"index, follow, max-snippet:-1, max-image-preview:large, max-video-preview:-1\" \/>\n<link rel=\"canonical\" href=\"https:\/\/kinnunen.fi\/en\/product\/y-s-park-no-mark-clips-eri-vareja\/\" \/>\n<meta property=\"og:locale\" content=\"en_GB\" \/>\n<meta property=\"og:type\" content=\"article\" \/>\n<meta property=\"og:title\" content=\"Y.S.Park No Mark Clips, eri v\u00e4rej\u00e4 - Kinnunen\" \/>\n<meta property=\"og:description\" content=\"Y.S.Parkin No Mark Clip- klipsi on eritt\u00e4in kevyt, yhdest\u00e4 kappaleesta valmistettu klipsi. Klipsit eiv\u00e4t j\u00e4t\u00e4 lainkaan j\u00e4lki\u00e4 hiuksiin. Klipsin leve\u00e4 muoto jakaa jousen paineen laajalle alueelle. Loistava ty\u00f6v\u00e4line kampaajille ja meikkaajille. Saatavilla useissa s\u00e4vyiss\u00e4. Klipsin kokonaispituus 7 cm, klipsiosan pituus ilman jousiosaa 5cm, leveys 2cm. Yhden klipsin paino 2,0 g. Pakkauksessa 2 kpl.\" \/>\n<meta property=\"og:url\" content=\"https:\/\/kinnunen.fi\/en\/product\/y-s-park-no-mark-clips-eri-vareja\/\" \/>\n<meta property=\"og:site_name\" content=\"Kinnunen\" \/>\n<meta property=\"article:modified_time\" content=\"2026-04-19T01:00:39+00:00\" \/>\n<meta property=\"og:image\" content=\"https:\/\/kinnunen.fi\/wp-content\/uploads\/2023\/10\/YSNMCGROUP.jpg\" \/>\n\t<meta property=\"og:image:width\" content=\"1500\" \/>\n\t<meta property=\"og:image:height\" content=\"1500\" \/>\n\t<meta property=\"og:image:type\" content=\"image\/jpeg\" \/>\n<meta name=\"twitter:card\" content=\"summary_large_image\" \/>\n<script type=\"application\/ld+json\" class=\"yoast-schema-graph\">{\"@context\":\"https:\/\/schema.org\",\"@graph\":[{\"@type\":\"WebPage\",\"@id\":\"https:\/\/kinnunen.fi\/tuote\/y-s-park-no-mark-clips-eri-vareja\/\",\"url\":\"https:\/\/kinnunen.fi\/tuote\/y-s-park-no-mark-clips-eri-vareja\/\",\"name\":\"Y.S.Park No Mark Clips, eri v\u00e4rej\u00e4 - Kinnunen\",\"isPartOf\":{\"@id\":\"https:\/\/kinnunen.fi\/#website\"},\"primaryImageOfPage\":{\"@id\":\"https:\/\/kinnunen.fi\/tuote\/y-s-park-no-mark-clips-eri-vareja\/#primaryimage\"},\"image\":{\"@id\":\"https:\/\/kinnunen.fi\/tuote\/y-s-park-no-mark-clips-eri-vareja\/#primaryimage\"},\"thumbnailUrl\":\"https:\/\/kinnunen.fi\/wp-content\/uploads\/2023\/10\/YSNMCGROUP.jpg\",\"datePublished\":\"2023-10-09T04:59:06+00:00\",\"dateModified\":\"2026-04-19T01:00:39+00:00\",\"breadcrumb\":{\"@id\":\"https:\/\/kinnunen.fi\/tuote\/y-s-park-no-mark-clips-eri-vareja\/#breadcrumb\"},\"inLanguage\":\"en-GB\",\"potentialAction\":[{\"@type\":\"ReadAction\",\"target\":[\"https:\/\/kinnunen.fi\/tuote\/y-s-park-no-mark-clips-eri-vareja\/\"]}]},{\"@type\":\"ImageObject\",\"inLanguage\":\"en-GB\",\"@id\":\"https:\/\/kinnunen.fi\/tuote\/y-s-park-no-mark-clips-eri-vareja\/#primaryimage\",\"url\":\"https:\/\/kinnunen.fi\/wp-content\/uploads\/2023\/10\/YSNMCGROUP.jpg\",\"contentUrl\":\"https:\/\/kinnunen.fi\/wp-content\/uploads\/2023\/10\/YSNMCGROUP.jpg\",\"width\":1500,\"height\":1500},{\"@type\":\"BreadcrumbList\",\"@id\":\"https:\/\/kinnunen.fi\/tuote\/y-s-park-no-mark-clips-eri-vareja\/#breadcrumb\",\"itemListElement\":[{\"@type\":\"ListItem\",\"position\":1,\"name\":\"Etusivu\",\"item\":\"https:\/\/kinnunen.fi\/\"},{\"@type\":\"ListItem\",\"position\":2,\"name\":\"Kaikki tuotteet\",\"item\":\"https:\/\/kinnunen.fi\/kauppa\/\"},{\"@type\":\"ListItem\",\"position\":3,\"name\":\"Tarvikkeet\",\"item\":\"https:\/\/kinnunen.fi\/tuote-osasto\/tarvikkeet\/\"},{\"@type\":\"ListItem\",\"position\":4,\"name\":\"Y.S.Park No Mark Clips, eri v\u00e4rej\u00e4\"}]},{\"@type\":\"WebSite\",\"@id\":\"https:\/\/kinnunen.fi\/#website\",\"url\":\"https:\/\/kinnunen.fi\/\",\"name\":\"Kinnunen\",\"description\":\"\",\"potentialAction\":[{\"@type\":\"SearchAction\",\"target\":{\"@type\":\"EntryPoint\",\"urlTemplate\":\"https:\/\/kinnunen.fi\/?s={search_term_string}\"},\"query-input\":\"required name=search_term_string\"}],\"inLanguage\":\"en-GB\"}]}<\/script>\n<!-- \/ Yoast SEO plugin. -->","yoast_head_json":{"title":"Y.S.Park No Mark Clips, eri v\u00e4rej\u00e4 - Kinnunen","robots":{"index":"index","follow":"follow","max-snippet":"max-snippet:-1","max-image-preview":"max-image-preview:large","max-video-preview":"max-video-preview:-1"},"canonical":"https:\/\/kinnunen.fi\/en\/product\/y-s-park-no-mark-clips-eri-vareja\/","og_locale":"en_GB","og_type":"article","og_title":"Y.S.Park No Mark Clips, eri v\u00e4rej\u00e4 - Kinnunen","og_description":"Y.S.Parkin No Mark Clip- klipsi on eritt\u00e4in kevyt, yhdest\u00e4 kappaleesta valmistettu klipsi. Klipsit eiv\u00e4t j\u00e4t\u00e4 lainkaan j\u00e4lki\u00e4 hiuksiin. Klipsin leve\u00e4 muoto jakaa jousen paineen laajalle alueelle. Loistava ty\u00f6v\u00e4line kampaajille ja meikkaajille. Saatavilla useissa s\u00e4vyiss\u00e4. Klipsin kokonaispituus 7 cm, klipsiosan pituus ilman jousiosaa 5cm, leveys 2cm. Yhden klipsin paino 2,0 g. Pakkauksessa 2 kpl.","og_url":"https:\/\/kinnunen.fi\/en\/product\/y-s-park-no-mark-clips-eri-vareja\/","og_site_name":"Kinnunen","article_modified_time":"2026-04-19T01:00:39+00:00","og_image":[{"width":1500,"height":1500,"url":"https:\/\/kinnunen.fi\/wp-content\/uploads\/2023\/10\/YSNMCGROUP.jpg","type":"image\/jpeg"}],"twitter_card":"summary_large_image","schema":{"@context":"https:\/\/schema.org","@graph":[{"@type":"WebPage","@id":"https:\/\/kinnunen.fi\/tuote\/y-s-park-no-mark-clips-eri-vareja\/","url":"https:\/\/kinnunen.fi\/tuote\/y-s-park-no-mark-clips-eri-vareja\/","name":"Y.S.Park No Mark Clips, eri v\u00e4rej\u00e4 - Kinnunen","isPartOf":{"@id":"https:\/\/kinnunen.fi\/#website"},"primaryImageOfPage":{"@id":"https:\/\/kinnunen.fi\/tuote\/y-s-park-no-mark-clips-eri-vareja\/#primaryimage"},"image":{"@id":"https:\/\/kinnunen.fi\/tuote\/y-s-park-no-mark-clips-eri-vareja\/#primaryimage"},"thumbnailUrl":"https:\/\/kinnunen.fi\/wp-content\/uploads\/2023\/10\/YSNMCGROUP.jpg","datePublished":"2023-10-09T04:59:06+00:00","dateModified":"2026-04-19T01:00:39+00:00","breadcrumb":{"@id":"https:\/\/kinnunen.fi\/tuote\/y-s-park-no-mark-clips-eri-vareja\/#breadcrumb"},"inLanguage":"en-GB","potentialAction":[{"@type":"ReadAction","target":["https:\/\/kinnunen.fi\/tuote\/y-s-park-no-mark-clips-eri-vareja\/"]}]},{"@type":"ImageObject","inLanguage":"en-GB","@id":"https:\/\/kinnunen.fi\/tuote\/y-s-park-no-mark-clips-eri-vareja\/#primaryimage","url":"https:\/\/kinnunen.fi\/wp-content\/uploads\/2023\/10\/YSNMCGROUP.jpg","contentUrl":"https:\/\/kinnunen.fi\/wp-content\/uploads\/2023\/10\/YSNMCGROUP.jpg","width":1500,"height":1500},{"@type":"BreadcrumbList","@id":"https:\/\/kinnunen.fi\/tuote\/y-s-park-no-mark-clips-eri-vareja\/#breadcrumb","itemListElement":[{"@type":"ListItem","position":1,"name":"Etusivu","item":"https:\/\/kinnunen.fi\/"},{"@type":"ListItem","position":2,"name":"Kaikki tuotteet","item":"https:\/\/kinnunen.fi\/kauppa\/"},{"@type":"ListItem","position":3,"name":"Tarvikkeet","item":"https:\/\/kinnunen.fi\/tuote-osasto\/tarvikkeet\/"},{"@type":"ListItem","position":4,"name":"Y.S.Park No Mark Clips, eri v\u00e4rej\u00e4"}]},{"@type":"WebSite","@id":"https:\/\/kinnunen.fi\/#website","url":"https:\/\/kinnunen.fi\/","name":"Kinnunen","description":"","potentialAction":[{"@type":"SearchAction","target":{"@type":"EntryPoint","urlTemplate":"https:\/\/kinnunen.fi\/?s={search_term_string}"},"query-input":"required name=search_term_string"}],"inLanguage":"en-GB"}]}},"_links":{"self":[{"href":"https:\/\/kinnunen.fi\/en\/wp-json\/wp\/v2\/product\/32896"}],"collection":[{"href":"https:\/\/kinnunen.fi\/en\/wp-json\/wp\/v2\/product"}],"about":[{"href":"https:\/\/kinnunen.fi\/en\/wp-json\/wp\/v2\/types\/product"}],"replies":[{"embeddable":true,"href":"https:\/\/kinnunen.fi\/en\/wp-json\/wp\/v2\/comments?post=32896"}],"wp:featuredmedia":[{"embeddable":true,"href":"https:\/\/kinnunen.fi\/en\/wp-json\/wp\/v2\/media\/32887"}],"wp:attachment":[{"href":"https:\/\/kinnunen.fi\/en\/wp-json\/wp\/v2\/media?parent=32896"}],"wp:term":[{"taxonomy":"product_cat","embeddable":true,"href":"https:\/\/kinnunen.fi\/en\/wp-json\/wp\/v2\/product_cat?post=32896"},{"taxonomy":"product_tag","embeddable":true,"href":"https:\/\/kinnunen.fi\/en\/wp-json\/wp\/v2\/product_tag?post=32896"}],"curies":[{"name":"wp","href":"https:\/\/api.w.org\/{rel}","templated":true}]}}