

{"id":33653,"date":"2024-01-02T09:54:48","date_gmt":"2024-01-02T07:54:48","guid":{"rendered":"https:\/\/kinnunen.fi\/?post_type=product&#038;p=33653"},"modified":"2026-05-02T04:00:32","modified_gmt":"2026-05-02T01:00:32","slug":"gammaplus-donna-smooth-suoristusrauta","status":"publish","type":"product","link":"https:\/\/kinnunen.fi\/en\/product\/gammaplus-donna-smooth-suoristusrauta\/","title":{"rendered":"GammaPlus Donna Smooth straightening iron"},"content":{"rendered":"","protected":false},"excerpt":{"rendered":"<p>- 3 temperature options 170 - 190 - 230 degrees. For Finnish hair 170\/190 is sufficient. 230 only for ethnic hair.<br \/>\n- SmartCircuit: monitors the temperature every 50 seconds and maintains a very constant temperature.<br \/>\n- 2,5 cm wide ceramic plates, reinforced with diamond powder.<br \/>\n- Automatic switch-off after 30 minutes if not in use<br \/>\n- Rubber cord that can withstand temperatures up to 300 degrees Celsius<br \/>\n- General current: 100 -240 v. The internal microchip automatically detects the current in use.<br \/>\n- Supplied with a heat-resistant stylish bag<br \/>\n- 3 m long cable<br \/>\n- Warranty 12 months<\/p>","protected":false},"featured_media":33648,"comment_status":"closed","ping_status":"closed","template":"","meta":{"_relevanssi_hide_post":"","_relevanssi_pin_for_all":"","_relevanssi_pin_keywords":"","_relevanssi_unpin_keywords":"","_relevanssi_related_keywords":"","_relevanssi_related_include_ids":"","_relevanssi_related_exclude_ids":"","_relevanssi_related_no_append":"","_relevanssi_related_not_related":"","_relevanssi_related_posts":"","_relevanssi_noindex_reason":""},"product_cat":[1774,1781,1901,1903],"product_tag":[],"class_list":["post-33653","product","type-product","status-publish","has-post-thumbnail","hentry","product_cat-koneet-ja-laitteet","product_cat-suoristus-ja-kreppiraudat","product_cat-outlet","product_cat-laitteet-ja-sakset","tuotemerkki-gamma"],"tuotemerkit":[{"term_id":2059,"name":"Gamma+","slug":"gamma","term_group":0,"term_taxonomy_id":2059,"taxonomy":"tuotemerkki","description":"","parent":0,"count":14,"filter":"raw"}],"acf":[],"yoast_head":"<!-- This site is optimized with the Yoast SEO plugin v23.3 - https:\/\/yoast.com\/wordpress\/plugins\/seo\/ -->\n<title>GammaPlus Donna Smooth -suoristusrauta - Kinnunen<\/title>\n<meta name=\"robots\" content=\"index, follow, max-snippet:-1, max-image-preview:large, max-video-preview:-1\" \/>\n<link rel=\"canonical\" href=\"https:\/\/kinnunen.fi\/en\/product\/gammaplus-donna-smooth-suoristusrauta\/\" \/>\n<meta property=\"og:locale\" content=\"en_GB\" \/>\n<meta property=\"og:type\" content=\"article\" \/>\n<meta property=\"og:title\" content=\"GammaPlus Donna Smooth -suoristusrauta - Kinnunen\" \/>\n<meta property=\"og:description\" content=\"- 3 l\u00e4mp\u00f6tilavaihtoehtoa 170 \u2013 190 \u2013 230 astetta. Suomalaiselle hiukselle riitt\u00e4\u00e4 170\/190. 230 vain etniselle hiukselle. - SmartCircuit: tarkkailee l\u00e4mp\u00f6tilaa 50 sekunnin v\u00e4lein ja pit\u00e4\u00e4 l\u00e4mp\u00f6tilan eritt\u00e4in tasaisena. - 2,5 cm leve\u00e4t keraamiset levyt, joiden materiaalia on vahvistettu timanttijauheella. - Automaattinen sammutus 30 minuutin p\u00e4\u00e4st\u00e4, jos laitetta ei k\u00e4ytet\u00e4 - Kuminen johto, joka kest\u00e4\u00e4 jopa 300 asteen l\u00e4mp\u00f6tiloja - Yleisvirta: 100 -240 v. Sis\u00e4inen mikrosiru tunnistaa automaattisesti k\u00e4yt\u00f6ss\u00e4 olevan virran. - Mukana toimitetaan l\u00e4mm\u00f6n kest\u00e4v\u00e4 tyylik\u00e4s laukku - 3 m pitk\u00e4 johto - Takuu 12 kk\" \/>\n<meta property=\"og:url\" content=\"https:\/\/kinnunen.fi\/en\/product\/gammaplus-donna-smooth-suoristusrauta\/\" \/>\n<meta property=\"og:site_name\" content=\"Kinnunen\" \/>\n<meta property=\"article:modified_time\" content=\"2026-05-02T01:00:32+00:00\" \/>\n<meta property=\"og:image\" content=\"https:\/\/kinnunen.fi\/wp-content\/uploads\/2023\/12\/Gammaplus_Donna_Smooth_suoristusrauta_PPIADONNAIT.jpg\" \/>\n\t<meta property=\"og:image:width\" content=\"1200\" \/>\n\t<meta property=\"og:image:height\" content=\"1200\" \/>\n\t<meta property=\"og:image:type\" content=\"image\/jpeg\" \/>\n<meta name=\"twitter:card\" content=\"summary_large_image\" \/>\n<script type=\"application\/ld+json\" class=\"yoast-schema-graph\">{\"@context\":\"https:\/\/schema.org\",\"@graph\":[{\"@type\":\"WebPage\",\"@id\":\"https:\/\/kinnunen.fi\/tuote\/gammaplus-donna-smooth-suoristusrauta\/\",\"url\":\"https:\/\/kinnunen.fi\/tuote\/gammaplus-donna-smooth-suoristusrauta\/\",\"name\":\"GammaPlus Donna Smooth -suoristusrauta - Kinnunen\",\"isPartOf\":{\"@id\":\"https:\/\/kinnunen.fi\/#website\"},\"primaryImageOfPage\":{\"@id\":\"https:\/\/kinnunen.fi\/tuote\/gammaplus-donna-smooth-suoristusrauta\/#primaryimage\"},\"image\":{\"@id\":\"https:\/\/kinnunen.fi\/tuote\/gammaplus-donna-smooth-suoristusrauta\/#primaryimage\"},\"thumbnailUrl\":\"https:\/\/kinnunen.fi\/wp-content\/uploads\/2023\/12\/Gammaplus_Donna_Smooth_suoristusrauta_PPIADONNAIT.jpg\",\"datePublished\":\"2024-01-02T07:54:48+00:00\",\"dateModified\":\"2026-05-02T01:00:32+00:00\",\"breadcrumb\":{\"@id\":\"https:\/\/kinnunen.fi\/tuote\/gammaplus-donna-smooth-suoristusrauta\/#breadcrumb\"},\"inLanguage\":\"en-GB\",\"potentialAction\":[{\"@type\":\"ReadAction\",\"target\":[\"https:\/\/kinnunen.fi\/tuote\/gammaplus-donna-smooth-suoristusrauta\/\"]}]},{\"@type\":\"ImageObject\",\"inLanguage\":\"en-GB\",\"@id\":\"https:\/\/kinnunen.fi\/tuote\/gammaplus-donna-smooth-suoristusrauta\/#primaryimage\",\"url\":\"https:\/\/kinnunen.fi\/wp-content\/uploads\/2023\/12\/Gammaplus_Donna_Smooth_suoristusrauta_PPIADONNAIT.jpg\",\"contentUrl\":\"https:\/\/kinnunen.fi\/wp-content\/uploads\/2023\/12\/Gammaplus_Donna_Smooth_suoristusrauta_PPIADONNAIT.jpg\",\"width\":1200,\"height\":1200},{\"@type\":\"BreadcrumbList\",\"@id\":\"https:\/\/kinnunen.fi\/tuote\/gammaplus-donna-smooth-suoristusrauta\/#breadcrumb\",\"itemListElement\":[{\"@type\":\"ListItem\",\"position\":1,\"name\":\"Etusivu\",\"item\":\"https:\/\/kinnunen.fi\/\"},{\"@type\":\"ListItem\",\"position\":2,\"name\":\"Kaikki tuotteet\",\"item\":\"https:\/\/kinnunen.fi\/kauppa\/\"},{\"@type\":\"ListItem\",\"position\":3,\"name\":\"Koneet ja s\u00e4hk\u00f6laitteet\",\"item\":\"https:\/\/kinnunen.fi\/tuote-osasto\/koneet-ja-laitteet\/\"},{\"@type\":\"ListItem\",\"position\":4,\"name\":\"GammaPlus Donna Smooth -suoristusrauta\"}]},{\"@type\":\"WebSite\",\"@id\":\"https:\/\/kinnunen.fi\/#website\",\"url\":\"https:\/\/kinnunen.fi\/\",\"name\":\"Kinnunen\",\"description\":\"\",\"potentialAction\":[{\"@type\":\"SearchAction\",\"target\":{\"@type\":\"EntryPoint\",\"urlTemplate\":\"https:\/\/kinnunen.fi\/?s={search_term_string}\"},\"query-input\":\"required name=search_term_string\"}],\"inLanguage\":\"en-GB\"}]}<\/script>\n<!-- \/ Yoast SEO plugin. -->","yoast_head_json":{"title":"GammaPlus Donna Smooth -suoristusrauta - Kinnunen","robots":{"index":"index","follow":"follow","max-snippet":"max-snippet:-1","max-image-preview":"max-image-preview:large","max-video-preview":"max-video-preview:-1"},"canonical":"https:\/\/kinnunen.fi\/en\/product\/gammaplus-donna-smooth-suoristusrauta\/","og_locale":"en_GB","og_type":"article","og_title":"GammaPlus Donna Smooth -suoristusrauta - Kinnunen","og_description":"- 3 l\u00e4mp\u00f6tilavaihtoehtoa 170 \u2013 190 \u2013 230 astetta. Suomalaiselle hiukselle riitt\u00e4\u00e4 170\/190. 230 vain etniselle hiukselle. - SmartCircuit: tarkkailee l\u00e4mp\u00f6tilaa 50 sekunnin v\u00e4lein ja pit\u00e4\u00e4 l\u00e4mp\u00f6tilan eritt\u00e4in tasaisena. - 2,5 cm leve\u00e4t keraamiset levyt, joiden materiaalia on vahvistettu timanttijauheella. - Automaattinen sammutus 30 minuutin p\u00e4\u00e4st\u00e4, jos laitetta ei k\u00e4ytet\u00e4 - Kuminen johto, joka kest\u00e4\u00e4 jopa 300 asteen l\u00e4mp\u00f6tiloja - Yleisvirta: 100 -240 v. Sis\u00e4inen mikrosiru tunnistaa automaattisesti k\u00e4yt\u00f6ss\u00e4 olevan virran. - Mukana toimitetaan l\u00e4mm\u00f6n kest\u00e4v\u00e4 tyylik\u00e4s laukku - 3 m pitk\u00e4 johto - Takuu 12 kk","og_url":"https:\/\/kinnunen.fi\/en\/product\/gammaplus-donna-smooth-suoristusrauta\/","og_site_name":"Kinnunen","article_modified_time":"2026-05-02T01:00:32+00:00","og_image":[{"width":1200,"height":1200,"url":"https:\/\/kinnunen.fi\/wp-content\/uploads\/2023\/12\/Gammaplus_Donna_Smooth_suoristusrauta_PPIADONNAIT.jpg","type":"image\/jpeg"}],"twitter_card":"summary_large_image","schema":{"@context":"https:\/\/schema.org","@graph":[{"@type":"WebPage","@id":"https:\/\/kinnunen.fi\/tuote\/gammaplus-donna-smooth-suoristusrauta\/","url":"https:\/\/kinnunen.fi\/tuote\/gammaplus-donna-smooth-suoristusrauta\/","name":"GammaPlus Donna Smooth -suoristusrauta - Kinnunen","isPartOf":{"@id":"https:\/\/kinnunen.fi\/#website"},"primaryImageOfPage":{"@id":"https:\/\/kinnunen.fi\/tuote\/gammaplus-donna-smooth-suoristusrauta\/#primaryimage"},"image":{"@id":"https:\/\/kinnunen.fi\/tuote\/gammaplus-donna-smooth-suoristusrauta\/#primaryimage"},"thumbnailUrl":"https:\/\/kinnunen.fi\/wp-content\/uploads\/2023\/12\/Gammaplus_Donna_Smooth_suoristusrauta_PPIADONNAIT.jpg","datePublished":"2024-01-02T07:54:48+00:00","dateModified":"2026-05-02T01:00:32+00:00","breadcrumb":{"@id":"https:\/\/kinnunen.fi\/tuote\/gammaplus-donna-smooth-suoristusrauta\/#breadcrumb"},"inLanguage":"en-GB","potentialAction":[{"@type":"ReadAction","target":["https:\/\/kinnunen.fi\/tuote\/gammaplus-donna-smooth-suoristusrauta\/"]}]},{"@type":"ImageObject","inLanguage":"en-GB","@id":"https:\/\/kinnunen.fi\/tuote\/gammaplus-donna-smooth-suoristusrauta\/#primaryimage","url":"https:\/\/kinnunen.fi\/wp-content\/uploads\/2023\/12\/Gammaplus_Donna_Smooth_suoristusrauta_PPIADONNAIT.jpg","contentUrl":"https:\/\/kinnunen.fi\/wp-content\/uploads\/2023\/12\/Gammaplus_Donna_Smooth_suoristusrauta_PPIADONNAIT.jpg","width":1200,"height":1200},{"@type":"BreadcrumbList","@id":"https:\/\/kinnunen.fi\/tuote\/gammaplus-donna-smooth-suoristusrauta\/#breadcrumb","itemListElement":[{"@type":"ListItem","position":1,"name":"Etusivu","item":"https:\/\/kinnunen.fi\/"},{"@type":"ListItem","position":2,"name":"Kaikki tuotteet","item":"https:\/\/kinnunen.fi\/kauppa\/"},{"@type":"ListItem","position":3,"name":"Koneet ja s\u00e4hk\u00f6laitteet","item":"https:\/\/kinnunen.fi\/tuote-osasto\/koneet-ja-laitteet\/"},{"@type":"ListItem","position":4,"name":"GammaPlus Donna Smooth -suoristusrauta"}]},{"@type":"WebSite","@id":"https:\/\/kinnunen.fi\/#website","url":"https:\/\/kinnunen.fi\/","name":"Kinnunen","description":"","potentialAction":[{"@type":"SearchAction","target":{"@type":"EntryPoint","urlTemplate":"https:\/\/kinnunen.fi\/?s={search_term_string}"},"query-input":"required name=search_term_string"}],"inLanguage":"en-GB"}]}},"_links":{"self":[{"href":"https:\/\/kinnunen.fi\/en\/wp-json\/wp\/v2\/product\/33653"}],"collection":[{"href":"https:\/\/kinnunen.fi\/en\/wp-json\/wp\/v2\/product"}],"about":[{"href":"https:\/\/kinnunen.fi\/en\/wp-json\/wp\/v2\/types\/product"}],"replies":[{"embeddable":true,"href":"https:\/\/kinnunen.fi\/en\/wp-json\/wp\/v2\/comments?post=33653"}],"wp:featuredmedia":[{"embeddable":true,"href":"https:\/\/kinnunen.fi\/en\/wp-json\/wp\/v2\/media\/33648"}],"wp:attachment":[{"href":"https:\/\/kinnunen.fi\/en\/wp-json\/wp\/v2\/media?parent=33653"}],"wp:term":[{"taxonomy":"product_cat","embeddable":true,"href":"https:\/\/kinnunen.fi\/en\/wp-json\/wp\/v2\/product_cat?post=33653"},{"taxonomy":"product_tag","embeddable":true,"href":"https:\/\/kinnunen.fi\/en\/wp-json\/wp\/v2\/product_tag?post=33653"}],"curies":[{"name":"wp","href":"https:\/\/api.w.org\/{rel}","templated":true}]}}