

{"id":33660,"date":"2024-02-05T13:10:39","date_gmt":"2024-02-05T11:10:39","guid":{"rendered":"https:\/\/kinnunen.fi\/?post_type=product&#038;p=33660"},"modified":"2026-04-17T04:00:37","modified_gmt":"2026-04-17T01:00:37","slug":"revive-balm","status":"publish","type":"product","link":"https:\/\/kinnunen.fi\/en\/product\/revive-balm\/","title":{"rendered":"Revive Balm"},"content":{"rendered":"<p data-start=\"708\" data-end=\"999\">Keune Revive Balm on vahvistava, hiuksiin j\u00e4tett\u00e4v\u00e4 hoito, joka viimeistelee korjaavan hoitorutiinin. Se auttaa korjaamaan rakenteellisia vaurioita, vahvistaa hauraita hiuksia ja suojaa niit\u00e4 p\u00e4ivitt\u00e4isilt\u00e4 stressitekij\u00f6ilt\u00e4, kuten l\u00e4mp\u00f6muotoilulta ja ymp\u00e4rist\u00f6n rasituksilta.<\/p>\n<p data-start=\"1001\" data-end=\"1169\">Kermainen mutta kevyt koostumus sitoo hoitavat ainesosat hiukseen j\u00e4tt\u00e4en sen vahvemmaksi, pehme\u00e4mm\u00e4ksi ja kiilt\u00e4v\u00e4mm\u00e4ksi tyvest\u00e4 latvaan \u2014 ilman latistavaa vaikutusta.<\/p>\n<h2 data-start=\"1171\" data-end=\"1205\">Korjaa ja vahvistaa sis\u00e4lt\u00e4p\u00e4in<\/h2>\n<p data-start=\"1207\" data-end=\"1348\">Revive Balm auttaa palauttamaan vaurioituneiden hiusten rakennetta ja vahvistamaan hiuskuitua. Instrumentaalitestien mukaan korjaava rutiini:<\/p>\n<ul data-start=\"1350\" data-end=\"1509\">\n<li data-start=\"1350\" data-end=\"1414\">\n<p data-start=\"1352\" data-end=\"1414\">V\u00e4hent\u00e4\u00e4 hiusten katkeilua jopa 93 % yhdell\u00e4 k\u00e4ytt\u00f6kerralla*<\/p>\n<\/li>\n<li data-start=\"1415\" data-end=\"1459\">\n<p data-start=\"1417\" data-end=\"1459\">V\u00e4hent\u00e4\u00e4 kaksihaaraisia jopa 15 kertaa**<\/p>\n<\/li>\n<li data-start=\"1460\" data-end=\"1509\">\n<p data-start=\"1462\" data-end=\"1509\">Palauttaa vaurioituneita hiuksia jopa 73 %***<\/p>\n<\/li>\n<\/ul>\n<p data-start=\"1511\" data-end=\"1571\">Hiukset tuntuvat v\u00e4litt\u00f6m\u00e4sti vahvemmilta ja kimmoisammilta.<\/p>\n<h2 data-start=\"1573\" data-end=\"1623\">Kapseloitu pantenoli \u2013 pitk\u00e4kestoinen kosteutus<\/h2>\n<p data-start=\"1625\" data-end=\"1826\">Kapseloitu pantenoli vapauttaa ravitsevia ainesosia v\u00e4hitellen, my\u00f6s hiusten kuivumisen j\u00e4lkeen. T\u00e4m\u00e4 takaa pitk\u00e4kestoisen kosteutuksen, silkkisen pehmeyden ja paremman hallittavuuden koko p\u00e4iv\u00e4n ajan.<\/p>\n<h2 data-start=\"1828\" data-end=\"1879\">ColorShield-teknologia \u2013 suojaa v\u00e4rin eloisuutta<\/h2>\n<p data-start=\"1881\" data-end=\"2051\">ColorShield-teknologia auttaa lukitsemaan v\u00e4ripigmentit hiukseen ja hidastaa v\u00e4rin haalistumista. Tutkimusten mukaan jopa 95 % v\u00e4rist\u00e4 s\u00e4ilyy 5 viikon k\u00e4yt\u00f6n j\u00e4lkeen****.<\/p>\n<p data-start=\"2053\" data-end=\"2067\">Lis\u00e4ksi tuote:<\/p>\n<ul data-start=\"2069\" data-end=\"2173\">\n<li data-start=\"2069\" data-end=\"2109\">\n<p data-start=\"2071\" data-end=\"2109\">Suojaa l\u00e4mm\u00f6lt\u00e4 jopa 230 \u00b0C<\/p>\n<\/li>\n<li data-start=\"2110\" data-end=\"2150\">\n<p data-start=\"2112\" data-end=\"2150\">Sis\u00e4lt\u00e4\u00e4 90 % luonnollisia ainesosia<\/p>\n<\/li>\n<li data-start=\"2151\" data-end=\"2173\">\n<p data-start=\"2153\" data-end=\"2173\">Ei latista hiuksia<\/p>\n<\/li>\n<\/ul>\n<h2 data-start=\"2175\" data-end=\"2204\">Kenelle Revive Balm sopii?<\/h2>\n<ul data-start=\"2206\" data-end=\"2422\">\n<li data-start=\"2206\" data-end=\"2255\">\n<p data-start=\"2208\" data-end=\"2255\">Vaurioituneille ja ylik\u00e4sitellyille hiuksille<\/p>\n<\/li>\n<li data-start=\"2256\" data-end=\"2299\">\n<p data-start=\"2258\" data-end=\"2299\">V\u00e4rj\u00e4tyille ja vaalennetuille hiuksille<\/p>\n<\/li>\n<li data-start=\"2300\" data-end=\"2341\">\n<p data-start=\"2302\" data-end=\"2341\">L\u00e4mp\u00f6muotoilun rasittamille hiuksille<\/p>\n<\/li>\n<li data-start=\"2342\" data-end=\"2422\">\n<p data-start=\"2344\" data-end=\"2422\">Hiuksille, jotka kaipaavat j\u00e4tett\u00e4v\u00e4\u00e4, suojaavaa ja vahvistavaa viimeistely\u00e4<\/p>\n<\/li>\n<\/ul>\n<h2 data-start=\"2424\" data-end=\"2433\">K\u00e4ytt\u00f6<\/h2>\n<p data-start=\"2435\" data-end=\"2580\">Levit\u00e4 valitsemasi Instant Revive -naamion j\u00e4lkeen pyyhekuiviin hiuksiin. Hiero pituuksiin ja latvoihin ja selvit\u00e4 hell\u00e4varaisesti. \u00c4l\u00e4 huuhtele.<\/p>\n<p data-start=\"102\" data-end=\"265\">*Instrumentaalitesti: vaurioituneet hiukset, k\u00e4sitelty Intensive Repair Shampoolla + Intensive Repair Maskilla + Revive Balmilla vs. shampoo ilman hoitoainetta.<\/p>\n<p data-start=\"267\" data-end=\"421\">**Instrumentaalitesti: hiukset, k\u00e4sitelty yhdell\u00e4 Intensive Repair Shampoolla + Flash Repair Maskilla + Revive Balmilla vs. shampoo ilman hoitoainetta.<\/p>\n<p data-start=\"423\" data-end=\"516\">***Instrumentaalitesti: vaalennetut hiukset, k\u00e4sitelty kolmella Revive Balm -k\u00e4sittelyll\u00e4.<\/p>\n<p data-start=\"518\" data-end=\"675\">***Instrumentaalitesti: suoritettu hiuksille, jotka on k\u00e4sitelty Tinta Color 7.46RI -v\u00e4rill\u00e4 ja sen j\u00e4lkeen Vital Nutrition Shampoolla + Revive Balmilla.<\/p>\n<p data-start=\"677\" data-end=\"834\">****Instrumentaalitesti: hiukset, k\u00e4sitelty yhdell\u00e4 Intensive Repair Shampoolla + Flash Repair Maskilla + Revive Balmilla vs. shampoo ilman hoitoainetta.<\/p>","protected":false},"excerpt":{"rendered":"<p>Keune Revive Balm on eritt\u00e4in vahvistava, hiuksiin j\u00e4tett\u00e4v\u00e4 hoito vaurioituneille ja k\u00e4sitellyille hiuksille. Se korjaa rakenteellisia vaurioita, suojaa jopa 230 \u00b0C l\u00e4mp\u00f6tilalta ja auttaa s\u00e4ilytt\u00e4m\u00e4\u00e4n v\u00e4rin eloisuuden. Hiuksista tulee vahvemmat, sile\u00e4mm\u00e4t ja kauniin kiilt\u00e4v\u00e4t ilman latistavaa tunnetta.<\/p>","protected":false},"featured_media":33641,"comment_status":"closed","ping_status":"closed","template":"","meta":{"_relevanssi_hide_post":"","_relevanssi_pin_for_all":"","_relevanssi_pin_keywords":"","_relevanssi_unpin_keywords":"","_relevanssi_related_keywords":"","_relevanssi_related_include_ids":"","_relevanssi_related_exclude_ids":"","_relevanssi_related_no_append":"","_relevanssi_related_not_related":"","_relevanssi_related_posts":"","_relevanssi_noindex_reason":""},"product_cat":[1727,1754,1734,1735],"product_tag":[2210],"class_list":["post-33660","product","type-product","status-publish","has-post-thumbnail","hentry","product_cat-hiuskosmetiikka","product_cat-esikasittely-ja-after-color-tuotteet","product_cat-hoitoaineet-ja-hiusmaamiot","product_cat-keune-care-hoitoaineet-ja-hiusmaamiot","product_tag-tinta-after-color","pa_koko-150-ml","pa_koko-50-ml","tuotemerkki-keune-haircosmetics"],"tuotemerkit":[{"term_id":25,"name":"Keune Haircosmetics","slug":"keune-haircosmetics","term_group":0,"term_taxonomy_id":25,"taxonomy":"tuotemerkki","description":"","parent":0,"count":277,"filter":"raw"}],"acf":[],"yoast_head":"<!-- This site is optimized with the Yoast SEO plugin v23.3 - https:\/\/yoast.com\/wordpress\/plugins\/seo\/ -->\n<title>Revive Balm - Kinnunen<\/title>\n<meta name=\"description\" content=\"Hiuksiin j\u00e4tett\u00e4v\u00e4 korjaava hoito vaurioituneille hiuksille. Keune Revive Balm vahvistaa, suojaa l\u00e4mp\u00f6lt\u00e4 ja auttaa s\u00e4ilytt\u00e4m\u00e4\u00e4n v\u00e4rin eloisuuden.\" \/>\n<meta name=\"robots\" content=\"index, follow, max-snippet:-1, max-image-preview:large, max-video-preview:-1\" \/>\n<link rel=\"canonical\" href=\"https:\/\/kinnunen.fi\/en\/product\/revive-balm\/\" \/>\n<meta property=\"og:locale\" content=\"en_GB\" \/>\n<meta property=\"og:type\" content=\"article\" \/>\n<meta property=\"og:title\" content=\"Revive Balm - Kinnunen\" \/>\n<meta property=\"og:description\" content=\"Hiuksiin j\u00e4tett\u00e4v\u00e4 korjaava hoito vaurioituneille hiuksille. Keune Revive Balm vahvistaa, suojaa l\u00e4mp\u00f6lt\u00e4 ja auttaa s\u00e4ilytt\u00e4m\u00e4\u00e4n v\u00e4rin eloisuuden.\" \/>\n<meta property=\"og:url\" content=\"https:\/\/kinnunen.fi\/en\/product\/revive-balm\/\" \/>\n<meta property=\"og:site_name\" content=\"Kinnunen\" \/>\n<meta property=\"article:modified_time\" content=\"2026-04-17T01:00:37+00:00\" \/>\n<meta property=\"og:image\" content=\"https:\/\/kinnunen.fi\/wp-content\/uploads\/2023\/12\/Keune_Revive_balm_group.jpg\" \/>\n\t<meta property=\"og:image:width\" content=\"1200\" \/>\n\t<meta property=\"og:image:height\" content=\"1200\" \/>\n\t<meta property=\"og:image:type\" content=\"image\/jpeg\" \/>\n<meta name=\"twitter:card\" content=\"summary_large_image\" \/>\n<meta name=\"twitter:label1\" content=\"Estimated reading time\" \/>\n\t<meta name=\"twitter:data1\" content=\"2 minutes\" \/>\n<script type=\"application\/ld+json\" class=\"yoast-schema-graph\">{\"@context\":\"https:\/\/schema.org\",\"@graph\":[{\"@type\":\"WebPage\",\"@id\":\"https:\/\/kinnunen.fi\/tuote\/revive-balm\/\",\"url\":\"https:\/\/kinnunen.fi\/tuote\/revive-balm\/\",\"name\":\"Revive Balm - Kinnunen\",\"isPartOf\":{\"@id\":\"https:\/\/kinnunen.fi\/#website\"},\"primaryImageOfPage\":{\"@id\":\"https:\/\/kinnunen.fi\/tuote\/revive-balm\/#primaryimage\"},\"image\":{\"@id\":\"https:\/\/kinnunen.fi\/tuote\/revive-balm\/#primaryimage\"},\"thumbnailUrl\":\"https:\/\/kinnunen.fi\/wp-content\/uploads\/2023\/12\/Keune_Revive_balm_group.jpg\",\"datePublished\":\"2024-02-05T11:10:39+00:00\",\"dateModified\":\"2026-04-17T01:00:37+00:00\",\"description\":\"Hiuksiin j\u00e4tett\u00e4v\u00e4 korjaava hoito vaurioituneille hiuksille. Keune Revive Balm vahvistaa, suojaa l\u00e4mp\u00f6lt\u00e4 ja auttaa s\u00e4ilytt\u00e4m\u00e4\u00e4n v\u00e4rin eloisuuden.\",\"breadcrumb\":{\"@id\":\"https:\/\/kinnunen.fi\/tuote\/revive-balm\/#breadcrumb\"},\"inLanguage\":\"en-GB\",\"potentialAction\":[{\"@type\":\"ReadAction\",\"target\":[\"https:\/\/kinnunen.fi\/tuote\/revive-balm\/\"]}]},{\"@type\":\"ImageObject\",\"inLanguage\":\"en-GB\",\"@id\":\"https:\/\/kinnunen.fi\/tuote\/revive-balm\/#primaryimage\",\"url\":\"https:\/\/kinnunen.fi\/wp-content\/uploads\/2023\/12\/Keune_Revive_balm_group.jpg\",\"contentUrl\":\"https:\/\/kinnunen.fi\/wp-content\/uploads\/2023\/12\/Keune_Revive_balm_group.jpg\",\"width\":1200,\"height\":1200},{\"@type\":\"BreadcrumbList\",\"@id\":\"https:\/\/kinnunen.fi\/tuote\/revive-balm\/#breadcrumb\",\"itemListElement\":[{\"@type\":\"ListItem\",\"position\":1,\"name\":\"Etusivu\",\"item\":\"https:\/\/kinnunen.fi\/\"},{\"@type\":\"ListItem\",\"position\":2,\"name\":\"Kaikki tuotteet\",\"item\":\"https:\/\/kinnunen.fi\/kauppa\/\"},{\"@type\":\"ListItem\",\"position\":3,\"name\":\"Hiuskosmetiikka\",\"item\":\"https:\/\/kinnunen.fi\/tuote-osasto\/hiuskosmetiikka\/\"},{\"@type\":\"ListItem\",\"position\":4,\"name\":\"Revive Balm\"}]},{\"@type\":\"WebSite\",\"@id\":\"https:\/\/kinnunen.fi\/#website\",\"url\":\"https:\/\/kinnunen.fi\/\",\"name\":\"Kinnunen\",\"description\":\"\",\"potentialAction\":[{\"@type\":\"SearchAction\",\"target\":{\"@type\":\"EntryPoint\",\"urlTemplate\":\"https:\/\/kinnunen.fi\/?s={search_term_string}\"},\"query-input\":\"required name=search_term_string\"}],\"inLanguage\":\"en-GB\"}]}<\/script>\n<!-- \/ Yoast SEO plugin. -->","yoast_head_json":{"title":"Revive Balm - Kinnunen","description":"Hiuksiin j\u00e4tett\u00e4v\u00e4 korjaava hoito vaurioituneille hiuksille. Keune Revive Balm vahvistaa, suojaa l\u00e4mp\u00f6lt\u00e4 ja auttaa s\u00e4ilytt\u00e4m\u00e4\u00e4n v\u00e4rin eloisuuden.","robots":{"index":"index","follow":"follow","max-snippet":"max-snippet:-1","max-image-preview":"max-image-preview:large","max-video-preview":"max-video-preview:-1"},"canonical":"https:\/\/kinnunen.fi\/en\/product\/revive-balm\/","og_locale":"en_GB","og_type":"article","og_title":"Revive Balm - Kinnunen","og_description":"Hiuksiin j\u00e4tett\u00e4v\u00e4 korjaava hoito vaurioituneille hiuksille. Keune Revive Balm vahvistaa, suojaa l\u00e4mp\u00f6lt\u00e4 ja auttaa s\u00e4ilytt\u00e4m\u00e4\u00e4n v\u00e4rin eloisuuden.","og_url":"https:\/\/kinnunen.fi\/en\/product\/revive-balm\/","og_site_name":"Kinnunen","article_modified_time":"2026-04-17T01:00:37+00:00","og_image":[{"width":1200,"height":1200,"url":"https:\/\/kinnunen.fi\/wp-content\/uploads\/2023\/12\/Keune_Revive_balm_group.jpg","type":"image\/jpeg"}],"twitter_card":"summary_large_image","twitter_misc":{"Estimated reading time":"2 minutes"},"schema":{"@context":"https:\/\/schema.org","@graph":[{"@type":"WebPage","@id":"https:\/\/kinnunen.fi\/tuote\/revive-balm\/","url":"https:\/\/kinnunen.fi\/tuote\/revive-balm\/","name":"Revive Balm - Kinnunen","isPartOf":{"@id":"https:\/\/kinnunen.fi\/#website"},"primaryImageOfPage":{"@id":"https:\/\/kinnunen.fi\/tuote\/revive-balm\/#primaryimage"},"image":{"@id":"https:\/\/kinnunen.fi\/tuote\/revive-balm\/#primaryimage"},"thumbnailUrl":"https:\/\/kinnunen.fi\/wp-content\/uploads\/2023\/12\/Keune_Revive_balm_group.jpg","datePublished":"2024-02-05T11:10:39+00:00","dateModified":"2026-04-17T01:00:37+00:00","description":"Hiuksiin j\u00e4tett\u00e4v\u00e4 korjaava hoito vaurioituneille hiuksille. Keune Revive Balm vahvistaa, suojaa l\u00e4mp\u00f6lt\u00e4 ja auttaa s\u00e4ilytt\u00e4m\u00e4\u00e4n v\u00e4rin eloisuuden.","breadcrumb":{"@id":"https:\/\/kinnunen.fi\/tuote\/revive-balm\/#breadcrumb"},"inLanguage":"en-GB","potentialAction":[{"@type":"ReadAction","target":["https:\/\/kinnunen.fi\/tuote\/revive-balm\/"]}]},{"@type":"ImageObject","inLanguage":"en-GB","@id":"https:\/\/kinnunen.fi\/tuote\/revive-balm\/#primaryimage","url":"https:\/\/kinnunen.fi\/wp-content\/uploads\/2023\/12\/Keune_Revive_balm_group.jpg","contentUrl":"https:\/\/kinnunen.fi\/wp-content\/uploads\/2023\/12\/Keune_Revive_balm_group.jpg","width":1200,"height":1200},{"@type":"BreadcrumbList","@id":"https:\/\/kinnunen.fi\/tuote\/revive-balm\/#breadcrumb","itemListElement":[{"@type":"ListItem","position":1,"name":"Etusivu","item":"https:\/\/kinnunen.fi\/"},{"@type":"ListItem","position":2,"name":"Kaikki tuotteet","item":"https:\/\/kinnunen.fi\/kauppa\/"},{"@type":"ListItem","position":3,"name":"Hiuskosmetiikka","item":"https:\/\/kinnunen.fi\/tuote-osasto\/hiuskosmetiikka\/"},{"@type":"ListItem","position":4,"name":"Revive Balm"}]},{"@type":"WebSite","@id":"https:\/\/kinnunen.fi\/#website","url":"https:\/\/kinnunen.fi\/","name":"Kinnunen","description":"","potentialAction":[{"@type":"SearchAction","target":{"@type":"EntryPoint","urlTemplate":"https:\/\/kinnunen.fi\/?s={search_term_string}"},"query-input":"required name=search_term_string"}],"inLanguage":"en-GB"}]}},"_links":{"self":[{"href":"https:\/\/kinnunen.fi\/en\/wp-json\/wp\/v2\/product\/33660"}],"collection":[{"href":"https:\/\/kinnunen.fi\/en\/wp-json\/wp\/v2\/product"}],"about":[{"href":"https:\/\/kinnunen.fi\/en\/wp-json\/wp\/v2\/types\/product"}],"replies":[{"embeddable":true,"href":"https:\/\/kinnunen.fi\/en\/wp-json\/wp\/v2\/comments?post=33660"}],"wp:featuredmedia":[{"embeddable":true,"href":"https:\/\/kinnunen.fi\/en\/wp-json\/wp\/v2\/media\/33641"}],"wp:attachment":[{"href":"https:\/\/kinnunen.fi\/en\/wp-json\/wp\/v2\/media?parent=33660"}],"wp:term":[{"taxonomy":"product_cat","embeddable":true,"href":"https:\/\/kinnunen.fi\/en\/wp-json\/wp\/v2\/product_cat?post=33660"},{"taxonomy":"product_tag","embeddable":true,"href":"https:\/\/kinnunen.fi\/en\/wp-json\/wp\/v2\/product_tag?post=33660"}],"curies":[{"name":"wp","href":"https:\/\/api.w.org\/{rel}","templated":true}]}}