

{"id":34324,"date":"2024-01-24T11:18:47","date_gmt":"2024-01-24T09:18:47","guid":{"rendered":"https:\/\/kinnunen.fi\/?post_type=product&#038;p=34324"},"modified":"2026-05-05T04:00:13","modified_gmt":"2026-05-05T01:00:13","slug":"saksikotelo-kimaltava-musta","status":"publish","type":"product","link":"https:\/\/kinnunen.fi\/en\/product\/saksikotelo-kimaltava-musta\/","title":{"rendered":"Scissor case, glossy black"},"content":{"rendered":"","protected":false},"excerpt":{"rendered":"<p>A zippered case specially designed for carrying and storing scissors. Slots for two pairs of scissors and a separate compartment for other tools. Made of beautifully shimmering black leatherette.<\/p>","protected":false},"featured_media":36155,"comment_status":"open","ping_status":"closed","template":"","meta":{"_relevanssi_hide_post":"","_relevanssi_pin_for_all":"","_relevanssi_pin_keywords":"","_relevanssi_unpin_keywords":"","_relevanssi_related_keywords":"","_relevanssi_related_include_ids":"","_relevanssi_related_exclude_ids":"","_relevanssi_related_no_append":"","_relevanssi_related_not_related":"","_relevanssi_related_posts":"","_relevanssi_noindex_reason":""},"product_cat":[1783,1789],"product_tag":[],"class_list":["post-34324","product","type-product","status-publish","has-post-thumbnail","hentry","product_cat-sakset-ja-veitset","product_cat-oheistuotteet"],"tuotemerkit":[],"acf":[],"yoast_head":"<!-- This site is optimized with the Yoast SEO plugin v23.3 - https:\/\/yoast.com\/wordpress\/plugins\/seo\/ -->\n<title>Saksikotelo, kimaltava musta - Kinnunen<\/title>\n<meta name=\"robots\" content=\"index, follow, max-snippet:-1, max-image-preview:large, max-video-preview:-1\" \/>\n<link rel=\"canonical\" href=\"https:\/\/kinnunen.fi\/en\/product\/saksikotelo-kimaltava-musta\/\" \/>\n<meta property=\"og:locale\" content=\"en_GB\" \/>\n<meta property=\"og:type\" content=\"article\" \/>\n<meta property=\"og:title\" content=\"Saksikotelo, kimaltava musta - Kinnunen\" \/>\n<meta property=\"og:description\" content=\"Erityisesti saksien kuljettamiseen ja s\u00e4ilytt\u00e4miseen soveltuva vetoketjullinen kotelo. Paikat kahdelle sakselle sek\u00e4 oma lokero muille ty\u00f6v\u00e4lineille. Valmistettu kauniisti kimaltavasta mustasta keinonahasta.\" \/>\n<meta property=\"og:url\" content=\"https:\/\/kinnunen.fi\/en\/product\/saksikotelo-kimaltava-musta\/\" \/>\n<meta property=\"og:site_name\" content=\"Kinnunen\" \/>\n<meta property=\"article:modified_time\" content=\"2026-05-05T01:00:13+00:00\" \/>\n<meta property=\"og:image\" content=\"https:\/\/kinnunen.fi\/wp-content\/uploads\/2024\/04\/Saksikotelo_25139.jpg\" \/>\n\t<meta property=\"og:image:width\" content=\"1500\" \/>\n\t<meta property=\"og:image:height\" content=\"1500\" \/>\n\t<meta property=\"og:image:type\" content=\"image\/jpeg\" \/>\n<meta name=\"twitter:card\" content=\"summary_large_image\" \/>\n<script type=\"application\/ld+json\" class=\"yoast-schema-graph\">{\"@context\":\"https:\/\/schema.org\",\"@graph\":[{\"@type\":\"WebPage\",\"@id\":\"https:\/\/kinnunen.fi\/tuote\/saksikotelo-kimaltava-musta\/\",\"url\":\"https:\/\/kinnunen.fi\/tuote\/saksikotelo-kimaltava-musta\/\",\"name\":\"Saksikotelo, kimaltava musta - Kinnunen\",\"isPartOf\":{\"@id\":\"https:\/\/kinnunen.fi\/#website\"},\"primaryImageOfPage\":{\"@id\":\"https:\/\/kinnunen.fi\/tuote\/saksikotelo-kimaltava-musta\/#primaryimage\"},\"image\":{\"@id\":\"https:\/\/kinnunen.fi\/tuote\/saksikotelo-kimaltava-musta\/#primaryimage\"},\"thumbnailUrl\":\"https:\/\/kinnunen.fi\/wp-content\/uploads\/2024\/04\/Saksikotelo_25139.jpg\",\"datePublished\":\"2024-01-24T09:18:47+00:00\",\"dateModified\":\"2026-05-05T01:00:13+00:00\",\"breadcrumb\":{\"@id\":\"https:\/\/kinnunen.fi\/tuote\/saksikotelo-kimaltava-musta\/#breadcrumb\"},\"inLanguage\":\"en-GB\",\"potentialAction\":[{\"@type\":\"ReadAction\",\"target\":[\"https:\/\/kinnunen.fi\/tuote\/saksikotelo-kimaltava-musta\/\"]}]},{\"@type\":\"ImageObject\",\"inLanguage\":\"en-GB\",\"@id\":\"https:\/\/kinnunen.fi\/tuote\/saksikotelo-kimaltava-musta\/#primaryimage\",\"url\":\"https:\/\/kinnunen.fi\/wp-content\/uploads\/2024\/04\/Saksikotelo_25139.jpg\",\"contentUrl\":\"https:\/\/kinnunen.fi\/wp-content\/uploads\/2024\/04\/Saksikotelo_25139.jpg\",\"width\":1500,\"height\":1500,\"caption\":\"xr:d:DAF8BQwaGZ8:94,j:1983134047027244342,t:24040908\"},{\"@type\":\"BreadcrumbList\",\"@id\":\"https:\/\/kinnunen.fi\/tuote\/saksikotelo-kimaltava-musta\/#breadcrumb\",\"itemListElement\":[{\"@type\":\"ListItem\",\"position\":1,\"name\":\"Etusivu\",\"item\":\"https:\/\/kinnunen.fi\/\"},{\"@type\":\"ListItem\",\"position\":2,\"name\":\"Kaikki tuotteet\",\"item\":\"https:\/\/kinnunen.fi\/kauppa\/\"},{\"@type\":\"ListItem\",\"position\":3,\"name\":\"Sakset ja veitset\",\"item\":\"https:\/\/kinnunen.fi\/tuote-osasto\/sakset-ja-veitset\/\"},{\"@type\":\"ListItem\",\"position\":4,\"name\":\"Saksikotelo, kimaltava musta\"}]},{\"@type\":\"WebSite\",\"@id\":\"https:\/\/kinnunen.fi\/#website\",\"url\":\"https:\/\/kinnunen.fi\/\",\"name\":\"Kinnunen\",\"description\":\"\",\"potentialAction\":[{\"@type\":\"SearchAction\",\"target\":{\"@type\":\"EntryPoint\",\"urlTemplate\":\"https:\/\/kinnunen.fi\/?s={search_term_string}\"},\"query-input\":\"required name=search_term_string\"}],\"inLanguage\":\"en-GB\"}]}<\/script>\n<!-- \/ Yoast SEO plugin. -->","yoast_head_json":{"title":"Saksikotelo, kimaltava musta - Kinnunen","robots":{"index":"index","follow":"follow","max-snippet":"max-snippet:-1","max-image-preview":"max-image-preview:large","max-video-preview":"max-video-preview:-1"},"canonical":"https:\/\/kinnunen.fi\/en\/product\/saksikotelo-kimaltava-musta\/","og_locale":"en_GB","og_type":"article","og_title":"Saksikotelo, kimaltava musta - Kinnunen","og_description":"Erityisesti saksien kuljettamiseen ja s\u00e4ilytt\u00e4miseen soveltuva vetoketjullinen kotelo. Paikat kahdelle sakselle sek\u00e4 oma lokero muille ty\u00f6v\u00e4lineille. Valmistettu kauniisti kimaltavasta mustasta keinonahasta.","og_url":"https:\/\/kinnunen.fi\/en\/product\/saksikotelo-kimaltava-musta\/","og_site_name":"Kinnunen","article_modified_time":"2026-05-05T01:00:13+00:00","og_image":[{"width":1500,"height":1500,"url":"https:\/\/kinnunen.fi\/wp-content\/uploads\/2024\/04\/Saksikotelo_25139.jpg","type":"image\/jpeg"}],"twitter_card":"summary_large_image","schema":{"@context":"https:\/\/schema.org","@graph":[{"@type":"WebPage","@id":"https:\/\/kinnunen.fi\/tuote\/saksikotelo-kimaltava-musta\/","url":"https:\/\/kinnunen.fi\/tuote\/saksikotelo-kimaltava-musta\/","name":"Saksikotelo, kimaltava musta - Kinnunen","isPartOf":{"@id":"https:\/\/kinnunen.fi\/#website"},"primaryImageOfPage":{"@id":"https:\/\/kinnunen.fi\/tuote\/saksikotelo-kimaltava-musta\/#primaryimage"},"image":{"@id":"https:\/\/kinnunen.fi\/tuote\/saksikotelo-kimaltava-musta\/#primaryimage"},"thumbnailUrl":"https:\/\/kinnunen.fi\/wp-content\/uploads\/2024\/04\/Saksikotelo_25139.jpg","datePublished":"2024-01-24T09:18:47+00:00","dateModified":"2026-05-05T01:00:13+00:00","breadcrumb":{"@id":"https:\/\/kinnunen.fi\/tuote\/saksikotelo-kimaltava-musta\/#breadcrumb"},"inLanguage":"en-GB","potentialAction":[{"@type":"ReadAction","target":["https:\/\/kinnunen.fi\/tuote\/saksikotelo-kimaltava-musta\/"]}]},{"@type":"ImageObject","inLanguage":"en-GB","@id":"https:\/\/kinnunen.fi\/tuote\/saksikotelo-kimaltava-musta\/#primaryimage","url":"https:\/\/kinnunen.fi\/wp-content\/uploads\/2024\/04\/Saksikotelo_25139.jpg","contentUrl":"https:\/\/kinnunen.fi\/wp-content\/uploads\/2024\/04\/Saksikotelo_25139.jpg","width":1500,"height":1500,"caption":"xr:d:DAF8BQwaGZ8:94,j:1983134047027244342,t:24040908"},{"@type":"BreadcrumbList","@id":"https:\/\/kinnunen.fi\/tuote\/saksikotelo-kimaltava-musta\/#breadcrumb","itemListElement":[{"@type":"ListItem","position":1,"name":"Etusivu","item":"https:\/\/kinnunen.fi\/"},{"@type":"ListItem","position":2,"name":"Kaikki tuotteet","item":"https:\/\/kinnunen.fi\/kauppa\/"},{"@type":"ListItem","position":3,"name":"Sakset ja veitset","item":"https:\/\/kinnunen.fi\/tuote-osasto\/sakset-ja-veitset\/"},{"@type":"ListItem","position":4,"name":"Saksikotelo, kimaltava musta"}]},{"@type":"WebSite","@id":"https:\/\/kinnunen.fi\/#website","url":"https:\/\/kinnunen.fi\/","name":"Kinnunen","description":"","potentialAction":[{"@type":"SearchAction","target":{"@type":"EntryPoint","urlTemplate":"https:\/\/kinnunen.fi\/?s={search_term_string}"},"query-input":"required name=search_term_string"}],"inLanguage":"en-GB"}]}},"_links":{"self":[{"href":"https:\/\/kinnunen.fi\/en\/wp-json\/wp\/v2\/product\/34324"}],"collection":[{"href":"https:\/\/kinnunen.fi\/en\/wp-json\/wp\/v2\/product"}],"about":[{"href":"https:\/\/kinnunen.fi\/en\/wp-json\/wp\/v2\/types\/product"}],"replies":[{"embeddable":true,"href":"https:\/\/kinnunen.fi\/en\/wp-json\/wp\/v2\/comments?post=34324"}],"wp:featuredmedia":[{"embeddable":true,"href":"https:\/\/kinnunen.fi\/en\/wp-json\/wp\/v2\/media\/36155"}],"wp:attachment":[{"href":"https:\/\/kinnunen.fi\/en\/wp-json\/wp\/v2\/media?parent=34324"}],"wp:term":[{"taxonomy":"product_cat","embeddable":true,"href":"https:\/\/kinnunen.fi\/en\/wp-json\/wp\/v2\/product_cat?post=34324"},{"taxonomy":"product_tag","embeddable":true,"href":"https:\/\/kinnunen.fi\/en\/wp-json\/wp\/v2\/product_tag?post=34324"}],"curies":[{"name":"wp","href":"https:\/\/api.w.org\/{rel}","templated":true}]}}