

{"id":34417,"date":"2024-02-07T07:59:03","date_gmt":"2024-02-07T05:59:03","guid":{"rendered":"https:\/\/kinnunen.fi\/?post_type=product&#038;p=34417"},"modified":"2026-04-29T04:00:39","modified_gmt":"2026-04-29T01:00:39","slug":"laborpro-upgrade-rolling-kiharrin-eri-kokoja","status":"publish","type":"product","link":"https:\/\/kinnunen.fi\/en\/product\/laborpro-upgrade-rolling-kiharrin-eri-kokoja\/","title":{"rendered":"LaborPro Upgrade Rolling fork, various sizes"},"content":{"rendered":"","protected":false},"excerpt":{"rendered":"<p>Create perfect curls and waves without straining your wrist quickly and easily with the Rolling Curler. Hair is easily and safely curled onto the curling iron with one hand, using a quick and simple thumb and index finger movement. The curl is smooth from root to crown, while the crown is also perfectly wrapped around the curling iron.<\/p>\n<p>\u2666 Ergonomic, very comfortable and easy to use.<br \/>\n\u2666Perfect for beginner hairdressers too: creating curls and waves has never been so easy!<br \/>\n\u2666 360\u00b0 rotating frame that can be rotated with two fingers.<br \/>\n\u2666 The curler has a Teflon strip that indicates when the desired temperature has been reached: red is hot | white is cold<br \/>\n\u2666 Reduces styling time by up to 40 % compared to a standard curler.<br \/>\n\u2666 Titanium-coated for even heat<br \/>\n<span><span class=\"ui-provider a b c d e f g h i j k l m n o p q r s t u v w x y z ab ac ae af ag ah ai aj ak\" dir=\"ltr\">\u2666 Anti-slip\/Anti-scald coating prevents the device from slipping even when your hands are wet and protects against burns<br \/>\n<\/span><\/span>\u2666 Digital display with temperature control up to 210 \u00b0C<br \/>\n\u2666 Three different diameters: 19, 22, 28 mm<\/p>","protected":false},"featured_media":34336,"comment_status":"closed","ping_status":"closed","template":"","meta":{"_relevanssi_hide_post":"","_relevanssi_pin_for_all":"","_relevanssi_pin_keywords":"","_relevanssi_unpin_keywords":"","_relevanssi_related_keywords":"","_relevanssi_related_include_ids":"","_relevanssi_related_exclude_ids":"","_relevanssi_related_no_append":"","_relevanssi_related_not_related":"","_relevanssi_related_posts":"","_relevanssi_noindex_reason":""},"product_cat":[1774,1780],"product_tag":[],"class_list":["post-34417","product","type-product","status-publish","has-post-thumbnail","hentry","product_cat-koneet-ja-laitteet","product_cat-kihartimet","pa_koko-19-mm","pa_koko-22-mm","pa_koko-28-mm","tuotemerkki-labor-pro"],"tuotemerkit":[{"term_id":2197,"name":"Labor Pro","slug":"labor-pro","term_group":0,"term_taxonomy_id":2197,"taxonomy":"tuotemerkki","description":"","parent":0,"count":9,"filter":"raw"}],"acf":[],"yoast_head":"<!-- This site is optimized with the Yoast SEO plugin v23.3 - https:\/\/yoast.com\/wordpress\/plugins\/seo\/ -->\n<title>LaborPro Upgrade Rolling -kiharrin, eri kokoja - Kinnunen<\/title>\n<meta name=\"robots\" content=\"index, follow, max-snippet:-1, max-image-preview:large, max-video-preview:-1\" \/>\n<link rel=\"canonical\" href=\"https:\/\/kinnunen.fi\/en\/product\/laborpro-upgrade-rolling-kiharrin-eri-kokoja\/\" \/>\n<meta property=\"og:locale\" content=\"en_GB\" \/>\n<meta property=\"og:type\" content=\"article\" \/>\n<meta property=\"og:title\" content=\"LaborPro Upgrade Rolling -kiharrin, eri kokoja - Kinnunen\" \/>\n<meta property=\"og:description\" content=\"Luo t\u00e4ydelliset kiharat ja laineet ilman ranteen rasitusta nopeasti ja helposti Rolling -py\u00f6riv\u00e4n kihartimen avulla. Hiukset kiedotaan helposti ja turvallisesti kiharrinpuikolle yhdell\u00e4 k\u00e4dell\u00e4, nopealla ja yksinkertaisella peukalon ja etusormen liikkeell\u00e4. Kiharasta tulee tasainen aina tyvest\u00e4 latvaan asti, kun my\u00f6s latva kietoutuu kiharrinpuikolle t\u00e4ydellisesti.  \u2666 Ergonominen, eritt\u00e4in miellytt\u00e4v\u00e4 ja helppo k\u00e4ytt\u00e4\u00e4. \u2666 T\u00e4ydellinen valinta my\u00f6s aloitteleville kampauksen tekij\u00f6ille: kiharoiden ja laineiden luominen ei ole koskaan ollut n\u00e4in helppoa! \u2666 360\u00b0 py\u00f6riv\u00e4 runko, jota voi py\u00f6ritt\u00e4\u00e4 kahdella sormella. \u2666 Kihartimessa on Teflon-nauha, joka osoittaa, kun haluttu l\u00e4mp\u00f6tila on saavutettu: punainen on kuuma | valkoinen on kylm\u00e4 \u2666 V\u00e4hent\u00e4\u00e4 kampauksen tekoon kuluvaa aikaa jopa 40 % tavalliseen kihartimeen verrattuna. \u2666 Titan-pinnoitettu takaa tasaisen l\u00e4mm\u00f6n \u2666 Anti-slip\/Anti-scald -pinnoite est\u00e4\u00e4 laitteen liukumisen vaikka k\u00e4tesi olisivat m\u00e4r\u00e4t ja suojelee palovammoilta \u2666 Digitaalin\u00e4ytt\u00f6, jolla voi s\u00e4\u00e4t\u00e4\u00e4 l\u00e4mp\u00f6tilan maksimissaan 210 \u00b0C \u2666 Kolme eri halkaisijaa: 19, 22, 28 mm\" \/>\n<meta property=\"og:url\" content=\"https:\/\/kinnunen.fi\/en\/product\/laborpro-upgrade-rolling-kiharrin-eri-kokoja\/\" \/>\n<meta property=\"og:site_name\" content=\"Kinnunen\" \/>\n<meta property=\"article:modified_time\" content=\"2026-04-29T01:00:39+00:00\" \/>\n<meta property=\"og:image\" content=\"https:\/\/kinnunen.fi\/wp-content\/uploads\/2024\/01\/Upgrade_Rolling.jpg\" \/>\n\t<meta property=\"og:image:width\" content=\"1000\" \/>\n\t<meta property=\"og:image:height\" content=\"1000\" \/>\n\t<meta property=\"og:image:type\" content=\"image\/jpeg\" \/>\n<meta name=\"twitter:card\" content=\"summary_large_image\" \/>\n<script type=\"application\/ld+json\" class=\"yoast-schema-graph\">{\"@context\":\"https:\/\/schema.org\",\"@graph\":[{\"@type\":\"WebPage\",\"@id\":\"https:\/\/kinnunen.fi\/tuote\/laborpro-upgrade-rolling-kiharrin-eri-kokoja\/\",\"url\":\"https:\/\/kinnunen.fi\/tuote\/laborpro-upgrade-rolling-kiharrin-eri-kokoja\/\",\"name\":\"LaborPro Upgrade Rolling -kiharrin, eri kokoja - Kinnunen\",\"isPartOf\":{\"@id\":\"https:\/\/kinnunen.fi\/#website\"},\"primaryImageOfPage\":{\"@id\":\"https:\/\/kinnunen.fi\/tuote\/laborpro-upgrade-rolling-kiharrin-eri-kokoja\/#primaryimage\"},\"image\":{\"@id\":\"https:\/\/kinnunen.fi\/tuote\/laborpro-upgrade-rolling-kiharrin-eri-kokoja\/#primaryimage\"},\"thumbnailUrl\":\"https:\/\/kinnunen.fi\/wp-content\/uploads\/2024\/01\/Upgrade_Rolling.jpg\",\"datePublished\":\"2024-02-07T05:59:03+00:00\",\"dateModified\":\"2026-04-29T01:00:39+00:00\",\"breadcrumb\":{\"@id\":\"https:\/\/kinnunen.fi\/tuote\/laborpro-upgrade-rolling-kiharrin-eri-kokoja\/#breadcrumb\"},\"inLanguage\":\"en-GB\",\"potentialAction\":[{\"@type\":\"ReadAction\",\"target\":[\"https:\/\/kinnunen.fi\/tuote\/laborpro-upgrade-rolling-kiharrin-eri-kokoja\/\"]}]},{\"@type\":\"ImageObject\",\"inLanguage\":\"en-GB\",\"@id\":\"https:\/\/kinnunen.fi\/tuote\/laborpro-upgrade-rolling-kiharrin-eri-kokoja\/#primaryimage\",\"url\":\"https:\/\/kinnunen.fi\/wp-content\/uploads\/2024\/01\/Upgrade_Rolling.jpg\",\"contentUrl\":\"https:\/\/kinnunen.fi\/wp-content\/uploads\/2024\/01\/Upgrade_Rolling.jpg\",\"width\":1000,\"height\":1000},{\"@type\":\"BreadcrumbList\",\"@id\":\"https:\/\/kinnunen.fi\/tuote\/laborpro-upgrade-rolling-kiharrin-eri-kokoja\/#breadcrumb\",\"itemListElement\":[{\"@type\":\"ListItem\",\"position\":1,\"name\":\"Etusivu\",\"item\":\"https:\/\/kinnunen.fi\/\"},{\"@type\":\"ListItem\",\"position\":2,\"name\":\"Kaikki tuotteet\",\"item\":\"https:\/\/kinnunen.fi\/kauppa\/\"},{\"@type\":\"ListItem\",\"position\":3,\"name\":\"Koneet ja s\u00e4hk\u00f6laitteet\",\"item\":\"https:\/\/kinnunen.fi\/tuote-osasto\/koneet-ja-laitteet\/\"},{\"@type\":\"ListItem\",\"position\":4,\"name\":\"LaborPro Upgrade Rolling -kiharrin, eri kokoja\"}]},{\"@type\":\"WebSite\",\"@id\":\"https:\/\/kinnunen.fi\/#website\",\"url\":\"https:\/\/kinnunen.fi\/\",\"name\":\"Kinnunen\",\"description\":\"\",\"potentialAction\":[{\"@type\":\"SearchAction\",\"target\":{\"@type\":\"EntryPoint\",\"urlTemplate\":\"https:\/\/kinnunen.fi\/?s={search_term_string}\"},\"query-input\":\"required name=search_term_string\"}],\"inLanguage\":\"en-GB\"}]}<\/script>\n<!-- \/ Yoast SEO plugin. -->","yoast_head_json":{"title":"LaborPro Upgrade Rolling -kiharrin, eri kokoja - Kinnunen","robots":{"index":"index","follow":"follow","max-snippet":"max-snippet:-1","max-image-preview":"max-image-preview:large","max-video-preview":"max-video-preview:-1"},"canonical":"https:\/\/kinnunen.fi\/en\/product\/laborpro-upgrade-rolling-kiharrin-eri-kokoja\/","og_locale":"en_GB","og_type":"article","og_title":"LaborPro Upgrade Rolling -kiharrin, eri kokoja - Kinnunen","og_description":"Luo t\u00e4ydelliset kiharat ja laineet ilman ranteen rasitusta nopeasti ja helposti Rolling -py\u00f6riv\u00e4n kihartimen avulla. Hiukset kiedotaan helposti ja turvallisesti kiharrinpuikolle yhdell\u00e4 k\u00e4dell\u00e4, nopealla ja yksinkertaisella peukalon ja etusormen liikkeell\u00e4. Kiharasta tulee tasainen aina tyvest\u00e4 latvaan asti, kun my\u00f6s latva kietoutuu kiharrinpuikolle t\u00e4ydellisesti.  \u2666 Ergonominen, eritt\u00e4in miellytt\u00e4v\u00e4 ja helppo k\u00e4ytt\u00e4\u00e4. \u2666 T\u00e4ydellinen valinta my\u00f6s aloitteleville kampauksen tekij\u00f6ille: kiharoiden ja laineiden luominen ei ole koskaan ollut n\u00e4in helppoa! \u2666 360\u00b0 py\u00f6riv\u00e4 runko, jota voi py\u00f6ritt\u00e4\u00e4 kahdella sormella. \u2666 Kihartimessa on Teflon-nauha, joka osoittaa, kun haluttu l\u00e4mp\u00f6tila on saavutettu: punainen on kuuma | valkoinen on kylm\u00e4 \u2666 V\u00e4hent\u00e4\u00e4 kampauksen tekoon kuluvaa aikaa jopa 40 % tavalliseen kihartimeen verrattuna. \u2666 Titan-pinnoitettu takaa tasaisen l\u00e4mm\u00f6n \u2666 Anti-slip\/Anti-scald -pinnoite est\u00e4\u00e4 laitteen liukumisen vaikka k\u00e4tesi olisivat m\u00e4r\u00e4t ja suojelee palovammoilta \u2666 Digitaalin\u00e4ytt\u00f6, jolla voi s\u00e4\u00e4t\u00e4\u00e4 l\u00e4mp\u00f6tilan maksimissaan 210 \u00b0C \u2666 Kolme eri halkaisijaa: 19, 22, 28 mm","og_url":"https:\/\/kinnunen.fi\/en\/product\/laborpro-upgrade-rolling-kiharrin-eri-kokoja\/","og_site_name":"Kinnunen","article_modified_time":"2026-04-29T01:00:39+00:00","og_image":[{"width":1000,"height":1000,"url":"https:\/\/kinnunen.fi\/wp-content\/uploads\/2024\/01\/Upgrade_Rolling.jpg","type":"image\/jpeg"}],"twitter_card":"summary_large_image","schema":{"@context":"https:\/\/schema.org","@graph":[{"@type":"WebPage","@id":"https:\/\/kinnunen.fi\/tuote\/laborpro-upgrade-rolling-kiharrin-eri-kokoja\/","url":"https:\/\/kinnunen.fi\/tuote\/laborpro-upgrade-rolling-kiharrin-eri-kokoja\/","name":"LaborPro Upgrade Rolling -kiharrin, eri kokoja - Kinnunen","isPartOf":{"@id":"https:\/\/kinnunen.fi\/#website"},"primaryImageOfPage":{"@id":"https:\/\/kinnunen.fi\/tuote\/laborpro-upgrade-rolling-kiharrin-eri-kokoja\/#primaryimage"},"image":{"@id":"https:\/\/kinnunen.fi\/tuote\/laborpro-upgrade-rolling-kiharrin-eri-kokoja\/#primaryimage"},"thumbnailUrl":"https:\/\/kinnunen.fi\/wp-content\/uploads\/2024\/01\/Upgrade_Rolling.jpg","datePublished":"2024-02-07T05:59:03+00:00","dateModified":"2026-04-29T01:00:39+00:00","breadcrumb":{"@id":"https:\/\/kinnunen.fi\/tuote\/laborpro-upgrade-rolling-kiharrin-eri-kokoja\/#breadcrumb"},"inLanguage":"en-GB","potentialAction":[{"@type":"ReadAction","target":["https:\/\/kinnunen.fi\/tuote\/laborpro-upgrade-rolling-kiharrin-eri-kokoja\/"]}]},{"@type":"ImageObject","inLanguage":"en-GB","@id":"https:\/\/kinnunen.fi\/tuote\/laborpro-upgrade-rolling-kiharrin-eri-kokoja\/#primaryimage","url":"https:\/\/kinnunen.fi\/wp-content\/uploads\/2024\/01\/Upgrade_Rolling.jpg","contentUrl":"https:\/\/kinnunen.fi\/wp-content\/uploads\/2024\/01\/Upgrade_Rolling.jpg","width":1000,"height":1000},{"@type":"BreadcrumbList","@id":"https:\/\/kinnunen.fi\/tuote\/laborpro-upgrade-rolling-kiharrin-eri-kokoja\/#breadcrumb","itemListElement":[{"@type":"ListItem","position":1,"name":"Etusivu","item":"https:\/\/kinnunen.fi\/"},{"@type":"ListItem","position":2,"name":"Kaikki tuotteet","item":"https:\/\/kinnunen.fi\/kauppa\/"},{"@type":"ListItem","position":3,"name":"Koneet ja s\u00e4hk\u00f6laitteet","item":"https:\/\/kinnunen.fi\/tuote-osasto\/koneet-ja-laitteet\/"},{"@type":"ListItem","position":4,"name":"LaborPro Upgrade Rolling -kiharrin, eri kokoja"}]},{"@type":"WebSite","@id":"https:\/\/kinnunen.fi\/#website","url":"https:\/\/kinnunen.fi\/","name":"Kinnunen","description":"","potentialAction":[{"@type":"SearchAction","target":{"@type":"EntryPoint","urlTemplate":"https:\/\/kinnunen.fi\/?s={search_term_string}"},"query-input":"required name=search_term_string"}],"inLanguage":"en-GB"}]}},"_links":{"self":[{"href":"https:\/\/kinnunen.fi\/en\/wp-json\/wp\/v2\/product\/34417"}],"collection":[{"href":"https:\/\/kinnunen.fi\/en\/wp-json\/wp\/v2\/product"}],"about":[{"href":"https:\/\/kinnunen.fi\/en\/wp-json\/wp\/v2\/types\/product"}],"replies":[{"embeddable":true,"href":"https:\/\/kinnunen.fi\/en\/wp-json\/wp\/v2\/comments?post=34417"}],"wp:featuredmedia":[{"embeddable":true,"href":"https:\/\/kinnunen.fi\/en\/wp-json\/wp\/v2\/media\/34336"}],"wp:attachment":[{"href":"https:\/\/kinnunen.fi\/en\/wp-json\/wp\/v2\/media?parent=34417"}],"wp:term":[{"taxonomy":"product_cat","embeddable":true,"href":"https:\/\/kinnunen.fi\/en\/wp-json\/wp\/v2\/product_cat?post=34417"},{"taxonomy":"product_tag","embeddable":true,"href":"https:\/\/kinnunen.fi\/en\/wp-json\/wp\/v2\/product_tag?post=34417"}],"curies":[{"name":"wp","href":"https:\/\/api.w.org\/{rel}","templated":true}]}}