

{"id":34769,"date":"2024-02-13T13:14:59","date_gmt":"2024-02-13T11:14:59","guid":{"rendered":"https:\/\/kinnunen.fi\/?post_type=product&#038;p=34769"},"modified":"2026-04-30T04:00:31","modified_gmt":"2026-04-30T01:00:31","slug":"mini-mascara-wand-100-kpl","status":"publish","type":"product","link":"https:\/\/kinnunen.fi\/en\/product\/mini-mascara-wand-100-kpl\/","title":{"rendered":"Mini Mascara Wand, 100 kpl, Pro Lash Toolin kanssa k\u00e4ytett\u00e4v\u00e4"},"content":{"rendered":"<p>The hygienic and disposable Mini Mascara Wands are suitable for separating lashes. These twist brushes are used in the eyelash extension stage to remove the lint and separate the lashes. The brushes can be used for <a href=\"https:\/\/kinnunen.fi\/en\/product\/pro-lash-tool-monitoimityovaline\/\">Pro Lash Tool<\/a> and Lash &amp; Brow tools. 100 pieces per pack.<\/p>","protected":false},"excerpt":{"rendered":"<p>Hygieeniset ja kertak\u00e4ytt\u00f6iset Mini Mascara Wands- kierreharjat soveltuvat ripsien erotteluun. N\u00e4it\u00e4 kierreharjoja k\u00e4ytet\u00e4\u00e4n ripsienpidennyksen ty\u00f6vaiheessa nukan poistamiseksi sek\u00e4 ripsien erottelemiseksi.&hellip;<\/p>","protected":false},"featured_media":34867,"comment_status":"open","ping_status":"closed","template":"","meta":{"_relevanssi_hide_post":"","_relevanssi_pin_for_all":"","_relevanssi_pin_keywords":"","_relevanssi_unpin_keywords":"","_relevanssi_related_keywords":"","_relevanssi_related_include_ids":"","_relevanssi_related_exclude_ids":"","_relevanssi_related_no_append":"","_relevanssi_related_not_related":"","_relevanssi_related_posts":"","_relevanssi_noindex_reason":""},"product_cat":[1852,1859],"product_tag":[],"class_list":["post-34769","product","type-product","status-publish","has-post-thumbnail","hentry","product_cat-ripset-ja-kulmat","product_cat-tyovalineet","tuotemerkki-nouveau-lashes"],"tuotemerkit":[{"term_id":323,"name":"Nouveau Lashes","slug":"nouveau-lashes","term_group":0,"term_taxonomy_id":323,"taxonomy":"tuotemerkki","description":"","parent":0,"count":72,"filter":"raw"}],"acf":[],"yoast_head":"<!-- This site is optimized with the Yoast SEO plugin v23.3 - https:\/\/yoast.com\/wordpress\/plugins\/seo\/ -->\n<title>Mini Mascara Wand, 100 kpl, Pro Lash Toolin kanssa k\u00e4ytett\u00e4v\u00e4 - Kinnunen<\/title>\n<meta name=\"robots\" content=\"index, follow, max-snippet:-1, max-image-preview:large, max-video-preview:-1\" \/>\n<link rel=\"canonical\" href=\"https:\/\/kinnunen.fi\/en\/product\/mini-mascara-wand-100-kpl\/\" \/>\n<meta property=\"og:locale\" content=\"en_GB\" \/>\n<meta property=\"og:type\" content=\"article\" \/>\n<meta property=\"og:title\" content=\"Mini Mascara Wand, 100 kpl, Pro Lash Toolin kanssa k\u00e4ytett\u00e4v\u00e4 - Kinnunen\" \/>\n<meta property=\"og:description\" content=\"Hygieeniset ja kertak\u00e4ytt\u00f6iset Mini Mascara Wands- kierreharjat soveltuvat ripsien erotteluun. N\u00e4it\u00e4 kierreharjoja k\u00e4ytet\u00e4\u00e4n ripsienpidennyksen ty\u00f6vaiheessa nukan poistamiseksi sek\u00e4 ripsien erottelemiseksi.&hellip;\" \/>\n<meta property=\"og:url\" content=\"https:\/\/kinnunen.fi\/en\/product\/mini-mascara-wand-100-kpl\/\" \/>\n<meta property=\"og:site_name\" content=\"Kinnunen\" \/>\n<meta property=\"article:modified_time\" content=\"2026-04-30T01:00:31+00:00\" \/>\n<meta property=\"og:image\" content=\"https:\/\/kinnunen.fi\/wp-content\/uploads\/2024\/02\/NL3MW100_mini_mascara_wands.jpg\" \/>\n\t<meta property=\"og:image:width\" content=\"1040\" \/>\n\t<meta property=\"og:image:height\" content=\"1040\" \/>\n\t<meta property=\"og:image:type\" content=\"image\/jpeg\" \/>\n<meta name=\"twitter:card\" content=\"summary_large_image\" \/>\n<script type=\"application\/ld+json\" class=\"yoast-schema-graph\">{\"@context\":\"https:\/\/schema.org\",\"@graph\":[{\"@type\":\"WebPage\",\"@id\":\"https:\/\/kinnunen.fi\/tuote\/mini-mascara-wand-100-kpl\/\",\"url\":\"https:\/\/kinnunen.fi\/tuote\/mini-mascara-wand-100-kpl\/\",\"name\":\"Mini Mascara Wand, 100 kpl, Pro Lash Toolin kanssa k\u00e4ytett\u00e4v\u00e4 - Kinnunen\",\"isPartOf\":{\"@id\":\"https:\/\/kinnunen.fi\/#website\"},\"primaryImageOfPage\":{\"@id\":\"https:\/\/kinnunen.fi\/tuote\/mini-mascara-wand-100-kpl\/#primaryimage\"},\"image\":{\"@id\":\"https:\/\/kinnunen.fi\/tuote\/mini-mascara-wand-100-kpl\/#primaryimage\"},\"thumbnailUrl\":\"https:\/\/kinnunen.fi\/wp-content\/uploads\/2024\/02\/NL3MW100_mini_mascara_wands.jpg\",\"datePublished\":\"2024-02-13T11:14:59+00:00\",\"dateModified\":\"2026-04-30T01:00:31+00:00\",\"breadcrumb\":{\"@id\":\"https:\/\/kinnunen.fi\/tuote\/mini-mascara-wand-100-kpl\/#breadcrumb\"},\"inLanguage\":\"en-GB\",\"potentialAction\":[{\"@type\":\"ReadAction\",\"target\":[\"https:\/\/kinnunen.fi\/tuote\/mini-mascara-wand-100-kpl\/\"]}]},{\"@type\":\"ImageObject\",\"inLanguage\":\"en-GB\",\"@id\":\"https:\/\/kinnunen.fi\/tuote\/mini-mascara-wand-100-kpl\/#primaryimage\",\"url\":\"https:\/\/kinnunen.fi\/wp-content\/uploads\/2024\/02\/NL3MW100_mini_mascara_wands.jpg\",\"contentUrl\":\"https:\/\/kinnunen.fi\/wp-content\/uploads\/2024\/02\/NL3MW100_mini_mascara_wands.jpg\",\"width\":1040,\"height\":1040},{\"@type\":\"BreadcrumbList\",\"@id\":\"https:\/\/kinnunen.fi\/tuote\/mini-mascara-wand-100-kpl\/#breadcrumb\",\"itemListElement\":[{\"@type\":\"ListItem\",\"position\":1,\"name\":\"Etusivu\",\"item\":\"https:\/\/kinnunen.fi\/\"},{\"@type\":\"ListItem\",\"position\":2,\"name\":\"Kaikki tuotteet\",\"item\":\"https:\/\/kinnunen.fi\/kauppa\/\"},{\"@type\":\"ListItem\",\"position\":3,\"name\":\"Kauneudenhoito\",\"item\":\"https:\/\/kinnunen.fi\/tuote-osasto\/kauneudenhoito\/\"},{\"@type\":\"ListItem\",\"position\":4,\"name\":\"Ripset ja kulmat\",\"item\":\"https:\/\/kinnunen.fi\/tuote-osasto\/kauneudenhoito\/ripset-ja-kulmat\/\"},{\"@type\":\"ListItem\",\"position\":5,\"name\":\"Mini Mascara Wand, 100 kpl, Pro Lash Toolin kanssa k\u00e4ytett\u00e4v\u00e4\"}]},{\"@type\":\"WebSite\",\"@id\":\"https:\/\/kinnunen.fi\/#website\",\"url\":\"https:\/\/kinnunen.fi\/\",\"name\":\"Kinnunen\",\"description\":\"\",\"potentialAction\":[{\"@type\":\"SearchAction\",\"target\":{\"@type\":\"EntryPoint\",\"urlTemplate\":\"https:\/\/kinnunen.fi\/?s={search_term_string}\"},\"query-input\":\"required name=search_term_string\"}],\"inLanguage\":\"en-GB\"}]}<\/script>\n<!-- \/ Yoast SEO plugin. -->","yoast_head_json":{"title":"Mini Mascara Wand, 100 kpl, Pro Lash Toolin kanssa k\u00e4ytett\u00e4v\u00e4 - Kinnunen","robots":{"index":"index","follow":"follow","max-snippet":"max-snippet:-1","max-image-preview":"max-image-preview:large","max-video-preview":"max-video-preview:-1"},"canonical":"https:\/\/kinnunen.fi\/en\/product\/mini-mascara-wand-100-kpl\/","og_locale":"en_GB","og_type":"article","og_title":"Mini Mascara Wand, 100 kpl, Pro Lash Toolin kanssa k\u00e4ytett\u00e4v\u00e4 - Kinnunen","og_description":"Hygieeniset ja kertak\u00e4ytt\u00f6iset Mini Mascara Wands- kierreharjat soveltuvat ripsien erotteluun. N\u00e4it\u00e4 kierreharjoja k\u00e4ytet\u00e4\u00e4n ripsienpidennyksen ty\u00f6vaiheessa nukan poistamiseksi sek\u00e4 ripsien erottelemiseksi.&hellip;","og_url":"https:\/\/kinnunen.fi\/en\/product\/mini-mascara-wand-100-kpl\/","og_site_name":"Kinnunen","article_modified_time":"2026-04-30T01:00:31+00:00","og_image":[{"width":1040,"height":1040,"url":"https:\/\/kinnunen.fi\/wp-content\/uploads\/2024\/02\/NL3MW100_mini_mascara_wands.jpg","type":"image\/jpeg"}],"twitter_card":"summary_large_image","schema":{"@context":"https:\/\/schema.org","@graph":[{"@type":"WebPage","@id":"https:\/\/kinnunen.fi\/tuote\/mini-mascara-wand-100-kpl\/","url":"https:\/\/kinnunen.fi\/tuote\/mini-mascara-wand-100-kpl\/","name":"Mini Mascara Wand, 100 kpl, Pro Lash Toolin kanssa k\u00e4ytett\u00e4v\u00e4 - Kinnunen","isPartOf":{"@id":"https:\/\/kinnunen.fi\/#website"},"primaryImageOfPage":{"@id":"https:\/\/kinnunen.fi\/tuote\/mini-mascara-wand-100-kpl\/#primaryimage"},"image":{"@id":"https:\/\/kinnunen.fi\/tuote\/mini-mascara-wand-100-kpl\/#primaryimage"},"thumbnailUrl":"https:\/\/kinnunen.fi\/wp-content\/uploads\/2024\/02\/NL3MW100_mini_mascara_wands.jpg","datePublished":"2024-02-13T11:14:59+00:00","dateModified":"2026-04-30T01:00:31+00:00","breadcrumb":{"@id":"https:\/\/kinnunen.fi\/tuote\/mini-mascara-wand-100-kpl\/#breadcrumb"},"inLanguage":"en-GB","potentialAction":[{"@type":"ReadAction","target":["https:\/\/kinnunen.fi\/tuote\/mini-mascara-wand-100-kpl\/"]}]},{"@type":"ImageObject","inLanguage":"en-GB","@id":"https:\/\/kinnunen.fi\/tuote\/mini-mascara-wand-100-kpl\/#primaryimage","url":"https:\/\/kinnunen.fi\/wp-content\/uploads\/2024\/02\/NL3MW100_mini_mascara_wands.jpg","contentUrl":"https:\/\/kinnunen.fi\/wp-content\/uploads\/2024\/02\/NL3MW100_mini_mascara_wands.jpg","width":1040,"height":1040},{"@type":"BreadcrumbList","@id":"https:\/\/kinnunen.fi\/tuote\/mini-mascara-wand-100-kpl\/#breadcrumb","itemListElement":[{"@type":"ListItem","position":1,"name":"Etusivu","item":"https:\/\/kinnunen.fi\/"},{"@type":"ListItem","position":2,"name":"Kaikki tuotteet","item":"https:\/\/kinnunen.fi\/kauppa\/"},{"@type":"ListItem","position":3,"name":"Kauneudenhoito","item":"https:\/\/kinnunen.fi\/tuote-osasto\/kauneudenhoito\/"},{"@type":"ListItem","position":4,"name":"Ripset ja kulmat","item":"https:\/\/kinnunen.fi\/tuote-osasto\/kauneudenhoito\/ripset-ja-kulmat\/"},{"@type":"ListItem","position":5,"name":"Mini Mascara Wand, 100 kpl, Pro Lash Toolin kanssa k\u00e4ytett\u00e4v\u00e4"}]},{"@type":"WebSite","@id":"https:\/\/kinnunen.fi\/#website","url":"https:\/\/kinnunen.fi\/","name":"Kinnunen","description":"","potentialAction":[{"@type":"SearchAction","target":{"@type":"EntryPoint","urlTemplate":"https:\/\/kinnunen.fi\/?s={search_term_string}"},"query-input":"required name=search_term_string"}],"inLanguage":"en-GB"}]}},"_links":{"self":[{"href":"https:\/\/kinnunen.fi\/en\/wp-json\/wp\/v2\/product\/34769"}],"collection":[{"href":"https:\/\/kinnunen.fi\/en\/wp-json\/wp\/v2\/product"}],"about":[{"href":"https:\/\/kinnunen.fi\/en\/wp-json\/wp\/v2\/types\/product"}],"replies":[{"embeddable":true,"href":"https:\/\/kinnunen.fi\/en\/wp-json\/wp\/v2\/comments?post=34769"}],"wp:featuredmedia":[{"embeddable":true,"href":"https:\/\/kinnunen.fi\/en\/wp-json\/wp\/v2\/media\/34867"}],"wp:attachment":[{"href":"https:\/\/kinnunen.fi\/en\/wp-json\/wp\/v2\/media?parent=34769"}],"wp:term":[{"taxonomy":"product_cat","embeddable":true,"href":"https:\/\/kinnunen.fi\/en\/wp-json\/wp\/v2\/product_cat?post=34769"},{"taxonomy":"product_tag","embeddable":true,"href":"https:\/\/kinnunen.fi\/en\/wp-json\/wp\/v2\/product_tag?post=34769"}],"curies":[{"name":"wp","href":"https:\/\/api.w.org\/{rel}","templated":true}]}}