

{"id":35033,"date":"2024-03-04T09:43:52","date_gmt":"2024-03-04T07:43:52","guid":{"rendered":"https:\/\/kinnunen.fi\/?post_type=product&#038;p=35033"},"modified":"2026-04-18T04:00:24","modified_gmt":"2026-04-18T01:00:24","slug":"denman-d3-juhlaharja","status":"publish","type":"product","link":"https:\/\/kinnunen.fi\/en\/product\/denman-d3-juhlaharja\/","title":{"rendered":"Denman D3 party brush"},"content":{"rendered":"","protected":false},"excerpt":{"rendered":"<p>The Denman Classic D3 multi-purpose brush with rounded nylon tips is designed for blow-drying, styling, detangling, separating curls and smoothing hair. The brush has 7 rows of spikes which can be removed if necessary. This makes the brush thinner and suitable for the much talked about Curly Girl method. The unique tear-drop handle brings comfort and balance thanks to its longer, rounded shape. The brush is highly heat resistant. This party brush version features the Kinnunen 50th anniversary logo on the back of the brush.<\/p>","protected":false},"featured_media":14344,"comment_status":"closed","ping_status":"closed","template":"","meta":{"_relevanssi_hide_post":"","_relevanssi_pin_for_all":"","_relevanssi_pin_keywords":"","_relevanssi_unpin_keywords":"","_relevanssi_related_keywords":"","_relevanssi_related_include_ids":"","_relevanssi_related_exclude_ids":"","_relevanssi_related_no_append":"","_relevanssi_related_not_related":"","_relevanssi_related_posts":"","_relevanssi_noindex_reason":""},"product_cat":[1790,1793,1792],"product_tag":[],"class_list":["post-35033","product","type-product","status-publish","has-post-thumbnail","hentry","product_cat-harjat-ja-kammat","product_cat-foonausharjat","product_cat-selvitys-ja-aukikampausharjat","tuotemerkki-denman"],"tuotemerkit":[{"term_id":197,"name":"Denman","slug":"denman","term_group":0,"term_taxonomy_id":197,"taxonomy":"tuotemerkki","description":"","parent":0,"count":34,"filter":"raw"}],"acf":[],"yoast_head":"<!-- This site is optimized with the Yoast SEO plugin v23.3 - https:\/\/yoast.com\/wordpress\/plugins\/seo\/ -->\n<title>Denman D3 -juhlaharja - Kinnunen<\/title>\n<meta name=\"robots\" content=\"index, follow, max-snippet:-1, max-image-preview:large, max-video-preview:-1\" \/>\n<link rel=\"canonical\" href=\"https:\/\/kinnunen.fi\/en\/product\/denman-d3-juhlaharja\/\" \/>\n<meta property=\"og:locale\" content=\"en_GB\" \/>\n<meta property=\"og:type\" content=\"article\" \/>\n<meta property=\"og:title\" content=\"Denman D3 -juhlaharja - Kinnunen\" \/>\n<meta property=\"og:description\" content=\"Denman klasikko D3 -monitoimiharja py\u00f6ristetyill\u00e4 nylonpiikeill\u00e4 on suunniteltu niin f\u00f6\u00f6naukseen, hiusten muotoiluun, selvitt\u00e4miseen, kiharoiden erotteluun kuin hiusten silottamiseen. Harjassa on 7 piikkirivi\u00e4, joita voidaan tarvittaessa poistaa. N\u00e4in harjasta saadaan harvempi, ja harja soveltuu paljon puhuttuun Curly Girl- metodiin. Ainutlaatuinen tear-drop -kahva tuo mukavuutta ja tasapainoa sen pidemm\u00e4n ja py\u00f6ristetyn muodon ansiosta. Harja kest\u00e4\u00e4 hyvin kuumuutta. T\u00e4ss\u00e4 juhlaharja versiossa on Kinnunen 50v -juhlalogo harjan selk\u00e4puolella.\" \/>\n<meta property=\"og:url\" content=\"https:\/\/kinnunen.fi\/en\/product\/denman-d3-juhlaharja\/\" \/>\n<meta property=\"og:site_name\" content=\"Kinnunen\" \/>\n<meta property=\"article:modified_time\" content=\"2026-04-18T01:00:24+00:00\" \/>\n<meta property=\"og:image\" content=\"https:\/\/kinnunen.fi\/wp-content\/uploads\/2021\/10\/Denman_D3.jpg\" \/>\n\t<meta property=\"og:image:width\" content=\"1000\" \/>\n\t<meta property=\"og:image:height\" content=\"1000\" \/>\n\t<meta property=\"og:image:type\" content=\"image\/jpeg\" \/>\n<meta name=\"twitter:card\" content=\"summary_large_image\" \/>\n<script type=\"application\/ld+json\" class=\"yoast-schema-graph\">{\"@context\":\"https:\/\/schema.org\",\"@graph\":[{\"@type\":\"WebPage\",\"@id\":\"https:\/\/kinnunen.fi\/tuote\/denman-d3-juhlaharja\/\",\"url\":\"https:\/\/kinnunen.fi\/tuote\/denman-d3-juhlaharja\/\",\"name\":\"Denman D3 -juhlaharja - Kinnunen\",\"isPartOf\":{\"@id\":\"https:\/\/kinnunen.fi\/#website\"},\"primaryImageOfPage\":{\"@id\":\"https:\/\/kinnunen.fi\/tuote\/denman-d3-juhlaharja\/#primaryimage\"},\"image\":{\"@id\":\"https:\/\/kinnunen.fi\/tuote\/denman-d3-juhlaharja\/#primaryimage\"},\"thumbnailUrl\":\"https:\/\/kinnunen.fi\/wp-content\/uploads\/2021\/10\/Denman_D3.jpg\",\"datePublished\":\"2024-03-04T07:43:52+00:00\",\"dateModified\":\"2026-04-18T01:00:24+00:00\",\"breadcrumb\":{\"@id\":\"https:\/\/kinnunen.fi\/tuote\/denman-d3-juhlaharja\/#breadcrumb\"},\"inLanguage\":\"en-GB\",\"potentialAction\":[{\"@type\":\"ReadAction\",\"target\":[\"https:\/\/kinnunen.fi\/tuote\/denman-d3-juhlaharja\/\"]}]},{\"@type\":\"ImageObject\",\"inLanguage\":\"en-GB\",\"@id\":\"https:\/\/kinnunen.fi\/tuote\/denman-d3-juhlaharja\/#primaryimage\",\"url\":\"https:\/\/kinnunen.fi\/wp-content\/uploads\/2021\/10\/Denman_D3.jpg\",\"contentUrl\":\"https:\/\/kinnunen.fi\/wp-content\/uploads\/2021\/10\/Denman_D3.jpg\",\"width\":1000,\"height\":1000},{\"@type\":\"BreadcrumbList\",\"@id\":\"https:\/\/kinnunen.fi\/tuote\/denman-d3-juhlaharja\/#breadcrumb\",\"itemListElement\":[{\"@type\":\"ListItem\",\"position\":1,\"name\":\"Etusivu\",\"item\":\"https:\/\/kinnunen.fi\/\"},{\"@type\":\"ListItem\",\"position\":2,\"name\":\"Kaikki tuotteet\",\"item\":\"https:\/\/kinnunen.fi\/kauppa\/\"},{\"@type\":\"ListItem\",\"position\":3,\"name\":\"Tarvikkeet\",\"item\":\"https:\/\/kinnunen.fi\/tuote-osasto\/tarvikkeet\/\"},{\"@type\":\"ListItem\",\"position\":4,\"name\":\"Harjat ja kammat\",\"item\":\"https:\/\/kinnunen.fi\/tuote-osasto\/tarvikkeet\/harjat-ja-kammat\/\"},{\"@type\":\"ListItem\",\"position\":5,\"name\":\"Denman D3 -juhlaharja\"}]},{\"@type\":\"WebSite\",\"@id\":\"https:\/\/kinnunen.fi\/#website\",\"url\":\"https:\/\/kinnunen.fi\/\",\"name\":\"Kinnunen\",\"description\":\"\",\"potentialAction\":[{\"@type\":\"SearchAction\",\"target\":{\"@type\":\"EntryPoint\",\"urlTemplate\":\"https:\/\/kinnunen.fi\/?s={search_term_string}\"},\"query-input\":\"required name=search_term_string\"}],\"inLanguage\":\"en-GB\"}]}<\/script>\n<!-- \/ Yoast SEO plugin. -->","yoast_head_json":{"title":"Denman D3 -juhlaharja - Kinnunen","robots":{"index":"index","follow":"follow","max-snippet":"max-snippet:-1","max-image-preview":"max-image-preview:large","max-video-preview":"max-video-preview:-1"},"canonical":"https:\/\/kinnunen.fi\/en\/product\/denman-d3-juhlaharja\/","og_locale":"en_GB","og_type":"article","og_title":"Denman D3 -juhlaharja - Kinnunen","og_description":"Denman klasikko D3 -monitoimiharja py\u00f6ristetyill\u00e4 nylonpiikeill\u00e4 on suunniteltu niin f\u00f6\u00f6naukseen, hiusten muotoiluun, selvitt\u00e4miseen, kiharoiden erotteluun kuin hiusten silottamiseen. Harjassa on 7 piikkirivi\u00e4, joita voidaan tarvittaessa poistaa. N\u00e4in harjasta saadaan harvempi, ja harja soveltuu paljon puhuttuun Curly Girl- metodiin. Ainutlaatuinen tear-drop -kahva tuo mukavuutta ja tasapainoa sen pidemm\u00e4n ja py\u00f6ristetyn muodon ansiosta. Harja kest\u00e4\u00e4 hyvin kuumuutta. T\u00e4ss\u00e4 juhlaharja versiossa on Kinnunen 50v -juhlalogo harjan selk\u00e4puolella.","og_url":"https:\/\/kinnunen.fi\/en\/product\/denman-d3-juhlaharja\/","og_site_name":"Kinnunen","article_modified_time":"2026-04-18T01:00:24+00:00","og_image":[{"width":1000,"height":1000,"url":"https:\/\/kinnunen.fi\/wp-content\/uploads\/2021\/10\/Denman_D3.jpg","type":"image\/jpeg"}],"twitter_card":"summary_large_image","schema":{"@context":"https:\/\/schema.org","@graph":[{"@type":"WebPage","@id":"https:\/\/kinnunen.fi\/tuote\/denman-d3-juhlaharja\/","url":"https:\/\/kinnunen.fi\/tuote\/denman-d3-juhlaharja\/","name":"Denman D3 -juhlaharja - Kinnunen","isPartOf":{"@id":"https:\/\/kinnunen.fi\/#website"},"primaryImageOfPage":{"@id":"https:\/\/kinnunen.fi\/tuote\/denman-d3-juhlaharja\/#primaryimage"},"image":{"@id":"https:\/\/kinnunen.fi\/tuote\/denman-d3-juhlaharja\/#primaryimage"},"thumbnailUrl":"https:\/\/kinnunen.fi\/wp-content\/uploads\/2021\/10\/Denman_D3.jpg","datePublished":"2024-03-04T07:43:52+00:00","dateModified":"2026-04-18T01:00:24+00:00","breadcrumb":{"@id":"https:\/\/kinnunen.fi\/tuote\/denman-d3-juhlaharja\/#breadcrumb"},"inLanguage":"en-GB","potentialAction":[{"@type":"ReadAction","target":["https:\/\/kinnunen.fi\/tuote\/denman-d3-juhlaharja\/"]}]},{"@type":"ImageObject","inLanguage":"en-GB","@id":"https:\/\/kinnunen.fi\/tuote\/denman-d3-juhlaharja\/#primaryimage","url":"https:\/\/kinnunen.fi\/wp-content\/uploads\/2021\/10\/Denman_D3.jpg","contentUrl":"https:\/\/kinnunen.fi\/wp-content\/uploads\/2021\/10\/Denman_D3.jpg","width":1000,"height":1000},{"@type":"BreadcrumbList","@id":"https:\/\/kinnunen.fi\/tuote\/denman-d3-juhlaharja\/#breadcrumb","itemListElement":[{"@type":"ListItem","position":1,"name":"Etusivu","item":"https:\/\/kinnunen.fi\/"},{"@type":"ListItem","position":2,"name":"Kaikki tuotteet","item":"https:\/\/kinnunen.fi\/kauppa\/"},{"@type":"ListItem","position":3,"name":"Tarvikkeet","item":"https:\/\/kinnunen.fi\/tuote-osasto\/tarvikkeet\/"},{"@type":"ListItem","position":4,"name":"Harjat ja kammat","item":"https:\/\/kinnunen.fi\/tuote-osasto\/tarvikkeet\/harjat-ja-kammat\/"},{"@type":"ListItem","position":5,"name":"Denman D3 -juhlaharja"}]},{"@type":"WebSite","@id":"https:\/\/kinnunen.fi\/#website","url":"https:\/\/kinnunen.fi\/","name":"Kinnunen","description":"","potentialAction":[{"@type":"SearchAction","target":{"@type":"EntryPoint","urlTemplate":"https:\/\/kinnunen.fi\/?s={search_term_string}"},"query-input":"required name=search_term_string"}],"inLanguage":"en-GB"}]}},"_links":{"self":[{"href":"https:\/\/kinnunen.fi\/en\/wp-json\/wp\/v2\/product\/35033"}],"collection":[{"href":"https:\/\/kinnunen.fi\/en\/wp-json\/wp\/v2\/product"}],"about":[{"href":"https:\/\/kinnunen.fi\/en\/wp-json\/wp\/v2\/types\/product"}],"replies":[{"embeddable":true,"href":"https:\/\/kinnunen.fi\/en\/wp-json\/wp\/v2\/comments?post=35033"}],"wp:featuredmedia":[{"embeddable":true,"href":"https:\/\/kinnunen.fi\/en\/wp-json\/wp\/v2\/media\/14344"}],"wp:attachment":[{"href":"https:\/\/kinnunen.fi\/en\/wp-json\/wp\/v2\/media?parent=35033"}],"wp:term":[{"taxonomy":"product_cat","embeddable":true,"href":"https:\/\/kinnunen.fi\/en\/wp-json\/wp\/v2\/product_cat?post=35033"},{"taxonomy":"product_tag","embeddable":true,"href":"https:\/\/kinnunen.fi\/en\/wp-json\/wp\/v2\/product_tag?post=35033"}],"curies":[{"name":"wp","href":"https:\/\/api.w.org\/{rel}","templated":true}]}}