

{"id":35342,"date":"2024-03-20T10:49:50","date_gmt":"2024-03-20T08:49:50","guid":{"rendered":"https:\/\/kinnunen.fi\/?post_type=product&#038;p=35342"},"modified":"2026-04-21T04:00:36","modified_gmt":"2026-04-21T01:00:36","slug":"y-s-park-339slim-vihrea-lapikuultava","status":"publish","type":"product","link":"https:\/\/kinnunen.fi\/en\/product\/y-s-park-339slim-vihrea-lapikuultava\/","title":{"rendered":"Y.S.Park 339slim shearing comb, green, translucent"},"content":{"rendered":"","protected":false},"excerpt":{"rendered":"<p>The Y.S. Park 339 SLIM cutting comb is a thinner version of the Y.S. Park 339 cutting comb. The 339 SLIM comb is half the thickness of the traditional comb. The thinner profile gives more flexibility, making it perfect for precise cutting of short, thin and damaged hair. This comb also has all the features of the original 339 comb, such as normal and dense spacing, sectioning spike and holes every 1 cm to help outline proportions. A beautiful, balanced and very durable cutting comb. Length 175 mm. Made in Japan.<\/p>","protected":false},"featured_media":35337,"comment_status":"closed","ping_status":"closed","template":"","meta":{"_relevanssi_hide_post":"","_relevanssi_pin_for_all":"","_relevanssi_pin_keywords":"","_relevanssi_unpin_keywords":"","_relevanssi_related_keywords":"","_relevanssi_related_include_ids":"","_relevanssi_related_exclude_ids":"","_relevanssi_related_no_append":"","_relevanssi_related_not_related":"","_relevanssi_related_posts":"","_relevanssi_noindex_reason":""},"product_cat":[1790,1795],"product_tag":[],"class_list":["post-35342","product","type-product","status-publish","has-post-thumbnail","hentry","product_cat-harjat-ja-kammat","product_cat-leikkauskamat","tuotemerkki-y-s-park"],"tuotemerkit":[{"term_id":193,"name":"Y.S.Park","slug":"y-s-park","term_group":0,"term_taxonomy_id":193,"taxonomy":"tuotemerkki","description":"","parent":0,"count":61,"filter":"raw"}],"acf":[],"yoast_head":"<!-- This site is optimized with the Yoast SEO plugin v23.3 - https:\/\/yoast.com\/wordpress\/plugins\/seo\/ -->\n<title>Y.S.Park 339slim leikkauskampa, vihre\u00e4, l\u00e4pikuultava - Kinnunen<\/title>\n<meta name=\"robots\" content=\"index, follow, max-snippet:-1, max-image-preview:large, max-video-preview:-1\" \/>\n<link rel=\"canonical\" href=\"https:\/\/kinnunen.fi\/en\/product\/y-s-park-339slim-vihrea-lapikuultava\/\" \/>\n<meta property=\"og:locale\" content=\"en_GB\" \/>\n<meta property=\"og:type\" content=\"article\" \/>\n<meta property=\"og:title\" content=\"Y.S.Park 339slim leikkauskampa, vihre\u00e4, l\u00e4pikuultava - Kinnunen\" \/>\n<meta property=\"og:description\" content=\"Y.S. Park 339 SLIM leikkauskampa on ohuempi versio Y.S. Park 339 leikkauskammasta. 339 SLIM kamman paksuus on puolet perinteisest\u00e4 . Ohuempi profiili antaa enemm\u00e4n joustavuutta, joka tekee kammasta t\u00e4ydellisen lyhyiden, ohuiden sek\u00e4 vaurioituneiden hiusten tarkkaan leikkaamiseen. T\u00e4ss\u00e4 kammassa on my\u00f6s kaikki alkuper\u00e4isen 339 kamman ominaisuudet, kuten normaali ja tihe\u00e4 piikkien v\u00e4litys, osiointipiikki sek\u00e4 rei\u00e4t 1 cm v\u00e4lein helpottamaan mittasuhteiden hahmotusta. Kaunis, tasapainoinen ja eritt\u00e4in kest\u00e4v\u00e4 leikkauskampa. Pituus 175 mm. Valmistettu Japanissa.\" \/>\n<meta property=\"og:url\" content=\"https:\/\/kinnunen.fi\/en\/product\/y-s-park-339slim-vihrea-lapikuultava\/\" \/>\n<meta property=\"og:site_name\" content=\"Kinnunen\" \/>\n<meta property=\"article:modified_time\" content=\"2026-04-21T01:00:36+00:00\" \/>\n<meta property=\"og:image\" content=\"https:\/\/kinnunen.fi\/wp-content\/uploads\/2024\/03\/Y.S.Park_339slim_YS339sGREEN_transparent.jpg\" \/>\n\t<meta property=\"og:image:width\" content=\"1500\" \/>\n\t<meta property=\"og:image:height\" content=\"1500\" \/>\n\t<meta property=\"og:image:type\" content=\"image\/jpeg\" \/>\n<meta name=\"twitter:card\" content=\"summary_large_image\" \/>\n<script type=\"application\/ld+json\" class=\"yoast-schema-graph\">{\"@context\":\"https:\/\/schema.org\",\"@graph\":[{\"@type\":\"WebPage\",\"@id\":\"https:\/\/kinnunen.fi\/tuote\/y-s-park-339slim-vihrea-lapikuultava\/\",\"url\":\"https:\/\/kinnunen.fi\/tuote\/y-s-park-339slim-vihrea-lapikuultava\/\",\"name\":\"Y.S.Park 339slim leikkauskampa, vihre\u00e4, l\u00e4pikuultava - Kinnunen\",\"isPartOf\":{\"@id\":\"https:\/\/kinnunen.fi\/#website\"},\"primaryImageOfPage\":{\"@id\":\"https:\/\/kinnunen.fi\/tuote\/y-s-park-339slim-vihrea-lapikuultava\/#primaryimage\"},\"image\":{\"@id\":\"https:\/\/kinnunen.fi\/tuote\/y-s-park-339slim-vihrea-lapikuultava\/#primaryimage\"},\"thumbnailUrl\":\"https:\/\/kinnunen.fi\/wp-content\/uploads\/2024\/03\/Y.S.Park_339slim_YS339sGREEN_transparent.jpg\",\"datePublished\":\"2024-03-20T08:49:50+00:00\",\"dateModified\":\"2026-04-21T01:00:36+00:00\",\"breadcrumb\":{\"@id\":\"https:\/\/kinnunen.fi\/tuote\/y-s-park-339slim-vihrea-lapikuultava\/#breadcrumb\"},\"inLanguage\":\"en-GB\",\"potentialAction\":[{\"@type\":\"ReadAction\",\"target\":[\"https:\/\/kinnunen.fi\/tuote\/y-s-park-339slim-vihrea-lapikuultava\/\"]}]},{\"@type\":\"ImageObject\",\"inLanguage\":\"en-GB\",\"@id\":\"https:\/\/kinnunen.fi\/tuote\/y-s-park-339slim-vihrea-lapikuultava\/#primaryimage\",\"url\":\"https:\/\/kinnunen.fi\/wp-content\/uploads\/2024\/03\/Y.S.Park_339slim_YS339sGREEN_transparent.jpg\",\"contentUrl\":\"https:\/\/kinnunen.fi\/wp-content\/uploads\/2024\/03\/Y.S.Park_339slim_YS339sGREEN_transparent.jpg\",\"width\":1500,\"height\":1500},{\"@type\":\"BreadcrumbList\",\"@id\":\"https:\/\/kinnunen.fi\/tuote\/y-s-park-339slim-vihrea-lapikuultava\/#breadcrumb\",\"itemListElement\":[{\"@type\":\"ListItem\",\"position\":1,\"name\":\"Etusivu\",\"item\":\"https:\/\/kinnunen.fi\/\"},{\"@type\":\"ListItem\",\"position\":2,\"name\":\"Kaikki tuotteet\",\"item\":\"https:\/\/kinnunen.fi\/kauppa\/\"},{\"@type\":\"ListItem\",\"position\":3,\"name\":\"Tarvikkeet\",\"item\":\"https:\/\/kinnunen.fi\/tuote-osasto\/tarvikkeet\/\"},{\"@type\":\"ListItem\",\"position\":4,\"name\":\"Harjat ja kammat\",\"item\":\"https:\/\/kinnunen.fi\/tuote-osasto\/tarvikkeet\/harjat-ja-kammat\/\"},{\"@type\":\"ListItem\",\"position\":5,\"name\":\"Y.S.Park 339slim leikkauskampa, vihre\u00e4, l\u00e4pikuultava\"}]},{\"@type\":\"WebSite\",\"@id\":\"https:\/\/kinnunen.fi\/#website\",\"url\":\"https:\/\/kinnunen.fi\/\",\"name\":\"Kinnunen\",\"description\":\"\",\"potentialAction\":[{\"@type\":\"SearchAction\",\"target\":{\"@type\":\"EntryPoint\",\"urlTemplate\":\"https:\/\/kinnunen.fi\/?s={search_term_string}\"},\"query-input\":\"required name=search_term_string\"}],\"inLanguage\":\"en-GB\"}]}<\/script>\n<!-- \/ Yoast SEO plugin. -->","yoast_head_json":{"title":"Y.S.Park 339slim leikkauskampa, vihre\u00e4, l\u00e4pikuultava - Kinnunen","robots":{"index":"index","follow":"follow","max-snippet":"max-snippet:-1","max-image-preview":"max-image-preview:large","max-video-preview":"max-video-preview:-1"},"canonical":"https:\/\/kinnunen.fi\/en\/product\/y-s-park-339slim-vihrea-lapikuultava\/","og_locale":"en_GB","og_type":"article","og_title":"Y.S.Park 339slim leikkauskampa, vihre\u00e4, l\u00e4pikuultava - Kinnunen","og_description":"Y.S. Park 339 SLIM leikkauskampa on ohuempi versio Y.S. Park 339 leikkauskammasta. 339 SLIM kamman paksuus on puolet perinteisest\u00e4 . Ohuempi profiili antaa enemm\u00e4n joustavuutta, joka tekee kammasta t\u00e4ydellisen lyhyiden, ohuiden sek\u00e4 vaurioituneiden hiusten tarkkaan leikkaamiseen. T\u00e4ss\u00e4 kammassa on my\u00f6s kaikki alkuper\u00e4isen 339 kamman ominaisuudet, kuten normaali ja tihe\u00e4 piikkien v\u00e4litys, osiointipiikki sek\u00e4 rei\u00e4t 1 cm v\u00e4lein helpottamaan mittasuhteiden hahmotusta. Kaunis, tasapainoinen ja eritt\u00e4in kest\u00e4v\u00e4 leikkauskampa. Pituus 175 mm. Valmistettu Japanissa.","og_url":"https:\/\/kinnunen.fi\/en\/product\/y-s-park-339slim-vihrea-lapikuultava\/","og_site_name":"Kinnunen","article_modified_time":"2026-04-21T01:00:36+00:00","og_image":[{"width":1500,"height":1500,"url":"https:\/\/kinnunen.fi\/wp-content\/uploads\/2024\/03\/Y.S.Park_339slim_YS339sGREEN_transparent.jpg","type":"image\/jpeg"}],"twitter_card":"summary_large_image","schema":{"@context":"https:\/\/schema.org","@graph":[{"@type":"WebPage","@id":"https:\/\/kinnunen.fi\/tuote\/y-s-park-339slim-vihrea-lapikuultava\/","url":"https:\/\/kinnunen.fi\/tuote\/y-s-park-339slim-vihrea-lapikuultava\/","name":"Y.S.Park 339slim leikkauskampa, vihre\u00e4, l\u00e4pikuultava - Kinnunen","isPartOf":{"@id":"https:\/\/kinnunen.fi\/#website"},"primaryImageOfPage":{"@id":"https:\/\/kinnunen.fi\/tuote\/y-s-park-339slim-vihrea-lapikuultava\/#primaryimage"},"image":{"@id":"https:\/\/kinnunen.fi\/tuote\/y-s-park-339slim-vihrea-lapikuultava\/#primaryimage"},"thumbnailUrl":"https:\/\/kinnunen.fi\/wp-content\/uploads\/2024\/03\/Y.S.Park_339slim_YS339sGREEN_transparent.jpg","datePublished":"2024-03-20T08:49:50+00:00","dateModified":"2026-04-21T01:00:36+00:00","breadcrumb":{"@id":"https:\/\/kinnunen.fi\/tuote\/y-s-park-339slim-vihrea-lapikuultava\/#breadcrumb"},"inLanguage":"en-GB","potentialAction":[{"@type":"ReadAction","target":["https:\/\/kinnunen.fi\/tuote\/y-s-park-339slim-vihrea-lapikuultava\/"]}]},{"@type":"ImageObject","inLanguage":"en-GB","@id":"https:\/\/kinnunen.fi\/tuote\/y-s-park-339slim-vihrea-lapikuultava\/#primaryimage","url":"https:\/\/kinnunen.fi\/wp-content\/uploads\/2024\/03\/Y.S.Park_339slim_YS339sGREEN_transparent.jpg","contentUrl":"https:\/\/kinnunen.fi\/wp-content\/uploads\/2024\/03\/Y.S.Park_339slim_YS339sGREEN_transparent.jpg","width":1500,"height":1500},{"@type":"BreadcrumbList","@id":"https:\/\/kinnunen.fi\/tuote\/y-s-park-339slim-vihrea-lapikuultava\/#breadcrumb","itemListElement":[{"@type":"ListItem","position":1,"name":"Etusivu","item":"https:\/\/kinnunen.fi\/"},{"@type":"ListItem","position":2,"name":"Kaikki tuotteet","item":"https:\/\/kinnunen.fi\/kauppa\/"},{"@type":"ListItem","position":3,"name":"Tarvikkeet","item":"https:\/\/kinnunen.fi\/tuote-osasto\/tarvikkeet\/"},{"@type":"ListItem","position":4,"name":"Harjat ja kammat","item":"https:\/\/kinnunen.fi\/tuote-osasto\/tarvikkeet\/harjat-ja-kammat\/"},{"@type":"ListItem","position":5,"name":"Y.S.Park 339slim leikkauskampa, vihre\u00e4, l\u00e4pikuultava"}]},{"@type":"WebSite","@id":"https:\/\/kinnunen.fi\/#website","url":"https:\/\/kinnunen.fi\/","name":"Kinnunen","description":"","potentialAction":[{"@type":"SearchAction","target":{"@type":"EntryPoint","urlTemplate":"https:\/\/kinnunen.fi\/?s={search_term_string}"},"query-input":"required name=search_term_string"}],"inLanguage":"en-GB"}]}},"_links":{"self":[{"href":"https:\/\/kinnunen.fi\/en\/wp-json\/wp\/v2\/product\/35342"}],"collection":[{"href":"https:\/\/kinnunen.fi\/en\/wp-json\/wp\/v2\/product"}],"about":[{"href":"https:\/\/kinnunen.fi\/en\/wp-json\/wp\/v2\/types\/product"}],"replies":[{"embeddable":true,"href":"https:\/\/kinnunen.fi\/en\/wp-json\/wp\/v2\/comments?post=35342"}],"wp:featuredmedia":[{"embeddable":true,"href":"https:\/\/kinnunen.fi\/en\/wp-json\/wp\/v2\/media\/35337"}],"wp:attachment":[{"href":"https:\/\/kinnunen.fi\/en\/wp-json\/wp\/v2\/media?parent=35342"}],"wp:term":[{"taxonomy":"product_cat","embeddable":true,"href":"https:\/\/kinnunen.fi\/en\/wp-json\/wp\/v2\/product_cat?post=35342"},{"taxonomy":"product_tag","embeddable":true,"href":"https:\/\/kinnunen.fi\/en\/wp-json\/wp\/v2\/product_tag?post=35342"}],"curies":[{"name":"wp","href":"https:\/\/api.w.org\/{rel}","templated":true}]}}