

{"id":36153,"date":"2024-04-09T13:54:09","date_gmt":"2024-04-09T10:54:09","guid":{"rendered":"https:\/\/kinnunen.fi\/?post_type=product&#038;p=36153"},"modified":"2026-05-05T04:00:15","modified_gmt":"2026-05-05T01:00:15","slug":"jaguar-orca-vaihtoteraveitsi","status":"publish","type":"product","link":"https:\/\/kinnunen.fi\/en\/product\/jaguar-orca-vaihtoteraveitsi\/","title":{"rendered":"Jaguar Orca knife"},"content":{"rendered":"","protected":false},"excerpt":{"rendered":"<p><span>Jaguar Orca interchangeable blade knife for shaving and hair styling. Easy and simple to use. The blade is inserted into a holder that can be pulled out of the body of the knife. The blade length is 62mm. 1 pack (20 pcs) of disposable blades is supplied with the knife.<\/span><\/p>","protected":false},"featured_media":36154,"comment_status":"closed","ping_status":"closed","template":"","meta":{"_relevanssi_hide_post":"","_relevanssi_pin_for_all":"","_relevanssi_pin_keywords":"","_relevanssi_unpin_keywords":"","_relevanssi_related_keywords":"","_relevanssi_related_include_ids":"","_relevanssi_related_exclude_ids":"","_relevanssi_related_no_append":"","_relevanssi_related_not_related":"","_relevanssi_related_posts":"","_relevanssi_noindex_reason":""},"product_cat":[1783,1788],"product_tag":[],"class_list":["post-36153","product","type-product","status-publish","has-post-thumbnail","hentry","product_cat-sakset-ja-veitset","product_cat-veitset-ja-terat","tuotemerkki-jaguar"],"tuotemerkit":[{"term_id":173,"name":"Jaguar","slug":"jaguar","term_group":0,"term_taxonomy_id":173,"taxonomy":"tuotemerkki","description":"","parent":0,"count":26,"filter":"raw"}],"acf":[],"yoast_head":"<!-- This site is optimized with the Yoast SEO plugin v23.3 - https:\/\/yoast.com\/wordpress\/plugins\/seo\/ -->\n<title>Jaguar Orca -veitsi - Kinnunen<\/title>\n<meta name=\"robots\" content=\"index, follow, max-snippet:-1, max-image-preview:large, max-video-preview:-1\" \/>\n<link rel=\"canonical\" href=\"https:\/\/kinnunen.fi\/en\/product\/jaguar-orca-vaihtoteraveitsi\/\" \/>\n<meta property=\"og:locale\" content=\"en_GB\" \/>\n<meta property=\"og:type\" content=\"article\" \/>\n<meta property=\"og:title\" content=\"Jaguar Orca -veitsi - Kinnunen\" \/>\n<meta property=\"og:description\" content=\"Jaguar Orca vaihtoter\u00e4llinen veitsi parranajoon sek\u00e4 hiustenmuotoiluun. Helppo ja yksinkertainen k\u00e4ytt\u00e4\u00e4. Ter\u00e4 asetetaan veitsen rungosta ulosvedett\u00e4v\u00e4\u00e4n pidikkeeseen. Ter\u00e4n pituus 62mm. Veitsen mukana toimitetaan 1 pkt (20 kpl) kertak\u00e4ytt\u00f6ist\u00e4 ter\u00e4\u00e4.\" \/>\n<meta property=\"og:url\" content=\"https:\/\/kinnunen.fi\/en\/product\/jaguar-orca-vaihtoteraveitsi\/\" \/>\n<meta property=\"og:site_name\" content=\"Kinnunen\" \/>\n<meta property=\"article:modified_time\" content=\"2026-05-05T01:00:15+00:00\" \/>\n<meta property=\"og:image\" content=\"https:\/\/kinnunen.fi\/wp-content\/uploads\/2024\/04\/Jaguar_Orca_3807.jpg\" \/>\n\t<meta property=\"og:image:width\" content=\"1500\" \/>\n\t<meta property=\"og:image:height\" content=\"1500\" \/>\n\t<meta property=\"og:image:type\" content=\"image\/jpeg\" \/>\n<meta name=\"twitter:card\" content=\"summary_large_image\" \/>\n<script type=\"application\/ld+json\" class=\"yoast-schema-graph\">{\"@context\":\"https:\/\/schema.org\",\"@graph\":[{\"@type\":\"WebPage\",\"@id\":\"https:\/\/kinnunen.fi\/tuote\/jaguar-orca-vaihtoteraveitsi\/\",\"url\":\"https:\/\/kinnunen.fi\/tuote\/jaguar-orca-vaihtoteraveitsi\/\",\"name\":\"Jaguar Orca -veitsi - Kinnunen\",\"isPartOf\":{\"@id\":\"https:\/\/kinnunen.fi\/#website\"},\"primaryImageOfPage\":{\"@id\":\"https:\/\/kinnunen.fi\/tuote\/jaguar-orca-vaihtoteraveitsi\/#primaryimage\"},\"image\":{\"@id\":\"https:\/\/kinnunen.fi\/tuote\/jaguar-orca-vaihtoteraveitsi\/#primaryimage\"},\"thumbnailUrl\":\"https:\/\/kinnunen.fi\/wp-content\/uploads\/2024\/04\/Jaguar_Orca_3807.jpg\",\"datePublished\":\"2024-04-09T10:54:09+00:00\",\"dateModified\":\"2026-05-05T01:00:15+00:00\",\"breadcrumb\":{\"@id\":\"https:\/\/kinnunen.fi\/tuote\/jaguar-orca-vaihtoteraveitsi\/#breadcrumb\"},\"inLanguage\":\"en-GB\",\"potentialAction\":[{\"@type\":\"ReadAction\",\"target\":[\"https:\/\/kinnunen.fi\/tuote\/jaguar-orca-vaihtoteraveitsi\/\"]}]},{\"@type\":\"ImageObject\",\"inLanguage\":\"en-GB\",\"@id\":\"https:\/\/kinnunen.fi\/tuote\/jaguar-orca-vaihtoteraveitsi\/#primaryimage\",\"url\":\"https:\/\/kinnunen.fi\/wp-content\/uploads\/2024\/04\/Jaguar_Orca_3807.jpg\",\"contentUrl\":\"https:\/\/kinnunen.fi\/wp-content\/uploads\/2024\/04\/Jaguar_Orca_3807.jpg\",\"width\":1500,\"height\":1500,\"caption\":\"xr:d:DAF8BQwaGZ8:153,j:3789077506766249086,t:24040910\"},{\"@type\":\"BreadcrumbList\",\"@id\":\"https:\/\/kinnunen.fi\/tuote\/jaguar-orca-vaihtoteraveitsi\/#breadcrumb\",\"itemListElement\":[{\"@type\":\"ListItem\",\"position\":1,\"name\":\"Etusivu\",\"item\":\"https:\/\/kinnunen.fi\/\"},{\"@type\":\"ListItem\",\"position\":2,\"name\":\"Kaikki tuotteet\",\"item\":\"https:\/\/kinnunen.fi\/kauppa\/\"},{\"@type\":\"ListItem\",\"position\":3,\"name\":\"Sakset ja veitset\",\"item\":\"https:\/\/kinnunen.fi\/tuote-osasto\/sakset-ja-veitset\/\"},{\"@type\":\"ListItem\",\"position\":4,\"name\":\"Jaguar Orca -veitsi\"}]},{\"@type\":\"WebSite\",\"@id\":\"https:\/\/kinnunen.fi\/#website\",\"url\":\"https:\/\/kinnunen.fi\/\",\"name\":\"Kinnunen\",\"description\":\"\",\"potentialAction\":[{\"@type\":\"SearchAction\",\"target\":{\"@type\":\"EntryPoint\",\"urlTemplate\":\"https:\/\/kinnunen.fi\/?s={search_term_string}\"},\"query-input\":\"required name=search_term_string\"}],\"inLanguage\":\"en-GB\"}]}<\/script>\n<!-- \/ Yoast SEO plugin. -->","yoast_head_json":{"title":"Jaguar Orca -veitsi - Kinnunen","robots":{"index":"index","follow":"follow","max-snippet":"max-snippet:-1","max-image-preview":"max-image-preview:large","max-video-preview":"max-video-preview:-1"},"canonical":"https:\/\/kinnunen.fi\/en\/product\/jaguar-orca-vaihtoteraveitsi\/","og_locale":"en_GB","og_type":"article","og_title":"Jaguar Orca -veitsi - Kinnunen","og_description":"Jaguar Orca vaihtoter\u00e4llinen veitsi parranajoon sek\u00e4 hiustenmuotoiluun. Helppo ja yksinkertainen k\u00e4ytt\u00e4\u00e4. Ter\u00e4 asetetaan veitsen rungosta ulosvedett\u00e4v\u00e4\u00e4n pidikkeeseen. Ter\u00e4n pituus 62mm. Veitsen mukana toimitetaan 1 pkt (20 kpl) kertak\u00e4ytt\u00f6ist\u00e4 ter\u00e4\u00e4.","og_url":"https:\/\/kinnunen.fi\/en\/product\/jaguar-orca-vaihtoteraveitsi\/","og_site_name":"Kinnunen","article_modified_time":"2026-05-05T01:00:15+00:00","og_image":[{"width":1500,"height":1500,"url":"https:\/\/kinnunen.fi\/wp-content\/uploads\/2024\/04\/Jaguar_Orca_3807.jpg","type":"image\/jpeg"}],"twitter_card":"summary_large_image","schema":{"@context":"https:\/\/schema.org","@graph":[{"@type":"WebPage","@id":"https:\/\/kinnunen.fi\/tuote\/jaguar-orca-vaihtoteraveitsi\/","url":"https:\/\/kinnunen.fi\/tuote\/jaguar-orca-vaihtoteraveitsi\/","name":"Jaguar Orca -veitsi - Kinnunen","isPartOf":{"@id":"https:\/\/kinnunen.fi\/#website"},"primaryImageOfPage":{"@id":"https:\/\/kinnunen.fi\/tuote\/jaguar-orca-vaihtoteraveitsi\/#primaryimage"},"image":{"@id":"https:\/\/kinnunen.fi\/tuote\/jaguar-orca-vaihtoteraveitsi\/#primaryimage"},"thumbnailUrl":"https:\/\/kinnunen.fi\/wp-content\/uploads\/2024\/04\/Jaguar_Orca_3807.jpg","datePublished":"2024-04-09T10:54:09+00:00","dateModified":"2026-05-05T01:00:15+00:00","breadcrumb":{"@id":"https:\/\/kinnunen.fi\/tuote\/jaguar-orca-vaihtoteraveitsi\/#breadcrumb"},"inLanguage":"en-GB","potentialAction":[{"@type":"ReadAction","target":["https:\/\/kinnunen.fi\/tuote\/jaguar-orca-vaihtoteraveitsi\/"]}]},{"@type":"ImageObject","inLanguage":"en-GB","@id":"https:\/\/kinnunen.fi\/tuote\/jaguar-orca-vaihtoteraveitsi\/#primaryimage","url":"https:\/\/kinnunen.fi\/wp-content\/uploads\/2024\/04\/Jaguar_Orca_3807.jpg","contentUrl":"https:\/\/kinnunen.fi\/wp-content\/uploads\/2024\/04\/Jaguar_Orca_3807.jpg","width":1500,"height":1500,"caption":"xr:d:DAF8BQwaGZ8:153,j:3789077506766249086,t:24040910"},{"@type":"BreadcrumbList","@id":"https:\/\/kinnunen.fi\/tuote\/jaguar-orca-vaihtoteraveitsi\/#breadcrumb","itemListElement":[{"@type":"ListItem","position":1,"name":"Etusivu","item":"https:\/\/kinnunen.fi\/"},{"@type":"ListItem","position":2,"name":"Kaikki tuotteet","item":"https:\/\/kinnunen.fi\/kauppa\/"},{"@type":"ListItem","position":3,"name":"Sakset ja veitset","item":"https:\/\/kinnunen.fi\/tuote-osasto\/sakset-ja-veitset\/"},{"@type":"ListItem","position":4,"name":"Jaguar Orca -veitsi"}]},{"@type":"WebSite","@id":"https:\/\/kinnunen.fi\/#website","url":"https:\/\/kinnunen.fi\/","name":"Kinnunen","description":"","potentialAction":[{"@type":"SearchAction","target":{"@type":"EntryPoint","urlTemplate":"https:\/\/kinnunen.fi\/?s={search_term_string}"},"query-input":"required name=search_term_string"}],"inLanguage":"en-GB"}]}},"_links":{"self":[{"href":"https:\/\/kinnunen.fi\/en\/wp-json\/wp\/v2\/product\/36153"}],"collection":[{"href":"https:\/\/kinnunen.fi\/en\/wp-json\/wp\/v2\/product"}],"about":[{"href":"https:\/\/kinnunen.fi\/en\/wp-json\/wp\/v2\/types\/product"}],"replies":[{"embeddable":true,"href":"https:\/\/kinnunen.fi\/en\/wp-json\/wp\/v2\/comments?post=36153"}],"wp:featuredmedia":[{"embeddable":true,"href":"https:\/\/kinnunen.fi\/en\/wp-json\/wp\/v2\/media\/36154"}],"wp:attachment":[{"href":"https:\/\/kinnunen.fi\/en\/wp-json\/wp\/v2\/media?parent=36153"}],"wp:term":[{"taxonomy":"product_cat","embeddable":true,"href":"https:\/\/kinnunen.fi\/en\/wp-json\/wp\/v2\/product_cat?post=36153"},{"taxonomy":"product_tag","embeddable":true,"href":"https:\/\/kinnunen.fi\/en\/wp-json\/wp\/v2\/product_tag?post=36153"}],"curies":[{"name":"wp","href":"https:\/\/api.w.org\/{rel}","templated":true}]}}