

{"id":36543,"date":"2024-04-23T12:38:32","date_gmt":"2024-04-23T09:38:32","guid":{"rendered":"https:\/\/kinnunen.fi\/?post_type=product&#038;p=36543"},"modified":"2026-04-21T04:00:33","modified_gmt":"2026-04-21T01:00:33","slug":"yksipuoleinen-simply-natural-teippipala-medium-hold","status":"publish","type":"product","link":"https:\/\/kinnunen.fi\/en\/product\/yksipuoleinen-simply-natural-teippipala-medium-hold\/","title":{"rendered":"Simply Natural single sided tape, Medium Hold"},"content":{"rendered":"","protected":false},"excerpt":{"rendered":"<p>Simply Natural\u00ae single-sided backing tape. This allows you to apply a Dual Weft tape extension in just one section, using this tape as a counterpart instead of an extension section, and you can apply a discreet tape extension to even fine hair.<\/p>","protected":false},"featured_media":36542,"comment_status":"closed","ping_status":"closed","template":"","meta":{"_relevanssi_hide_post":"","_relevanssi_pin_for_all":"","_relevanssi_pin_keywords":"","_relevanssi_unpin_keywords":"","_relevanssi_related_keywords":"","_relevanssi_related_include_ids":"","_relevanssi_related_exclude_ids":"","_relevanssi_related_no_append":"","_relevanssi_related_not_related":"","_relevanssi_related_posts":"","_relevanssi_noindex_reason":""},"product_cat":[1767,1768],"product_tag":[],"class_list":["post-36543","product","type-product","status-publish","has-post-thumbnail","hentry","product_cat-hiustenpidennykset","product_cat-pidennystarvikkeet","tuotemerkki-simply-natural"],"tuotemerkit":[{"term_id":142,"name":"Simply Natural","slug":"simply-natural","term_group":0,"term_taxonomy_id":142,"taxonomy":"tuotemerkki","description":"","parent":0,"count":55,"filter":"raw"}],"acf":[],"yoast_head":"<!-- This site is optimized with the Yoast SEO plugin v23.3 - https:\/\/yoast.com\/wordpress\/plugins\/seo\/ -->\n<title>Yksipuoleinen Simply Natural teippipala, Medium Hold - Kinnunen<\/title>\n<meta name=\"robots\" content=\"index, follow, max-snippet:-1, max-image-preview:large, max-video-preview:-1\" \/>\n<link rel=\"canonical\" href=\"https:\/\/kinnunen.fi\/en\/product\/yksipuoleinen-simply-natural-teippipala-medium-hold\/\" \/>\n<meta property=\"og:locale\" content=\"en_GB\" \/>\n<meta property=\"og:type\" content=\"article\" \/>\n<meta property=\"og:title\" content=\"Yksipuoleinen Simply Natural teippipala, Medium Hold - Kinnunen\" \/>\n<meta property=\"og:description\" content=\"Yksipuolinen Simply Natural\u00ae -vastapalateippi. T\u00e4m\u00e4n avulla voit kiinnitt\u00e4\u00e4 Dual Weft teippipidennyst\u00e4 vain yhden osion, k\u00e4ytt\u00e4m\u00e4ll\u00e4 t\u00e4t\u00e4 teippi\u00e4 vastaparina pidennysosion sijaan ja pystyt tekem\u00e4\u00e4n huomaamattoman teippipidennyksen hentoonkin hiukseen. 120 teippipalaa.\" \/>\n<meta property=\"og:url\" content=\"https:\/\/kinnunen.fi\/en\/product\/yksipuoleinen-simply-natural-teippipala-medium-hold\/\" \/>\n<meta property=\"og:site_name\" content=\"Kinnunen\" \/>\n<meta property=\"article:modified_time\" content=\"2026-04-21T01:00:33+00:00\" \/>\n<meta property=\"og:image\" content=\"https:\/\/kinnunen.fi\/wp-content\/uploads\/2024\/04\/Simply_Natural_Single-sided-tape_Medium_SNA1029.jpg\" \/>\n\t<meta property=\"og:image:width\" content=\"1200\" \/>\n\t<meta property=\"og:image:height\" content=\"1200\" \/>\n\t<meta property=\"og:image:type\" content=\"image\/jpeg\" \/>\n<meta name=\"twitter:card\" content=\"summary_large_image\" \/>\n<script type=\"application\/ld+json\" class=\"yoast-schema-graph\">{\"@context\":\"https:\/\/schema.org\",\"@graph\":[{\"@type\":\"WebPage\",\"@id\":\"https:\/\/kinnunen.fi\/tuote\/yksipuoleinen-simply-natural-teippipala-medium-hold\/\",\"url\":\"https:\/\/kinnunen.fi\/tuote\/yksipuoleinen-simply-natural-teippipala-medium-hold\/\",\"name\":\"Yksipuoleinen Simply Natural teippipala, Medium Hold - Kinnunen\",\"isPartOf\":{\"@id\":\"https:\/\/kinnunen.fi\/#website\"},\"primaryImageOfPage\":{\"@id\":\"https:\/\/kinnunen.fi\/tuote\/yksipuoleinen-simply-natural-teippipala-medium-hold\/#primaryimage\"},\"image\":{\"@id\":\"https:\/\/kinnunen.fi\/tuote\/yksipuoleinen-simply-natural-teippipala-medium-hold\/#primaryimage\"},\"thumbnailUrl\":\"https:\/\/kinnunen.fi\/wp-content\/uploads\/2024\/04\/Simply_Natural_Single-sided-tape_Medium_SNA1029.jpg\",\"datePublished\":\"2024-04-23T09:38:32+00:00\",\"dateModified\":\"2026-04-21T01:00:33+00:00\",\"breadcrumb\":{\"@id\":\"https:\/\/kinnunen.fi\/tuote\/yksipuoleinen-simply-natural-teippipala-medium-hold\/#breadcrumb\"},\"inLanguage\":\"en-GB\",\"potentialAction\":[{\"@type\":\"ReadAction\",\"target\":[\"https:\/\/kinnunen.fi\/tuote\/yksipuoleinen-simply-natural-teippipala-medium-hold\/\"]}]},{\"@type\":\"ImageObject\",\"inLanguage\":\"en-GB\",\"@id\":\"https:\/\/kinnunen.fi\/tuote\/yksipuoleinen-simply-natural-teippipala-medium-hold\/#primaryimage\",\"url\":\"https:\/\/kinnunen.fi\/wp-content\/uploads\/2024\/04\/Simply_Natural_Single-sided-tape_Medium_SNA1029.jpg\",\"contentUrl\":\"https:\/\/kinnunen.fi\/wp-content\/uploads\/2024\/04\/Simply_Natural_Single-sided-tape_Medium_SNA1029.jpg\",\"width\":1200,\"height\":1200},{\"@type\":\"BreadcrumbList\",\"@id\":\"https:\/\/kinnunen.fi\/tuote\/yksipuoleinen-simply-natural-teippipala-medium-hold\/#breadcrumb\",\"itemListElement\":[{\"@type\":\"ListItem\",\"position\":1,\"name\":\"Etusivu\",\"item\":\"https:\/\/kinnunen.fi\/\"},{\"@type\":\"ListItem\",\"position\":2,\"name\":\"Kaikki tuotteet\",\"item\":\"https:\/\/kinnunen.fi\/kauppa\/\"},{\"@type\":\"ListItem\",\"position\":3,\"name\":\"Hiustenpidennykset\",\"item\":\"https:\/\/kinnunen.fi\/tuote-osasto\/hiustenpidennykset\/\"},{\"@type\":\"ListItem\",\"position\":4,\"name\":\"Yksipuoleinen Simply Natural teippipala, Medium Hold\"}]},{\"@type\":\"WebSite\",\"@id\":\"https:\/\/kinnunen.fi\/#website\",\"url\":\"https:\/\/kinnunen.fi\/\",\"name\":\"Kinnunen\",\"description\":\"\",\"potentialAction\":[{\"@type\":\"SearchAction\",\"target\":{\"@type\":\"EntryPoint\",\"urlTemplate\":\"https:\/\/kinnunen.fi\/?s={search_term_string}\"},\"query-input\":\"required name=search_term_string\"}],\"inLanguage\":\"en-GB\"}]}<\/script>\n<!-- \/ Yoast SEO plugin. -->","yoast_head_json":{"title":"Yksipuoleinen Simply Natural teippipala, Medium Hold - Kinnunen","robots":{"index":"index","follow":"follow","max-snippet":"max-snippet:-1","max-image-preview":"max-image-preview:large","max-video-preview":"max-video-preview:-1"},"canonical":"https:\/\/kinnunen.fi\/en\/product\/yksipuoleinen-simply-natural-teippipala-medium-hold\/","og_locale":"en_GB","og_type":"article","og_title":"Yksipuoleinen Simply Natural teippipala, Medium Hold - Kinnunen","og_description":"Yksipuolinen Simply Natural\u00ae -vastapalateippi. T\u00e4m\u00e4n avulla voit kiinnitt\u00e4\u00e4 Dual Weft teippipidennyst\u00e4 vain yhden osion, k\u00e4ytt\u00e4m\u00e4ll\u00e4 t\u00e4t\u00e4 teippi\u00e4 vastaparina pidennysosion sijaan ja pystyt tekem\u00e4\u00e4n huomaamattoman teippipidennyksen hentoonkin hiukseen. 120 teippipalaa.","og_url":"https:\/\/kinnunen.fi\/en\/product\/yksipuoleinen-simply-natural-teippipala-medium-hold\/","og_site_name":"Kinnunen","article_modified_time":"2026-04-21T01:00:33+00:00","og_image":[{"width":1200,"height":1200,"url":"https:\/\/kinnunen.fi\/wp-content\/uploads\/2024\/04\/Simply_Natural_Single-sided-tape_Medium_SNA1029.jpg","type":"image\/jpeg"}],"twitter_card":"summary_large_image","schema":{"@context":"https:\/\/schema.org","@graph":[{"@type":"WebPage","@id":"https:\/\/kinnunen.fi\/tuote\/yksipuoleinen-simply-natural-teippipala-medium-hold\/","url":"https:\/\/kinnunen.fi\/tuote\/yksipuoleinen-simply-natural-teippipala-medium-hold\/","name":"Yksipuoleinen Simply Natural teippipala, Medium Hold - Kinnunen","isPartOf":{"@id":"https:\/\/kinnunen.fi\/#website"},"primaryImageOfPage":{"@id":"https:\/\/kinnunen.fi\/tuote\/yksipuoleinen-simply-natural-teippipala-medium-hold\/#primaryimage"},"image":{"@id":"https:\/\/kinnunen.fi\/tuote\/yksipuoleinen-simply-natural-teippipala-medium-hold\/#primaryimage"},"thumbnailUrl":"https:\/\/kinnunen.fi\/wp-content\/uploads\/2024\/04\/Simply_Natural_Single-sided-tape_Medium_SNA1029.jpg","datePublished":"2024-04-23T09:38:32+00:00","dateModified":"2026-04-21T01:00:33+00:00","breadcrumb":{"@id":"https:\/\/kinnunen.fi\/tuote\/yksipuoleinen-simply-natural-teippipala-medium-hold\/#breadcrumb"},"inLanguage":"en-GB","potentialAction":[{"@type":"ReadAction","target":["https:\/\/kinnunen.fi\/tuote\/yksipuoleinen-simply-natural-teippipala-medium-hold\/"]}]},{"@type":"ImageObject","inLanguage":"en-GB","@id":"https:\/\/kinnunen.fi\/tuote\/yksipuoleinen-simply-natural-teippipala-medium-hold\/#primaryimage","url":"https:\/\/kinnunen.fi\/wp-content\/uploads\/2024\/04\/Simply_Natural_Single-sided-tape_Medium_SNA1029.jpg","contentUrl":"https:\/\/kinnunen.fi\/wp-content\/uploads\/2024\/04\/Simply_Natural_Single-sided-tape_Medium_SNA1029.jpg","width":1200,"height":1200},{"@type":"BreadcrumbList","@id":"https:\/\/kinnunen.fi\/tuote\/yksipuoleinen-simply-natural-teippipala-medium-hold\/#breadcrumb","itemListElement":[{"@type":"ListItem","position":1,"name":"Etusivu","item":"https:\/\/kinnunen.fi\/"},{"@type":"ListItem","position":2,"name":"Kaikki tuotteet","item":"https:\/\/kinnunen.fi\/kauppa\/"},{"@type":"ListItem","position":3,"name":"Hiustenpidennykset","item":"https:\/\/kinnunen.fi\/tuote-osasto\/hiustenpidennykset\/"},{"@type":"ListItem","position":4,"name":"Yksipuoleinen Simply Natural teippipala, Medium Hold"}]},{"@type":"WebSite","@id":"https:\/\/kinnunen.fi\/#website","url":"https:\/\/kinnunen.fi\/","name":"Kinnunen","description":"","potentialAction":[{"@type":"SearchAction","target":{"@type":"EntryPoint","urlTemplate":"https:\/\/kinnunen.fi\/?s={search_term_string}"},"query-input":"required name=search_term_string"}],"inLanguage":"en-GB"}]}},"_links":{"self":[{"href":"https:\/\/kinnunen.fi\/en\/wp-json\/wp\/v2\/product\/36543"}],"collection":[{"href":"https:\/\/kinnunen.fi\/en\/wp-json\/wp\/v2\/product"}],"about":[{"href":"https:\/\/kinnunen.fi\/en\/wp-json\/wp\/v2\/types\/product"}],"replies":[{"embeddable":true,"href":"https:\/\/kinnunen.fi\/en\/wp-json\/wp\/v2\/comments?post=36543"}],"wp:featuredmedia":[{"embeddable":true,"href":"https:\/\/kinnunen.fi\/en\/wp-json\/wp\/v2\/media\/36542"}],"wp:attachment":[{"href":"https:\/\/kinnunen.fi\/en\/wp-json\/wp\/v2\/media?parent=36543"}],"wp:term":[{"taxonomy":"product_cat","embeddable":true,"href":"https:\/\/kinnunen.fi\/en\/wp-json\/wp\/v2\/product_cat?post=36543"},{"taxonomy":"product_tag","embeddable":true,"href":"https:\/\/kinnunen.fi\/en\/wp-json\/wp\/v2\/product_tag?post=36543"}],"curies":[{"name":"wp","href":"https:\/\/api.w.org\/{rel}","templated":true}]}}