

{"id":36576,"date":"2024-04-25T10:14:53","date_gmt":"2024-04-25T07:14:53","guid":{"rendered":"https:\/\/kinnunen.fi\/?post_type=product&#038;p=36576"},"modified":"2024-05-29T16:02:45","modified_gmt":"2024-05-29T13:02:45","slug":"nine-kampaamotuoli","status":"publish","type":"product","link":"https:\/\/kinnunen.fi\/en\/product\/nine-kampaamotuoli\/","title":{"rendered":"Nine -combing chair"},"content":{"rendered":"","protected":false},"excerpt":{"rendered":"<p>Retro-style salon chair with sturdy metal frame and padded handles. The price includes your choice of basic frame (approx. 20 options). Country of manufacture: Italy. Manufacturing defect and material guarantee.<\/p>\n<p>Dimensions: width 60 cm, depth 55 cm and seat height adjustment 44 - 59 cm.<br \/>\nThe height of the seat is measured at the junction of the seat and the backrest.<\/p>\n<p>MADE-TO-ORDER PRODUCT, DELIVERY TIME 5 - 8 WEEKS<\/p>\n<p>Available accessories:<br \/>\n- Chromed footrest<br \/>\n- Special size or combination of two designs<\/p>","protected":false},"featured_media":36633,"comment_status":"open","ping_status":"closed","template":"","meta":{"_relevanssi_hide_post":"","_relevanssi_pin_for_all":"","_relevanssi_pin_keywords":"","_relevanssi_unpin_keywords":"","_relevanssi_related_keywords":"","_relevanssi_related_include_ids":"","_relevanssi_related_exclude_ids":"","_relevanssi_related_no_append":"","_relevanssi_related_not_related":"","_relevanssi_related_posts":"","_relevanssi_noindex_reason":""},"product_cat":[1838,1841],"product_tag":[],"class_list":["post-36576","product","type-product","status-publish","has-post-thumbnail","hentry","product_cat-kalusteet","product_cat-kampaamotuolit","pa_malli-p09-neliojalka-matta-lukittava-hydraulinen-pumppu","pa_malli-p10-kiekkojalka-kiiltava-lukittava-hydraulinen-pumppu","pa_malli-p14-kiekkojalka-matta-lukittava-hydraulinen-pumppu","tuotemerkki-agv-diffusion"],"tuotemerkit":[{"term_id":309,"name":"AGV Diffusion","slug":"agv-diffusion","term_group":0,"term_taxonomy_id":309,"taxonomy":"tuotemerkki","description":"","parent":0,"count":48,"filter":"raw"}],"acf":[],"yoast_head":"<!-- This site is optimized with the Yoast SEO plugin v23.3 - https:\/\/yoast.com\/wordpress\/plugins\/seo\/ -->\n<title>Nine -kampaamotuoli - Kinnunen<\/title>\n<meta name=\"robots\" content=\"index, follow, max-snippet:-1, max-image-preview:large, max-video-preview:-1\" \/>\n<link rel=\"canonical\" href=\"https:\/\/kinnunen.fi\/en\/product\/nine-kampaamotuoli\/\" \/>\n<meta property=\"og:locale\" content=\"en_GB\" \/>\n<meta property=\"og:type\" content=\"article\" \/>\n<meta property=\"og:title\" content=\"Nine -kampaamotuoli - Kinnunen\" \/>\n<meta property=\"og:description\" content=\"Retro -mallinen kampaamotuoli, jossa tukeva metallinen runko ja pehmustetut k\u00e4densijat. Hintaan sis\u00e4ltyy valitsemasi peruskuosi (n. 20 vaihtoehtoa). Valmistusmaa: Italia. Valmistusvirhe ja materiaalitakuu.  Mitat: Leveys 60 cm, syvyys 55 cm ja istuinkorkeuden s\u00e4\u00e4t\u00f6 44 - 59 cm. Istuimen korkeus mitataan istuimen sek\u00e4 selk\u00e4nojan yhtym\u00e4kohdasta.  TILAUSTUOTE, TOIMITUSAIKA 5 - 8 VIIKKOA  Saatavilla olevat lis\u00e4varusteet: - Kromattu jalkatuki - Erikoiskuosi tai kahden kuosin yhdistelm\u00e4\" \/>\n<meta property=\"og:url\" content=\"https:\/\/kinnunen.fi\/en\/product\/nine-kampaamotuoli\/\" \/>\n<meta property=\"og:site_name\" content=\"Kinnunen\" \/>\n<meta property=\"article:modified_time\" content=\"2024-05-29T13:02:45+00:00\" \/>\n<meta property=\"og:image\" content=\"https:\/\/kinnunen.fi\/wp-content\/uploads\/2024\/04\/AGV_Poltrona_Nine_base-Nera.jpg\" \/>\n\t<meta property=\"og:image:width\" content=\"1000\" \/>\n\t<meta property=\"og:image:height\" content=\"1000\" \/>\n\t<meta property=\"og:image:type\" content=\"image\/jpeg\" \/>\n<meta name=\"twitter:card\" content=\"summary_large_image\" \/>\n<script type=\"application\/ld+json\" class=\"yoast-schema-graph\">{\"@context\":\"https:\/\/schema.org\",\"@graph\":[{\"@type\":\"WebPage\",\"@id\":\"https:\/\/kinnunen.fi\/tuote\/nine-kampaamotuoli\/\",\"url\":\"https:\/\/kinnunen.fi\/tuote\/nine-kampaamotuoli\/\",\"name\":\"Nine -kampaamotuoli - Kinnunen\",\"isPartOf\":{\"@id\":\"https:\/\/kinnunen.fi\/#website\"},\"primaryImageOfPage\":{\"@id\":\"https:\/\/kinnunen.fi\/tuote\/nine-kampaamotuoli\/#primaryimage\"},\"image\":{\"@id\":\"https:\/\/kinnunen.fi\/tuote\/nine-kampaamotuoli\/#primaryimage\"},\"thumbnailUrl\":\"https:\/\/kinnunen.fi\/wp-content\/uploads\/2024\/04\/AGV_Poltrona_Nine_base-Nera.jpg\",\"datePublished\":\"2024-04-25T07:14:53+00:00\",\"dateModified\":\"2024-05-29T13:02:45+00:00\",\"breadcrumb\":{\"@id\":\"https:\/\/kinnunen.fi\/tuote\/nine-kampaamotuoli\/#breadcrumb\"},\"inLanguage\":\"en-GB\",\"potentialAction\":[{\"@type\":\"ReadAction\",\"target\":[\"https:\/\/kinnunen.fi\/tuote\/nine-kampaamotuoli\/\"]}]},{\"@type\":\"ImageObject\",\"inLanguage\":\"en-GB\",\"@id\":\"https:\/\/kinnunen.fi\/tuote\/nine-kampaamotuoli\/#primaryimage\",\"url\":\"https:\/\/kinnunen.fi\/wp-content\/uploads\/2024\/04\/AGV_Poltrona_Nine_base-Nera.jpg\",\"contentUrl\":\"https:\/\/kinnunen.fi\/wp-content\/uploads\/2024\/04\/AGV_Poltrona_Nine_base-Nera.jpg\",\"width\":1000,\"height\":1000},{\"@type\":\"BreadcrumbList\",\"@id\":\"https:\/\/kinnunen.fi\/tuote\/nine-kampaamotuoli\/#breadcrumb\",\"itemListElement\":[{\"@type\":\"ListItem\",\"position\":1,\"name\":\"Etusivu\",\"item\":\"https:\/\/kinnunen.fi\/\"},{\"@type\":\"ListItem\",\"position\":2,\"name\":\"Kaikki tuotteet\",\"item\":\"https:\/\/kinnunen.fi\/kauppa\/\"},{\"@type\":\"ListItem\",\"position\":3,\"name\":\"Kalusteet\",\"item\":\"https:\/\/kinnunen.fi\/tuote-osasto\/kalusteet\/\"},{\"@type\":\"ListItem\",\"position\":4,\"name\":\"Nine -kampaamotuoli\"}]},{\"@type\":\"WebSite\",\"@id\":\"https:\/\/kinnunen.fi\/#website\",\"url\":\"https:\/\/kinnunen.fi\/\",\"name\":\"Kinnunen\",\"description\":\"\",\"potentialAction\":[{\"@type\":\"SearchAction\",\"target\":{\"@type\":\"EntryPoint\",\"urlTemplate\":\"https:\/\/kinnunen.fi\/?s={search_term_string}\"},\"query-input\":\"required name=search_term_string\"}],\"inLanguage\":\"en-GB\"}]}<\/script>\n<!-- \/ Yoast SEO plugin. -->","yoast_head_json":{"title":"Nine -kampaamotuoli - Kinnunen","robots":{"index":"index","follow":"follow","max-snippet":"max-snippet:-1","max-image-preview":"max-image-preview:large","max-video-preview":"max-video-preview:-1"},"canonical":"https:\/\/kinnunen.fi\/en\/product\/nine-kampaamotuoli\/","og_locale":"en_GB","og_type":"article","og_title":"Nine -kampaamotuoli - Kinnunen","og_description":"Retro -mallinen kampaamotuoli, jossa tukeva metallinen runko ja pehmustetut k\u00e4densijat. Hintaan sis\u00e4ltyy valitsemasi peruskuosi (n. 20 vaihtoehtoa). Valmistusmaa: Italia. Valmistusvirhe ja materiaalitakuu.  Mitat: Leveys 60 cm, syvyys 55 cm ja istuinkorkeuden s\u00e4\u00e4t\u00f6 44 - 59 cm. Istuimen korkeus mitataan istuimen sek\u00e4 selk\u00e4nojan yhtym\u00e4kohdasta.  TILAUSTUOTE, TOIMITUSAIKA 5 - 8 VIIKKOA  Saatavilla olevat lis\u00e4varusteet: - Kromattu jalkatuki - Erikoiskuosi tai kahden kuosin yhdistelm\u00e4","og_url":"https:\/\/kinnunen.fi\/en\/product\/nine-kampaamotuoli\/","og_site_name":"Kinnunen","article_modified_time":"2024-05-29T13:02:45+00:00","og_image":[{"width":1000,"height":1000,"url":"https:\/\/kinnunen.fi\/wp-content\/uploads\/2024\/04\/AGV_Poltrona_Nine_base-Nera.jpg","type":"image\/jpeg"}],"twitter_card":"summary_large_image","schema":{"@context":"https:\/\/schema.org","@graph":[{"@type":"WebPage","@id":"https:\/\/kinnunen.fi\/tuote\/nine-kampaamotuoli\/","url":"https:\/\/kinnunen.fi\/tuote\/nine-kampaamotuoli\/","name":"Nine -kampaamotuoli - Kinnunen","isPartOf":{"@id":"https:\/\/kinnunen.fi\/#website"},"primaryImageOfPage":{"@id":"https:\/\/kinnunen.fi\/tuote\/nine-kampaamotuoli\/#primaryimage"},"image":{"@id":"https:\/\/kinnunen.fi\/tuote\/nine-kampaamotuoli\/#primaryimage"},"thumbnailUrl":"https:\/\/kinnunen.fi\/wp-content\/uploads\/2024\/04\/AGV_Poltrona_Nine_base-Nera.jpg","datePublished":"2024-04-25T07:14:53+00:00","dateModified":"2024-05-29T13:02:45+00:00","breadcrumb":{"@id":"https:\/\/kinnunen.fi\/tuote\/nine-kampaamotuoli\/#breadcrumb"},"inLanguage":"en-GB","potentialAction":[{"@type":"ReadAction","target":["https:\/\/kinnunen.fi\/tuote\/nine-kampaamotuoli\/"]}]},{"@type":"ImageObject","inLanguage":"en-GB","@id":"https:\/\/kinnunen.fi\/tuote\/nine-kampaamotuoli\/#primaryimage","url":"https:\/\/kinnunen.fi\/wp-content\/uploads\/2024\/04\/AGV_Poltrona_Nine_base-Nera.jpg","contentUrl":"https:\/\/kinnunen.fi\/wp-content\/uploads\/2024\/04\/AGV_Poltrona_Nine_base-Nera.jpg","width":1000,"height":1000},{"@type":"BreadcrumbList","@id":"https:\/\/kinnunen.fi\/tuote\/nine-kampaamotuoli\/#breadcrumb","itemListElement":[{"@type":"ListItem","position":1,"name":"Etusivu","item":"https:\/\/kinnunen.fi\/"},{"@type":"ListItem","position":2,"name":"Kaikki tuotteet","item":"https:\/\/kinnunen.fi\/kauppa\/"},{"@type":"ListItem","position":3,"name":"Kalusteet","item":"https:\/\/kinnunen.fi\/tuote-osasto\/kalusteet\/"},{"@type":"ListItem","position":4,"name":"Nine -kampaamotuoli"}]},{"@type":"WebSite","@id":"https:\/\/kinnunen.fi\/#website","url":"https:\/\/kinnunen.fi\/","name":"Kinnunen","description":"","potentialAction":[{"@type":"SearchAction","target":{"@type":"EntryPoint","urlTemplate":"https:\/\/kinnunen.fi\/?s={search_term_string}"},"query-input":"required name=search_term_string"}],"inLanguage":"en-GB"}]}},"_links":{"self":[{"href":"https:\/\/kinnunen.fi\/en\/wp-json\/wp\/v2\/product\/36576"}],"collection":[{"href":"https:\/\/kinnunen.fi\/en\/wp-json\/wp\/v2\/product"}],"about":[{"href":"https:\/\/kinnunen.fi\/en\/wp-json\/wp\/v2\/types\/product"}],"replies":[{"embeddable":true,"href":"https:\/\/kinnunen.fi\/en\/wp-json\/wp\/v2\/comments?post=36576"}],"wp:featuredmedia":[{"embeddable":true,"href":"https:\/\/kinnunen.fi\/en\/wp-json\/wp\/v2\/media\/36633"}],"wp:attachment":[{"href":"https:\/\/kinnunen.fi\/en\/wp-json\/wp\/v2\/media?parent=36576"}],"wp:term":[{"taxonomy":"product_cat","embeddable":true,"href":"https:\/\/kinnunen.fi\/en\/wp-json\/wp\/v2\/product_cat?post=36576"},{"taxonomy":"product_tag","embeddable":true,"href":"https:\/\/kinnunen.fi\/en\/wp-json\/wp\/v2\/product_tag?post=36576"}],"curies":[{"name":"wp","href":"https:\/\/api.w.org\/{rel}","templated":true}]}}