

{"id":36589,"date":"2024-04-25T10:14:56","date_gmt":"2024-04-25T07:14:56","guid":{"rendered":"https:\/\/kinnunen.fi\/?post_type=product&#038;p=36589"},"modified":"2025-01-29T14:48:35","modified_gmt":"2025-01-29T12:48:35","slug":"alvin-relax-pesupaikka","status":"publish","type":"product","link":"https:\/\/kinnunen.fi\/en\/product\/alvin-relax-pesupaikka\/","title":{"rendered":"Alvin Relax washing place"},"content":{"rendered":"<p>The stylish Alvin washbasin comes standard with a tilting white basin, a basic bowl (around 20 different options) and a motorised footrest. The position of the footrest is infinitely adjustable and the customer can also adjust the height to suit him or herself. Made in Italy. Material and manufacturing defects guaranteed.<\/p>\n<p>Dimensions: height 98 cm, width 64 cm and depth 130 - 156 cm.<\/p>\n<p>CUSTOM-MADE PRODUCT: DELIVERY TIME 5 - 8 WEEKS<\/p>\n<p>Available accessories<br \/>\n- Thermostatic mixer<br \/>\n- aquastop<br \/>\n- Rubber neck support<br \/>\n- Special size or two different sizes<br \/>\n- Black pool<\/p>","protected":false},"excerpt":{"rendered":"<p>Tyylik\u00e4s Alvin -pesupaikka, jonka vakiovarusteeseen kuuluu kallistuva valkoinen allas, peruskuosi (noin 20 erilaista vaihtoehtoa) sek\u00e4 motorisoitu jalkatuki. Jalkatuen asentoa s\u00e4\u00e4d\u00e4t&hellip;<\/p>","protected":false},"featured_media":36599,"comment_status":"open","ping_status":"closed","template":"","meta":{"_relevanssi_hide_post":"","_relevanssi_pin_for_all":"","_relevanssi_pin_keywords":"","_relevanssi_unpin_keywords":"","_relevanssi_related_keywords":"","_relevanssi_related_include_ids":"","_relevanssi_related_exclude_ids":"","_relevanssi_related_no_append":"","_relevanssi_related_not_related":"","_relevanssi_related_posts":"","_relevanssi_noindex_reason":""},"product_cat":[1838,1840],"product_tag":[],"class_list":["post-36589","product","type-product","status-publish","has-post-thumbnail","hentry","product_cat-kalusteet","product_cat-pesupaikat","tuotemerkki-agv-diffusion"],"tuotemerkit":[{"term_id":309,"name":"AGV Diffusion","slug":"agv-diffusion","term_group":0,"term_taxonomy_id":309,"taxonomy":"tuotemerkki","description":"","parent":0,"count":48,"filter":"raw"}],"acf":[],"yoast_head":"<!-- This site is optimized with the Yoast SEO plugin v23.3 - https:\/\/yoast.com\/wordpress\/plugins\/seo\/ -->\n<title>Alvin Relax -pesupaikka - Kinnunen<\/title>\n<meta name=\"description\" content=\"Motorisoidulla jalkatuella valmistettu pesupaikka. Valitse juuri salonkiisi sopiva kuosi laajasta valikoimasta.\" \/>\n<meta name=\"robots\" content=\"index, follow, max-snippet:-1, max-image-preview:large, max-video-preview:-1\" \/>\n<link rel=\"canonical\" href=\"https:\/\/kinnunen.fi\/en\/product\/alvin-relax-pesupaikka\/\" \/>\n<meta property=\"og:locale\" content=\"en_GB\" \/>\n<meta property=\"og:type\" content=\"article\" \/>\n<meta property=\"og:title\" content=\"Alvin Relax -pesupaikka - Kinnunen\" \/>\n<meta property=\"og:description\" content=\"Motorisoidulla jalkatuella valmistettu pesupaikka. Valitse juuri salonkiisi sopiva kuosi laajasta valikoimasta.\" \/>\n<meta property=\"og:url\" content=\"https:\/\/kinnunen.fi\/en\/product\/alvin-relax-pesupaikka\/\" \/>\n<meta property=\"og:site_name\" content=\"Kinnunen\" \/>\n<meta property=\"article:modified_time\" content=\"2025-01-29T12:48:35+00:00\" \/>\n<meta property=\"og:image\" content=\"https:\/\/kinnunen.fi\/wp-content\/uploads\/2024\/04\/AGV_Lavaggio-Alvin_Relax.jpg\" \/>\n\t<meta property=\"og:image:width\" content=\"1000\" \/>\n\t<meta property=\"og:image:height\" content=\"1000\" \/>\n\t<meta property=\"og:image:type\" content=\"image\/jpeg\" \/>\n<meta name=\"twitter:card\" content=\"summary_large_image\" \/>\n<script type=\"application\/ld+json\" class=\"yoast-schema-graph\">{\"@context\":\"https:\/\/schema.org\",\"@graph\":[{\"@type\":\"WebPage\",\"@id\":\"https:\/\/kinnunen.fi\/tuote\/alvin-relax-pesupaikka\/\",\"url\":\"https:\/\/kinnunen.fi\/tuote\/alvin-relax-pesupaikka\/\",\"name\":\"Alvin Relax -pesupaikka - Kinnunen\",\"isPartOf\":{\"@id\":\"https:\/\/kinnunen.fi\/#website\"},\"primaryImageOfPage\":{\"@id\":\"https:\/\/kinnunen.fi\/tuote\/alvin-relax-pesupaikka\/#primaryimage\"},\"image\":{\"@id\":\"https:\/\/kinnunen.fi\/tuote\/alvin-relax-pesupaikka\/#primaryimage\"},\"thumbnailUrl\":\"https:\/\/kinnunen.fi\/wp-content\/uploads\/2024\/04\/AGV_Lavaggio-Alvin_Relax.jpg\",\"datePublished\":\"2024-04-25T07:14:56+00:00\",\"dateModified\":\"2025-01-29T12:48:35+00:00\",\"description\":\"Motorisoidulla jalkatuella valmistettu pesupaikka. Valitse juuri salonkiisi sopiva kuosi laajasta valikoimasta.\",\"breadcrumb\":{\"@id\":\"https:\/\/kinnunen.fi\/tuote\/alvin-relax-pesupaikka\/#breadcrumb\"},\"inLanguage\":\"en-GB\",\"potentialAction\":[{\"@type\":\"ReadAction\",\"target\":[\"https:\/\/kinnunen.fi\/tuote\/alvin-relax-pesupaikka\/\"]}]},{\"@type\":\"ImageObject\",\"inLanguage\":\"en-GB\",\"@id\":\"https:\/\/kinnunen.fi\/tuote\/alvin-relax-pesupaikka\/#primaryimage\",\"url\":\"https:\/\/kinnunen.fi\/wp-content\/uploads\/2024\/04\/AGV_Lavaggio-Alvin_Relax.jpg\",\"contentUrl\":\"https:\/\/kinnunen.fi\/wp-content\/uploads\/2024\/04\/AGV_Lavaggio-Alvin_Relax.jpg\",\"width\":1000,\"height\":1000},{\"@type\":\"BreadcrumbList\",\"@id\":\"https:\/\/kinnunen.fi\/tuote\/alvin-relax-pesupaikka\/#breadcrumb\",\"itemListElement\":[{\"@type\":\"ListItem\",\"position\":1,\"name\":\"Etusivu\",\"item\":\"https:\/\/kinnunen.fi\/\"},{\"@type\":\"ListItem\",\"position\":2,\"name\":\"Kaikki tuotteet\",\"item\":\"https:\/\/kinnunen.fi\/kauppa\/\"},{\"@type\":\"ListItem\",\"position\":3,\"name\":\"Kalusteet\",\"item\":\"https:\/\/kinnunen.fi\/tuote-osasto\/kalusteet\/\"},{\"@type\":\"ListItem\",\"position\":4,\"name\":\"Alvin Relax -pesupaikka\"}]},{\"@type\":\"WebSite\",\"@id\":\"https:\/\/kinnunen.fi\/#website\",\"url\":\"https:\/\/kinnunen.fi\/\",\"name\":\"Kinnunen\",\"description\":\"\",\"potentialAction\":[{\"@type\":\"SearchAction\",\"target\":{\"@type\":\"EntryPoint\",\"urlTemplate\":\"https:\/\/kinnunen.fi\/?s={search_term_string}\"},\"query-input\":\"required name=search_term_string\"}],\"inLanguage\":\"en-GB\"}]}<\/script>\n<!-- \/ Yoast SEO plugin. -->","yoast_head_json":{"title":"Alvin Relax -pesupaikka - Kinnunen","description":"Motorisoidulla jalkatuella valmistettu pesupaikka. Valitse juuri salonkiisi sopiva kuosi laajasta valikoimasta.","robots":{"index":"index","follow":"follow","max-snippet":"max-snippet:-1","max-image-preview":"max-image-preview:large","max-video-preview":"max-video-preview:-1"},"canonical":"https:\/\/kinnunen.fi\/en\/product\/alvin-relax-pesupaikka\/","og_locale":"en_GB","og_type":"article","og_title":"Alvin Relax -pesupaikka - Kinnunen","og_description":"Motorisoidulla jalkatuella valmistettu pesupaikka. Valitse juuri salonkiisi sopiva kuosi laajasta valikoimasta.","og_url":"https:\/\/kinnunen.fi\/en\/product\/alvin-relax-pesupaikka\/","og_site_name":"Kinnunen","article_modified_time":"2025-01-29T12:48:35+00:00","og_image":[{"width":1000,"height":1000,"url":"https:\/\/kinnunen.fi\/wp-content\/uploads\/2024\/04\/AGV_Lavaggio-Alvin_Relax.jpg","type":"image\/jpeg"}],"twitter_card":"summary_large_image","schema":{"@context":"https:\/\/schema.org","@graph":[{"@type":"WebPage","@id":"https:\/\/kinnunen.fi\/tuote\/alvin-relax-pesupaikka\/","url":"https:\/\/kinnunen.fi\/tuote\/alvin-relax-pesupaikka\/","name":"Alvin Relax -pesupaikka - Kinnunen","isPartOf":{"@id":"https:\/\/kinnunen.fi\/#website"},"primaryImageOfPage":{"@id":"https:\/\/kinnunen.fi\/tuote\/alvin-relax-pesupaikka\/#primaryimage"},"image":{"@id":"https:\/\/kinnunen.fi\/tuote\/alvin-relax-pesupaikka\/#primaryimage"},"thumbnailUrl":"https:\/\/kinnunen.fi\/wp-content\/uploads\/2024\/04\/AGV_Lavaggio-Alvin_Relax.jpg","datePublished":"2024-04-25T07:14:56+00:00","dateModified":"2025-01-29T12:48:35+00:00","description":"Motorisoidulla jalkatuella valmistettu pesupaikka. Valitse juuri salonkiisi sopiva kuosi laajasta valikoimasta.","breadcrumb":{"@id":"https:\/\/kinnunen.fi\/tuote\/alvin-relax-pesupaikka\/#breadcrumb"},"inLanguage":"en-GB","potentialAction":[{"@type":"ReadAction","target":["https:\/\/kinnunen.fi\/tuote\/alvin-relax-pesupaikka\/"]}]},{"@type":"ImageObject","inLanguage":"en-GB","@id":"https:\/\/kinnunen.fi\/tuote\/alvin-relax-pesupaikka\/#primaryimage","url":"https:\/\/kinnunen.fi\/wp-content\/uploads\/2024\/04\/AGV_Lavaggio-Alvin_Relax.jpg","contentUrl":"https:\/\/kinnunen.fi\/wp-content\/uploads\/2024\/04\/AGV_Lavaggio-Alvin_Relax.jpg","width":1000,"height":1000},{"@type":"BreadcrumbList","@id":"https:\/\/kinnunen.fi\/tuote\/alvin-relax-pesupaikka\/#breadcrumb","itemListElement":[{"@type":"ListItem","position":1,"name":"Etusivu","item":"https:\/\/kinnunen.fi\/"},{"@type":"ListItem","position":2,"name":"Kaikki tuotteet","item":"https:\/\/kinnunen.fi\/kauppa\/"},{"@type":"ListItem","position":3,"name":"Kalusteet","item":"https:\/\/kinnunen.fi\/tuote-osasto\/kalusteet\/"},{"@type":"ListItem","position":4,"name":"Alvin Relax -pesupaikka"}]},{"@type":"WebSite","@id":"https:\/\/kinnunen.fi\/#website","url":"https:\/\/kinnunen.fi\/","name":"Kinnunen","description":"","potentialAction":[{"@type":"SearchAction","target":{"@type":"EntryPoint","urlTemplate":"https:\/\/kinnunen.fi\/?s={search_term_string}"},"query-input":"required name=search_term_string"}],"inLanguage":"en-GB"}]}},"_links":{"self":[{"href":"https:\/\/kinnunen.fi\/en\/wp-json\/wp\/v2\/product\/36589"}],"collection":[{"href":"https:\/\/kinnunen.fi\/en\/wp-json\/wp\/v2\/product"}],"about":[{"href":"https:\/\/kinnunen.fi\/en\/wp-json\/wp\/v2\/types\/product"}],"replies":[{"embeddable":true,"href":"https:\/\/kinnunen.fi\/en\/wp-json\/wp\/v2\/comments?post=36589"}],"wp:featuredmedia":[{"embeddable":true,"href":"https:\/\/kinnunen.fi\/en\/wp-json\/wp\/v2\/media\/36599"}],"wp:attachment":[{"href":"https:\/\/kinnunen.fi\/en\/wp-json\/wp\/v2\/media?parent=36589"}],"wp:term":[{"taxonomy":"product_cat","embeddable":true,"href":"https:\/\/kinnunen.fi\/en\/wp-json\/wp\/v2\/product_cat?post=36589"},{"taxonomy":"product_tag","embeddable":true,"href":"https:\/\/kinnunen.fi\/en\/wp-json\/wp\/v2\/product_tag?post=36589"}],"curies":[{"name":"wp","href":"https:\/\/api.w.org\/{rel}","templated":true}]}}