

{"id":36886,"date":"2024-05-06T08:56:48","date_gmt":"2024-05-06T05:56:48","guid":{"rendered":"https:\/\/kinnunen.fi\/?post_type=product&#038;p=36886"},"modified":"2025-10-03T15:58:37","modified_gmt":"2025-10-03T12:58:37","slug":"haircamouflage-leikkauskone-ja-trimmeri-paketti","status":"publish","type":"product","link":"https:\/\/kinnunen.fi\/en\/product\/haircamouflage-leikkauskone-ja-trimmeri-paketti\/","title":{"rendered":"Haircamouflage clipper and trimmer package"},"content":{"rendered":"","protected":false},"excerpt":{"rendered":"<p>The package includes a Haircamouflage cutting machine and a trimmer;<\/p>\n<p>Cutting machine<br \/>\nThe Lithium Ion Pro Stage 1 with two cutting speeds (6000 rpm and 6800 rpm). The blade has three cutting lengths of 0.5 mm, 2 mm and 3.2 mm. Working time up to 180 min. Supplied with USB charging cable, charging base and 4 blades (3, 6, 9 and 12 mm) Warranty 12 months.<\/p>\n<p>Timeline<br \/>\nVery precise (cutting length only 0.2 mm) for hair and beard. Thanks to the titanium-coated T-blade, the result is always neat and precise. Operating time up to 60 minutes and the machine can also be used with a cord if required. The machine comes with 4 cutting blades (3 mm, 6 mm, 9 mm and 12 mm), oil, charging cord and cleaning brush. Warranty 12 months<\/p>","protected":false},"featured_media":36888,"comment_status":"closed","ping_status":"closed","template":"","meta":{"_relevanssi_hide_post":"","_relevanssi_pin_for_all":"","_relevanssi_pin_keywords":"","_relevanssi_unpin_keywords":"","_relevanssi_related_keywords":"","_relevanssi_related_include_ids":"","_relevanssi_related_exclude_ids":"","_relevanssi_related_no_append":"","_relevanssi_related_not_related":"","_relevanssi_related_posts":"","_relevanssi_noindex_reason":""},"product_cat":[1774,1775,1776],"product_tag":[],"class_list":["post-36886","product","type-product","status-publish","has-post-thumbnail","hentry","product_cat-koneet-ja-laitteet","product_cat-leikkauskoneet","product_cat-rajaajat","tuotemerkki-haircamouflage"],"tuotemerkit":[{"term_id":157,"name":"HairCamouflage","slug":"haircamouflage","term_group":0,"term_taxonomy_id":157,"taxonomy":"tuotemerkki","description":"","parent":0,"count":31,"filter":"raw"}],"acf":[],"yoast_head":"<!-- This site is optimized with the Yoast SEO plugin v23.3 - https:\/\/yoast.com\/wordpress\/plugins\/seo\/ -->\n<title>Haircamouflage leikkauskone ja trimmeri -paketti - Kinnunen<\/title>\n<meta name=\"robots\" content=\"index, follow, max-snippet:-1, max-image-preview:large, max-video-preview:-1\" \/>\n<link rel=\"canonical\" href=\"https:\/\/kinnunen.fi\/en\/product\/haircamouflage-leikkauskone-ja-trimmeri-paketti\/\" \/>\n<meta property=\"og:locale\" content=\"en_GB\" \/>\n<meta property=\"og:type\" content=\"article\" \/>\n<meta property=\"og:title\" content=\"Haircamouflage leikkauskone ja trimmeri -paketti - Kinnunen\" \/>\n<meta property=\"og:description\" content=\"Paketti sis\u00e4lt\u00e4\u00e4 Haircamouflage leikkauskoneen sek\u00e4 trimmerin;  Leikkauskone Litium Ion Pro Stage 1 -akulla ja kahdella leikkausnopeudella (6000 rpm ja 6800 rpm) varustettu leikkauskone. Ter\u00e4ss\u00e4 kolme leikkauspituutta 0,5 mm, 2 mm ja 3,2 mm. Ty\u00f6skentelyaika jopa 180 min. Mukana toimitetaan USB-latausjohto, latausalusta ja 4 tallaa (3, 6, 9 ja 12 mm) Takuu 12 kk.  Rajaaja Eritt\u00e4in tarkka (leikkauspituus vain 0,2 mm) rajaaja hiuksille sek\u00e4 parralle. Titaanipinnoitteisen T-ter\u00e4n ansiosta lopputulos on aina siisti sek\u00e4 tarkka. K\u00e4ytt\u00f6aika jopa 60 minuuttia ja konetta voidaan tarvittaessa k\u00e4ytt\u00e4\u00e4 my\u00f6s johdon kanssa. Koneen mukana toimitetaan 4 leikkaustallaa (3 mm, 6 mm, 9 mm ja 12 mm), \u00f6ljy, latausjohto sek\u00e4 puhdistusharja. Takuu 12 kk\" \/>\n<meta property=\"og:url\" content=\"https:\/\/kinnunen.fi\/en\/product\/haircamouflage-leikkauskone-ja-trimmeri-paketti\/\" \/>\n<meta property=\"og:site_name\" content=\"Kinnunen\" \/>\n<meta property=\"article:modified_time\" content=\"2025-10-03T12:58:37+00:00\" \/>\n<meta property=\"og:image\" content=\"https:\/\/kinnunen.fi\/wp-content\/uploads\/2024\/05\/Haircamouflage_leikkauskone_trimmeri.jpg\" \/>\n\t<meta property=\"og:image:width\" content=\"1200\" \/>\n\t<meta property=\"og:image:height\" content=\"1200\" \/>\n\t<meta property=\"og:image:type\" content=\"image\/jpeg\" \/>\n<meta name=\"twitter:card\" content=\"summary_large_image\" \/>\n<script type=\"application\/ld+json\" class=\"yoast-schema-graph\">{\"@context\":\"https:\/\/schema.org\",\"@graph\":[{\"@type\":\"WebPage\",\"@id\":\"https:\/\/kinnunen.fi\/tuote\/haircamouflage-leikkauskone-ja-trimmeri-paketti\/\",\"url\":\"https:\/\/kinnunen.fi\/tuote\/haircamouflage-leikkauskone-ja-trimmeri-paketti\/\",\"name\":\"Haircamouflage leikkauskone ja trimmeri -paketti - Kinnunen\",\"isPartOf\":{\"@id\":\"https:\/\/kinnunen.fi\/#website\"},\"primaryImageOfPage\":{\"@id\":\"https:\/\/kinnunen.fi\/tuote\/haircamouflage-leikkauskone-ja-trimmeri-paketti\/#primaryimage\"},\"image\":{\"@id\":\"https:\/\/kinnunen.fi\/tuote\/haircamouflage-leikkauskone-ja-trimmeri-paketti\/#primaryimage\"},\"thumbnailUrl\":\"https:\/\/kinnunen.fi\/wp-content\/uploads\/2024\/05\/Haircamouflage_leikkauskone_trimmeri.jpg\",\"datePublished\":\"2024-05-06T05:56:48+00:00\",\"dateModified\":\"2025-10-03T12:58:37+00:00\",\"breadcrumb\":{\"@id\":\"https:\/\/kinnunen.fi\/tuote\/haircamouflage-leikkauskone-ja-trimmeri-paketti\/#breadcrumb\"},\"inLanguage\":\"en-GB\",\"potentialAction\":[{\"@type\":\"ReadAction\",\"target\":[\"https:\/\/kinnunen.fi\/tuote\/haircamouflage-leikkauskone-ja-trimmeri-paketti\/\"]}]},{\"@type\":\"ImageObject\",\"inLanguage\":\"en-GB\",\"@id\":\"https:\/\/kinnunen.fi\/tuote\/haircamouflage-leikkauskone-ja-trimmeri-paketti\/#primaryimage\",\"url\":\"https:\/\/kinnunen.fi\/wp-content\/uploads\/2024\/05\/Haircamouflage_leikkauskone_trimmeri.jpg\",\"contentUrl\":\"https:\/\/kinnunen.fi\/wp-content\/uploads\/2024\/05\/Haircamouflage_leikkauskone_trimmeri.jpg\",\"width\":1200,\"height\":1200},{\"@type\":\"BreadcrumbList\",\"@id\":\"https:\/\/kinnunen.fi\/tuote\/haircamouflage-leikkauskone-ja-trimmeri-paketti\/#breadcrumb\",\"itemListElement\":[{\"@type\":\"ListItem\",\"position\":1,\"name\":\"Etusivu\",\"item\":\"https:\/\/kinnunen.fi\/\"},{\"@type\":\"ListItem\",\"position\":2,\"name\":\"Kaikki tuotteet\",\"item\":\"https:\/\/kinnunen.fi\/kauppa\/\"},{\"@type\":\"ListItem\",\"position\":3,\"name\":\"Koneet ja s\u00e4hk\u00f6laitteet\",\"item\":\"https:\/\/kinnunen.fi\/tuote-osasto\/koneet-ja-laitteet\/\"},{\"@type\":\"ListItem\",\"position\":4,\"name\":\"Haircamouflage leikkauskone ja trimmeri -paketti\"}]},{\"@type\":\"WebSite\",\"@id\":\"https:\/\/kinnunen.fi\/#website\",\"url\":\"https:\/\/kinnunen.fi\/\",\"name\":\"Kinnunen\",\"description\":\"\",\"potentialAction\":[{\"@type\":\"SearchAction\",\"target\":{\"@type\":\"EntryPoint\",\"urlTemplate\":\"https:\/\/kinnunen.fi\/?s={search_term_string}\"},\"query-input\":\"required name=search_term_string\"}],\"inLanguage\":\"en-GB\"}]}<\/script>\n<!-- \/ Yoast SEO plugin. -->","yoast_head_json":{"title":"Haircamouflage leikkauskone ja trimmeri -paketti - Kinnunen","robots":{"index":"index","follow":"follow","max-snippet":"max-snippet:-1","max-image-preview":"max-image-preview:large","max-video-preview":"max-video-preview:-1"},"canonical":"https:\/\/kinnunen.fi\/en\/product\/haircamouflage-leikkauskone-ja-trimmeri-paketti\/","og_locale":"en_GB","og_type":"article","og_title":"Haircamouflage leikkauskone ja trimmeri -paketti - Kinnunen","og_description":"Paketti sis\u00e4lt\u00e4\u00e4 Haircamouflage leikkauskoneen sek\u00e4 trimmerin;  Leikkauskone Litium Ion Pro Stage 1 -akulla ja kahdella leikkausnopeudella (6000 rpm ja 6800 rpm) varustettu leikkauskone. Ter\u00e4ss\u00e4 kolme leikkauspituutta 0,5 mm, 2 mm ja 3,2 mm. Ty\u00f6skentelyaika jopa 180 min. Mukana toimitetaan USB-latausjohto, latausalusta ja 4 tallaa (3, 6, 9 ja 12 mm) Takuu 12 kk.  Rajaaja Eritt\u00e4in tarkka (leikkauspituus vain 0,2 mm) rajaaja hiuksille sek\u00e4 parralle. Titaanipinnoitteisen T-ter\u00e4n ansiosta lopputulos on aina siisti sek\u00e4 tarkka. K\u00e4ytt\u00f6aika jopa 60 minuuttia ja konetta voidaan tarvittaessa k\u00e4ytt\u00e4\u00e4 my\u00f6s johdon kanssa. Koneen mukana toimitetaan 4 leikkaustallaa (3 mm, 6 mm, 9 mm ja 12 mm), \u00f6ljy, latausjohto sek\u00e4 puhdistusharja. Takuu 12 kk","og_url":"https:\/\/kinnunen.fi\/en\/product\/haircamouflage-leikkauskone-ja-trimmeri-paketti\/","og_site_name":"Kinnunen","article_modified_time":"2025-10-03T12:58:37+00:00","og_image":[{"width":1200,"height":1200,"url":"https:\/\/kinnunen.fi\/wp-content\/uploads\/2024\/05\/Haircamouflage_leikkauskone_trimmeri.jpg","type":"image\/jpeg"}],"twitter_card":"summary_large_image","schema":{"@context":"https:\/\/schema.org","@graph":[{"@type":"WebPage","@id":"https:\/\/kinnunen.fi\/tuote\/haircamouflage-leikkauskone-ja-trimmeri-paketti\/","url":"https:\/\/kinnunen.fi\/tuote\/haircamouflage-leikkauskone-ja-trimmeri-paketti\/","name":"Haircamouflage leikkauskone ja trimmeri -paketti - Kinnunen","isPartOf":{"@id":"https:\/\/kinnunen.fi\/#website"},"primaryImageOfPage":{"@id":"https:\/\/kinnunen.fi\/tuote\/haircamouflage-leikkauskone-ja-trimmeri-paketti\/#primaryimage"},"image":{"@id":"https:\/\/kinnunen.fi\/tuote\/haircamouflage-leikkauskone-ja-trimmeri-paketti\/#primaryimage"},"thumbnailUrl":"https:\/\/kinnunen.fi\/wp-content\/uploads\/2024\/05\/Haircamouflage_leikkauskone_trimmeri.jpg","datePublished":"2024-05-06T05:56:48+00:00","dateModified":"2025-10-03T12:58:37+00:00","breadcrumb":{"@id":"https:\/\/kinnunen.fi\/tuote\/haircamouflage-leikkauskone-ja-trimmeri-paketti\/#breadcrumb"},"inLanguage":"en-GB","potentialAction":[{"@type":"ReadAction","target":["https:\/\/kinnunen.fi\/tuote\/haircamouflage-leikkauskone-ja-trimmeri-paketti\/"]}]},{"@type":"ImageObject","inLanguage":"en-GB","@id":"https:\/\/kinnunen.fi\/tuote\/haircamouflage-leikkauskone-ja-trimmeri-paketti\/#primaryimage","url":"https:\/\/kinnunen.fi\/wp-content\/uploads\/2024\/05\/Haircamouflage_leikkauskone_trimmeri.jpg","contentUrl":"https:\/\/kinnunen.fi\/wp-content\/uploads\/2024\/05\/Haircamouflage_leikkauskone_trimmeri.jpg","width":1200,"height":1200},{"@type":"BreadcrumbList","@id":"https:\/\/kinnunen.fi\/tuote\/haircamouflage-leikkauskone-ja-trimmeri-paketti\/#breadcrumb","itemListElement":[{"@type":"ListItem","position":1,"name":"Etusivu","item":"https:\/\/kinnunen.fi\/"},{"@type":"ListItem","position":2,"name":"Kaikki tuotteet","item":"https:\/\/kinnunen.fi\/kauppa\/"},{"@type":"ListItem","position":3,"name":"Koneet ja s\u00e4hk\u00f6laitteet","item":"https:\/\/kinnunen.fi\/tuote-osasto\/koneet-ja-laitteet\/"},{"@type":"ListItem","position":4,"name":"Haircamouflage leikkauskone ja trimmeri -paketti"}]},{"@type":"WebSite","@id":"https:\/\/kinnunen.fi\/#website","url":"https:\/\/kinnunen.fi\/","name":"Kinnunen","description":"","potentialAction":[{"@type":"SearchAction","target":{"@type":"EntryPoint","urlTemplate":"https:\/\/kinnunen.fi\/?s={search_term_string}"},"query-input":"required name=search_term_string"}],"inLanguage":"en-GB"}]}},"_links":{"self":[{"href":"https:\/\/kinnunen.fi\/en\/wp-json\/wp\/v2\/product\/36886"}],"collection":[{"href":"https:\/\/kinnunen.fi\/en\/wp-json\/wp\/v2\/product"}],"about":[{"href":"https:\/\/kinnunen.fi\/en\/wp-json\/wp\/v2\/types\/product"}],"replies":[{"embeddable":true,"href":"https:\/\/kinnunen.fi\/en\/wp-json\/wp\/v2\/comments?post=36886"}],"wp:featuredmedia":[{"embeddable":true,"href":"https:\/\/kinnunen.fi\/en\/wp-json\/wp\/v2\/media\/36888"}],"wp:attachment":[{"href":"https:\/\/kinnunen.fi\/en\/wp-json\/wp\/v2\/media?parent=36886"}],"wp:term":[{"taxonomy":"product_cat","embeddable":true,"href":"https:\/\/kinnunen.fi\/en\/wp-json\/wp\/v2\/product_cat?post=36886"},{"taxonomy":"product_tag","embeddable":true,"href":"https:\/\/kinnunen.fi\/en\/wp-json\/wp\/v2\/product_tag?post=36886"}],"curies":[{"name":"wp","href":"https:\/\/api.w.org\/{rel}","templated":true}]}}