

{"id":36977,"date":"2024-05-03T09:38:47","date_gmt":"2024-05-03T06:38:47","guid":{"rendered":"https:\/\/kinnunen.fi\/?post_type=product&#038;p=36977"},"modified":"2026-04-30T04:00:14","modified_gmt":"2026-04-30T01:00:14","slug":"nepparivalkki-musta-18cm","status":"publish","type":"product","link":"https:\/\/kinnunen.fi\/en\/product\/nepparivalkki-musta-18cm\/","title":{"rendered":"White tie black, 18cm"},"content":{"rendered":"","protected":false},"excerpt":{"rendered":"<p><span>The pinwheel is a gentle and easy tool for making a chunky bun. With a bobble whisk, you can easily change your hair style by placing your hair on a bobble at the nape of your neck or on top of your head. Rotate the ponytail towards the head so that the entire ponytail is tightly wrapped around the ponytail. Attach the pin, arrange the hair evenly around the ponytail, and finish with pins. Length straight approx 18cm, diameter 4,5cm.<\/span><\/p>","protected":false},"featured_media":36972,"comment_status":"closed","ping_status":"closed","template":"","meta":{"_relevanssi_hide_post":"","_relevanssi_pin_for_all":"","_relevanssi_pin_keywords":"","_relevanssi_unpin_keywords":"","_relevanssi_related_keywords":"","_relevanssi_related_include_ids":"","_relevanssi_related_exclude_ids":"","_relevanssi_related_no_append":"","_relevanssi_related_not_related":"","_relevanssi_related_posts":"","_relevanssi_noindex_reason":""},"product_cat":[1762,1822,1826],"product_tag":[],"class_list":["post-36977","product","type-product","status-publish","has-post-thumbnail","hentry","product_cat-tarvikkeet","product_cat-kampaustarvikkeet","product_cat-valkit"],"tuotemerkit":[],"acf":[],"yoast_head":"<!-- This site is optimized with the Yoast SEO plugin v23.3 - https:\/\/yoast.com\/wordpress\/plugins\/seo\/ -->\n<title>Nepparivalkki musta, 18cm - Kinnunen<\/title>\n<meta name=\"robots\" content=\"index, follow, max-snippet:-1, max-image-preview:large, max-video-preview:-1\" \/>\n<link rel=\"canonical\" href=\"https:\/\/kinnunen.fi\/en\/product\/nepparivalkki-musta-18cm\/\" \/>\n<meta property=\"og:locale\" content=\"en_GB\" \/>\n<meta property=\"og:type\" content=\"article\" \/>\n<meta property=\"og:title\" content=\"Nepparivalkki musta, 18cm - Kinnunen\" \/>\n<meta property=\"og:description\" content=\"Nepparivalkki on hell\u00e4varainen ja helppo apuv\u00e4line muhkean nutturan tekemiseen. Nepparivalkin avulla voit helposti vaihdella hiustyyli\u00e4si asettamalla hiuksesi nutturalle niskaan tai p\u00e4\u00e4laellesi. Py\u00f6rit\u00e4 valkkia p\u00e4\u00e4t\u00e4 kohti niin, ett\u00e4 koko poninh\u00e4nt\u00e4 on tiiviisti valkin ymp\u00e4rill\u00e4. Kiinnit\u00e4 neppari, asettele hiukset tasaisesti valkin ymp\u00e4ri, ja viimeistele pinneill\u00e4. Pituus suorana n.18cm, halkaisija 4,5cm.\" \/>\n<meta property=\"og:url\" content=\"https:\/\/kinnunen.fi\/en\/product\/nepparivalkki-musta-18cm\/\" \/>\n<meta property=\"og:site_name\" content=\"Kinnunen\" \/>\n<meta property=\"article:modified_time\" content=\"2026-04-30T01:00:14+00:00\" \/>\n<meta property=\"og:image\" content=\"https:\/\/kinnunen.fi\/wp-content\/uploads\/2024\/05\/27840_nepparivalkki_musta.jpg\" \/>\n\t<meta property=\"og:image:width\" content=\"1200\" \/>\n\t<meta property=\"og:image:height\" content=\"1200\" \/>\n\t<meta property=\"og:image:type\" content=\"image\/jpeg\" \/>\n<meta name=\"twitter:card\" content=\"summary_large_image\" \/>\n<script type=\"application\/ld+json\" class=\"yoast-schema-graph\">{\"@context\":\"https:\/\/schema.org\",\"@graph\":[{\"@type\":\"WebPage\",\"@id\":\"https:\/\/kinnunen.fi\/tuote\/nepparivalkki-musta-18cm\/\",\"url\":\"https:\/\/kinnunen.fi\/tuote\/nepparivalkki-musta-18cm\/\",\"name\":\"Nepparivalkki musta, 18cm - Kinnunen\",\"isPartOf\":{\"@id\":\"https:\/\/kinnunen.fi\/#website\"},\"primaryImageOfPage\":{\"@id\":\"https:\/\/kinnunen.fi\/tuote\/nepparivalkki-musta-18cm\/#primaryimage\"},\"image\":{\"@id\":\"https:\/\/kinnunen.fi\/tuote\/nepparivalkki-musta-18cm\/#primaryimage\"},\"thumbnailUrl\":\"https:\/\/kinnunen.fi\/wp-content\/uploads\/2024\/05\/27840_nepparivalkki_musta.jpg\",\"datePublished\":\"2024-05-03T06:38:47+00:00\",\"dateModified\":\"2026-04-30T01:00:14+00:00\",\"breadcrumb\":{\"@id\":\"https:\/\/kinnunen.fi\/tuote\/nepparivalkki-musta-18cm\/#breadcrumb\"},\"inLanguage\":\"en-GB\",\"potentialAction\":[{\"@type\":\"ReadAction\",\"target\":[\"https:\/\/kinnunen.fi\/tuote\/nepparivalkki-musta-18cm\/\"]}]},{\"@type\":\"ImageObject\",\"inLanguage\":\"en-GB\",\"@id\":\"https:\/\/kinnunen.fi\/tuote\/nepparivalkki-musta-18cm\/#primaryimage\",\"url\":\"https:\/\/kinnunen.fi\/wp-content\/uploads\/2024\/05\/27840_nepparivalkki_musta.jpg\",\"contentUrl\":\"https:\/\/kinnunen.fi\/wp-content\/uploads\/2024\/05\/27840_nepparivalkki_musta.jpg\",\"width\":1200,\"height\":1200},{\"@type\":\"BreadcrumbList\",\"@id\":\"https:\/\/kinnunen.fi\/tuote\/nepparivalkki-musta-18cm\/#breadcrumb\",\"itemListElement\":[{\"@type\":\"ListItem\",\"position\":1,\"name\":\"Etusivu\",\"item\":\"https:\/\/kinnunen.fi\/\"},{\"@type\":\"ListItem\",\"position\":2,\"name\":\"Kaikki tuotteet\",\"item\":\"https:\/\/kinnunen.fi\/kauppa\/\"},{\"@type\":\"ListItem\",\"position\":3,\"name\":\"Tarvikkeet\",\"item\":\"https:\/\/kinnunen.fi\/tuote-osasto\/tarvikkeet\/\"},{\"@type\":\"ListItem\",\"position\":4,\"name\":\"Nepparivalkki musta, 18cm\"}]},{\"@type\":\"WebSite\",\"@id\":\"https:\/\/kinnunen.fi\/#website\",\"url\":\"https:\/\/kinnunen.fi\/\",\"name\":\"Kinnunen\",\"description\":\"\",\"potentialAction\":[{\"@type\":\"SearchAction\",\"target\":{\"@type\":\"EntryPoint\",\"urlTemplate\":\"https:\/\/kinnunen.fi\/?s={search_term_string}\"},\"query-input\":\"required name=search_term_string\"}],\"inLanguage\":\"en-GB\"}]}<\/script>\n<!-- \/ Yoast SEO plugin. -->","yoast_head_json":{"title":"Nepparivalkki musta, 18cm - Kinnunen","robots":{"index":"index","follow":"follow","max-snippet":"max-snippet:-1","max-image-preview":"max-image-preview:large","max-video-preview":"max-video-preview:-1"},"canonical":"https:\/\/kinnunen.fi\/en\/product\/nepparivalkki-musta-18cm\/","og_locale":"en_GB","og_type":"article","og_title":"Nepparivalkki musta, 18cm - Kinnunen","og_description":"Nepparivalkki on hell\u00e4varainen ja helppo apuv\u00e4line muhkean nutturan tekemiseen. Nepparivalkin avulla voit helposti vaihdella hiustyyli\u00e4si asettamalla hiuksesi nutturalle niskaan tai p\u00e4\u00e4laellesi. Py\u00f6rit\u00e4 valkkia p\u00e4\u00e4t\u00e4 kohti niin, ett\u00e4 koko poninh\u00e4nt\u00e4 on tiiviisti valkin ymp\u00e4rill\u00e4. Kiinnit\u00e4 neppari, asettele hiukset tasaisesti valkin ymp\u00e4ri, ja viimeistele pinneill\u00e4. Pituus suorana n.18cm, halkaisija 4,5cm.","og_url":"https:\/\/kinnunen.fi\/en\/product\/nepparivalkki-musta-18cm\/","og_site_name":"Kinnunen","article_modified_time":"2026-04-30T01:00:14+00:00","og_image":[{"width":1200,"height":1200,"url":"https:\/\/kinnunen.fi\/wp-content\/uploads\/2024\/05\/27840_nepparivalkki_musta.jpg","type":"image\/jpeg"}],"twitter_card":"summary_large_image","schema":{"@context":"https:\/\/schema.org","@graph":[{"@type":"WebPage","@id":"https:\/\/kinnunen.fi\/tuote\/nepparivalkki-musta-18cm\/","url":"https:\/\/kinnunen.fi\/tuote\/nepparivalkki-musta-18cm\/","name":"Nepparivalkki musta, 18cm - Kinnunen","isPartOf":{"@id":"https:\/\/kinnunen.fi\/#website"},"primaryImageOfPage":{"@id":"https:\/\/kinnunen.fi\/tuote\/nepparivalkki-musta-18cm\/#primaryimage"},"image":{"@id":"https:\/\/kinnunen.fi\/tuote\/nepparivalkki-musta-18cm\/#primaryimage"},"thumbnailUrl":"https:\/\/kinnunen.fi\/wp-content\/uploads\/2024\/05\/27840_nepparivalkki_musta.jpg","datePublished":"2024-05-03T06:38:47+00:00","dateModified":"2026-04-30T01:00:14+00:00","breadcrumb":{"@id":"https:\/\/kinnunen.fi\/tuote\/nepparivalkki-musta-18cm\/#breadcrumb"},"inLanguage":"en-GB","potentialAction":[{"@type":"ReadAction","target":["https:\/\/kinnunen.fi\/tuote\/nepparivalkki-musta-18cm\/"]}]},{"@type":"ImageObject","inLanguage":"en-GB","@id":"https:\/\/kinnunen.fi\/tuote\/nepparivalkki-musta-18cm\/#primaryimage","url":"https:\/\/kinnunen.fi\/wp-content\/uploads\/2024\/05\/27840_nepparivalkki_musta.jpg","contentUrl":"https:\/\/kinnunen.fi\/wp-content\/uploads\/2024\/05\/27840_nepparivalkki_musta.jpg","width":1200,"height":1200},{"@type":"BreadcrumbList","@id":"https:\/\/kinnunen.fi\/tuote\/nepparivalkki-musta-18cm\/#breadcrumb","itemListElement":[{"@type":"ListItem","position":1,"name":"Etusivu","item":"https:\/\/kinnunen.fi\/"},{"@type":"ListItem","position":2,"name":"Kaikki tuotteet","item":"https:\/\/kinnunen.fi\/kauppa\/"},{"@type":"ListItem","position":3,"name":"Tarvikkeet","item":"https:\/\/kinnunen.fi\/tuote-osasto\/tarvikkeet\/"},{"@type":"ListItem","position":4,"name":"Nepparivalkki musta, 18cm"}]},{"@type":"WebSite","@id":"https:\/\/kinnunen.fi\/#website","url":"https:\/\/kinnunen.fi\/","name":"Kinnunen","description":"","potentialAction":[{"@type":"SearchAction","target":{"@type":"EntryPoint","urlTemplate":"https:\/\/kinnunen.fi\/?s={search_term_string}"},"query-input":"required name=search_term_string"}],"inLanguage":"en-GB"}]}},"_links":{"self":[{"href":"https:\/\/kinnunen.fi\/en\/wp-json\/wp\/v2\/product\/36977"}],"collection":[{"href":"https:\/\/kinnunen.fi\/en\/wp-json\/wp\/v2\/product"}],"about":[{"href":"https:\/\/kinnunen.fi\/en\/wp-json\/wp\/v2\/types\/product"}],"replies":[{"embeddable":true,"href":"https:\/\/kinnunen.fi\/en\/wp-json\/wp\/v2\/comments?post=36977"}],"wp:featuredmedia":[{"embeddable":true,"href":"https:\/\/kinnunen.fi\/en\/wp-json\/wp\/v2\/media\/36972"}],"wp:attachment":[{"href":"https:\/\/kinnunen.fi\/en\/wp-json\/wp\/v2\/media?parent=36977"}],"wp:term":[{"taxonomy":"product_cat","embeddable":true,"href":"https:\/\/kinnunen.fi\/en\/wp-json\/wp\/v2\/product_cat?post=36977"},{"taxonomy":"product_tag","embeddable":true,"href":"https:\/\/kinnunen.fi\/en\/wp-json\/wp\/v2\/product_tag?post=36977"}],"curies":[{"name":"wp","href":"https:\/\/api.w.org\/{rel}","templated":true}]}}