

{"id":37435,"date":"2024-05-31T15:29:08","date_gmt":"2024-05-31T12:29:08","guid":{"rendered":"https:\/\/kinnunen.fi\/?post_type=product&#038;p=37435"},"modified":"2026-04-29T04:00:07","modified_gmt":"2026-04-29T01:00:07","slug":"ub-infinite-blonde-refill-2-x-500-g","status":"publish","type":"product","link":"https:\/\/kinnunen.fi\/en\/product\/ub-infinite-blonde-refill-2-x-500-g\/","title":{"rendered":"UB Infinite Blonde Refill 2 x 500 g"},"content":{"rendered":"","protected":false},"excerpt":{"rendered":"<p>Clay-based bleaching powder for free-hand techniques. Integrated Bond Fuser technology. For use with Keune Cream Developer bapette. Effect time max. 50 minutes. Filling kit with 2 500g sachets.<\/p>","protected":false},"featured_media":0,"comment_status":"open","ping_status":"closed","template":"","meta":{"_relevanssi_hide_post":"","_relevanssi_pin_for_all":"","_relevanssi_pin_keywords":"","_relevanssi_unpin_keywords":"","_relevanssi_related_keywords":"","_relevanssi_related_include_ids":"","_relevanssi_related_exclude_ids":"","_relevanssi_related_no_append":"","_relevanssi_related_not_related":"","_relevanssi_related_posts":"","_relevanssi_noindex_reason":""},"product_cat":[1727,1750],"product_tag":[],"class_list":["post-37435","product","type-product","status-publish","hentry","product_cat-hiuskosmetiikka","product_cat-vaalennusjauheet","tuotemerkki-keune-haircosmetics","tuotemerkki-ultimate-blonde"],"tuotemerkit":[{"term_id":25,"name":"Keune Haircosmetics","slug":"keune-haircosmetics","term_group":0,"term_taxonomy_id":25,"taxonomy":"tuotemerkki","description":"","parent":0,"count":276,"filter":"raw"},{"term_id":106,"name":"Ultimate Blonde","slug":"ultimate-blonde","term_group":0,"term_taxonomy_id":106,"taxonomy":"tuotemerkki","description":"","parent":25,"count":11,"filter":"raw"}],"acf":[],"yoast_head":"<!-- This site is optimized with the Yoast SEO plugin v23.3 - https:\/\/yoast.com\/wordpress\/plugins\/seo\/ -->\n<title>UB Infinite Blonde Refill 2 x 500 g - Kinnunen<\/title>\n<meta name=\"robots\" content=\"index, follow, max-snippet:-1, max-image-preview:large, max-video-preview:-1\" \/>\n<link rel=\"canonical\" href=\"https:\/\/kinnunen.fi\/en\/product\/ub-infinite-blonde-refill-2-x-500-g\/\" \/>\n<meta property=\"og:locale\" content=\"en_GB\" \/>\n<meta property=\"og:type\" content=\"article\" \/>\n<meta property=\"og:title\" content=\"UB Infinite Blonde Refill 2 x 500 g - Kinnunen\" \/>\n<meta property=\"og:description\" content=\"Savipohjainen vaalennusjauhe vapaan k\u00e4den tekniikoihin. Integroitu Bond Fuser -teknologia. K\u00e4ytet\u00e4\u00e4n Keune Cream Developer -hapetteen kanssa. Vaikutusaika max. 50 minuuttia. T\u00e4ytt\u00f6paketti, jossa 2kpl 500g pussia.\" \/>\n<meta property=\"og:url\" content=\"https:\/\/kinnunen.fi\/en\/product\/ub-infinite-blonde-refill-2-x-500-g\/\" \/>\n<meta property=\"og:site_name\" content=\"Kinnunen\" \/>\n<meta property=\"article:modified_time\" content=\"2026-04-29T01:00:07+00:00\" \/>\n<meta name=\"twitter:card\" content=\"summary_large_image\" \/>\n<script type=\"application\/ld+json\" class=\"yoast-schema-graph\">{\"@context\":\"https:\/\/schema.org\",\"@graph\":[{\"@type\":\"WebPage\",\"@id\":\"https:\/\/kinnunen.fi\/tuote\/ub-infinite-blonde-refill-2-x-500-g\/\",\"url\":\"https:\/\/kinnunen.fi\/tuote\/ub-infinite-blonde-refill-2-x-500-g\/\",\"name\":\"UB Infinite Blonde Refill 2 x 500 g - Kinnunen\",\"isPartOf\":{\"@id\":\"https:\/\/kinnunen.fi\/#website\"},\"datePublished\":\"2024-05-31T12:29:08+00:00\",\"dateModified\":\"2026-04-29T01:00:07+00:00\",\"breadcrumb\":{\"@id\":\"https:\/\/kinnunen.fi\/tuote\/ub-infinite-blonde-refill-2-x-500-g\/#breadcrumb\"},\"inLanguage\":\"en-GB\",\"potentialAction\":[{\"@type\":\"ReadAction\",\"target\":[\"https:\/\/kinnunen.fi\/tuote\/ub-infinite-blonde-refill-2-x-500-g\/\"]}]},{\"@type\":\"BreadcrumbList\",\"@id\":\"https:\/\/kinnunen.fi\/tuote\/ub-infinite-blonde-refill-2-x-500-g\/#breadcrumb\",\"itemListElement\":[{\"@type\":\"ListItem\",\"position\":1,\"name\":\"Etusivu\",\"item\":\"https:\/\/kinnunen.fi\/\"},{\"@type\":\"ListItem\",\"position\":2,\"name\":\"Kaikki tuotteet\",\"item\":\"https:\/\/kinnunen.fi\/kauppa\/\"},{\"@type\":\"ListItem\",\"position\":3,\"name\":\"Hiuskosmetiikka\",\"item\":\"https:\/\/kinnunen.fi\/tuote-osasto\/hiuskosmetiikka\/\"},{\"@type\":\"ListItem\",\"position\":4,\"name\":\"UB Infinite Blonde Refill 2 x 500 g\"}]},{\"@type\":\"WebSite\",\"@id\":\"https:\/\/kinnunen.fi\/#website\",\"url\":\"https:\/\/kinnunen.fi\/\",\"name\":\"Kinnunen\",\"description\":\"\",\"potentialAction\":[{\"@type\":\"SearchAction\",\"target\":{\"@type\":\"EntryPoint\",\"urlTemplate\":\"https:\/\/kinnunen.fi\/?s={search_term_string}\"},\"query-input\":\"required name=search_term_string\"}],\"inLanguage\":\"en-GB\"}]}<\/script>\n<!-- \/ Yoast SEO plugin. -->","yoast_head_json":{"title":"UB Infinite Blonde Refill 2 x 500 g - Kinnunen","robots":{"index":"index","follow":"follow","max-snippet":"max-snippet:-1","max-image-preview":"max-image-preview:large","max-video-preview":"max-video-preview:-1"},"canonical":"https:\/\/kinnunen.fi\/en\/product\/ub-infinite-blonde-refill-2-x-500-g\/","og_locale":"en_GB","og_type":"article","og_title":"UB Infinite Blonde Refill 2 x 500 g - Kinnunen","og_description":"Savipohjainen vaalennusjauhe vapaan k\u00e4den tekniikoihin. Integroitu Bond Fuser -teknologia. K\u00e4ytet\u00e4\u00e4n Keune Cream Developer -hapetteen kanssa. Vaikutusaika max. 50 minuuttia. T\u00e4ytt\u00f6paketti, jossa 2kpl 500g pussia.","og_url":"https:\/\/kinnunen.fi\/en\/product\/ub-infinite-blonde-refill-2-x-500-g\/","og_site_name":"Kinnunen","article_modified_time":"2026-04-29T01:00:07+00:00","twitter_card":"summary_large_image","schema":{"@context":"https:\/\/schema.org","@graph":[{"@type":"WebPage","@id":"https:\/\/kinnunen.fi\/tuote\/ub-infinite-blonde-refill-2-x-500-g\/","url":"https:\/\/kinnunen.fi\/tuote\/ub-infinite-blonde-refill-2-x-500-g\/","name":"UB Infinite Blonde Refill 2 x 500 g - Kinnunen","isPartOf":{"@id":"https:\/\/kinnunen.fi\/#website"},"datePublished":"2024-05-31T12:29:08+00:00","dateModified":"2026-04-29T01:00:07+00:00","breadcrumb":{"@id":"https:\/\/kinnunen.fi\/tuote\/ub-infinite-blonde-refill-2-x-500-g\/#breadcrumb"},"inLanguage":"en-GB","potentialAction":[{"@type":"ReadAction","target":["https:\/\/kinnunen.fi\/tuote\/ub-infinite-blonde-refill-2-x-500-g\/"]}]},{"@type":"BreadcrumbList","@id":"https:\/\/kinnunen.fi\/tuote\/ub-infinite-blonde-refill-2-x-500-g\/#breadcrumb","itemListElement":[{"@type":"ListItem","position":1,"name":"Etusivu","item":"https:\/\/kinnunen.fi\/"},{"@type":"ListItem","position":2,"name":"Kaikki tuotteet","item":"https:\/\/kinnunen.fi\/kauppa\/"},{"@type":"ListItem","position":3,"name":"Hiuskosmetiikka","item":"https:\/\/kinnunen.fi\/tuote-osasto\/hiuskosmetiikka\/"},{"@type":"ListItem","position":4,"name":"UB Infinite Blonde Refill 2 x 500 g"}]},{"@type":"WebSite","@id":"https:\/\/kinnunen.fi\/#website","url":"https:\/\/kinnunen.fi\/","name":"Kinnunen","description":"","potentialAction":[{"@type":"SearchAction","target":{"@type":"EntryPoint","urlTemplate":"https:\/\/kinnunen.fi\/?s={search_term_string}"},"query-input":"required name=search_term_string"}],"inLanguage":"en-GB"}]}},"_links":{"self":[{"href":"https:\/\/kinnunen.fi\/en\/wp-json\/wp\/v2\/product\/37435"}],"collection":[{"href":"https:\/\/kinnunen.fi\/en\/wp-json\/wp\/v2\/product"}],"about":[{"href":"https:\/\/kinnunen.fi\/en\/wp-json\/wp\/v2\/types\/product"}],"replies":[{"embeddable":true,"href":"https:\/\/kinnunen.fi\/en\/wp-json\/wp\/v2\/comments?post=37435"}],"wp:attachment":[{"href":"https:\/\/kinnunen.fi\/en\/wp-json\/wp\/v2\/media?parent=37435"}],"wp:term":[{"taxonomy":"product_cat","embeddable":true,"href":"https:\/\/kinnunen.fi\/en\/wp-json\/wp\/v2\/product_cat?post=37435"},{"taxonomy":"product_tag","embeddable":true,"href":"https:\/\/kinnunen.fi\/en\/wp-json\/wp\/v2\/product_tag?post=37435"}],"curies":[{"name":"wp","href":"https:\/\/api.w.org\/{rel}","templated":true}]}}