

{"id":37566,"date":"2024-06-04T11:57:15","date_gmt":"2024-06-04T08:57:15","guid":{"rendered":"https:\/\/kinnunen.fi\/?post_type=product&#038;p=37566"},"modified":"2026-05-04T04:00:25","modified_gmt":"2026-05-04T01:00:25","slug":"framar-connect-colors-bowls-varikupit","status":"publish","type":"product","link":"https:\/\/kinnunen.fi\/en\/product\/framar-connect-colors-bowls-varikupit\/","title":{"rendered":"Framar Connect &amp; Colors Bowls"},"content":{"rendered":"","protected":false},"excerpt":{"rendered":"<p><strong>Set of seven colour bowls - Pastel &amp; Transparent<\/strong><\/p>\n<p>These beautiful bowls snap together to form a honeycomb; combine, carry and use several colours at once!<\/p>\n<ul>\n<li><strong>Perfect for staining multiple colours:<\/strong> Ideal for colouring where several hair colours are needed at the same time.<\/li>\n<li><strong>Easy to transport:<\/strong> Easily connect the bowls together to form a honeycomb<\/li>\n<li><strong>Rubber sole:<\/strong> Better grip, so bowls stay in place.<\/li>\n<li><strong>Stain and impact resistant material:<\/strong> Ideal for busy days at the salon.<\/li>\n<\/ul>\n<p>The set comes with seven bowls, packaged in transparent and pastel colours. The bowls are also easily stackable, making storage easy.<\/p>","protected":false},"featured_media":37430,"comment_status":"closed","ping_status":"closed","template":"","meta":{"_relevanssi_hide_post":"","_relevanssi_pin_for_all":"","_relevanssi_pin_keywords":"","_relevanssi_unpin_keywords":"","_relevanssi_related_keywords":"","_relevanssi_related_include_ids":"","_relevanssi_related_exclude_ids":"","_relevanssi_related_no_append":"","_relevanssi_related_not_related":"","_relevanssi_related_posts":"","_relevanssi_noindex_reason":""},"product_cat":[1762,1806,1810],"product_tag":[],"class_list":["post-37566","product","type-product","status-publish","has-post-thumbnail","hentry","product_cat-tarvikkeet","product_cat-varjaystarvikkeet","product_cat-varikupit","tuotemerkki-framar"],"tuotemerkit":[{"term_id":2285,"name":"Framar","slug":"framar","term_group":0,"term_taxonomy_id":2285,"taxonomy":"tuotemerkki","description":"","parent":0,"count":18,"filter":"raw"}],"acf":[],"yoast_head":"<!-- This site is optimized with the Yoast SEO plugin v23.3 - https:\/\/yoast.com\/wordpress\/plugins\/seo\/ -->\n<title>Framar Connect &amp; Colors Bowls -v\u00e4rikupit - Kinnunen<\/title>\n<meta name=\"robots\" content=\"index, follow, max-snippet:-1, max-image-preview:large, max-video-preview:-1\" \/>\n<link rel=\"canonical\" href=\"https:\/\/kinnunen.fi\/en\/product\/framar-connect-colors-bowls-varikupit\/\" \/>\n<meta property=\"og:locale\" content=\"en_GB\" \/>\n<meta property=\"og:type\" content=\"article\" \/>\n<meta property=\"og:title\" content=\"Framar Connect &amp; Colors Bowls -v\u00e4rikupit - Kinnunen\" \/>\n<meta property=\"og:description\" content=\"Seitsem\u00e4n v\u00e4rikulhon setti - Pastelli &amp; L\u00e4pin\u00e4kyv\u00e4  N\u00e4m\u00e4 kauniit kulhot napsahtavat yhteen muodostaen hunajakennon; yhdist\u00e4, kanna ja k\u00e4yt\u00e4 useita v\u00e4rej\u00e4 yht\u00e4 aikaa!   T\u00e4ydellinen useiden v\u00e4rien v\u00e4rj\u00e4ykseen: Soveltuu erinomaisesti v\u00e4rj\u00e4yksiin, joissa tarvitaan useita hiusv\u00e4rej\u00e4 yht\u00e4 aikaa.  Helppo kuljettaa: Liit\u00e4 kulhot vaivattomasti toisiinsa hunajakennon muotoon  Kumipohja: Parempi pito, joten kulhot pysyv\u00e4t paikoillaan.  Tahran- ja iskunkest\u00e4v\u00e4 materiaali: Ihanteellinen kiireisiin p\u00e4iviin kampaamossa.  Setiss\u00e4 on seitsem\u00e4n kulhoa, joita on paketissa l\u00e4pin\u00e4kyvin\u00e4 ja pastelliv\u00e4reiss\u00e4. Kulhot ovat my\u00f6s helposti pinottavissa, joten s\u00e4ilytys on helppoa.\" \/>\n<meta property=\"og:url\" content=\"https:\/\/kinnunen.fi\/en\/product\/framar-connect-colors-bowls-varikupit\/\" \/>\n<meta property=\"og:site_name\" content=\"Kinnunen\" \/>\n<meta property=\"article:modified_time\" content=\"2026-05-04T01:00:25+00:00\" \/>\n<meta property=\"og:image\" content=\"https:\/\/kinnunen.fi\/wp-content\/uploads\/2024\/05\/Framar_Connect_et_Colors_Bowls_varikupit_CBCC.jpg\" \/>\n\t<meta property=\"og:image:width\" content=\"1200\" \/>\n\t<meta property=\"og:image:height\" content=\"1200\" \/>\n\t<meta property=\"og:image:type\" content=\"image\/jpeg\" \/>\n<meta name=\"twitter:card\" content=\"summary_large_image\" \/>\n<script type=\"application\/ld+json\" class=\"yoast-schema-graph\">{\"@context\":\"https:\/\/schema.org\",\"@graph\":[{\"@type\":\"WebPage\",\"@id\":\"https:\/\/kinnunen.fi\/tuote\/framar-connect-colors-bowls-varikupit\/\",\"url\":\"https:\/\/kinnunen.fi\/tuote\/framar-connect-colors-bowls-varikupit\/\",\"name\":\"Framar Connect & Colors Bowls -v\u00e4rikupit - Kinnunen\",\"isPartOf\":{\"@id\":\"https:\/\/kinnunen.fi\/#website\"},\"primaryImageOfPage\":{\"@id\":\"https:\/\/kinnunen.fi\/tuote\/framar-connect-colors-bowls-varikupit\/#primaryimage\"},\"image\":{\"@id\":\"https:\/\/kinnunen.fi\/tuote\/framar-connect-colors-bowls-varikupit\/#primaryimage\"},\"thumbnailUrl\":\"https:\/\/kinnunen.fi\/wp-content\/uploads\/2024\/05\/Framar_Connect_et_Colors_Bowls_varikupit_CBCC.jpg\",\"datePublished\":\"2024-06-04T08:57:15+00:00\",\"dateModified\":\"2026-05-04T01:00:25+00:00\",\"breadcrumb\":{\"@id\":\"https:\/\/kinnunen.fi\/tuote\/framar-connect-colors-bowls-varikupit\/#breadcrumb\"},\"inLanguage\":\"en-GB\",\"potentialAction\":[{\"@type\":\"ReadAction\",\"target\":[\"https:\/\/kinnunen.fi\/tuote\/framar-connect-colors-bowls-varikupit\/\"]}]},{\"@type\":\"ImageObject\",\"inLanguage\":\"en-GB\",\"@id\":\"https:\/\/kinnunen.fi\/tuote\/framar-connect-colors-bowls-varikupit\/#primaryimage\",\"url\":\"https:\/\/kinnunen.fi\/wp-content\/uploads\/2024\/05\/Framar_Connect_et_Colors_Bowls_varikupit_CBCC.jpg\",\"contentUrl\":\"https:\/\/kinnunen.fi\/wp-content\/uploads\/2024\/05\/Framar_Connect_et_Colors_Bowls_varikupit_CBCC.jpg\",\"width\":1200,\"height\":1200},{\"@type\":\"BreadcrumbList\",\"@id\":\"https:\/\/kinnunen.fi\/tuote\/framar-connect-colors-bowls-varikupit\/#breadcrumb\",\"itemListElement\":[{\"@type\":\"ListItem\",\"position\":1,\"name\":\"Etusivu\",\"item\":\"https:\/\/kinnunen.fi\/\"},{\"@type\":\"ListItem\",\"position\":2,\"name\":\"Kaikki tuotteet\",\"item\":\"https:\/\/kinnunen.fi\/kauppa\/\"},{\"@type\":\"ListItem\",\"position\":3,\"name\":\"Tarvikkeet\",\"item\":\"https:\/\/kinnunen.fi\/tuote-osasto\/tarvikkeet\/\"},{\"@type\":\"ListItem\",\"position\":4,\"name\":\"Framar Connect &#038; Colors Bowls -v\u00e4rikupit\"}]},{\"@type\":\"WebSite\",\"@id\":\"https:\/\/kinnunen.fi\/#website\",\"url\":\"https:\/\/kinnunen.fi\/\",\"name\":\"Kinnunen\",\"description\":\"\",\"potentialAction\":[{\"@type\":\"SearchAction\",\"target\":{\"@type\":\"EntryPoint\",\"urlTemplate\":\"https:\/\/kinnunen.fi\/?s={search_term_string}\"},\"query-input\":\"required name=search_term_string\"}],\"inLanguage\":\"en-GB\"}]}<\/script>\n<!-- \/ Yoast SEO plugin. -->","yoast_head_json":{"title":"Framar Connect & Colors Bowls -v\u00e4rikupit - Kinnunen","robots":{"index":"index","follow":"follow","max-snippet":"max-snippet:-1","max-image-preview":"max-image-preview:large","max-video-preview":"max-video-preview:-1"},"canonical":"https:\/\/kinnunen.fi\/en\/product\/framar-connect-colors-bowls-varikupit\/","og_locale":"en_GB","og_type":"article","og_title":"Framar Connect & Colors Bowls -v\u00e4rikupit - Kinnunen","og_description":"Seitsem\u00e4n v\u00e4rikulhon setti - Pastelli &amp; L\u00e4pin\u00e4kyv\u00e4  N\u00e4m\u00e4 kauniit kulhot napsahtavat yhteen muodostaen hunajakennon; yhdist\u00e4, kanna ja k\u00e4yt\u00e4 useita v\u00e4rej\u00e4 yht\u00e4 aikaa!   T\u00e4ydellinen useiden v\u00e4rien v\u00e4rj\u00e4ykseen: Soveltuu erinomaisesti v\u00e4rj\u00e4yksiin, joissa tarvitaan useita hiusv\u00e4rej\u00e4 yht\u00e4 aikaa.  Helppo kuljettaa: Liit\u00e4 kulhot vaivattomasti toisiinsa hunajakennon muotoon  Kumipohja: Parempi pito, joten kulhot pysyv\u00e4t paikoillaan.  Tahran- ja iskunkest\u00e4v\u00e4 materiaali: Ihanteellinen kiireisiin p\u00e4iviin kampaamossa.  Setiss\u00e4 on seitsem\u00e4n kulhoa, joita on paketissa l\u00e4pin\u00e4kyvin\u00e4 ja pastelliv\u00e4reiss\u00e4. Kulhot ovat my\u00f6s helposti pinottavissa, joten s\u00e4ilytys on helppoa.","og_url":"https:\/\/kinnunen.fi\/en\/product\/framar-connect-colors-bowls-varikupit\/","og_site_name":"Kinnunen","article_modified_time":"2026-05-04T01:00:25+00:00","og_image":[{"width":1200,"height":1200,"url":"https:\/\/kinnunen.fi\/wp-content\/uploads\/2024\/05\/Framar_Connect_et_Colors_Bowls_varikupit_CBCC.jpg","type":"image\/jpeg"}],"twitter_card":"summary_large_image","schema":{"@context":"https:\/\/schema.org","@graph":[{"@type":"WebPage","@id":"https:\/\/kinnunen.fi\/tuote\/framar-connect-colors-bowls-varikupit\/","url":"https:\/\/kinnunen.fi\/tuote\/framar-connect-colors-bowls-varikupit\/","name":"Framar Connect & Colors Bowls -v\u00e4rikupit - Kinnunen","isPartOf":{"@id":"https:\/\/kinnunen.fi\/#website"},"primaryImageOfPage":{"@id":"https:\/\/kinnunen.fi\/tuote\/framar-connect-colors-bowls-varikupit\/#primaryimage"},"image":{"@id":"https:\/\/kinnunen.fi\/tuote\/framar-connect-colors-bowls-varikupit\/#primaryimage"},"thumbnailUrl":"https:\/\/kinnunen.fi\/wp-content\/uploads\/2024\/05\/Framar_Connect_et_Colors_Bowls_varikupit_CBCC.jpg","datePublished":"2024-06-04T08:57:15+00:00","dateModified":"2026-05-04T01:00:25+00:00","breadcrumb":{"@id":"https:\/\/kinnunen.fi\/tuote\/framar-connect-colors-bowls-varikupit\/#breadcrumb"},"inLanguage":"en-GB","potentialAction":[{"@type":"ReadAction","target":["https:\/\/kinnunen.fi\/tuote\/framar-connect-colors-bowls-varikupit\/"]}]},{"@type":"ImageObject","inLanguage":"en-GB","@id":"https:\/\/kinnunen.fi\/tuote\/framar-connect-colors-bowls-varikupit\/#primaryimage","url":"https:\/\/kinnunen.fi\/wp-content\/uploads\/2024\/05\/Framar_Connect_et_Colors_Bowls_varikupit_CBCC.jpg","contentUrl":"https:\/\/kinnunen.fi\/wp-content\/uploads\/2024\/05\/Framar_Connect_et_Colors_Bowls_varikupit_CBCC.jpg","width":1200,"height":1200},{"@type":"BreadcrumbList","@id":"https:\/\/kinnunen.fi\/tuote\/framar-connect-colors-bowls-varikupit\/#breadcrumb","itemListElement":[{"@type":"ListItem","position":1,"name":"Etusivu","item":"https:\/\/kinnunen.fi\/"},{"@type":"ListItem","position":2,"name":"Kaikki tuotteet","item":"https:\/\/kinnunen.fi\/kauppa\/"},{"@type":"ListItem","position":3,"name":"Tarvikkeet","item":"https:\/\/kinnunen.fi\/tuote-osasto\/tarvikkeet\/"},{"@type":"ListItem","position":4,"name":"Framar Connect &#038; Colors Bowls -v\u00e4rikupit"}]},{"@type":"WebSite","@id":"https:\/\/kinnunen.fi\/#website","url":"https:\/\/kinnunen.fi\/","name":"Kinnunen","description":"","potentialAction":[{"@type":"SearchAction","target":{"@type":"EntryPoint","urlTemplate":"https:\/\/kinnunen.fi\/?s={search_term_string}"},"query-input":"required name=search_term_string"}],"inLanguage":"en-GB"}]}},"_links":{"self":[{"href":"https:\/\/kinnunen.fi\/en\/wp-json\/wp\/v2\/product\/37566"}],"collection":[{"href":"https:\/\/kinnunen.fi\/en\/wp-json\/wp\/v2\/product"}],"about":[{"href":"https:\/\/kinnunen.fi\/en\/wp-json\/wp\/v2\/types\/product"}],"replies":[{"embeddable":true,"href":"https:\/\/kinnunen.fi\/en\/wp-json\/wp\/v2\/comments?post=37566"}],"wp:featuredmedia":[{"embeddable":true,"href":"https:\/\/kinnunen.fi\/en\/wp-json\/wp\/v2\/media\/37430"}],"wp:attachment":[{"href":"https:\/\/kinnunen.fi\/en\/wp-json\/wp\/v2\/media?parent=37566"}],"wp:term":[{"taxonomy":"product_cat","embeddable":true,"href":"https:\/\/kinnunen.fi\/en\/wp-json\/wp\/v2\/product_cat?post=37566"},{"taxonomy":"product_tag","embeddable":true,"href":"https:\/\/kinnunen.fi\/en\/wp-json\/wp\/v2\/product_tag?post=37566"}],"curies":[{"name":"wp","href":"https:\/\/api.w.org\/{rel}","templated":true}]}}