

{"id":37567,"date":"2024-06-04T11:59:46","date_gmt":"2024-06-04T08:59:46","guid":{"rendered":"https:\/\/kinnunen.fi\/?post_type=product&#038;p=37567"},"modified":"2026-05-02T04:00:27","modified_gmt":"2026-05-02T01:00:27","slug":"framar-family-pack-brush-set-varisutisetti","status":"publish","type":"product","link":"https:\/\/kinnunen.fi\/en\/product\/framar-family-pack-brush-set-varisutisetti\/","title":{"rendered":"Framar Family Pack Brush Set- colour brush set"},"content":{"rendered":"","protected":false},"excerpt":{"rendered":"<p><strong>Set of three staining brushes - The Classic, Big Daddy and Detailed Pin-Tail Brush<\/strong><\/p>\n<p>This versatile set includes three different brushes for all hair colouring and bleaching techniques.<\/p>\n<ul>\n<li><strong>The Classic:<\/strong> A traditional brush, ideal for general dyeing.<\/li>\n<li><strong>Big Daddy:<\/strong> A larger brush for fast and comprehensive staining.<\/li>\n<li><strong>Detailed Pin-Tail Brush:<\/strong> For precise details and subtle shading.<\/li>\n<\/ul>\n<p>Framar's famous AccuSoft bristles taper towards the tip, allowing the colour to be applied evenly, quickly and precisely. This set covers all your hair colouring needs!<\/p>","protected":false},"featured_media":37418,"comment_status":"closed","ping_status":"closed","template":"","meta":{"_relevanssi_hide_post":"","_relevanssi_pin_for_all":"","_relevanssi_pin_keywords":"","_relevanssi_unpin_keywords":"","_relevanssi_related_keywords":"","_relevanssi_related_include_ids":"","_relevanssi_related_exclude_ids":"","_relevanssi_related_no_append":"","_relevanssi_related_not_related":"","_relevanssi_related_posts":"","_relevanssi_noindex_reason":""},"product_cat":[1762,1806,1811],"product_tag":[],"class_list":["post-37567","product","type-product","status-publish","has-post-thumbnail","hentry","product_cat-tarvikkeet","product_cat-varjaystarvikkeet","product_cat-varisudit","tuotemerkki-framar"],"tuotemerkit":[{"term_id":2285,"name":"Framar","slug":"framar","term_group":0,"term_taxonomy_id":2285,"taxonomy":"tuotemerkki","description":"","parent":0,"count":18,"filter":"raw"}],"acf":[],"yoast_head":"<!-- This site is optimized with the Yoast SEO plugin v23.3 - https:\/\/yoast.com\/wordpress\/plugins\/seo\/ -->\n<title>Framar Family Pack Brush Set- v\u00e4risutisetti - Kinnunen<\/title>\n<meta name=\"robots\" content=\"index, follow, max-snippet:-1, max-image-preview:large, max-video-preview:-1\" \/>\n<link rel=\"canonical\" href=\"https:\/\/kinnunen.fi\/en\/product\/framar-family-pack-brush-set-varisutisetti\/\" \/>\n<meta property=\"og:locale\" content=\"en_GB\" \/>\n<meta property=\"og:type\" content=\"article\" \/>\n<meta property=\"og:title\" content=\"Framar Family Pack Brush Set- v\u00e4risutisetti - Kinnunen\" \/>\n<meta property=\"og:description\" content=\"Kolmen v\u00e4rj\u00e4yssiveltimen setti - The Classic, Big Daddy ja Detailed Pin-Tail Brush  T\u00e4m\u00e4 monipuolinen setti sis\u00e4lt\u00e4\u00e4 kolme erilaista v\u00e4rj\u00e4yssivellint\u00e4, joilla hoituvat kaikki hiusten v\u00e4rj\u00e4ys- ja vaalennustekniikat.   The Classic: Perinteinen sivellin, joka sopii erinomaisesti yleiseen v\u00e4rj\u00e4ykseen.  Big Daddy: Suurempi sivellin nopeaan ja kattavaan v\u00e4rj\u00e4ykseen.  Detailed Pin-Tail Brush: Tarkkuutta vaativiin yksityiskohtiin ja hienovaraisiin s\u00e4vytyksiin.  Framarin kuuluisat AccuSoft-harjakset kapenevat k\u00e4rke\u00e4 kohti, mink\u00e4 ansiosta v\u00e4ri levittyy hiuksiin tasaisesti, nopeasti ja tarkasti. T\u00e4m\u00e4 setti kattaa kaikki tarpeesi hiusten v\u00e4rj\u00e4yksess\u00e4!\" \/>\n<meta property=\"og:url\" content=\"https:\/\/kinnunen.fi\/en\/product\/framar-family-pack-brush-set-varisutisetti\/\" \/>\n<meta property=\"og:site_name\" content=\"Kinnunen\" \/>\n<meta property=\"article:modified_time\" content=\"2026-05-02T01:00:27+00:00\" \/>\n<meta property=\"og:image\" content=\"https:\/\/kinnunen.fi\/wp-content\/uploads\/2024\/05\/Framar_Family_Pack_Brush_Set_varisutisetti_HBFPBLK.jpg\" \/>\n\t<meta property=\"og:image:width\" content=\"1200\" \/>\n\t<meta property=\"og:image:height\" content=\"1200\" \/>\n\t<meta property=\"og:image:type\" content=\"image\/jpeg\" \/>\n<meta name=\"twitter:card\" content=\"summary_large_image\" \/>\n<script type=\"application\/ld+json\" class=\"yoast-schema-graph\">{\"@context\":\"https:\/\/schema.org\",\"@graph\":[{\"@type\":\"WebPage\",\"@id\":\"https:\/\/kinnunen.fi\/tuote\/framar-family-pack-brush-set-varisutisetti\/\",\"url\":\"https:\/\/kinnunen.fi\/tuote\/framar-family-pack-brush-set-varisutisetti\/\",\"name\":\"Framar Family Pack Brush Set- v\u00e4risutisetti - Kinnunen\",\"isPartOf\":{\"@id\":\"https:\/\/kinnunen.fi\/#website\"},\"primaryImageOfPage\":{\"@id\":\"https:\/\/kinnunen.fi\/tuote\/framar-family-pack-brush-set-varisutisetti\/#primaryimage\"},\"image\":{\"@id\":\"https:\/\/kinnunen.fi\/tuote\/framar-family-pack-brush-set-varisutisetti\/#primaryimage\"},\"thumbnailUrl\":\"https:\/\/kinnunen.fi\/wp-content\/uploads\/2024\/05\/Framar_Family_Pack_Brush_Set_varisutisetti_HBFPBLK.jpg\",\"datePublished\":\"2024-06-04T08:59:46+00:00\",\"dateModified\":\"2026-05-02T01:00:27+00:00\",\"breadcrumb\":{\"@id\":\"https:\/\/kinnunen.fi\/tuote\/framar-family-pack-brush-set-varisutisetti\/#breadcrumb\"},\"inLanguage\":\"en-GB\",\"potentialAction\":[{\"@type\":\"ReadAction\",\"target\":[\"https:\/\/kinnunen.fi\/tuote\/framar-family-pack-brush-set-varisutisetti\/\"]}]},{\"@type\":\"ImageObject\",\"inLanguage\":\"en-GB\",\"@id\":\"https:\/\/kinnunen.fi\/tuote\/framar-family-pack-brush-set-varisutisetti\/#primaryimage\",\"url\":\"https:\/\/kinnunen.fi\/wp-content\/uploads\/2024\/05\/Framar_Family_Pack_Brush_Set_varisutisetti_HBFPBLK.jpg\",\"contentUrl\":\"https:\/\/kinnunen.fi\/wp-content\/uploads\/2024\/05\/Framar_Family_Pack_Brush_Set_varisutisetti_HBFPBLK.jpg\",\"width\":1200,\"height\":1200},{\"@type\":\"BreadcrumbList\",\"@id\":\"https:\/\/kinnunen.fi\/tuote\/framar-family-pack-brush-set-varisutisetti\/#breadcrumb\",\"itemListElement\":[{\"@type\":\"ListItem\",\"position\":1,\"name\":\"Etusivu\",\"item\":\"https:\/\/kinnunen.fi\/\"},{\"@type\":\"ListItem\",\"position\":2,\"name\":\"Kaikki tuotteet\",\"item\":\"https:\/\/kinnunen.fi\/kauppa\/\"},{\"@type\":\"ListItem\",\"position\":3,\"name\":\"Tarvikkeet\",\"item\":\"https:\/\/kinnunen.fi\/tuote-osasto\/tarvikkeet\/\"},{\"@type\":\"ListItem\",\"position\":4,\"name\":\"Framar Family Pack Brush Set- v\u00e4risutisetti\"}]},{\"@type\":\"WebSite\",\"@id\":\"https:\/\/kinnunen.fi\/#website\",\"url\":\"https:\/\/kinnunen.fi\/\",\"name\":\"Kinnunen\",\"description\":\"\",\"potentialAction\":[{\"@type\":\"SearchAction\",\"target\":{\"@type\":\"EntryPoint\",\"urlTemplate\":\"https:\/\/kinnunen.fi\/?s={search_term_string}\"},\"query-input\":\"required name=search_term_string\"}],\"inLanguage\":\"en-GB\"}]}<\/script>\n<!-- \/ Yoast SEO plugin. -->","yoast_head_json":{"title":"Framar Family Pack Brush Set- v\u00e4risutisetti - Kinnunen","robots":{"index":"index","follow":"follow","max-snippet":"max-snippet:-1","max-image-preview":"max-image-preview:large","max-video-preview":"max-video-preview:-1"},"canonical":"https:\/\/kinnunen.fi\/en\/product\/framar-family-pack-brush-set-varisutisetti\/","og_locale":"en_GB","og_type":"article","og_title":"Framar Family Pack Brush Set- v\u00e4risutisetti - Kinnunen","og_description":"Kolmen v\u00e4rj\u00e4yssiveltimen setti - The Classic, Big Daddy ja Detailed Pin-Tail Brush  T\u00e4m\u00e4 monipuolinen setti sis\u00e4lt\u00e4\u00e4 kolme erilaista v\u00e4rj\u00e4yssivellint\u00e4, joilla hoituvat kaikki hiusten v\u00e4rj\u00e4ys- ja vaalennustekniikat.   The Classic: Perinteinen sivellin, joka sopii erinomaisesti yleiseen v\u00e4rj\u00e4ykseen.  Big Daddy: Suurempi sivellin nopeaan ja kattavaan v\u00e4rj\u00e4ykseen.  Detailed Pin-Tail Brush: Tarkkuutta vaativiin yksityiskohtiin ja hienovaraisiin s\u00e4vytyksiin.  Framarin kuuluisat AccuSoft-harjakset kapenevat k\u00e4rke\u00e4 kohti, mink\u00e4 ansiosta v\u00e4ri levittyy hiuksiin tasaisesti, nopeasti ja tarkasti. T\u00e4m\u00e4 setti kattaa kaikki tarpeesi hiusten v\u00e4rj\u00e4yksess\u00e4!","og_url":"https:\/\/kinnunen.fi\/en\/product\/framar-family-pack-brush-set-varisutisetti\/","og_site_name":"Kinnunen","article_modified_time":"2026-05-02T01:00:27+00:00","og_image":[{"width":1200,"height":1200,"url":"https:\/\/kinnunen.fi\/wp-content\/uploads\/2024\/05\/Framar_Family_Pack_Brush_Set_varisutisetti_HBFPBLK.jpg","type":"image\/jpeg"}],"twitter_card":"summary_large_image","schema":{"@context":"https:\/\/schema.org","@graph":[{"@type":"WebPage","@id":"https:\/\/kinnunen.fi\/tuote\/framar-family-pack-brush-set-varisutisetti\/","url":"https:\/\/kinnunen.fi\/tuote\/framar-family-pack-brush-set-varisutisetti\/","name":"Framar Family Pack Brush Set- v\u00e4risutisetti - Kinnunen","isPartOf":{"@id":"https:\/\/kinnunen.fi\/#website"},"primaryImageOfPage":{"@id":"https:\/\/kinnunen.fi\/tuote\/framar-family-pack-brush-set-varisutisetti\/#primaryimage"},"image":{"@id":"https:\/\/kinnunen.fi\/tuote\/framar-family-pack-brush-set-varisutisetti\/#primaryimage"},"thumbnailUrl":"https:\/\/kinnunen.fi\/wp-content\/uploads\/2024\/05\/Framar_Family_Pack_Brush_Set_varisutisetti_HBFPBLK.jpg","datePublished":"2024-06-04T08:59:46+00:00","dateModified":"2026-05-02T01:00:27+00:00","breadcrumb":{"@id":"https:\/\/kinnunen.fi\/tuote\/framar-family-pack-brush-set-varisutisetti\/#breadcrumb"},"inLanguage":"en-GB","potentialAction":[{"@type":"ReadAction","target":["https:\/\/kinnunen.fi\/tuote\/framar-family-pack-brush-set-varisutisetti\/"]}]},{"@type":"ImageObject","inLanguage":"en-GB","@id":"https:\/\/kinnunen.fi\/tuote\/framar-family-pack-brush-set-varisutisetti\/#primaryimage","url":"https:\/\/kinnunen.fi\/wp-content\/uploads\/2024\/05\/Framar_Family_Pack_Brush_Set_varisutisetti_HBFPBLK.jpg","contentUrl":"https:\/\/kinnunen.fi\/wp-content\/uploads\/2024\/05\/Framar_Family_Pack_Brush_Set_varisutisetti_HBFPBLK.jpg","width":1200,"height":1200},{"@type":"BreadcrumbList","@id":"https:\/\/kinnunen.fi\/tuote\/framar-family-pack-brush-set-varisutisetti\/#breadcrumb","itemListElement":[{"@type":"ListItem","position":1,"name":"Etusivu","item":"https:\/\/kinnunen.fi\/"},{"@type":"ListItem","position":2,"name":"Kaikki tuotteet","item":"https:\/\/kinnunen.fi\/kauppa\/"},{"@type":"ListItem","position":3,"name":"Tarvikkeet","item":"https:\/\/kinnunen.fi\/tuote-osasto\/tarvikkeet\/"},{"@type":"ListItem","position":4,"name":"Framar Family Pack Brush Set- v\u00e4risutisetti"}]},{"@type":"WebSite","@id":"https:\/\/kinnunen.fi\/#website","url":"https:\/\/kinnunen.fi\/","name":"Kinnunen","description":"","potentialAction":[{"@type":"SearchAction","target":{"@type":"EntryPoint","urlTemplate":"https:\/\/kinnunen.fi\/?s={search_term_string}"},"query-input":"required name=search_term_string"}],"inLanguage":"en-GB"}]}},"_links":{"self":[{"href":"https:\/\/kinnunen.fi\/en\/wp-json\/wp\/v2\/product\/37567"}],"collection":[{"href":"https:\/\/kinnunen.fi\/en\/wp-json\/wp\/v2\/product"}],"about":[{"href":"https:\/\/kinnunen.fi\/en\/wp-json\/wp\/v2\/types\/product"}],"replies":[{"embeddable":true,"href":"https:\/\/kinnunen.fi\/en\/wp-json\/wp\/v2\/comments?post=37567"}],"wp:featuredmedia":[{"embeddable":true,"href":"https:\/\/kinnunen.fi\/en\/wp-json\/wp\/v2\/media\/37418"}],"wp:attachment":[{"href":"https:\/\/kinnunen.fi\/en\/wp-json\/wp\/v2\/media?parent=37567"}],"wp:term":[{"taxonomy":"product_cat","embeddable":true,"href":"https:\/\/kinnunen.fi\/en\/wp-json\/wp\/v2\/product_cat?post=37567"},{"taxonomy":"product_tag","embeddable":true,"href":"https:\/\/kinnunen.fi\/en\/wp-json\/wp\/v2\/product_tag?post=37567"}],"curies":[{"name":"wp","href":"https:\/\/api.w.org\/{rel}","templated":true}]}}