

{"id":37568,"date":"2024-06-04T12:01:39","date_gmt":"2024-06-04T09:01:39","guid":{"rendered":"https:\/\/kinnunen.fi\/?post_type=product&#038;p=37568"},"modified":"2026-05-02T04:00:27","modified_gmt":"2026-05-02T01:00:27","slug":"framar-power-painter-brush-set-varisutisetti","status":"publish","type":"product","link":"https:\/\/kinnunen.fi\/en\/product\/framar-power-painter-brush-set-varisutisetti\/","title":{"rendered":"Framar Power Painter Brush Set- set of colour irons"},"content":{"rendered":"","protected":false},"excerpt":{"rendered":"<p><strong>Set of two brushes - Black and Pink<\/strong><\/p>\n<p>This brush will change your perception of free-hand techniques.<\/p>\n<ul>\n<li><strong>Thicker brush surface area:<\/strong> Excellent for balayage, fading and foil tinting.<\/li>\n<li><strong>Designed to resemble an artist's brush:<\/strong> Bring out your own artist, while the brush feels comfortable in your hand.<\/li>\n<\/ul>\n<p>Framar's famous AccuSoft bristles taper towards the tip, allowing even, fast and precise application of colour to the hair<\/p>","protected":false},"featured_media":37419,"comment_status":"closed","ping_status":"closed","template":"","meta":{"_relevanssi_hide_post":"","_relevanssi_pin_for_all":"","_relevanssi_pin_keywords":"","_relevanssi_unpin_keywords":"","_relevanssi_related_keywords":"","_relevanssi_related_include_ids":"","_relevanssi_related_exclude_ids":"","_relevanssi_related_no_append":"","_relevanssi_related_not_related":"","_relevanssi_related_posts":"","_relevanssi_noindex_reason":""},"product_cat":[1762,1806,1811],"product_tag":[],"class_list":["post-37568","product","type-product","status-publish","has-post-thumbnail","hentry","product_cat-tarvikkeet","product_cat-varjaystarvikkeet","product_cat-varisudit","tuotemerkki-framar"],"tuotemerkit":[{"term_id":2285,"name":"Framar","slug":"framar","term_group":0,"term_taxonomy_id":2285,"taxonomy":"tuotemerkki","description":"","parent":0,"count":18,"filter":"raw"}],"acf":[],"yoast_head":"<!-- This site is optimized with the Yoast SEO plugin v23.3 - https:\/\/yoast.com\/wordpress\/plugins\/seo\/ -->\n<title>Framar Power Painter Brush Set- v\u00e4risutisetti - Kinnunen<\/title>\n<meta name=\"robots\" content=\"index, follow, max-snippet:-1, max-image-preview:large, max-video-preview:-1\" \/>\n<link rel=\"canonical\" href=\"https:\/\/kinnunen.fi\/en\/product\/framar-power-painter-brush-set-varisutisetti\/\" \/>\n<meta property=\"og:locale\" content=\"en_GB\" \/>\n<meta property=\"og:type\" content=\"article\" \/>\n<meta property=\"og:title\" content=\"Framar Power Painter Brush Set- v\u00e4risutisetti - Kinnunen\" \/>\n<meta property=\"og:description\" content=\"Kahden siveltimen setti - Musta ja Pinkki  T\u00e4m\u00e4 sivellin muuttaa k\u00e4sityksesi vapaan k\u00e4den tekniikoista.   Paksumpi harjaspinta-ala: Erinomainen balayage-tekniikkaan, h\u00e4ivytykseen ja foliov\u00e4rj\u00e4yksiin.  Suunniteltu taiteilijan sivellint\u00e4 muistuttavaksi: Tuo esiin oma taitelijasi, samalla kun sivellin tuntuu mukavalta k\u00e4dess\u00e4.  Framarin kuuluisat AccuSoft-harjakset kapenevat k\u00e4rke\u00e4 kohti, mik\u00e4 mahdollistaa v\u00e4rin tasaisen, nopean ja tarkan levityksen hiuksiin\" \/>\n<meta property=\"og:url\" content=\"https:\/\/kinnunen.fi\/en\/product\/framar-power-painter-brush-set-varisutisetti\/\" \/>\n<meta property=\"og:site_name\" content=\"Kinnunen\" \/>\n<meta property=\"article:modified_time\" content=\"2026-05-02T01:00:27+00:00\" \/>\n<meta property=\"og:image\" content=\"https:\/\/kinnunen.fi\/wp-content\/uploads\/2024\/05\/Framar_Power_Painter_Brush_Set_varisutisetti_HBPP.jpg\" \/>\n\t<meta property=\"og:image:width\" content=\"1200\" \/>\n\t<meta property=\"og:image:height\" content=\"1200\" \/>\n\t<meta property=\"og:image:type\" content=\"image\/jpeg\" \/>\n<meta name=\"twitter:card\" content=\"summary_large_image\" \/>\n<script type=\"application\/ld+json\" class=\"yoast-schema-graph\">{\"@context\":\"https:\/\/schema.org\",\"@graph\":[{\"@type\":\"WebPage\",\"@id\":\"https:\/\/kinnunen.fi\/tuote\/framar-power-painter-brush-set-varisutisetti\/\",\"url\":\"https:\/\/kinnunen.fi\/tuote\/framar-power-painter-brush-set-varisutisetti\/\",\"name\":\"Framar Power Painter Brush Set- v\u00e4risutisetti - Kinnunen\",\"isPartOf\":{\"@id\":\"https:\/\/kinnunen.fi\/#website\"},\"primaryImageOfPage\":{\"@id\":\"https:\/\/kinnunen.fi\/tuote\/framar-power-painter-brush-set-varisutisetti\/#primaryimage\"},\"image\":{\"@id\":\"https:\/\/kinnunen.fi\/tuote\/framar-power-painter-brush-set-varisutisetti\/#primaryimage\"},\"thumbnailUrl\":\"https:\/\/kinnunen.fi\/wp-content\/uploads\/2024\/05\/Framar_Power_Painter_Brush_Set_varisutisetti_HBPP.jpg\",\"datePublished\":\"2024-06-04T09:01:39+00:00\",\"dateModified\":\"2026-05-02T01:00:27+00:00\",\"breadcrumb\":{\"@id\":\"https:\/\/kinnunen.fi\/tuote\/framar-power-painter-brush-set-varisutisetti\/#breadcrumb\"},\"inLanguage\":\"en-GB\",\"potentialAction\":[{\"@type\":\"ReadAction\",\"target\":[\"https:\/\/kinnunen.fi\/tuote\/framar-power-painter-brush-set-varisutisetti\/\"]}]},{\"@type\":\"ImageObject\",\"inLanguage\":\"en-GB\",\"@id\":\"https:\/\/kinnunen.fi\/tuote\/framar-power-painter-brush-set-varisutisetti\/#primaryimage\",\"url\":\"https:\/\/kinnunen.fi\/wp-content\/uploads\/2024\/05\/Framar_Power_Painter_Brush_Set_varisutisetti_HBPP.jpg\",\"contentUrl\":\"https:\/\/kinnunen.fi\/wp-content\/uploads\/2024\/05\/Framar_Power_Painter_Brush_Set_varisutisetti_HBPP.jpg\",\"width\":1200,\"height\":1200},{\"@type\":\"BreadcrumbList\",\"@id\":\"https:\/\/kinnunen.fi\/tuote\/framar-power-painter-brush-set-varisutisetti\/#breadcrumb\",\"itemListElement\":[{\"@type\":\"ListItem\",\"position\":1,\"name\":\"Etusivu\",\"item\":\"https:\/\/kinnunen.fi\/\"},{\"@type\":\"ListItem\",\"position\":2,\"name\":\"Kaikki tuotteet\",\"item\":\"https:\/\/kinnunen.fi\/kauppa\/\"},{\"@type\":\"ListItem\",\"position\":3,\"name\":\"Tarvikkeet\",\"item\":\"https:\/\/kinnunen.fi\/tuote-osasto\/tarvikkeet\/\"},{\"@type\":\"ListItem\",\"position\":4,\"name\":\"Framar Power Painter Brush Set- v\u00e4risutisetti\"}]},{\"@type\":\"WebSite\",\"@id\":\"https:\/\/kinnunen.fi\/#website\",\"url\":\"https:\/\/kinnunen.fi\/\",\"name\":\"Kinnunen\",\"description\":\"\",\"potentialAction\":[{\"@type\":\"SearchAction\",\"target\":{\"@type\":\"EntryPoint\",\"urlTemplate\":\"https:\/\/kinnunen.fi\/?s={search_term_string}\"},\"query-input\":\"required name=search_term_string\"}],\"inLanguage\":\"en-GB\"}]}<\/script>\n<!-- \/ Yoast SEO plugin. -->","yoast_head_json":{"title":"Framar Power Painter Brush Set- v\u00e4risutisetti - Kinnunen","robots":{"index":"index","follow":"follow","max-snippet":"max-snippet:-1","max-image-preview":"max-image-preview:large","max-video-preview":"max-video-preview:-1"},"canonical":"https:\/\/kinnunen.fi\/en\/product\/framar-power-painter-brush-set-varisutisetti\/","og_locale":"en_GB","og_type":"article","og_title":"Framar Power Painter Brush Set- v\u00e4risutisetti - Kinnunen","og_description":"Kahden siveltimen setti - Musta ja Pinkki  T\u00e4m\u00e4 sivellin muuttaa k\u00e4sityksesi vapaan k\u00e4den tekniikoista.   Paksumpi harjaspinta-ala: Erinomainen balayage-tekniikkaan, h\u00e4ivytykseen ja foliov\u00e4rj\u00e4yksiin.  Suunniteltu taiteilijan sivellint\u00e4 muistuttavaksi: Tuo esiin oma taitelijasi, samalla kun sivellin tuntuu mukavalta k\u00e4dess\u00e4.  Framarin kuuluisat AccuSoft-harjakset kapenevat k\u00e4rke\u00e4 kohti, mik\u00e4 mahdollistaa v\u00e4rin tasaisen, nopean ja tarkan levityksen hiuksiin","og_url":"https:\/\/kinnunen.fi\/en\/product\/framar-power-painter-brush-set-varisutisetti\/","og_site_name":"Kinnunen","article_modified_time":"2026-05-02T01:00:27+00:00","og_image":[{"width":1200,"height":1200,"url":"https:\/\/kinnunen.fi\/wp-content\/uploads\/2024\/05\/Framar_Power_Painter_Brush_Set_varisutisetti_HBPP.jpg","type":"image\/jpeg"}],"twitter_card":"summary_large_image","schema":{"@context":"https:\/\/schema.org","@graph":[{"@type":"WebPage","@id":"https:\/\/kinnunen.fi\/tuote\/framar-power-painter-brush-set-varisutisetti\/","url":"https:\/\/kinnunen.fi\/tuote\/framar-power-painter-brush-set-varisutisetti\/","name":"Framar Power Painter Brush Set- v\u00e4risutisetti - Kinnunen","isPartOf":{"@id":"https:\/\/kinnunen.fi\/#website"},"primaryImageOfPage":{"@id":"https:\/\/kinnunen.fi\/tuote\/framar-power-painter-brush-set-varisutisetti\/#primaryimage"},"image":{"@id":"https:\/\/kinnunen.fi\/tuote\/framar-power-painter-brush-set-varisutisetti\/#primaryimage"},"thumbnailUrl":"https:\/\/kinnunen.fi\/wp-content\/uploads\/2024\/05\/Framar_Power_Painter_Brush_Set_varisutisetti_HBPP.jpg","datePublished":"2024-06-04T09:01:39+00:00","dateModified":"2026-05-02T01:00:27+00:00","breadcrumb":{"@id":"https:\/\/kinnunen.fi\/tuote\/framar-power-painter-brush-set-varisutisetti\/#breadcrumb"},"inLanguage":"en-GB","potentialAction":[{"@type":"ReadAction","target":["https:\/\/kinnunen.fi\/tuote\/framar-power-painter-brush-set-varisutisetti\/"]}]},{"@type":"ImageObject","inLanguage":"en-GB","@id":"https:\/\/kinnunen.fi\/tuote\/framar-power-painter-brush-set-varisutisetti\/#primaryimage","url":"https:\/\/kinnunen.fi\/wp-content\/uploads\/2024\/05\/Framar_Power_Painter_Brush_Set_varisutisetti_HBPP.jpg","contentUrl":"https:\/\/kinnunen.fi\/wp-content\/uploads\/2024\/05\/Framar_Power_Painter_Brush_Set_varisutisetti_HBPP.jpg","width":1200,"height":1200},{"@type":"BreadcrumbList","@id":"https:\/\/kinnunen.fi\/tuote\/framar-power-painter-brush-set-varisutisetti\/#breadcrumb","itemListElement":[{"@type":"ListItem","position":1,"name":"Etusivu","item":"https:\/\/kinnunen.fi\/"},{"@type":"ListItem","position":2,"name":"Kaikki tuotteet","item":"https:\/\/kinnunen.fi\/kauppa\/"},{"@type":"ListItem","position":3,"name":"Tarvikkeet","item":"https:\/\/kinnunen.fi\/tuote-osasto\/tarvikkeet\/"},{"@type":"ListItem","position":4,"name":"Framar Power Painter Brush Set- v\u00e4risutisetti"}]},{"@type":"WebSite","@id":"https:\/\/kinnunen.fi\/#website","url":"https:\/\/kinnunen.fi\/","name":"Kinnunen","description":"","potentialAction":[{"@type":"SearchAction","target":{"@type":"EntryPoint","urlTemplate":"https:\/\/kinnunen.fi\/?s={search_term_string}"},"query-input":"required name=search_term_string"}],"inLanguage":"en-GB"}]}},"_links":{"self":[{"href":"https:\/\/kinnunen.fi\/en\/wp-json\/wp\/v2\/product\/37568"}],"collection":[{"href":"https:\/\/kinnunen.fi\/en\/wp-json\/wp\/v2\/product"}],"about":[{"href":"https:\/\/kinnunen.fi\/en\/wp-json\/wp\/v2\/types\/product"}],"replies":[{"embeddable":true,"href":"https:\/\/kinnunen.fi\/en\/wp-json\/wp\/v2\/comments?post=37568"}],"wp:featuredmedia":[{"embeddable":true,"href":"https:\/\/kinnunen.fi\/en\/wp-json\/wp\/v2\/media\/37419"}],"wp:attachment":[{"href":"https:\/\/kinnunen.fi\/en\/wp-json\/wp\/v2\/media?parent=37568"}],"wp:term":[{"taxonomy":"product_cat","embeddable":true,"href":"https:\/\/kinnunen.fi\/en\/wp-json\/wp\/v2\/product_cat?post=37568"},{"taxonomy":"product_tag","embeddable":true,"href":"https:\/\/kinnunen.fi\/en\/wp-json\/wp\/v2\/product_tag?post=37568"}],"curies":[{"name":"wp","href":"https:\/\/api.w.org\/{rel}","templated":true}]}}