

{"id":37588,"date":"2024-06-06T10:06:55","date_gmt":"2024-06-06T07:06:55","guid":{"rendered":"https:\/\/kinnunen.fi\/?post_type=product&#038;p=37588"},"modified":"2026-04-30T04:00:32","modified_gmt":"2026-04-30T01:00:32","slug":"silicone-under-eye-treatment-pads","status":"publish","type":"product","link":"https:\/\/kinnunen.fi\/en\/product\/silicone-under-eye-treatment-pads\/","title":{"rendered":"Silicone Under Eye Treatment Pads"},"content":{"rendered":"","protected":false},"excerpt":{"rendered":"<p>Nouveau Lashes reusable Silicon Under Eye Treatment Pads are suitable for use with LVL Lash Lift and Lash Extensions treatments. If required, the pads can be labelled to make it easier to work with during treatments (such as Lash Extension). The shade of the lash guards is light enough to see the lashes, but dark enough to minimise the visibility of discolouration.<br \/>\nProtective sheets are; easy to clean, self-adhesive, non-reflective, durable and tear-resistant.<br \/>\nYou can use the protective patches as long as they remain in good condition.<br \/>\nThe package includes one pair of protective patches.<\/p>","protected":false},"featured_media":37591,"comment_status":"closed","ping_status":"closed","template":"","meta":{"_relevanssi_hide_post":"","_relevanssi_pin_for_all":"","_relevanssi_pin_keywords":"","_relevanssi_unpin_keywords":"","_relevanssi_related_keywords":"","_relevanssi_related_include_ids":"","_relevanssi_related_exclude_ids":"","_relevanssi_related_no_append":"","_relevanssi_related_not_related":"","_relevanssi_related_posts":"","_relevanssi_noindex_reason":""},"product_cat":[1852,1853,1859],"product_tag":[],"class_list":["post-37588","product","type-product","status-publish","has-post-thumbnail","hentry","product_cat-ripset-ja-kulmat","product_cat-ripsien-kestotaivutus","product_cat-tyovalineet","tuotemerkki-nouveau-lashes"],"tuotemerkit":[{"term_id":323,"name":"Nouveau Lashes","slug":"nouveau-lashes","term_group":0,"term_taxonomy_id":323,"taxonomy":"tuotemerkki","description":"","parent":0,"count":72,"filter":"raw"}],"acf":[],"yoast_head":"<!-- This site is optimized with the Yoast SEO plugin v23.3 - https:\/\/yoast.com\/wordpress\/plugins\/seo\/ -->\n<title>Silicone Under Eye Treatment Pads - Kinnunen<\/title>\n<meta name=\"robots\" content=\"index, follow, max-snippet:-1, max-image-preview:large, max-video-preview:-1\" \/>\n<link rel=\"canonical\" href=\"https:\/\/kinnunen.fi\/en\/product\/silicone-under-eye-treatment-pads\/\" \/>\n<meta property=\"og:locale\" content=\"en_GB\" \/>\n<meta property=\"og:type\" content=\"article\" \/>\n<meta property=\"og:title\" content=\"Silicone Under Eye Treatment Pads - Kinnunen\" \/>\n<meta property=\"og:description\" content=\"Nouveau Lashes uudelleen k\u00e4ytett\u00e4v\u00e4t Silicon Under Eye Treatment Pads- suojalaput soveltuvat k\u00e4ytett\u00e4v\u00e4ksi LVL Lash Lift sek\u00e4 Lash Extensions k\u00e4sittelyiden yhteydess\u00e4. Suojalappuihin voit tarvittaessa tehd\u00e4 merkint\u00f6j\u00e4, jotka helpottavat k\u00e4sittelyjen aikana ty\u00f6skentely\u00e4 (kuten Lash Extension k\u00e4sittelyn aikana). Suojalappujen s\u00e4vy on riitt\u00e4v\u00e4n vaalea, jotta ripset n\u00e4kee, mutta riitt\u00e4v\u00e4n tumma v\u00e4ritahrojen n\u00e4kyvyyden minimoimiseksi. Suojalaput ovat; helppo puhdistaa, itsekiinnittyvi\u00e4, heijastumattomat, kest\u00e4v\u00e4t ja repeytym\u00e4tt\u00f6m\u00e4t. Suojalappuja voit k\u00e4ytt\u00e4\u00e4 niin pitk\u00e4\u00e4n kuin ne s\u00e4ilyv\u00e4t hyv\u00e4n\u00e4. Paketti sis\u00e4lt\u00e4\u00e4 yhden parin suojalappuja.\" \/>\n<meta property=\"og:url\" content=\"https:\/\/kinnunen.fi\/en\/product\/silicone-under-eye-treatment-pads\/\" \/>\n<meta property=\"og:site_name\" content=\"Kinnunen\" \/>\n<meta property=\"article:modified_time\" content=\"2026-04-30T01:00:32+00:00\" \/>\n<meta property=\"og:image\" content=\"https:\/\/kinnunen.fi\/wp-content\/uploads\/2024\/06\/NL_Silicone_Under_Eye_Treatment_Pads_NLSUETP.jpg\" \/>\n\t<meta property=\"og:image:width\" content=\"520\" \/>\n\t<meta property=\"og:image:height\" content=\"520\" \/>\n\t<meta property=\"og:image:type\" content=\"image\/jpeg\" \/>\n<meta name=\"twitter:card\" content=\"summary_large_image\" \/>\n<script type=\"application\/ld+json\" class=\"yoast-schema-graph\">{\"@context\":\"https:\/\/schema.org\",\"@graph\":[{\"@type\":\"WebPage\",\"@id\":\"https:\/\/kinnunen.fi\/tuote\/silicone-under-eye-treatment-pads\/\",\"url\":\"https:\/\/kinnunen.fi\/tuote\/silicone-under-eye-treatment-pads\/\",\"name\":\"Silicone Under Eye Treatment Pads - Kinnunen\",\"isPartOf\":{\"@id\":\"https:\/\/kinnunen.fi\/#website\"},\"primaryImageOfPage\":{\"@id\":\"https:\/\/kinnunen.fi\/tuote\/silicone-under-eye-treatment-pads\/#primaryimage\"},\"image\":{\"@id\":\"https:\/\/kinnunen.fi\/tuote\/silicone-under-eye-treatment-pads\/#primaryimage\"},\"thumbnailUrl\":\"https:\/\/kinnunen.fi\/wp-content\/uploads\/2024\/06\/NL_Silicone_Under_Eye_Treatment_Pads_NLSUETP.jpg\",\"datePublished\":\"2024-06-06T07:06:55+00:00\",\"dateModified\":\"2026-04-30T01:00:32+00:00\",\"breadcrumb\":{\"@id\":\"https:\/\/kinnunen.fi\/tuote\/silicone-under-eye-treatment-pads\/#breadcrumb\"},\"inLanguage\":\"en-GB\",\"potentialAction\":[{\"@type\":\"ReadAction\",\"target\":[\"https:\/\/kinnunen.fi\/tuote\/silicone-under-eye-treatment-pads\/\"]}]},{\"@type\":\"ImageObject\",\"inLanguage\":\"en-GB\",\"@id\":\"https:\/\/kinnunen.fi\/tuote\/silicone-under-eye-treatment-pads\/#primaryimage\",\"url\":\"https:\/\/kinnunen.fi\/wp-content\/uploads\/2024\/06\/NL_Silicone_Under_Eye_Treatment_Pads_NLSUETP.jpg\",\"contentUrl\":\"https:\/\/kinnunen.fi\/wp-content\/uploads\/2024\/06\/NL_Silicone_Under_Eye_Treatment_Pads_NLSUETP.jpg\",\"width\":520,\"height\":520},{\"@type\":\"BreadcrumbList\",\"@id\":\"https:\/\/kinnunen.fi\/tuote\/silicone-under-eye-treatment-pads\/#breadcrumb\",\"itemListElement\":[{\"@type\":\"ListItem\",\"position\":1,\"name\":\"Etusivu\",\"item\":\"https:\/\/kinnunen.fi\/\"},{\"@type\":\"ListItem\",\"position\":2,\"name\":\"Kaikki tuotteet\",\"item\":\"https:\/\/kinnunen.fi\/kauppa\/\"},{\"@type\":\"ListItem\",\"position\":3,\"name\":\"Kauneudenhoito\",\"item\":\"https:\/\/kinnunen.fi\/tuote-osasto\/kauneudenhoito\/\"},{\"@type\":\"ListItem\",\"position\":4,\"name\":\"Ripset ja kulmat\",\"item\":\"https:\/\/kinnunen.fi\/tuote-osasto\/kauneudenhoito\/ripset-ja-kulmat\/\"},{\"@type\":\"ListItem\",\"position\":5,\"name\":\"Silicone Under Eye Treatment Pads\"}]},{\"@type\":\"WebSite\",\"@id\":\"https:\/\/kinnunen.fi\/#website\",\"url\":\"https:\/\/kinnunen.fi\/\",\"name\":\"Kinnunen\",\"description\":\"\",\"potentialAction\":[{\"@type\":\"SearchAction\",\"target\":{\"@type\":\"EntryPoint\",\"urlTemplate\":\"https:\/\/kinnunen.fi\/?s={search_term_string}\"},\"query-input\":\"required name=search_term_string\"}],\"inLanguage\":\"en-GB\"}]}<\/script>\n<!-- \/ Yoast SEO plugin. -->","yoast_head_json":{"title":"Silicone Under Eye Treatment Pads - Kinnunen","robots":{"index":"index","follow":"follow","max-snippet":"max-snippet:-1","max-image-preview":"max-image-preview:large","max-video-preview":"max-video-preview:-1"},"canonical":"https:\/\/kinnunen.fi\/en\/product\/silicone-under-eye-treatment-pads\/","og_locale":"en_GB","og_type":"article","og_title":"Silicone Under Eye Treatment Pads - Kinnunen","og_description":"Nouveau Lashes uudelleen k\u00e4ytett\u00e4v\u00e4t Silicon Under Eye Treatment Pads- suojalaput soveltuvat k\u00e4ytett\u00e4v\u00e4ksi LVL Lash Lift sek\u00e4 Lash Extensions k\u00e4sittelyiden yhteydess\u00e4. Suojalappuihin voit tarvittaessa tehd\u00e4 merkint\u00f6j\u00e4, jotka helpottavat k\u00e4sittelyjen aikana ty\u00f6skentely\u00e4 (kuten Lash Extension k\u00e4sittelyn aikana). Suojalappujen s\u00e4vy on riitt\u00e4v\u00e4n vaalea, jotta ripset n\u00e4kee, mutta riitt\u00e4v\u00e4n tumma v\u00e4ritahrojen n\u00e4kyvyyden minimoimiseksi. Suojalaput ovat; helppo puhdistaa, itsekiinnittyvi\u00e4, heijastumattomat, kest\u00e4v\u00e4t ja repeytym\u00e4tt\u00f6m\u00e4t. Suojalappuja voit k\u00e4ytt\u00e4\u00e4 niin pitk\u00e4\u00e4n kuin ne s\u00e4ilyv\u00e4t hyv\u00e4n\u00e4. Paketti sis\u00e4lt\u00e4\u00e4 yhden parin suojalappuja.","og_url":"https:\/\/kinnunen.fi\/en\/product\/silicone-under-eye-treatment-pads\/","og_site_name":"Kinnunen","article_modified_time":"2026-04-30T01:00:32+00:00","og_image":[{"width":520,"height":520,"url":"https:\/\/kinnunen.fi\/wp-content\/uploads\/2024\/06\/NL_Silicone_Under_Eye_Treatment_Pads_NLSUETP.jpg","type":"image\/jpeg"}],"twitter_card":"summary_large_image","schema":{"@context":"https:\/\/schema.org","@graph":[{"@type":"WebPage","@id":"https:\/\/kinnunen.fi\/tuote\/silicone-under-eye-treatment-pads\/","url":"https:\/\/kinnunen.fi\/tuote\/silicone-under-eye-treatment-pads\/","name":"Silicone Under Eye Treatment Pads - Kinnunen","isPartOf":{"@id":"https:\/\/kinnunen.fi\/#website"},"primaryImageOfPage":{"@id":"https:\/\/kinnunen.fi\/tuote\/silicone-under-eye-treatment-pads\/#primaryimage"},"image":{"@id":"https:\/\/kinnunen.fi\/tuote\/silicone-under-eye-treatment-pads\/#primaryimage"},"thumbnailUrl":"https:\/\/kinnunen.fi\/wp-content\/uploads\/2024\/06\/NL_Silicone_Under_Eye_Treatment_Pads_NLSUETP.jpg","datePublished":"2024-06-06T07:06:55+00:00","dateModified":"2026-04-30T01:00:32+00:00","breadcrumb":{"@id":"https:\/\/kinnunen.fi\/tuote\/silicone-under-eye-treatment-pads\/#breadcrumb"},"inLanguage":"en-GB","potentialAction":[{"@type":"ReadAction","target":["https:\/\/kinnunen.fi\/tuote\/silicone-under-eye-treatment-pads\/"]}]},{"@type":"ImageObject","inLanguage":"en-GB","@id":"https:\/\/kinnunen.fi\/tuote\/silicone-under-eye-treatment-pads\/#primaryimage","url":"https:\/\/kinnunen.fi\/wp-content\/uploads\/2024\/06\/NL_Silicone_Under_Eye_Treatment_Pads_NLSUETP.jpg","contentUrl":"https:\/\/kinnunen.fi\/wp-content\/uploads\/2024\/06\/NL_Silicone_Under_Eye_Treatment_Pads_NLSUETP.jpg","width":520,"height":520},{"@type":"BreadcrumbList","@id":"https:\/\/kinnunen.fi\/tuote\/silicone-under-eye-treatment-pads\/#breadcrumb","itemListElement":[{"@type":"ListItem","position":1,"name":"Etusivu","item":"https:\/\/kinnunen.fi\/"},{"@type":"ListItem","position":2,"name":"Kaikki tuotteet","item":"https:\/\/kinnunen.fi\/kauppa\/"},{"@type":"ListItem","position":3,"name":"Kauneudenhoito","item":"https:\/\/kinnunen.fi\/tuote-osasto\/kauneudenhoito\/"},{"@type":"ListItem","position":4,"name":"Ripset ja kulmat","item":"https:\/\/kinnunen.fi\/tuote-osasto\/kauneudenhoito\/ripset-ja-kulmat\/"},{"@type":"ListItem","position":5,"name":"Silicone Under Eye Treatment Pads"}]},{"@type":"WebSite","@id":"https:\/\/kinnunen.fi\/#website","url":"https:\/\/kinnunen.fi\/","name":"Kinnunen","description":"","potentialAction":[{"@type":"SearchAction","target":{"@type":"EntryPoint","urlTemplate":"https:\/\/kinnunen.fi\/?s={search_term_string}"},"query-input":"required name=search_term_string"}],"inLanguage":"en-GB"}]}},"_links":{"self":[{"href":"https:\/\/kinnunen.fi\/en\/wp-json\/wp\/v2\/product\/37588"}],"collection":[{"href":"https:\/\/kinnunen.fi\/en\/wp-json\/wp\/v2\/product"}],"about":[{"href":"https:\/\/kinnunen.fi\/en\/wp-json\/wp\/v2\/types\/product"}],"replies":[{"embeddable":true,"href":"https:\/\/kinnunen.fi\/en\/wp-json\/wp\/v2\/comments?post=37588"}],"wp:featuredmedia":[{"embeddable":true,"href":"https:\/\/kinnunen.fi\/en\/wp-json\/wp\/v2\/media\/37591"}],"wp:attachment":[{"href":"https:\/\/kinnunen.fi\/en\/wp-json\/wp\/v2\/media?parent=37588"}],"wp:term":[{"taxonomy":"product_cat","embeddable":true,"href":"https:\/\/kinnunen.fi\/en\/wp-json\/wp\/v2\/product_cat?post=37588"},{"taxonomy":"product_tag","embeddable":true,"href":"https:\/\/kinnunen.fi\/en\/wp-json\/wp\/v2\/product_tag?post=37588"}],"curies":[{"name":"wp","href":"https:\/\/api.w.org\/{rel}","templated":true}]}}