

{"id":37722,"date":"2024-06-18T10:32:37","date_gmt":"2024-06-18T07:32:37","guid":{"rendered":"https:\/\/kinnunen.fi\/?post_type=product&#038;p=37722"},"modified":"2026-05-02T04:00:32","modified_gmt":"2026-05-02T01:00:32","slug":"framar-paddle-back-varilasta-setti-2-kpl","status":"publish","type":"product","link":"https:\/\/kinnunen.fi\/en\/product\/framar-paddle-back-varilasta-setti-2-kpl\/","title":{"rendered":"Framar Paddle Back - set of colour spatulas, 2 pieces"},"content":{"rendered":"","protected":false},"excerpt":{"rendered":"<p>Framar dyeing spatulas are suitable for all balayage and foiling techniques. The package contains 2 different sizes of staining spatulas. The black spatula has a working surface of 10,6 cm x 15 cm (total length 24 cm), the peach spatula has a working surface of 10,5 cm x 23,5 cm (total length 34,3 cm). Both tinting spatulas have a surface pattern to help hold the hair in place during tinting. The curved and bevelled edge helps working close to the client's head.<\/p>","protected":false},"featured_media":37721,"comment_status":"closed","ping_status":"closed","template":"","meta":{"_relevanssi_hide_post":"","_relevanssi_pin_for_all":"","_relevanssi_pin_keywords":"","_relevanssi_unpin_keywords":"","_relevanssi_related_keywords":"","_relevanssi_related_include_ids":"","_relevanssi_related_exclude_ids":"","_relevanssi_related_no_append":"","_relevanssi_related_not_related":"","_relevanssi_related_posts":"","_relevanssi_noindex_reason":""},"product_cat":[1762,1806,1809],"product_tag":[],"class_list":["post-37722","product","type-product","status-publish","has-post-thumbnail","hentry","product_cat-tarvikkeet","product_cat-varjaystarvikkeet","product_cat-raitalastat","tuotemerkki-framar"],"tuotemerkit":[{"term_id":2285,"name":"Framar","slug":"framar","term_group":0,"term_taxonomy_id":2285,"taxonomy":"tuotemerkki","description":"","parent":0,"count":18,"filter":"raw"}],"acf":[],"yoast_head":"<!-- This site is optimized with the Yoast SEO plugin v23.3 - https:\/\/yoast.com\/wordpress\/plugins\/seo\/ -->\n<title>Framar Paddle Back- v\u00e4rilasta setti, 2 kpl - Kinnunen<\/title>\n<meta name=\"robots\" content=\"index, follow, max-snippet:-1, max-image-preview:large, max-video-preview:-1\" \/>\n<link rel=\"canonical\" href=\"https:\/\/kinnunen.fi\/en\/product\/framar-paddle-back-varilasta-setti-2-kpl\/\" \/>\n<meta property=\"og:locale\" content=\"en_GB\" \/>\n<meta property=\"og:type\" content=\"article\" \/>\n<meta property=\"og:title\" content=\"Framar Paddle Back- v\u00e4rilasta setti, 2 kpl - Kinnunen\" \/>\n<meta property=\"og:description\" content=\"Framar v\u00e4rj\u00e4yslastat sopivat kaikkiin balayage- ja foliotekniikoihin. Paketissa on 2 eri kokoista v\u00e4rj\u00e4yslastaa. Mustan lastan ty\u00f6skentelypinta on 10,6 cm x 15 cm (kokonaispituus 24 cm), persikka lastan ty\u00f6skentelypinta on 10,5 cm x 23,5 cm (kokonaispituus 34,3 cm). Molemmissa v\u00e4rj\u00e4yslastoissa on pintakuviointi, joka helpottaa hiusten paikoillaan pysymist\u00e4 v\u00e4rj\u00e4yksen aikana. Kaareva ja viisto reuna auttaa ty\u00f6skentelyn l\u00e4hell\u00e4 asiakkaan p\u00e4\u00e4t\u00e4.\" \/>\n<meta property=\"og:url\" content=\"https:\/\/kinnunen.fi\/en\/product\/framar-paddle-back-varilasta-setti-2-kpl\/\" \/>\n<meta property=\"og:site_name\" content=\"Kinnunen\" \/>\n<meta property=\"article:modified_time\" content=\"2026-05-02T01:00:32+00:00\" \/>\n<meta property=\"og:image\" content=\"https:\/\/kinnunen.fi\/wp-content\/uploads\/2024\/06\/PBPP-Framar-Paddle-Back-varilastasetti.jpg\" \/>\n\t<meta property=\"og:image:width\" content=\"1200\" \/>\n\t<meta property=\"og:image:height\" content=\"1200\" \/>\n\t<meta property=\"og:image:type\" content=\"image\/jpeg\" \/>\n<meta name=\"twitter:card\" content=\"summary_large_image\" \/>\n<script type=\"application\/ld+json\" class=\"yoast-schema-graph\">{\"@context\":\"https:\/\/schema.org\",\"@graph\":[{\"@type\":\"WebPage\",\"@id\":\"https:\/\/kinnunen.fi\/tuote\/framar-paddle-back-varilasta-setti-2-kpl\/\",\"url\":\"https:\/\/kinnunen.fi\/tuote\/framar-paddle-back-varilasta-setti-2-kpl\/\",\"name\":\"Framar Paddle Back- v\u00e4rilasta setti, 2 kpl - Kinnunen\",\"isPartOf\":{\"@id\":\"https:\/\/kinnunen.fi\/#website\"},\"primaryImageOfPage\":{\"@id\":\"https:\/\/kinnunen.fi\/tuote\/framar-paddle-back-varilasta-setti-2-kpl\/#primaryimage\"},\"image\":{\"@id\":\"https:\/\/kinnunen.fi\/tuote\/framar-paddle-back-varilasta-setti-2-kpl\/#primaryimage\"},\"thumbnailUrl\":\"https:\/\/kinnunen.fi\/wp-content\/uploads\/2024\/06\/PBPP-Framar-Paddle-Back-varilastasetti.jpg\",\"datePublished\":\"2024-06-18T07:32:37+00:00\",\"dateModified\":\"2026-05-02T01:00:32+00:00\",\"breadcrumb\":{\"@id\":\"https:\/\/kinnunen.fi\/tuote\/framar-paddle-back-varilasta-setti-2-kpl\/#breadcrumb\"},\"inLanguage\":\"en-GB\",\"potentialAction\":[{\"@type\":\"ReadAction\",\"target\":[\"https:\/\/kinnunen.fi\/tuote\/framar-paddle-back-varilasta-setti-2-kpl\/\"]}]},{\"@type\":\"ImageObject\",\"inLanguage\":\"en-GB\",\"@id\":\"https:\/\/kinnunen.fi\/tuote\/framar-paddle-back-varilasta-setti-2-kpl\/#primaryimage\",\"url\":\"https:\/\/kinnunen.fi\/wp-content\/uploads\/2024\/06\/PBPP-Framar-Paddle-Back-varilastasetti.jpg\",\"contentUrl\":\"https:\/\/kinnunen.fi\/wp-content\/uploads\/2024\/06\/PBPP-Framar-Paddle-Back-varilastasetti.jpg\",\"width\":1200,\"height\":1200},{\"@type\":\"BreadcrumbList\",\"@id\":\"https:\/\/kinnunen.fi\/tuote\/framar-paddle-back-varilasta-setti-2-kpl\/#breadcrumb\",\"itemListElement\":[{\"@type\":\"ListItem\",\"position\":1,\"name\":\"Etusivu\",\"item\":\"https:\/\/kinnunen.fi\/\"},{\"@type\":\"ListItem\",\"position\":2,\"name\":\"Kaikki tuotteet\",\"item\":\"https:\/\/kinnunen.fi\/kauppa\/\"},{\"@type\":\"ListItem\",\"position\":3,\"name\":\"Tarvikkeet\",\"item\":\"https:\/\/kinnunen.fi\/tuote-osasto\/tarvikkeet\/\"},{\"@type\":\"ListItem\",\"position\":4,\"name\":\"Framar Paddle Back- v\u00e4rilasta setti, 2 kpl\"}]},{\"@type\":\"WebSite\",\"@id\":\"https:\/\/kinnunen.fi\/#website\",\"url\":\"https:\/\/kinnunen.fi\/\",\"name\":\"Kinnunen\",\"description\":\"\",\"potentialAction\":[{\"@type\":\"SearchAction\",\"target\":{\"@type\":\"EntryPoint\",\"urlTemplate\":\"https:\/\/kinnunen.fi\/?s={search_term_string}\"},\"query-input\":\"required name=search_term_string\"}],\"inLanguage\":\"en-GB\"}]}<\/script>\n<!-- \/ Yoast SEO plugin. -->","yoast_head_json":{"title":"Framar Paddle Back- v\u00e4rilasta setti, 2 kpl - Kinnunen","robots":{"index":"index","follow":"follow","max-snippet":"max-snippet:-1","max-image-preview":"max-image-preview:large","max-video-preview":"max-video-preview:-1"},"canonical":"https:\/\/kinnunen.fi\/en\/product\/framar-paddle-back-varilasta-setti-2-kpl\/","og_locale":"en_GB","og_type":"article","og_title":"Framar Paddle Back- v\u00e4rilasta setti, 2 kpl - Kinnunen","og_description":"Framar v\u00e4rj\u00e4yslastat sopivat kaikkiin balayage- ja foliotekniikoihin. Paketissa on 2 eri kokoista v\u00e4rj\u00e4yslastaa. Mustan lastan ty\u00f6skentelypinta on 10,6 cm x 15 cm (kokonaispituus 24 cm), persikka lastan ty\u00f6skentelypinta on 10,5 cm x 23,5 cm (kokonaispituus 34,3 cm). Molemmissa v\u00e4rj\u00e4yslastoissa on pintakuviointi, joka helpottaa hiusten paikoillaan pysymist\u00e4 v\u00e4rj\u00e4yksen aikana. Kaareva ja viisto reuna auttaa ty\u00f6skentelyn l\u00e4hell\u00e4 asiakkaan p\u00e4\u00e4t\u00e4.","og_url":"https:\/\/kinnunen.fi\/en\/product\/framar-paddle-back-varilasta-setti-2-kpl\/","og_site_name":"Kinnunen","article_modified_time":"2026-05-02T01:00:32+00:00","og_image":[{"width":1200,"height":1200,"url":"https:\/\/kinnunen.fi\/wp-content\/uploads\/2024\/06\/PBPP-Framar-Paddle-Back-varilastasetti.jpg","type":"image\/jpeg"}],"twitter_card":"summary_large_image","schema":{"@context":"https:\/\/schema.org","@graph":[{"@type":"WebPage","@id":"https:\/\/kinnunen.fi\/tuote\/framar-paddle-back-varilasta-setti-2-kpl\/","url":"https:\/\/kinnunen.fi\/tuote\/framar-paddle-back-varilasta-setti-2-kpl\/","name":"Framar Paddle Back- v\u00e4rilasta setti, 2 kpl - Kinnunen","isPartOf":{"@id":"https:\/\/kinnunen.fi\/#website"},"primaryImageOfPage":{"@id":"https:\/\/kinnunen.fi\/tuote\/framar-paddle-back-varilasta-setti-2-kpl\/#primaryimage"},"image":{"@id":"https:\/\/kinnunen.fi\/tuote\/framar-paddle-back-varilasta-setti-2-kpl\/#primaryimage"},"thumbnailUrl":"https:\/\/kinnunen.fi\/wp-content\/uploads\/2024\/06\/PBPP-Framar-Paddle-Back-varilastasetti.jpg","datePublished":"2024-06-18T07:32:37+00:00","dateModified":"2026-05-02T01:00:32+00:00","breadcrumb":{"@id":"https:\/\/kinnunen.fi\/tuote\/framar-paddle-back-varilasta-setti-2-kpl\/#breadcrumb"},"inLanguage":"en-GB","potentialAction":[{"@type":"ReadAction","target":["https:\/\/kinnunen.fi\/tuote\/framar-paddle-back-varilasta-setti-2-kpl\/"]}]},{"@type":"ImageObject","inLanguage":"en-GB","@id":"https:\/\/kinnunen.fi\/tuote\/framar-paddle-back-varilasta-setti-2-kpl\/#primaryimage","url":"https:\/\/kinnunen.fi\/wp-content\/uploads\/2024\/06\/PBPP-Framar-Paddle-Back-varilastasetti.jpg","contentUrl":"https:\/\/kinnunen.fi\/wp-content\/uploads\/2024\/06\/PBPP-Framar-Paddle-Back-varilastasetti.jpg","width":1200,"height":1200},{"@type":"BreadcrumbList","@id":"https:\/\/kinnunen.fi\/tuote\/framar-paddle-back-varilasta-setti-2-kpl\/#breadcrumb","itemListElement":[{"@type":"ListItem","position":1,"name":"Etusivu","item":"https:\/\/kinnunen.fi\/"},{"@type":"ListItem","position":2,"name":"Kaikki tuotteet","item":"https:\/\/kinnunen.fi\/kauppa\/"},{"@type":"ListItem","position":3,"name":"Tarvikkeet","item":"https:\/\/kinnunen.fi\/tuote-osasto\/tarvikkeet\/"},{"@type":"ListItem","position":4,"name":"Framar Paddle Back- v\u00e4rilasta setti, 2 kpl"}]},{"@type":"WebSite","@id":"https:\/\/kinnunen.fi\/#website","url":"https:\/\/kinnunen.fi\/","name":"Kinnunen","description":"","potentialAction":[{"@type":"SearchAction","target":{"@type":"EntryPoint","urlTemplate":"https:\/\/kinnunen.fi\/?s={search_term_string}"},"query-input":"required name=search_term_string"}],"inLanguage":"en-GB"}]}},"_links":{"self":[{"href":"https:\/\/kinnunen.fi\/en\/wp-json\/wp\/v2\/product\/37722"}],"collection":[{"href":"https:\/\/kinnunen.fi\/en\/wp-json\/wp\/v2\/product"}],"about":[{"href":"https:\/\/kinnunen.fi\/en\/wp-json\/wp\/v2\/types\/product"}],"replies":[{"embeddable":true,"href":"https:\/\/kinnunen.fi\/en\/wp-json\/wp\/v2\/comments?post=37722"}],"wp:featuredmedia":[{"embeddable":true,"href":"https:\/\/kinnunen.fi\/en\/wp-json\/wp\/v2\/media\/37721"}],"wp:attachment":[{"href":"https:\/\/kinnunen.fi\/en\/wp-json\/wp\/v2\/media?parent=37722"}],"wp:term":[{"taxonomy":"product_cat","embeddable":true,"href":"https:\/\/kinnunen.fi\/en\/wp-json\/wp\/v2\/product_cat?post=37722"},{"taxonomy":"product_tag","embeddable":true,"href":"https:\/\/kinnunen.fi\/en\/wp-json\/wp\/v2\/product_tag?post=37722"}],"curies":[{"name":"wp","href":"https:\/\/api.w.org\/{rel}","templated":true}]}}