

{"id":39124,"date":"2024-08-22T09:59:02","date_gmt":"2024-08-22T06:59:02","guid":{"rendered":"https:\/\/kinnunen.fi\/?post_type=product&#038;p=39124"},"modified":"2026-04-19T04:00:14","modified_gmt":"2026-04-19T01:00:14","slug":"keune-free-styler-keskivahva-lakka-300-ml","status":"publish","type":"product","link":"https:\/\/kinnunen.fi\/en\/product\/keune-free-styler-keskivahva-lakka-300-ml\/","title":{"rendered":"Keune Free Styler - medium-hard lacquer, 300 ml"},"content":{"rendered":"","protected":false},"excerpt":{"rendered":"<p>Freestyler hairspray provides medium grip, can be layered and lasts up to 24 hours. The product has a 360\u00b0 feature which makes it easy to use the spray as you can spray the product in any position.<br \/>\nPito 2, gloss 2.<\/p>\n<p>Use: Spray onto dry hair from 30 cm away. Apply from 30 cm to dry hair. Multiply to adjust hold.<\/p>","protected":false},"featured_media":39001,"comment_status":"closed","ping_status":"closed","template":"","meta":{"_relevanssi_hide_post":"","_relevanssi_pin_for_all":"","_relevanssi_pin_keywords":"","_relevanssi_unpin_keywords":"","_relevanssi_related_keywords":"","_relevanssi_related_include_ids":"","_relevanssi_related_exclude_ids":"","_relevanssi_related_no_append":"","_relevanssi_related_not_related":"","_relevanssi_related_posts":"","_relevanssi_noindex_reason":""},"product_cat":[1727,1732,2292],"product_tag":[],"class_list":["post-39124","product","type-product","status-publish","has-post-thumbnail","hentry","product_cat-hiuskosmetiikka","product_cat-muotoilu-ja-viimeistelytuotteet","product_cat-uudistettu-style","tuotemerkki-keune-haircosmetics","tuotemerkki-keune-style"],"tuotemerkit":[{"term_id":25,"name":"Keune Haircosmetics","slug":"keune-haircosmetics","term_group":0,"term_taxonomy_id":25,"taxonomy":"tuotemerkki","description":"","parent":0,"count":277,"filter":"raw"},{"term_id":70,"name":"Keune Style","slug":"keune-style","term_group":0,"term_taxonomy_id":70,"taxonomy":"tuotemerkki","description":"","parent":25,"count":40,"filter":"raw"}],"acf":[],"yoast_head":"<!-- This site is optimized with the Yoast SEO plugin v23.3 - https:\/\/yoast.com\/wordpress\/plugins\/seo\/ -->\n<title>Keune Free Styler -keskivahva lakka, 300 ml - Kinnunen<\/title>\n<meta name=\"robots\" content=\"index, follow, max-snippet:-1, max-image-preview:large, max-video-preview:-1\" \/>\n<link rel=\"canonical\" href=\"https:\/\/kinnunen.fi\/en\/product\/keune-free-styler-keskivahva-lakka-300-ml\/\" \/>\n<meta property=\"og:locale\" content=\"en_GB\" \/>\n<meta property=\"og:type\" content=\"article\" \/>\n<meta property=\"og:title\" content=\"Keune Free Styler -keskivahva lakka, 300 ml - Kinnunen\" \/>\n<meta property=\"og:description\" content=\"Freestyler \u2013hiuslakka tarjoaa keskivahvan pidon, jota on mahdollista kerrostaa ja se kest\u00e4\u00e4 jopa 24 tuntia. Tuotteessa on 360\u00b0 ominaisuus, joka helpottaa suihkeen k\u00e4ytt\u00f6\u00e4 kun voit suihkuttaa tuotetta miss\u00e4 asennossa vain. Pito 2, kiilto 2.  K\u00e4ytt\u00f6: Suihkuta kuiviin hiuksiin 30 cm p\u00e4\u00e4st\u00e4. Kerrosta mukauttaaksesi pitoa.\" \/>\n<meta property=\"og:url\" content=\"https:\/\/kinnunen.fi\/en\/product\/keune-free-styler-keskivahva-lakka-300-ml\/\" \/>\n<meta property=\"og:site_name\" content=\"Kinnunen\" \/>\n<meta property=\"article:modified_time\" content=\"2026-04-19T01:00:14+00:00\" \/>\n<meta property=\"og:image\" content=\"https:\/\/kinnunen.fi\/wp-content\/uploads\/2024\/08\/Keune_Style_Freestyler_27496.jpg\" \/>\n\t<meta property=\"og:image:width\" content=\"1000\" \/>\n\t<meta property=\"og:image:height\" content=\"1000\" \/>\n\t<meta property=\"og:image:type\" content=\"image\/jpeg\" \/>\n<meta name=\"twitter:card\" content=\"summary_large_image\" \/>\n<script type=\"application\/ld+json\" class=\"yoast-schema-graph\">{\"@context\":\"https:\/\/schema.org\",\"@graph\":[{\"@type\":\"WebPage\",\"@id\":\"https:\/\/kinnunen.fi\/tuote\/keune-free-styler-keskivahva-lakka-300-ml\/\",\"url\":\"https:\/\/kinnunen.fi\/tuote\/keune-free-styler-keskivahva-lakka-300-ml\/\",\"name\":\"Keune Free Styler -keskivahva lakka, 300 ml - Kinnunen\",\"isPartOf\":{\"@id\":\"https:\/\/kinnunen.fi\/#website\"},\"primaryImageOfPage\":{\"@id\":\"https:\/\/kinnunen.fi\/tuote\/keune-free-styler-keskivahva-lakka-300-ml\/#primaryimage\"},\"image\":{\"@id\":\"https:\/\/kinnunen.fi\/tuote\/keune-free-styler-keskivahva-lakka-300-ml\/#primaryimage\"},\"thumbnailUrl\":\"https:\/\/kinnunen.fi\/wp-content\/uploads\/2024\/08\/Keune_Style_Freestyler_27496.jpg\",\"datePublished\":\"2024-08-22T06:59:02+00:00\",\"dateModified\":\"2026-04-19T01:00:14+00:00\",\"breadcrumb\":{\"@id\":\"https:\/\/kinnunen.fi\/tuote\/keune-free-styler-keskivahva-lakka-300-ml\/#breadcrumb\"},\"inLanguage\":\"en-GB\",\"potentialAction\":[{\"@type\":\"ReadAction\",\"target\":[\"https:\/\/kinnunen.fi\/tuote\/keune-free-styler-keskivahva-lakka-300-ml\/\"]}]},{\"@type\":\"ImageObject\",\"inLanguage\":\"en-GB\",\"@id\":\"https:\/\/kinnunen.fi\/tuote\/keune-free-styler-keskivahva-lakka-300-ml\/#primaryimage\",\"url\":\"https:\/\/kinnunen.fi\/wp-content\/uploads\/2024\/08\/Keune_Style_Freestyler_27496.jpg\",\"contentUrl\":\"https:\/\/kinnunen.fi\/wp-content\/uploads\/2024\/08\/Keune_Style_Freestyler_27496.jpg\",\"width\":1000,\"height\":1000},{\"@type\":\"BreadcrumbList\",\"@id\":\"https:\/\/kinnunen.fi\/tuote\/keune-free-styler-keskivahva-lakka-300-ml\/#breadcrumb\",\"itemListElement\":[{\"@type\":\"ListItem\",\"position\":1,\"name\":\"Etusivu\",\"item\":\"https:\/\/kinnunen.fi\/\"},{\"@type\":\"ListItem\",\"position\":2,\"name\":\"Kaikki tuotteet\",\"item\":\"https:\/\/kinnunen.fi\/kauppa\/\"},{\"@type\":\"ListItem\",\"position\":3,\"name\":\"Hiuskosmetiikka\",\"item\":\"https:\/\/kinnunen.fi\/tuote-osasto\/hiuskosmetiikka\/\"},{\"@type\":\"ListItem\",\"position\":4,\"name\":\"Keune Free Styler -keskivahva lakka, 300 ml\"}]},{\"@type\":\"WebSite\",\"@id\":\"https:\/\/kinnunen.fi\/#website\",\"url\":\"https:\/\/kinnunen.fi\/\",\"name\":\"Kinnunen\",\"description\":\"\",\"potentialAction\":[{\"@type\":\"SearchAction\",\"target\":{\"@type\":\"EntryPoint\",\"urlTemplate\":\"https:\/\/kinnunen.fi\/?s={search_term_string}\"},\"query-input\":\"required name=search_term_string\"}],\"inLanguage\":\"en-GB\"}]}<\/script>\n<!-- \/ Yoast SEO plugin. -->","yoast_head_json":{"title":"Keune Free Styler -keskivahva lakka, 300 ml - Kinnunen","robots":{"index":"index","follow":"follow","max-snippet":"max-snippet:-1","max-image-preview":"max-image-preview:large","max-video-preview":"max-video-preview:-1"},"canonical":"https:\/\/kinnunen.fi\/en\/product\/keune-free-styler-keskivahva-lakka-300-ml\/","og_locale":"en_GB","og_type":"article","og_title":"Keune Free Styler -keskivahva lakka, 300 ml - Kinnunen","og_description":"Freestyler \u2013hiuslakka tarjoaa keskivahvan pidon, jota on mahdollista kerrostaa ja se kest\u00e4\u00e4 jopa 24 tuntia. Tuotteessa on 360\u00b0 ominaisuus, joka helpottaa suihkeen k\u00e4ytt\u00f6\u00e4 kun voit suihkuttaa tuotetta miss\u00e4 asennossa vain. Pito 2, kiilto 2.  K\u00e4ytt\u00f6: Suihkuta kuiviin hiuksiin 30 cm p\u00e4\u00e4st\u00e4. Kerrosta mukauttaaksesi pitoa.","og_url":"https:\/\/kinnunen.fi\/en\/product\/keune-free-styler-keskivahva-lakka-300-ml\/","og_site_name":"Kinnunen","article_modified_time":"2026-04-19T01:00:14+00:00","og_image":[{"width":1000,"height":1000,"url":"https:\/\/kinnunen.fi\/wp-content\/uploads\/2024\/08\/Keune_Style_Freestyler_27496.jpg","type":"image\/jpeg"}],"twitter_card":"summary_large_image","schema":{"@context":"https:\/\/schema.org","@graph":[{"@type":"WebPage","@id":"https:\/\/kinnunen.fi\/tuote\/keune-free-styler-keskivahva-lakka-300-ml\/","url":"https:\/\/kinnunen.fi\/tuote\/keune-free-styler-keskivahva-lakka-300-ml\/","name":"Keune Free Styler -keskivahva lakka, 300 ml - Kinnunen","isPartOf":{"@id":"https:\/\/kinnunen.fi\/#website"},"primaryImageOfPage":{"@id":"https:\/\/kinnunen.fi\/tuote\/keune-free-styler-keskivahva-lakka-300-ml\/#primaryimage"},"image":{"@id":"https:\/\/kinnunen.fi\/tuote\/keune-free-styler-keskivahva-lakka-300-ml\/#primaryimage"},"thumbnailUrl":"https:\/\/kinnunen.fi\/wp-content\/uploads\/2024\/08\/Keune_Style_Freestyler_27496.jpg","datePublished":"2024-08-22T06:59:02+00:00","dateModified":"2026-04-19T01:00:14+00:00","breadcrumb":{"@id":"https:\/\/kinnunen.fi\/tuote\/keune-free-styler-keskivahva-lakka-300-ml\/#breadcrumb"},"inLanguage":"en-GB","potentialAction":[{"@type":"ReadAction","target":["https:\/\/kinnunen.fi\/tuote\/keune-free-styler-keskivahva-lakka-300-ml\/"]}]},{"@type":"ImageObject","inLanguage":"en-GB","@id":"https:\/\/kinnunen.fi\/tuote\/keune-free-styler-keskivahva-lakka-300-ml\/#primaryimage","url":"https:\/\/kinnunen.fi\/wp-content\/uploads\/2024\/08\/Keune_Style_Freestyler_27496.jpg","contentUrl":"https:\/\/kinnunen.fi\/wp-content\/uploads\/2024\/08\/Keune_Style_Freestyler_27496.jpg","width":1000,"height":1000},{"@type":"BreadcrumbList","@id":"https:\/\/kinnunen.fi\/tuote\/keune-free-styler-keskivahva-lakka-300-ml\/#breadcrumb","itemListElement":[{"@type":"ListItem","position":1,"name":"Etusivu","item":"https:\/\/kinnunen.fi\/"},{"@type":"ListItem","position":2,"name":"Kaikki tuotteet","item":"https:\/\/kinnunen.fi\/kauppa\/"},{"@type":"ListItem","position":3,"name":"Hiuskosmetiikka","item":"https:\/\/kinnunen.fi\/tuote-osasto\/hiuskosmetiikka\/"},{"@type":"ListItem","position":4,"name":"Keune Free Styler -keskivahva lakka, 300 ml"}]},{"@type":"WebSite","@id":"https:\/\/kinnunen.fi\/#website","url":"https:\/\/kinnunen.fi\/","name":"Kinnunen","description":"","potentialAction":[{"@type":"SearchAction","target":{"@type":"EntryPoint","urlTemplate":"https:\/\/kinnunen.fi\/?s={search_term_string}"},"query-input":"required name=search_term_string"}],"inLanguage":"en-GB"}]}},"_links":{"self":[{"href":"https:\/\/kinnunen.fi\/en\/wp-json\/wp\/v2\/product\/39124"}],"collection":[{"href":"https:\/\/kinnunen.fi\/en\/wp-json\/wp\/v2\/product"}],"about":[{"href":"https:\/\/kinnunen.fi\/en\/wp-json\/wp\/v2\/types\/product"}],"replies":[{"embeddable":true,"href":"https:\/\/kinnunen.fi\/en\/wp-json\/wp\/v2\/comments?post=39124"}],"wp:featuredmedia":[{"embeddable":true,"href":"https:\/\/kinnunen.fi\/en\/wp-json\/wp\/v2\/media\/39001"}],"wp:attachment":[{"href":"https:\/\/kinnunen.fi\/en\/wp-json\/wp\/v2\/media?parent=39124"}],"wp:term":[{"taxonomy":"product_cat","embeddable":true,"href":"https:\/\/kinnunen.fi\/en\/wp-json\/wp\/v2\/product_cat?post=39124"},{"taxonomy":"product_tag","embeddable":true,"href":"https:\/\/kinnunen.fi\/en\/wp-json\/wp\/v2\/product_tag?post=39124"}],"curies":[{"name":"wp","href":"https:\/\/api.w.org\/{rel}","templated":true}]}}