

{"id":39265,"date":"2024-09-02T12:20:30","date_gmt":"2024-09-02T09:20:30","guid":{"rendered":"https:\/\/kinnunen.fi\/?post_type=product&#038;p=39265"},"modified":"2026-04-21T04:00:05","modified_gmt":"2026-04-21T01:00:05","slug":"hoc-soft-lift-hat-light-tan","status":"publish","type":"product","link":"https:\/\/kinnunen.fi\/en\/product\/hoc-soft-lift-hat-light-tan\/","title":{"rendered":"HOC Soft Lift Hat, Light tan"},"content":{"rendered":"","protected":false},"excerpt":{"rendered":"<p>The Soft Lift Hat is a revolutionary headwear from Christine thanks to its design, which offers a perfect fit and lift under wigs and headwear. The Soft Lift Hat has two parts, a headgear and a top-up. For best results, it is recommended to place the top-up in the small pocket of the headgear. Gently fold the inner part and slip the top-up into the pocket. The headgear can then be smoothed to ensure that it is in the desired shape. The headgear provides lift and volume under both wigs and headgear. The Soft Lift Hat has a silicone band that wraps around the inside to help the headgear stay in place. The headgear also includes 37.5 technology. Materials; headwear 69% wool and 31% polyester, mid-cover material 90% polyester and 10% spandex and fill material 100% nylon.<\/p>","protected":false},"featured_media":39259,"comment_status":"closed","ping_status":"closed","template":"","meta":{"_relevanssi_hide_post":"","_relevanssi_pin_for_all":"","_relevanssi_pin_keywords":"","_relevanssi_unpin_keywords":"","_relevanssi_related_keywords":"","_relevanssi_related_include_ids":"","_relevanssi_related_exclude_ids":"","_relevanssi_related_no_append":"","_relevanssi_related_not_related":"","_relevanssi_related_posts":"","_relevanssi_noindex_reason":""},"product_cat":[1770,1773],"product_tag":[],"class_list":["post-39265","product","type-product","status-publish","has-post-thumbnail","hentry","product_cat-peruukkituotteet","product_cat-christine-paahineet","tuotemerkki-house-of-christine"],"tuotemerkit":[{"term_id":2078,"name":"House of Christine","slug":"house-of-christine","term_group":0,"term_taxonomy_id":2078,"taxonomy":"tuotemerkki","description":"","parent":0,"count":38,"filter":"raw"}],"acf":[],"yoast_head":"<!-- This site is optimized with the Yoast SEO plugin v23.3 - https:\/\/yoast.com\/wordpress\/plugins\/seo\/ -->\n<title>HOC Soft Lift Hat, Light tan - Kinnunen<\/title>\n<meta name=\"robots\" content=\"index, follow, max-snippet:-1, max-image-preview:large, max-video-preview:-1\" \/>\n<link rel=\"canonical\" href=\"https:\/\/kinnunen.fi\/en\/product\/hoc-soft-lift-hat-light-tan\/\" \/>\n<meta property=\"og:locale\" content=\"en_GB\" \/>\n<meta property=\"og:type\" content=\"article\" \/>\n<meta property=\"og:title\" content=\"HOC Soft Lift Hat, Light tan - Kinnunen\" \/>\n<meta property=\"og:description\" content=\"Soft Lift Hat on Christinen p\u00e4\u00e4hineist\u00e4 vallankumouksellinen sen muotoilun ansiosta, joka tarjoaa t\u00e4ydellisen istuvuuden ja noston peruukkien ja p\u00e4\u00e4hineiden alla. Soft Lift Hatiss\u00e4 on kaksi osaa, p\u00e4\u00e4hine ja t\u00e4ydennysosa. Parhaimman tuloksen saavuttamiseksi, suositellaan t\u00e4ydennysosa asettamaan p\u00e4\u00e4hineen pieneen taskuun. Taivuta sis\u00e4osaa varovasti ja pujota t\u00e4ydennysosa taskuun. T\u00e4m\u00e4n j\u00e4lkeen voi tasoitella p\u00e4\u00e4hinett\u00e4, jotta se on halutussa muodossaan. P\u00e4\u00e4hineell\u00e4 saadaan nostoa sek\u00e4 volyymia niin peruukkien kuin p\u00e4\u00e4hineiden alle. Soft Lift Hatin sis\u00e4ll\u00e4 kiert\u00e4\u00e4 silikoninauha, joka auttaa p\u00e4\u00e4hinett\u00e4 pysym\u00e4\u00e4n paikoillaan. P\u00e4\u00e4hine sis\u00e4lt\u00e4\u00e4 my\u00f6s 37.5 teknologian. Materiaalit; p\u00e4\u00e4hine 69% villaa ja 31% polyesteri\u00e4, v\u00e4likankaan materiaali 90% polyesteri\u00e4 ja 10% spandexia ja t\u00e4ydennysosa 100% nylonia.\" \/>\n<meta property=\"og:url\" content=\"https:\/\/kinnunen.fi\/en\/product\/hoc-soft-lift-hat-light-tan\/\" \/>\n<meta property=\"og:site_name\" content=\"Kinnunen\" \/>\n<meta property=\"article:modified_time\" content=\"2026-04-21T01:00:05+00:00\" \/>\n<meta property=\"og:image\" content=\"https:\/\/kinnunen.fi\/wp-content\/uploads\/2024\/09\/HOC_Soft_Lit_Hat_1220-0628.webp\" \/>\n\t<meta property=\"og:image:width\" content=\"600\" \/>\n\t<meta property=\"og:image:height\" content=\"600\" \/>\n\t<meta property=\"og:image:type\" content=\"image\/webp\" \/>\n<meta name=\"twitter:card\" content=\"summary_large_image\" \/>\n<script type=\"application\/ld+json\" class=\"yoast-schema-graph\">{\"@context\":\"https:\/\/schema.org\",\"@graph\":[{\"@type\":\"WebPage\",\"@id\":\"https:\/\/kinnunen.fi\/tuote\/hoc-soft-lift-hat-light-tan\/\",\"url\":\"https:\/\/kinnunen.fi\/tuote\/hoc-soft-lift-hat-light-tan\/\",\"name\":\"HOC Soft Lift Hat, Light tan - Kinnunen\",\"isPartOf\":{\"@id\":\"https:\/\/kinnunen.fi\/#website\"},\"primaryImageOfPage\":{\"@id\":\"https:\/\/kinnunen.fi\/tuote\/hoc-soft-lift-hat-light-tan\/#primaryimage\"},\"image\":{\"@id\":\"https:\/\/kinnunen.fi\/tuote\/hoc-soft-lift-hat-light-tan\/#primaryimage\"},\"thumbnailUrl\":\"https:\/\/kinnunen.fi\/wp-content\/uploads\/2024\/09\/HOC_Soft_Lit_Hat_1220-0628.webp\",\"datePublished\":\"2024-09-02T09:20:30+00:00\",\"dateModified\":\"2026-04-21T01:00:05+00:00\",\"breadcrumb\":{\"@id\":\"https:\/\/kinnunen.fi\/tuote\/hoc-soft-lift-hat-light-tan\/#breadcrumb\"},\"inLanguage\":\"en-GB\",\"potentialAction\":[{\"@type\":\"ReadAction\",\"target\":[\"https:\/\/kinnunen.fi\/tuote\/hoc-soft-lift-hat-light-tan\/\"]}]},{\"@type\":\"ImageObject\",\"inLanguage\":\"en-GB\",\"@id\":\"https:\/\/kinnunen.fi\/tuote\/hoc-soft-lift-hat-light-tan\/#primaryimage\",\"url\":\"https:\/\/kinnunen.fi\/wp-content\/uploads\/2024\/09\/HOC_Soft_Lit_Hat_1220-0628.webp\",\"contentUrl\":\"https:\/\/kinnunen.fi\/wp-content\/uploads\/2024\/09\/HOC_Soft_Lit_Hat_1220-0628.webp\",\"width\":600,\"height\":600},{\"@type\":\"BreadcrumbList\",\"@id\":\"https:\/\/kinnunen.fi\/tuote\/hoc-soft-lift-hat-light-tan\/#breadcrumb\",\"itemListElement\":[{\"@type\":\"ListItem\",\"position\":1,\"name\":\"Etusivu\",\"item\":\"https:\/\/kinnunen.fi\/\"},{\"@type\":\"ListItem\",\"position\":2,\"name\":\"Kaikki tuotteet\",\"item\":\"https:\/\/kinnunen.fi\/kauppa\/\"},{\"@type\":\"ListItem\",\"position\":3,\"name\":\"Peruukkituotteet\",\"item\":\"https:\/\/kinnunen.fi\/tuote-osasto\/peruukkituotteet\/\"},{\"@type\":\"ListItem\",\"position\":4,\"name\":\"HOC Soft Lift Hat, Light tan\"}]},{\"@type\":\"WebSite\",\"@id\":\"https:\/\/kinnunen.fi\/#website\",\"url\":\"https:\/\/kinnunen.fi\/\",\"name\":\"Kinnunen\",\"description\":\"\",\"potentialAction\":[{\"@type\":\"SearchAction\",\"target\":{\"@type\":\"EntryPoint\",\"urlTemplate\":\"https:\/\/kinnunen.fi\/?s={search_term_string}\"},\"query-input\":\"required name=search_term_string\"}],\"inLanguage\":\"en-GB\"}]}<\/script>\n<!-- \/ Yoast SEO plugin. -->","yoast_head_json":{"title":"HOC Soft Lift Hat, Light tan - Kinnunen","robots":{"index":"index","follow":"follow","max-snippet":"max-snippet:-1","max-image-preview":"max-image-preview:large","max-video-preview":"max-video-preview:-1"},"canonical":"https:\/\/kinnunen.fi\/en\/product\/hoc-soft-lift-hat-light-tan\/","og_locale":"en_GB","og_type":"article","og_title":"HOC Soft Lift Hat, Light tan - Kinnunen","og_description":"Soft Lift Hat on Christinen p\u00e4\u00e4hineist\u00e4 vallankumouksellinen sen muotoilun ansiosta, joka tarjoaa t\u00e4ydellisen istuvuuden ja noston peruukkien ja p\u00e4\u00e4hineiden alla. Soft Lift Hatiss\u00e4 on kaksi osaa, p\u00e4\u00e4hine ja t\u00e4ydennysosa. Parhaimman tuloksen saavuttamiseksi, suositellaan t\u00e4ydennysosa asettamaan p\u00e4\u00e4hineen pieneen taskuun. Taivuta sis\u00e4osaa varovasti ja pujota t\u00e4ydennysosa taskuun. T\u00e4m\u00e4n j\u00e4lkeen voi tasoitella p\u00e4\u00e4hinett\u00e4, jotta se on halutussa muodossaan. P\u00e4\u00e4hineell\u00e4 saadaan nostoa sek\u00e4 volyymia niin peruukkien kuin p\u00e4\u00e4hineiden alle. Soft Lift Hatin sis\u00e4ll\u00e4 kiert\u00e4\u00e4 silikoninauha, joka auttaa p\u00e4\u00e4hinett\u00e4 pysym\u00e4\u00e4n paikoillaan. P\u00e4\u00e4hine sis\u00e4lt\u00e4\u00e4 my\u00f6s 37.5 teknologian. Materiaalit; p\u00e4\u00e4hine 69% villaa ja 31% polyesteri\u00e4, v\u00e4likankaan materiaali 90% polyesteri\u00e4 ja 10% spandexia ja t\u00e4ydennysosa 100% nylonia.","og_url":"https:\/\/kinnunen.fi\/en\/product\/hoc-soft-lift-hat-light-tan\/","og_site_name":"Kinnunen","article_modified_time":"2026-04-21T01:00:05+00:00","og_image":[{"width":600,"height":600,"url":"https:\/\/kinnunen.fi\/wp-content\/uploads\/2024\/09\/HOC_Soft_Lit_Hat_1220-0628.webp","type":"image\/webp"}],"twitter_card":"summary_large_image","schema":{"@context":"https:\/\/schema.org","@graph":[{"@type":"WebPage","@id":"https:\/\/kinnunen.fi\/tuote\/hoc-soft-lift-hat-light-tan\/","url":"https:\/\/kinnunen.fi\/tuote\/hoc-soft-lift-hat-light-tan\/","name":"HOC Soft Lift Hat, Light tan - Kinnunen","isPartOf":{"@id":"https:\/\/kinnunen.fi\/#website"},"primaryImageOfPage":{"@id":"https:\/\/kinnunen.fi\/tuote\/hoc-soft-lift-hat-light-tan\/#primaryimage"},"image":{"@id":"https:\/\/kinnunen.fi\/tuote\/hoc-soft-lift-hat-light-tan\/#primaryimage"},"thumbnailUrl":"https:\/\/kinnunen.fi\/wp-content\/uploads\/2024\/09\/HOC_Soft_Lit_Hat_1220-0628.webp","datePublished":"2024-09-02T09:20:30+00:00","dateModified":"2026-04-21T01:00:05+00:00","breadcrumb":{"@id":"https:\/\/kinnunen.fi\/tuote\/hoc-soft-lift-hat-light-tan\/#breadcrumb"},"inLanguage":"en-GB","potentialAction":[{"@type":"ReadAction","target":["https:\/\/kinnunen.fi\/tuote\/hoc-soft-lift-hat-light-tan\/"]}]},{"@type":"ImageObject","inLanguage":"en-GB","@id":"https:\/\/kinnunen.fi\/tuote\/hoc-soft-lift-hat-light-tan\/#primaryimage","url":"https:\/\/kinnunen.fi\/wp-content\/uploads\/2024\/09\/HOC_Soft_Lit_Hat_1220-0628.webp","contentUrl":"https:\/\/kinnunen.fi\/wp-content\/uploads\/2024\/09\/HOC_Soft_Lit_Hat_1220-0628.webp","width":600,"height":600},{"@type":"BreadcrumbList","@id":"https:\/\/kinnunen.fi\/tuote\/hoc-soft-lift-hat-light-tan\/#breadcrumb","itemListElement":[{"@type":"ListItem","position":1,"name":"Etusivu","item":"https:\/\/kinnunen.fi\/"},{"@type":"ListItem","position":2,"name":"Kaikki tuotteet","item":"https:\/\/kinnunen.fi\/kauppa\/"},{"@type":"ListItem","position":3,"name":"Peruukkituotteet","item":"https:\/\/kinnunen.fi\/tuote-osasto\/peruukkituotteet\/"},{"@type":"ListItem","position":4,"name":"HOC Soft Lift Hat, Light tan"}]},{"@type":"WebSite","@id":"https:\/\/kinnunen.fi\/#website","url":"https:\/\/kinnunen.fi\/","name":"Kinnunen","description":"","potentialAction":[{"@type":"SearchAction","target":{"@type":"EntryPoint","urlTemplate":"https:\/\/kinnunen.fi\/?s={search_term_string}"},"query-input":"required name=search_term_string"}],"inLanguage":"en-GB"}]}},"_links":{"self":[{"href":"https:\/\/kinnunen.fi\/en\/wp-json\/wp\/v2\/product\/39265"}],"collection":[{"href":"https:\/\/kinnunen.fi\/en\/wp-json\/wp\/v2\/product"}],"about":[{"href":"https:\/\/kinnunen.fi\/en\/wp-json\/wp\/v2\/types\/product"}],"replies":[{"embeddable":true,"href":"https:\/\/kinnunen.fi\/en\/wp-json\/wp\/v2\/comments?post=39265"}],"wp:featuredmedia":[{"embeddable":true,"href":"https:\/\/kinnunen.fi\/en\/wp-json\/wp\/v2\/media\/39259"}],"wp:attachment":[{"href":"https:\/\/kinnunen.fi\/en\/wp-json\/wp\/v2\/media?parent=39265"}],"wp:term":[{"taxonomy":"product_cat","embeddable":true,"href":"https:\/\/kinnunen.fi\/en\/wp-json\/wp\/v2\/product_cat?post=39265"},{"taxonomy":"product_tag","embeddable":true,"href":"https:\/\/kinnunen.fi\/en\/wp-json\/wp\/v2\/product_tag?post=39265"}],"curies":[{"name":"wp","href":"https:\/\/api.w.org\/{rel}","templated":true}]}}