

{"id":39268,"date":"2024-09-02T12:41:49","date_gmt":"2024-09-02T09:41:49","guid":{"rendered":"https:\/\/kinnunen.fi\/?post_type=product&#038;p=39268"},"modified":"2026-04-17T04:00:15","modified_gmt":"2026-04-17T01:00:15","slug":"hoc-styling-ring-metallirengas","status":"publish","type":"product","link":"https:\/\/kinnunen.fi\/en\/product\/hoc-styling-ring-metallirengas\/","title":{"rendered":"HOC Styling Ring, metal ring"},"content":{"rendered":"","protected":false},"excerpt":{"rendered":"<p>The Styling Ring metal ring is a great accessory when you want to create a stylish volume by adding scarves or long ribbons to your turban. The ring is used as an aid in \"attachment\" to create a bow, knot, braid or whatever you desire. For tips and ideas on how to use the ring, visit the \"House of Christine\" YouTube channel.<\/p>","protected":false},"featured_media":39256,"comment_status":"closed","ping_status":"closed","template":"","meta":{"_relevanssi_hide_post":"","_relevanssi_pin_for_all":"","_relevanssi_pin_keywords":"","_relevanssi_unpin_keywords":"","_relevanssi_related_keywords":"","_relevanssi_related_include_ids":"","_relevanssi_related_exclude_ids":"","_relevanssi_related_no_append":"","_relevanssi_related_not_related":"","_relevanssi_related_posts":"","_relevanssi_noindex_reason":""},"product_cat":[1770,1773],"product_tag":[],"class_list":["post-39268","product","type-product","status-publish","has-post-thumbnail","hentry","product_cat-peruukkituotteet","product_cat-christine-paahineet","tuotemerkki-house-of-christine"],"tuotemerkit":[{"term_id":2078,"name":"House of Christine","slug":"house-of-christine","term_group":0,"term_taxonomy_id":2078,"taxonomy":"tuotemerkki","description":"","parent":0,"count":38,"filter":"raw"}],"acf":[],"yoast_head":"<!-- This site is optimized with the Yoast SEO plugin v23.3 - https:\/\/yoast.com\/wordpress\/plugins\/seo\/ -->\n<title>HOC Styling Ring, metallirengas - Kinnunen<\/title>\n<meta name=\"robots\" content=\"index, follow, max-snippet:-1, max-image-preview:large, max-video-preview:-1\" \/>\n<link rel=\"canonical\" href=\"https:\/\/kinnunen.fi\/en\/product\/hoc-styling-ring-metallirengas\/\" \/>\n<meta property=\"og:locale\" content=\"en_GB\" \/>\n<meta property=\"og:type\" content=\"article\" \/>\n<meta property=\"og:title\" content=\"HOC Styling Ring, metallirengas - Kinnunen\" \/>\n<meta property=\"og:description\" content=\"Styling Ring- metallirengas on hyv\u00e4 lis\u00e4varuste, kun haluat luoda tyylik\u00e4st\u00e4 volyymia lis\u00e4\u00e4m\u00e4ll\u00e4 turbaaniin huiveja tai pitki\u00e4 nauhoja. Rengasta k\u00e4ytet\u00e4\u00e4n apuna &quot;kiinnityksess\u00e4&quot;, jolla voidaan luoda rusetti, solmu, punos tai mit\u00e4 tahansa halutaan. Vinkkej\u00e4 ja ideoita renkaan k\u00e4ytt\u00f6\u00f6n voi k\u00e4yd\u00e4 katsomassa &quot;House of Christine&quot; YouTube kanavalla.\" \/>\n<meta property=\"og:url\" content=\"https:\/\/kinnunen.fi\/en\/product\/hoc-styling-ring-metallirengas\/\" \/>\n<meta property=\"og:site_name\" content=\"Kinnunen\" \/>\n<meta property=\"article:modified_time\" content=\"2026-04-17T01:00:15+00:00\" \/>\n<meta property=\"og:image\" content=\"https:\/\/kinnunen.fi\/wp-content\/uploads\/2024\/09\/HOC_Styling-Ring_3037-0800.webp\" \/>\n\t<meta property=\"og:image:width\" content=\"600\" \/>\n\t<meta property=\"og:image:height\" content=\"600\" \/>\n\t<meta property=\"og:image:type\" content=\"image\/webp\" \/>\n<meta name=\"twitter:card\" content=\"summary_large_image\" \/>\n<script type=\"application\/ld+json\" class=\"yoast-schema-graph\">{\"@context\":\"https:\/\/schema.org\",\"@graph\":[{\"@type\":\"WebPage\",\"@id\":\"https:\/\/kinnunen.fi\/tuote\/hoc-styling-ring-metallirengas\/\",\"url\":\"https:\/\/kinnunen.fi\/tuote\/hoc-styling-ring-metallirengas\/\",\"name\":\"HOC Styling Ring, metallirengas - Kinnunen\",\"isPartOf\":{\"@id\":\"https:\/\/kinnunen.fi\/#website\"},\"primaryImageOfPage\":{\"@id\":\"https:\/\/kinnunen.fi\/tuote\/hoc-styling-ring-metallirengas\/#primaryimage\"},\"image\":{\"@id\":\"https:\/\/kinnunen.fi\/tuote\/hoc-styling-ring-metallirengas\/#primaryimage\"},\"thumbnailUrl\":\"https:\/\/kinnunen.fi\/wp-content\/uploads\/2024\/09\/HOC_Styling-Ring_3037-0800.webp\",\"datePublished\":\"2024-09-02T09:41:49+00:00\",\"dateModified\":\"2026-04-17T01:00:15+00:00\",\"breadcrumb\":{\"@id\":\"https:\/\/kinnunen.fi\/tuote\/hoc-styling-ring-metallirengas\/#breadcrumb\"},\"inLanguage\":\"en-GB\",\"potentialAction\":[{\"@type\":\"ReadAction\",\"target\":[\"https:\/\/kinnunen.fi\/tuote\/hoc-styling-ring-metallirengas\/\"]}]},{\"@type\":\"ImageObject\",\"inLanguage\":\"en-GB\",\"@id\":\"https:\/\/kinnunen.fi\/tuote\/hoc-styling-ring-metallirengas\/#primaryimage\",\"url\":\"https:\/\/kinnunen.fi\/wp-content\/uploads\/2024\/09\/HOC_Styling-Ring_3037-0800.webp\",\"contentUrl\":\"https:\/\/kinnunen.fi\/wp-content\/uploads\/2024\/09\/HOC_Styling-Ring_3037-0800.webp\",\"width\":600,\"height\":600},{\"@type\":\"BreadcrumbList\",\"@id\":\"https:\/\/kinnunen.fi\/tuote\/hoc-styling-ring-metallirengas\/#breadcrumb\",\"itemListElement\":[{\"@type\":\"ListItem\",\"position\":1,\"name\":\"Etusivu\",\"item\":\"https:\/\/kinnunen.fi\/\"},{\"@type\":\"ListItem\",\"position\":2,\"name\":\"Kaikki tuotteet\",\"item\":\"https:\/\/kinnunen.fi\/kauppa\/\"},{\"@type\":\"ListItem\",\"position\":3,\"name\":\"Peruukkituotteet\",\"item\":\"https:\/\/kinnunen.fi\/tuote-osasto\/peruukkituotteet\/\"},{\"@type\":\"ListItem\",\"position\":4,\"name\":\"HOC Styling Ring, metallirengas\"}]},{\"@type\":\"WebSite\",\"@id\":\"https:\/\/kinnunen.fi\/#website\",\"url\":\"https:\/\/kinnunen.fi\/\",\"name\":\"Kinnunen\",\"description\":\"\",\"potentialAction\":[{\"@type\":\"SearchAction\",\"target\":{\"@type\":\"EntryPoint\",\"urlTemplate\":\"https:\/\/kinnunen.fi\/?s={search_term_string}\"},\"query-input\":\"required name=search_term_string\"}],\"inLanguage\":\"en-GB\"}]}<\/script>\n<!-- \/ Yoast SEO plugin. -->","yoast_head_json":{"title":"HOC Styling Ring, metallirengas - Kinnunen","robots":{"index":"index","follow":"follow","max-snippet":"max-snippet:-1","max-image-preview":"max-image-preview:large","max-video-preview":"max-video-preview:-1"},"canonical":"https:\/\/kinnunen.fi\/en\/product\/hoc-styling-ring-metallirengas\/","og_locale":"en_GB","og_type":"article","og_title":"HOC Styling Ring, metallirengas - Kinnunen","og_description":"Styling Ring- metallirengas on hyv\u00e4 lis\u00e4varuste, kun haluat luoda tyylik\u00e4st\u00e4 volyymia lis\u00e4\u00e4m\u00e4ll\u00e4 turbaaniin huiveja tai pitki\u00e4 nauhoja. Rengasta k\u00e4ytet\u00e4\u00e4n apuna \"kiinnityksess\u00e4\", jolla voidaan luoda rusetti, solmu, punos tai mit\u00e4 tahansa halutaan. Vinkkej\u00e4 ja ideoita renkaan k\u00e4ytt\u00f6\u00f6n voi k\u00e4yd\u00e4 katsomassa \"House of Christine\" YouTube kanavalla.","og_url":"https:\/\/kinnunen.fi\/en\/product\/hoc-styling-ring-metallirengas\/","og_site_name":"Kinnunen","article_modified_time":"2026-04-17T01:00:15+00:00","og_image":[{"width":600,"height":600,"url":"https:\/\/kinnunen.fi\/wp-content\/uploads\/2024\/09\/HOC_Styling-Ring_3037-0800.webp","type":"image\/webp"}],"twitter_card":"summary_large_image","schema":{"@context":"https:\/\/schema.org","@graph":[{"@type":"WebPage","@id":"https:\/\/kinnunen.fi\/tuote\/hoc-styling-ring-metallirengas\/","url":"https:\/\/kinnunen.fi\/tuote\/hoc-styling-ring-metallirengas\/","name":"HOC Styling Ring, metallirengas - Kinnunen","isPartOf":{"@id":"https:\/\/kinnunen.fi\/#website"},"primaryImageOfPage":{"@id":"https:\/\/kinnunen.fi\/tuote\/hoc-styling-ring-metallirengas\/#primaryimage"},"image":{"@id":"https:\/\/kinnunen.fi\/tuote\/hoc-styling-ring-metallirengas\/#primaryimage"},"thumbnailUrl":"https:\/\/kinnunen.fi\/wp-content\/uploads\/2024\/09\/HOC_Styling-Ring_3037-0800.webp","datePublished":"2024-09-02T09:41:49+00:00","dateModified":"2026-04-17T01:00:15+00:00","breadcrumb":{"@id":"https:\/\/kinnunen.fi\/tuote\/hoc-styling-ring-metallirengas\/#breadcrumb"},"inLanguage":"en-GB","potentialAction":[{"@type":"ReadAction","target":["https:\/\/kinnunen.fi\/tuote\/hoc-styling-ring-metallirengas\/"]}]},{"@type":"ImageObject","inLanguage":"en-GB","@id":"https:\/\/kinnunen.fi\/tuote\/hoc-styling-ring-metallirengas\/#primaryimage","url":"https:\/\/kinnunen.fi\/wp-content\/uploads\/2024\/09\/HOC_Styling-Ring_3037-0800.webp","contentUrl":"https:\/\/kinnunen.fi\/wp-content\/uploads\/2024\/09\/HOC_Styling-Ring_3037-0800.webp","width":600,"height":600},{"@type":"BreadcrumbList","@id":"https:\/\/kinnunen.fi\/tuote\/hoc-styling-ring-metallirengas\/#breadcrumb","itemListElement":[{"@type":"ListItem","position":1,"name":"Etusivu","item":"https:\/\/kinnunen.fi\/"},{"@type":"ListItem","position":2,"name":"Kaikki tuotteet","item":"https:\/\/kinnunen.fi\/kauppa\/"},{"@type":"ListItem","position":3,"name":"Peruukkituotteet","item":"https:\/\/kinnunen.fi\/tuote-osasto\/peruukkituotteet\/"},{"@type":"ListItem","position":4,"name":"HOC Styling Ring, metallirengas"}]},{"@type":"WebSite","@id":"https:\/\/kinnunen.fi\/#website","url":"https:\/\/kinnunen.fi\/","name":"Kinnunen","description":"","potentialAction":[{"@type":"SearchAction","target":{"@type":"EntryPoint","urlTemplate":"https:\/\/kinnunen.fi\/?s={search_term_string}"},"query-input":"required name=search_term_string"}],"inLanguage":"en-GB"}]}},"_links":{"self":[{"href":"https:\/\/kinnunen.fi\/en\/wp-json\/wp\/v2\/product\/39268"}],"collection":[{"href":"https:\/\/kinnunen.fi\/en\/wp-json\/wp\/v2\/product"}],"about":[{"href":"https:\/\/kinnunen.fi\/en\/wp-json\/wp\/v2\/types\/product"}],"replies":[{"embeddable":true,"href":"https:\/\/kinnunen.fi\/en\/wp-json\/wp\/v2\/comments?post=39268"}],"wp:featuredmedia":[{"embeddable":true,"href":"https:\/\/kinnunen.fi\/en\/wp-json\/wp\/v2\/media\/39256"}],"wp:attachment":[{"href":"https:\/\/kinnunen.fi\/en\/wp-json\/wp\/v2\/media?parent=39268"}],"wp:term":[{"taxonomy":"product_cat","embeddable":true,"href":"https:\/\/kinnunen.fi\/en\/wp-json\/wp\/v2\/product_cat?post=39268"},{"taxonomy":"product_tag","embeddable":true,"href":"https:\/\/kinnunen.fi\/en\/wp-json\/wp\/v2\/product_tag?post=39268"}],"curies":[{"name":"wp","href":"https:\/\/api.w.org\/{rel}","templated":true}]}}