

{"id":39438,"date":"2024-09-16T10:30:55","date_gmt":"2024-09-16T07:30:55","guid":{"rendered":"https:\/\/kinnunen.fi\/?post_type=product&#038;p=39438"},"modified":"2026-04-17T04:00:06","modified_gmt":"2026-04-17T01:00:06","slug":"hoc-shakti-turban-printed-marble-fusion","status":"publish","type":"product","link":"https:\/\/kinnunen.fi\/en\/product\/hoc-shakti-turban-printed-marble-fusion\/","title":{"rendered":"HOC Shakti turban printed, Marble Fusion"},"content":{"rendered":"","protected":false},"excerpt":{"rendered":"<p>The Shakti turban is a lightweight and comfortable headgear with a stitched collar. The headgear is patterned. The collar is patterned on one side and plain on the other. The collar can be worn around the headdress or slipped through the openings in the back, for example to make a rosette. Material; 95% bamboo viscose, 5% spadex.<\/p>","protected":false},"featured_media":39471,"comment_status":"closed","ping_status":"closed","template":"","meta":{"_relevanssi_hide_post":"","_relevanssi_pin_for_all":"","_relevanssi_pin_keywords":"","_relevanssi_unpin_keywords":"","_relevanssi_related_keywords":"","_relevanssi_related_include_ids":"","_relevanssi_related_exclude_ids":"","_relevanssi_related_no_append":"","_relevanssi_related_not_related":"","_relevanssi_related_posts":"","_relevanssi_noindex_reason":""},"product_cat":[1770,1773],"product_tag":[],"class_list":["post-39438","product","type-product","status-publish","has-post-thumbnail","hentry","product_cat-peruukkituotteet","product_cat-christine-paahineet","tuotemerkki-christine-headwear","tuotemerkki-house-of-christine"],"tuotemerkit":[{"term_id":2079,"name":"Christine Headwear","slug":"christine-headwear","term_group":0,"term_taxonomy_id":2079,"taxonomy":"tuotemerkki","description":"","parent":2078,"count":18,"filter":"raw"},{"term_id":2078,"name":"House of Christine","slug":"house-of-christine","term_group":0,"term_taxonomy_id":2078,"taxonomy":"tuotemerkki","description":"","parent":0,"count":38,"filter":"raw"}],"acf":[],"yoast_head":"<!-- This site is optimized with the Yoast SEO plugin v23.3 - https:\/\/yoast.com\/wordpress\/plugins\/seo\/ -->\n<title>HOC Shakti turban printed, Marble Fusion - Kinnunen<\/title>\n<meta name=\"robots\" content=\"index, follow, max-snippet:-1, max-image-preview:large, max-video-preview:-1\" \/>\n<link rel=\"canonical\" href=\"https:\/\/kinnunen.fi\/en\/product\/hoc-shakti-turban-printed-marble-fusion\/\" \/>\n<meta property=\"og:locale\" content=\"en_GB\" \/>\n<meta property=\"og:type\" content=\"article\" \/>\n<meta property=\"og:title\" content=\"HOC Shakti turban printed, Marble Fusion - Kinnunen\" \/>\n<meta property=\"og:description\" content=\"Shakti turbaani on kevyt ja miellytt\u00e4v\u00e4 p\u00e4\u00e4hine, jossa kiinniommmeltu panta. P\u00e4\u00e4hine on kuvioitu. Panta kuvioitu toiselta puolelta, toinen puoli yksiv\u00e4rinen. Pantaa voidaan pit\u00e4\u00e4 p\u00e4\u00e4hineen ymp\u00e4rill\u00e4 tai pujottaa takana olevista aukoista esim. ruusukkeeksi. Materiaali; 95% bambuviskoosia, 5% spadexia.\" \/>\n<meta property=\"og:url\" content=\"https:\/\/kinnunen.fi\/en\/product\/hoc-shakti-turban-printed-marble-fusion\/\" \/>\n<meta property=\"og:site_name\" content=\"Kinnunen\" \/>\n<meta property=\"article:modified_time\" content=\"2026-04-17T01:00:06+00:00\" \/>\n<meta property=\"og:image\" content=\"https:\/\/kinnunen.fi\/wp-content\/uploads\/2024\/09\/Shakti-1418-4010-Marble-Fusion.jpg\" \/>\n\t<meta property=\"og:image:width\" content=\"1000\" \/>\n\t<meta property=\"og:image:height\" content=\"1000\" \/>\n\t<meta property=\"og:image:type\" content=\"image\/jpeg\" \/>\n<meta name=\"twitter:card\" content=\"summary_large_image\" \/>\n<script type=\"application\/ld+json\" class=\"yoast-schema-graph\">{\"@context\":\"https:\/\/schema.org\",\"@graph\":[{\"@type\":\"WebPage\",\"@id\":\"https:\/\/kinnunen.fi\/tuote\/hoc-shakti-turban-printed-marble-fusion\/\",\"url\":\"https:\/\/kinnunen.fi\/tuote\/hoc-shakti-turban-printed-marble-fusion\/\",\"name\":\"HOC Shakti turban printed, Marble Fusion - Kinnunen\",\"isPartOf\":{\"@id\":\"https:\/\/kinnunen.fi\/#website\"},\"primaryImageOfPage\":{\"@id\":\"https:\/\/kinnunen.fi\/tuote\/hoc-shakti-turban-printed-marble-fusion\/#primaryimage\"},\"image\":{\"@id\":\"https:\/\/kinnunen.fi\/tuote\/hoc-shakti-turban-printed-marble-fusion\/#primaryimage\"},\"thumbnailUrl\":\"https:\/\/kinnunen.fi\/wp-content\/uploads\/2024\/09\/Shakti-1418-4010-Marble-Fusion.jpg\",\"datePublished\":\"2024-09-16T07:30:55+00:00\",\"dateModified\":\"2026-04-17T01:00:06+00:00\",\"breadcrumb\":{\"@id\":\"https:\/\/kinnunen.fi\/tuote\/hoc-shakti-turban-printed-marble-fusion\/#breadcrumb\"},\"inLanguage\":\"en-GB\",\"potentialAction\":[{\"@type\":\"ReadAction\",\"target\":[\"https:\/\/kinnunen.fi\/tuote\/hoc-shakti-turban-printed-marble-fusion\/\"]}]},{\"@type\":\"ImageObject\",\"inLanguage\":\"en-GB\",\"@id\":\"https:\/\/kinnunen.fi\/tuote\/hoc-shakti-turban-printed-marble-fusion\/#primaryimage\",\"url\":\"https:\/\/kinnunen.fi\/wp-content\/uploads\/2024\/09\/Shakti-1418-4010-Marble-Fusion.jpg\",\"contentUrl\":\"https:\/\/kinnunen.fi\/wp-content\/uploads\/2024\/09\/Shakti-1418-4010-Marble-Fusion.jpg\",\"width\":1000,\"height\":1000},{\"@type\":\"BreadcrumbList\",\"@id\":\"https:\/\/kinnunen.fi\/tuote\/hoc-shakti-turban-printed-marble-fusion\/#breadcrumb\",\"itemListElement\":[{\"@type\":\"ListItem\",\"position\":1,\"name\":\"Etusivu\",\"item\":\"https:\/\/kinnunen.fi\/\"},{\"@type\":\"ListItem\",\"position\":2,\"name\":\"Kaikki tuotteet\",\"item\":\"https:\/\/kinnunen.fi\/kauppa\/\"},{\"@type\":\"ListItem\",\"position\":3,\"name\":\"Peruukkituotteet\",\"item\":\"https:\/\/kinnunen.fi\/tuote-osasto\/peruukkituotteet\/\"},{\"@type\":\"ListItem\",\"position\":4,\"name\":\"HOC Shakti turban printed, Marble Fusion\"}]},{\"@type\":\"WebSite\",\"@id\":\"https:\/\/kinnunen.fi\/#website\",\"url\":\"https:\/\/kinnunen.fi\/\",\"name\":\"Kinnunen\",\"description\":\"\",\"potentialAction\":[{\"@type\":\"SearchAction\",\"target\":{\"@type\":\"EntryPoint\",\"urlTemplate\":\"https:\/\/kinnunen.fi\/?s={search_term_string}\"},\"query-input\":\"required name=search_term_string\"}],\"inLanguage\":\"en-GB\"}]}<\/script>\n<!-- \/ Yoast SEO plugin. -->","yoast_head_json":{"title":"HOC Shakti turban printed, Marble Fusion - Kinnunen","robots":{"index":"index","follow":"follow","max-snippet":"max-snippet:-1","max-image-preview":"max-image-preview:large","max-video-preview":"max-video-preview:-1"},"canonical":"https:\/\/kinnunen.fi\/en\/product\/hoc-shakti-turban-printed-marble-fusion\/","og_locale":"en_GB","og_type":"article","og_title":"HOC Shakti turban printed, Marble Fusion - Kinnunen","og_description":"Shakti turbaani on kevyt ja miellytt\u00e4v\u00e4 p\u00e4\u00e4hine, jossa kiinniommmeltu panta. P\u00e4\u00e4hine on kuvioitu. Panta kuvioitu toiselta puolelta, toinen puoli yksiv\u00e4rinen. Pantaa voidaan pit\u00e4\u00e4 p\u00e4\u00e4hineen ymp\u00e4rill\u00e4 tai pujottaa takana olevista aukoista esim. ruusukkeeksi. Materiaali; 95% bambuviskoosia, 5% spadexia.","og_url":"https:\/\/kinnunen.fi\/en\/product\/hoc-shakti-turban-printed-marble-fusion\/","og_site_name":"Kinnunen","article_modified_time":"2026-04-17T01:00:06+00:00","og_image":[{"width":1000,"height":1000,"url":"https:\/\/kinnunen.fi\/wp-content\/uploads\/2024\/09\/Shakti-1418-4010-Marble-Fusion.jpg","type":"image\/jpeg"}],"twitter_card":"summary_large_image","schema":{"@context":"https:\/\/schema.org","@graph":[{"@type":"WebPage","@id":"https:\/\/kinnunen.fi\/tuote\/hoc-shakti-turban-printed-marble-fusion\/","url":"https:\/\/kinnunen.fi\/tuote\/hoc-shakti-turban-printed-marble-fusion\/","name":"HOC Shakti turban printed, Marble Fusion - Kinnunen","isPartOf":{"@id":"https:\/\/kinnunen.fi\/#website"},"primaryImageOfPage":{"@id":"https:\/\/kinnunen.fi\/tuote\/hoc-shakti-turban-printed-marble-fusion\/#primaryimage"},"image":{"@id":"https:\/\/kinnunen.fi\/tuote\/hoc-shakti-turban-printed-marble-fusion\/#primaryimage"},"thumbnailUrl":"https:\/\/kinnunen.fi\/wp-content\/uploads\/2024\/09\/Shakti-1418-4010-Marble-Fusion.jpg","datePublished":"2024-09-16T07:30:55+00:00","dateModified":"2026-04-17T01:00:06+00:00","breadcrumb":{"@id":"https:\/\/kinnunen.fi\/tuote\/hoc-shakti-turban-printed-marble-fusion\/#breadcrumb"},"inLanguage":"en-GB","potentialAction":[{"@type":"ReadAction","target":["https:\/\/kinnunen.fi\/tuote\/hoc-shakti-turban-printed-marble-fusion\/"]}]},{"@type":"ImageObject","inLanguage":"en-GB","@id":"https:\/\/kinnunen.fi\/tuote\/hoc-shakti-turban-printed-marble-fusion\/#primaryimage","url":"https:\/\/kinnunen.fi\/wp-content\/uploads\/2024\/09\/Shakti-1418-4010-Marble-Fusion.jpg","contentUrl":"https:\/\/kinnunen.fi\/wp-content\/uploads\/2024\/09\/Shakti-1418-4010-Marble-Fusion.jpg","width":1000,"height":1000},{"@type":"BreadcrumbList","@id":"https:\/\/kinnunen.fi\/tuote\/hoc-shakti-turban-printed-marble-fusion\/#breadcrumb","itemListElement":[{"@type":"ListItem","position":1,"name":"Etusivu","item":"https:\/\/kinnunen.fi\/"},{"@type":"ListItem","position":2,"name":"Kaikki tuotteet","item":"https:\/\/kinnunen.fi\/kauppa\/"},{"@type":"ListItem","position":3,"name":"Peruukkituotteet","item":"https:\/\/kinnunen.fi\/tuote-osasto\/peruukkituotteet\/"},{"@type":"ListItem","position":4,"name":"HOC Shakti turban printed, Marble Fusion"}]},{"@type":"WebSite","@id":"https:\/\/kinnunen.fi\/#website","url":"https:\/\/kinnunen.fi\/","name":"Kinnunen","description":"","potentialAction":[{"@type":"SearchAction","target":{"@type":"EntryPoint","urlTemplate":"https:\/\/kinnunen.fi\/?s={search_term_string}"},"query-input":"required name=search_term_string"}],"inLanguage":"en-GB"}]}},"_links":{"self":[{"href":"https:\/\/kinnunen.fi\/en\/wp-json\/wp\/v2\/product\/39438"}],"collection":[{"href":"https:\/\/kinnunen.fi\/en\/wp-json\/wp\/v2\/product"}],"about":[{"href":"https:\/\/kinnunen.fi\/en\/wp-json\/wp\/v2\/types\/product"}],"replies":[{"embeddable":true,"href":"https:\/\/kinnunen.fi\/en\/wp-json\/wp\/v2\/comments?post=39438"}],"wp:featuredmedia":[{"embeddable":true,"href":"https:\/\/kinnunen.fi\/en\/wp-json\/wp\/v2\/media\/39471"}],"wp:attachment":[{"href":"https:\/\/kinnunen.fi\/en\/wp-json\/wp\/v2\/media?parent=39438"}],"wp:term":[{"taxonomy":"product_cat","embeddable":true,"href":"https:\/\/kinnunen.fi\/en\/wp-json\/wp\/v2\/product_cat?post=39438"},{"taxonomy":"product_tag","embeddable":true,"href":"https:\/\/kinnunen.fi\/en\/wp-json\/wp\/v2\/product_tag?post=39438"}],"curies":[{"name":"wp","href":"https:\/\/api.w.org\/{rel}","templated":true}]}}