

{"id":39444,"date":"2024-09-16T10:27:37","date_gmt":"2024-09-16T07:27:37","guid":{"rendered":"https:\/\/kinnunen.fi\/?post_type=product&#038;p=39444"},"modified":"2026-04-17T11:13:44","modified_gmt":"2026-04-17T08:13:44","slug":"hoc-shanti-turban-dark-blue-light-lilac","status":"publish","type":"product","link":"https:\/\/kinnunen.fi\/en\/product\/hoc-shanti-turban-dark-blue-light-lilac\/","title":{"rendered":"HOC Shanti turban, Dark Blue\/ Light Lilac"},"content":{"rendered":"","protected":false},"excerpt":{"rendered":"<p>Comfortable and lightweight print headwear with shaping on the sides. 95% bamboo and 5% spandex.<\/p>","protected":false},"featured_media":39475,"comment_status":"closed","ping_status":"closed","template":"","meta":{"_relevanssi_hide_post":"","_relevanssi_pin_for_all":"","_relevanssi_pin_keywords":"","_relevanssi_unpin_keywords":"","_relevanssi_related_keywords":"","_relevanssi_related_include_ids":"","_relevanssi_related_exclude_ids":"","_relevanssi_related_no_append":"","_relevanssi_related_not_related":"","_relevanssi_related_posts":"","_relevanssi_noindex_reason":""},"product_cat":[1770,1773],"product_tag":[],"class_list":["post-39444","product","type-product","status-publish","has-post-thumbnail","hentry","product_cat-peruukkituotteet","product_cat-christine-paahineet","tuotemerkki-christine-headwear","tuotemerkki-house-of-christine"],"tuotemerkit":[{"term_id":2079,"name":"Christine Headwear","slug":"christine-headwear","term_group":0,"term_taxonomy_id":2079,"taxonomy":"tuotemerkki","description":"","parent":2078,"count":18,"filter":"raw"},{"term_id":2078,"name":"House of Christine","slug":"house-of-christine","term_group":0,"term_taxonomy_id":2078,"taxonomy":"tuotemerkki","description":"","parent":0,"count":38,"filter":"raw"}],"acf":[],"yoast_head":"<!-- This site is optimized with the Yoast SEO plugin v23.3 - https:\/\/yoast.com\/wordpress\/plugins\/seo\/ -->\n<title>HOC Shanti turban, Dark Blue\/ Light Lilac - Kinnunen<\/title>\n<meta name=\"robots\" content=\"index, follow, max-snippet:-1, max-image-preview:large, max-video-preview:-1\" \/>\n<link rel=\"canonical\" href=\"https:\/\/kinnunen.fi\/en\/product\/hoc-shanti-turban-dark-blue-light-lilac\/\" \/>\n<meta property=\"og:locale\" content=\"en_GB\" \/>\n<meta property=\"og:type\" content=\"article\" \/>\n<meta property=\"og:title\" content=\"HOC Shanti turban, Dark Blue\/ Light Lilac - Kinnunen\" \/>\n<meta property=\"og:description\" content=\"Miellytt\u00e4v\u00e4 ja kevyt printtikuvioinen p\u00e4\u00e4hine, jossa muotoilua sivuilla. 95% bambua ja 5% spandexia.\" \/>\n<meta property=\"og:url\" content=\"https:\/\/kinnunen.fi\/en\/product\/hoc-shanti-turban-dark-blue-light-lilac\/\" \/>\n<meta property=\"og:site_name\" content=\"Kinnunen\" \/>\n<meta property=\"article:modified_time\" content=\"2026-04-17T08:13:44+00:00\" \/>\n<meta property=\"og:image\" content=\"https:\/\/kinnunen.fi\/wp-content\/uploads\/2024\/09\/Shanti-1461-0653-Dark-Blue_Light-Lilac-.jpg\" \/>\n\t<meta property=\"og:image:width\" content=\"1000\" \/>\n\t<meta property=\"og:image:height\" content=\"1000\" \/>\n\t<meta property=\"og:image:type\" content=\"image\/jpeg\" \/>\n<meta name=\"twitter:card\" content=\"summary_large_image\" \/>\n<script type=\"application\/ld+json\" class=\"yoast-schema-graph\">{\"@context\":\"https:\/\/schema.org\",\"@graph\":[{\"@type\":\"WebPage\",\"@id\":\"https:\/\/kinnunen.fi\/tuote\/hoc-shanti-turban-dark-blue-light-lilac\/\",\"url\":\"https:\/\/kinnunen.fi\/tuote\/hoc-shanti-turban-dark-blue-light-lilac\/\",\"name\":\"HOC Shanti turban, Dark Blue\/ Light Lilac - Kinnunen\",\"isPartOf\":{\"@id\":\"https:\/\/kinnunen.fi\/#website\"},\"primaryImageOfPage\":{\"@id\":\"https:\/\/kinnunen.fi\/tuote\/hoc-shanti-turban-dark-blue-light-lilac\/#primaryimage\"},\"image\":{\"@id\":\"https:\/\/kinnunen.fi\/tuote\/hoc-shanti-turban-dark-blue-light-lilac\/#primaryimage\"},\"thumbnailUrl\":\"https:\/\/kinnunen.fi\/wp-content\/uploads\/2024\/09\/Shanti-1461-0653-Dark-Blue_Light-Lilac-.jpg\",\"datePublished\":\"2024-09-16T07:27:37+00:00\",\"dateModified\":\"2026-04-17T08:13:44+00:00\",\"breadcrumb\":{\"@id\":\"https:\/\/kinnunen.fi\/tuote\/hoc-shanti-turban-dark-blue-light-lilac\/#breadcrumb\"},\"inLanguage\":\"en-GB\",\"potentialAction\":[{\"@type\":\"ReadAction\",\"target\":[\"https:\/\/kinnunen.fi\/tuote\/hoc-shanti-turban-dark-blue-light-lilac\/\"]}]},{\"@type\":\"ImageObject\",\"inLanguage\":\"en-GB\",\"@id\":\"https:\/\/kinnunen.fi\/tuote\/hoc-shanti-turban-dark-blue-light-lilac\/#primaryimage\",\"url\":\"https:\/\/kinnunen.fi\/wp-content\/uploads\/2024\/09\/Shanti-1461-0653-Dark-Blue_Light-Lilac-.jpg\",\"contentUrl\":\"https:\/\/kinnunen.fi\/wp-content\/uploads\/2024\/09\/Shanti-1461-0653-Dark-Blue_Light-Lilac-.jpg\",\"width\":1000,\"height\":1000},{\"@type\":\"BreadcrumbList\",\"@id\":\"https:\/\/kinnunen.fi\/tuote\/hoc-shanti-turban-dark-blue-light-lilac\/#breadcrumb\",\"itemListElement\":[{\"@type\":\"ListItem\",\"position\":1,\"name\":\"Etusivu\",\"item\":\"https:\/\/kinnunen.fi\/\"},{\"@type\":\"ListItem\",\"position\":2,\"name\":\"Kaikki tuotteet\",\"item\":\"https:\/\/kinnunen.fi\/kauppa\/\"},{\"@type\":\"ListItem\",\"position\":3,\"name\":\"Peruukkituotteet\",\"item\":\"https:\/\/kinnunen.fi\/tuote-osasto\/peruukkituotteet\/\"},{\"@type\":\"ListItem\",\"position\":4,\"name\":\"HOC Shanti turban, Dark Blue\/ Light Lilac\"}]},{\"@type\":\"WebSite\",\"@id\":\"https:\/\/kinnunen.fi\/#website\",\"url\":\"https:\/\/kinnunen.fi\/\",\"name\":\"Kinnunen\",\"description\":\"\",\"potentialAction\":[{\"@type\":\"SearchAction\",\"target\":{\"@type\":\"EntryPoint\",\"urlTemplate\":\"https:\/\/kinnunen.fi\/?s={search_term_string}\"},\"query-input\":\"required name=search_term_string\"}],\"inLanguage\":\"en-GB\"}]}<\/script>\n<!-- \/ Yoast SEO plugin. -->","yoast_head_json":{"title":"HOC Shanti turban, Dark Blue\/ Light Lilac - Kinnunen","robots":{"index":"index","follow":"follow","max-snippet":"max-snippet:-1","max-image-preview":"max-image-preview:large","max-video-preview":"max-video-preview:-1"},"canonical":"https:\/\/kinnunen.fi\/en\/product\/hoc-shanti-turban-dark-blue-light-lilac\/","og_locale":"en_GB","og_type":"article","og_title":"HOC Shanti turban, Dark Blue\/ Light Lilac - Kinnunen","og_description":"Miellytt\u00e4v\u00e4 ja kevyt printtikuvioinen p\u00e4\u00e4hine, jossa muotoilua sivuilla. 95% bambua ja 5% spandexia.","og_url":"https:\/\/kinnunen.fi\/en\/product\/hoc-shanti-turban-dark-blue-light-lilac\/","og_site_name":"Kinnunen","article_modified_time":"2026-04-17T08:13:44+00:00","og_image":[{"width":1000,"height":1000,"url":"https:\/\/kinnunen.fi\/wp-content\/uploads\/2024\/09\/Shanti-1461-0653-Dark-Blue_Light-Lilac-.jpg","type":"image\/jpeg"}],"twitter_card":"summary_large_image","schema":{"@context":"https:\/\/schema.org","@graph":[{"@type":"WebPage","@id":"https:\/\/kinnunen.fi\/tuote\/hoc-shanti-turban-dark-blue-light-lilac\/","url":"https:\/\/kinnunen.fi\/tuote\/hoc-shanti-turban-dark-blue-light-lilac\/","name":"HOC Shanti turban, Dark Blue\/ Light Lilac - Kinnunen","isPartOf":{"@id":"https:\/\/kinnunen.fi\/#website"},"primaryImageOfPage":{"@id":"https:\/\/kinnunen.fi\/tuote\/hoc-shanti-turban-dark-blue-light-lilac\/#primaryimage"},"image":{"@id":"https:\/\/kinnunen.fi\/tuote\/hoc-shanti-turban-dark-blue-light-lilac\/#primaryimage"},"thumbnailUrl":"https:\/\/kinnunen.fi\/wp-content\/uploads\/2024\/09\/Shanti-1461-0653-Dark-Blue_Light-Lilac-.jpg","datePublished":"2024-09-16T07:27:37+00:00","dateModified":"2026-04-17T08:13:44+00:00","breadcrumb":{"@id":"https:\/\/kinnunen.fi\/tuote\/hoc-shanti-turban-dark-blue-light-lilac\/#breadcrumb"},"inLanguage":"en-GB","potentialAction":[{"@type":"ReadAction","target":["https:\/\/kinnunen.fi\/tuote\/hoc-shanti-turban-dark-blue-light-lilac\/"]}]},{"@type":"ImageObject","inLanguage":"en-GB","@id":"https:\/\/kinnunen.fi\/tuote\/hoc-shanti-turban-dark-blue-light-lilac\/#primaryimage","url":"https:\/\/kinnunen.fi\/wp-content\/uploads\/2024\/09\/Shanti-1461-0653-Dark-Blue_Light-Lilac-.jpg","contentUrl":"https:\/\/kinnunen.fi\/wp-content\/uploads\/2024\/09\/Shanti-1461-0653-Dark-Blue_Light-Lilac-.jpg","width":1000,"height":1000},{"@type":"BreadcrumbList","@id":"https:\/\/kinnunen.fi\/tuote\/hoc-shanti-turban-dark-blue-light-lilac\/#breadcrumb","itemListElement":[{"@type":"ListItem","position":1,"name":"Etusivu","item":"https:\/\/kinnunen.fi\/"},{"@type":"ListItem","position":2,"name":"Kaikki tuotteet","item":"https:\/\/kinnunen.fi\/kauppa\/"},{"@type":"ListItem","position":3,"name":"Peruukkituotteet","item":"https:\/\/kinnunen.fi\/tuote-osasto\/peruukkituotteet\/"},{"@type":"ListItem","position":4,"name":"HOC Shanti turban, Dark Blue\/ Light Lilac"}]},{"@type":"WebSite","@id":"https:\/\/kinnunen.fi\/#website","url":"https:\/\/kinnunen.fi\/","name":"Kinnunen","description":"","potentialAction":[{"@type":"SearchAction","target":{"@type":"EntryPoint","urlTemplate":"https:\/\/kinnunen.fi\/?s={search_term_string}"},"query-input":"required name=search_term_string"}],"inLanguage":"en-GB"}]}},"_links":{"self":[{"href":"https:\/\/kinnunen.fi\/en\/wp-json\/wp\/v2\/product\/39444"}],"collection":[{"href":"https:\/\/kinnunen.fi\/en\/wp-json\/wp\/v2\/product"}],"about":[{"href":"https:\/\/kinnunen.fi\/en\/wp-json\/wp\/v2\/types\/product"}],"replies":[{"embeddable":true,"href":"https:\/\/kinnunen.fi\/en\/wp-json\/wp\/v2\/comments?post=39444"}],"wp:featuredmedia":[{"embeddable":true,"href":"https:\/\/kinnunen.fi\/en\/wp-json\/wp\/v2\/media\/39475"}],"wp:attachment":[{"href":"https:\/\/kinnunen.fi\/en\/wp-json\/wp\/v2\/media?parent=39444"}],"wp:term":[{"taxonomy":"product_cat","embeddable":true,"href":"https:\/\/kinnunen.fi\/en\/wp-json\/wp\/v2\/product_cat?post=39444"},{"taxonomy":"product_tag","embeddable":true,"href":"https:\/\/kinnunen.fi\/en\/wp-json\/wp\/v2\/product_tag?post=39444"}],"curies":[{"name":"wp","href":"https:\/\/api.w.org\/{rel}","templated":true}]}}