

{"id":41043,"date":"2024-10-07T08:54:18","date_gmt":"2024-10-07T05:54:18","guid":{"rendered":"https:\/\/kinnunen.fi\/?post_type=product&#038;p=41043"},"modified":"2026-04-16T17:50:23","modified_gmt":"2026-04-16T14:50:23","slug":"janeke-small-superbrush-harja","status":"publish","type":"product","link":"https:\/\/kinnunen.fi\/en\/product\/janeke-small-superbrush-harja\/","title":{"rendered":"Bunny Small Superbrush brush"},"content":{"rendered":"","protected":false},"excerpt":{"rendered":"<p>The SUPER brush is made of a durable material and is ideal for brushing and drying hair. The tines of the brush are made of super soft material, which makes them flexible and do not scratch the scalp. The specially patented honeycomb holes allow air to escape efficiently, which allows hair to dry quickly. Convenient handbag size, easy to take with you. Very lightweight brush, length 17.5 cm.<\/p>","protected":false},"featured_media":41044,"comment_status":"closed","ping_status":"closed","template":"","meta":{"_relevanssi_hide_post":"","_relevanssi_pin_for_all":"","_relevanssi_pin_keywords":"","_relevanssi_unpin_keywords":"","_relevanssi_related_keywords":"","_relevanssi_related_include_ids":"","_relevanssi_related_exclude_ids":"","_relevanssi_related_no_append":"","_relevanssi_related_not_related":"","_relevanssi_related_posts":"","_relevanssi_noindex_reason":""},"product_cat":[1762,1790,1793,1792],"product_tag":[],"class_list":["post-41043","product","type-product","status-publish","has-post-thumbnail","hentry","product_cat-tarvikkeet","product_cat-harjat-ja-kammat","product_cat-foonausharjat","product_cat-selvitys-ja-aukikampausharjat","pa_vari-lime-limited-edition","pa_vari-musta","pa_vari-pastelli-pinkki","pa_vari-syva-pinkki","pa_vari-syva-violetti","tuotemerkki-janeke"],"tuotemerkit":[{"term_id":2066,"name":"J\u00e4neke","slug":"janeke","term_group":0,"term_taxonomy_id":2066,"taxonomy":"tuotemerkki","description":"","parent":0,"count":17,"filter":"raw"}],"acf":[],"yoast_head":"<!-- This site is optimized with the Yoast SEO plugin v23.3 - https:\/\/yoast.com\/wordpress\/plugins\/seo\/ -->\n<title>J\u00e4neke Small Superbrush -harja - Kinnunen<\/title>\n<meta name=\"robots\" content=\"index, follow, max-snippet:-1, max-image-preview:large, max-video-preview:-1\" \/>\n<link rel=\"canonical\" href=\"https:\/\/kinnunen.fi\/en\/product\/janeke-small-superbrush-harja\/\" \/>\n<meta property=\"og:locale\" content=\"en_GB\" \/>\n<meta property=\"og:type\" content=\"article\" \/>\n<meta property=\"og:title\" content=\"J\u00e4neke Small Superbrush -harja - Kinnunen\" \/>\n<meta property=\"og:description\" content=\"SUPER- harja on tehty kest\u00e4v\u00e4st\u00e4 materiaalista ja soveltuu hyvin hiusten harjaamisesta kuivaukseen. Harjan piikit ovat tehty super pehme\u00e4st\u00e4 materiaalista, jonka vuoksi joustavat eiv\u00e4tk\u00e4 raavi hiuspohjaa. Erityisesti patentoidut hunajakennorei\u00e4t p\u00e4\u00e4st\u00e4v\u00e4t ilman tehokkaasti, joka mahdollistaa hiusten nopean kuivaamisen. K\u00e4tev\u00e4 k\u00e4silaukku koko, helppo ottaa mukaan. Eritt\u00e4in kevyt harja, pituus 17,5 cm.\" \/>\n<meta property=\"og:url\" content=\"https:\/\/kinnunen.fi\/en\/product\/janeke-small-superbrush-harja\/\" \/>\n<meta property=\"og:site_name\" content=\"Kinnunen\" \/>\n<meta property=\"article:modified_time\" content=\"2026-04-16T14:50:23+00:00\" \/>\n<meta property=\"og:image\" content=\"https:\/\/kinnunen.fi\/wp-content\/uploads\/2024\/10\/Janeke_small_superbrush.jpg\" \/>\n\t<meta property=\"og:image:width\" content=\"1200\" \/>\n\t<meta property=\"og:image:height\" content=\"1200\" \/>\n\t<meta property=\"og:image:type\" content=\"image\/jpeg\" \/>\n<meta name=\"twitter:card\" content=\"summary_large_image\" \/>\n<script type=\"application\/ld+json\" class=\"yoast-schema-graph\">{\"@context\":\"https:\/\/schema.org\",\"@graph\":[{\"@type\":\"WebPage\",\"@id\":\"https:\/\/kinnunen.fi\/tuote\/janeke-small-superbrush-harja\/\",\"url\":\"https:\/\/kinnunen.fi\/tuote\/janeke-small-superbrush-harja\/\",\"name\":\"J\u00e4neke Small Superbrush -harja - Kinnunen\",\"isPartOf\":{\"@id\":\"https:\/\/kinnunen.fi\/#website\"},\"primaryImageOfPage\":{\"@id\":\"https:\/\/kinnunen.fi\/tuote\/janeke-small-superbrush-harja\/#primaryimage\"},\"image\":{\"@id\":\"https:\/\/kinnunen.fi\/tuote\/janeke-small-superbrush-harja\/#primaryimage\"},\"thumbnailUrl\":\"https:\/\/kinnunen.fi\/wp-content\/uploads\/2024\/10\/Janeke_small_superbrush.jpg\",\"datePublished\":\"2024-10-07T05:54:18+00:00\",\"dateModified\":\"2026-04-16T14:50:23+00:00\",\"breadcrumb\":{\"@id\":\"https:\/\/kinnunen.fi\/tuote\/janeke-small-superbrush-harja\/#breadcrumb\"},\"inLanguage\":\"en-GB\",\"potentialAction\":[{\"@type\":\"ReadAction\",\"target\":[\"https:\/\/kinnunen.fi\/tuote\/janeke-small-superbrush-harja\/\"]}]},{\"@type\":\"ImageObject\",\"inLanguage\":\"en-GB\",\"@id\":\"https:\/\/kinnunen.fi\/tuote\/janeke-small-superbrush-harja\/#primaryimage\",\"url\":\"https:\/\/kinnunen.fi\/wp-content\/uploads\/2024\/10\/Janeke_small_superbrush.jpg\",\"contentUrl\":\"https:\/\/kinnunen.fi\/wp-content\/uploads\/2024\/10\/Janeke_small_superbrush.jpg\",\"width\":1200,\"height\":1200},{\"@type\":\"BreadcrumbList\",\"@id\":\"https:\/\/kinnunen.fi\/tuote\/janeke-small-superbrush-harja\/#breadcrumb\",\"itemListElement\":[{\"@type\":\"ListItem\",\"position\":1,\"name\":\"Etusivu\",\"item\":\"https:\/\/kinnunen.fi\/\"},{\"@type\":\"ListItem\",\"position\":2,\"name\":\"Kaikki tuotteet\",\"item\":\"https:\/\/kinnunen.fi\/kauppa\/\"},{\"@type\":\"ListItem\",\"position\":3,\"name\":\"Tarvikkeet\",\"item\":\"https:\/\/kinnunen.fi\/tuote-osasto\/tarvikkeet\/\"},{\"@type\":\"ListItem\",\"position\":4,\"name\":\"J\u00e4neke Small Superbrush -harja\"}]},{\"@type\":\"WebSite\",\"@id\":\"https:\/\/kinnunen.fi\/#website\",\"url\":\"https:\/\/kinnunen.fi\/\",\"name\":\"Kinnunen\",\"description\":\"\",\"potentialAction\":[{\"@type\":\"SearchAction\",\"target\":{\"@type\":\"EntryPoint\",\"urlTemplate\":\"https:\/\/kinnunen.fi\/?s={search_term_string}\"},\"query-input\":\"required name=search_term_string\"}],\"inLanguage\":\"en-GB\"}]}<\/script>\n<!-- \/ Yoast SEO plugin. -->","yoast_head_json":{"title":"J\u00e4neke Small Superbrush -harja - Kinnunen","robots":{"index":"index","follow":"follow","max-snippet":"max-snippet:-1","max-image-preview":"max-image-preview:large","max-video-preview":"max-video-preview:-1"},"canonical":"https:\/\/kinnunen.fi\/en\/product\/janeke-small-superbrush-harja\/","og_locale":"en_GB","og_type":"article","og_title":"J\u00e4neke Small Superbrush -harja - Kinnunen","og_description":"SUPER- harja on tehty kest\u00e4v\u00e4st\u00e4 materiaalista ja soveltuu hyvin hiusten harjaamisesta kuivaukseen. Harjan piikit ovat tehty super pehme\u00e4st\u00e4 materiaalista, jonka vuoksi joustavat eiv\u00e4tk\u00e4 raavi hiuspohjaa. Erityisesti patentoidut hunajakennorei\u00e4t p\u00e4\u00e4st\u00e4v\u00e4t ilman tehokkaasti, joka mahdollistaa hiusten nopean kuivaamisen. K\u00e4tev\u00e4 k\u00e4silaukku koko, helppo ottaa mukaan. Eritt\u00e4in kevyt harja, pituus 17,5 cm.","og_url":"https:\/\/kinnunen.fi\/en\/product\/janeke-small-superbrush-harja\/","og_site_name":"Kinnunen","article_modified_time":"2026-04-16T14:50:23+00:00","og_image":[{"width":1200,"height":1200,"url":"https:\/\/kinnunen.fi\/wp-content\/uploads\/2024\/10\/Janeke_small_superbrush.jpg","type":"image\/jpeg"}],"twitter_card":"summary_large_image","schema":{"@context":"https:\/\/schema.org","@graph":[{"@type":"WebPage","@id":"https:\/\/kinnunen.fi\/tuote\/janeke-small-superbrush-harja\/","url":"https:\/\/kinnunen.fi\/tuote\/janeke-small-superbrush-harja\/","name":"J\u00e4neke Small Superbrush -harja - Kinnunen","isPartOf":{"@id":"https:\/\/kinnunen.fi\/#website"},"primaryImageOfPage":{"@id":"https:\/\/kinnunen.fi\/tuote\/janeke-small-superbrush-harja\/#primaryimage"},"image":{"@id":"https:\/\/kinnunen.fi\/tuote\/janeke-small-superbrush-harja\/#primaryimage"},"thumbnailUrl":"https:\/\/kinnunen.fi\/wp-content\/uploads\/2024\/10\/Janeke_small_superbrush.jpg","datePublished":"2024-10-07T05:54:18+00:00","dateModified":"2026-04-16T14:50:23+00:00","breadcrumb":{"@id":"https:\/\/kinnunen.fi\/tuote\/janeke-small-superbrush-harja\/#breadcrumb"},"inLanguage":"en-GB","potentialAction":[{"@type":"ReadAction","target":["https:\/\/kinnunen.fi\/tuote\/janeke-small-superbrush-harja\/"]}]},{"@type":"ImageObject","inLanguage":"en-GB","@id":"https:\/\/kinnunen.fi\/tuote\/janeke-small-superbrush-harja\/#primaryimage","url":"https:\/\/kinnunen.fi\/wp-content\/uploads\/2024\/10\/Janeke_small_superbrush.jpg","contentUrl":"https:\/\/kinnunen.fi\/wp-content\/uploads\/2024\/10\/Janeke_small_superbrush.jpg","width":1200,"height":1200},{"@type":"BreadcrumbList","@id":"https:\/\/kinnunen.fi\/tuote\/janeke-small-superbrush-harja\/#breadcrumb","itemListElement":[{"@type":"ListItem","position":1,"name":"Etusivu","item":"https:\/\/kinnunen.fi\/"},{"@type":"ListItem","position":2,"name":"Kaikki tuotteet","item":"https:\/\/kinnunen.fi\/kauppa\/"},{"@type":"ListItem","position":3,"name":"Tarvikkeet","item":"https:\/\/kinnunen.fi\/tuote-osasto\/tarvikkeet\/"},{"@type":"ListItem","position":4,"name":"J\u00e4neke Small Superbrush -harja"}]},{"@type":"WebSite","@id":"https:\/\/kinnunen.fi\/#website","url":"https:\/\/kinnunen.fi\/","name":"Kinnunen","description":"","potentialAction":[{"@type":"SearchAction","target":{"@type":"EntryPoint","urlTemplate":"https:\/\/kinnunen.fi\/?s={search_term_string}"},"query-input":"required name=search_term_string"}],"inLanguage":"en-GB"}]}},"_links":{"self":[{"href":"https:\/\/kinnunen.fi\/en\/wp-json\/wp\/v2\/product\/41043"}],"collection":[{"href":"https:\/\/kinnunen.fi\/en\/wp-json\/wp\/v2\/product"}],"about":[{"href":"https:\/\/kinnunen.fi\/en\/wp-json\/wp\/v2\/types\/product"}],"replies":[{"embeddable":true,"href":"https:\/\/kinnunen.fi\/en\/wp-json\/wp\/v2\/comments?post=41043"}],"wp:featuredmedia":[{"embeddable":true,"href":"https:\/\/kinnunen.fi\/en\/wp-json\/wp\/v2\/media\/41044"}],"wp:attachment":[{"href":"https:\/\/kinnunen.fi\/en\/wp-json\/wp\/v2\/media?parent=41043"}],"wp:term":[{"taxonomy":"product_cat","embeddable":true,"href":"https:\/\/kinnunen.fi\/en\/wp-json\/wp\/v2\/product_cat?post=41043"},{"taxonomy":"product_tag","embeddable":true,"href":"https:\/\/kinnunen.fi\/en\/wp-json\/wp\/v2\/product_tag?post=41043"}],"curies":[{"name":"wp","href":"https:\/\/api.w.org\/{rel}","templated":true}]}}