

{"id":41892,"date":"2024-12-10T15:01:39","date_gmt":"2024-12-10T13:01:39","guid":{"rendered":"https:\/\/kinnunen.fi\/?post_type=product&#038;p=41892"},"modified":"2026-05-02T04:00:04","modified_gmt":"2026-05-02T01:00:04","slug":"wahl-cordless-legend-leikkauskone","status":"publish","type":"product","link":"https:\/\/kinnunen.fi\/en\/product\/wahl-cordless-legend-leikkauskone\/","title":{"rendered":"Wahl Cordless Legend cutting machine"},"content":{"rendered":"<ul>\n<li>A cordless version of Wahl's most popular model.<\/li>\n<li>Seamlessly adjust the blade between 0.7 - 1.7 mm and achieve perfect blur.<\/li>\n<li>The spikes on the blade are slightly different lengths and this creates a soft finish.<\/li>\n<li>With the powerful brushless motor (6500 rpm), you can cut all hair types effortlessly.<\/li>\n<li>Operating time 100 min. Recharge 60 min.<\/li>\n<li>The device comes with: 8 blades (1.5 mm, 3 mm, 4.5 mm, 6 mm, 10 mm, 13 mm, 19 mm, 25 mm), charging cable, machine cutting comb, cleaning brush, machine oil and blade guard.<\/li>\n<\/ul>\n<p><iframe width=\"560\" height=\"315\" src=\"https:\/\/www.youtube.com\/embed\/2px3Qu9Wres?si=ROK4Ld3M21vG7AKz&amp;start=15\" title=\"YouTube video player\" frameborder=\"0\" allow=\"accelerometer; autoplay; clipboard-write; encrypted-media; gyroscope; picture-in-picture; web-share\" referrerpolicy=\"strict-origin-when-cross-origin\" allowfullscreen=\"allowfullscreen\"><\/iframe><\/p>","protected":false},"excerpt":{"rendered":"<p>WAHL Legend is designed for smooth fading and fast cutting.<\/p>","protected":false},"featured_media":41893,"comment_status":"closed","ping_status":"closed","template":"","meta":{"_relevanssi_hide_post":"","_relevanssi_pin_for_all":"","_relevanssi_pin_keywords":"","_relevanssi_unpin_keywords":"","_relevanssi_related_keywords":"","_relevanssi_related_include_ids":"","_relevanssi_related_exclude_ids":"","_relevanssi_related_no_append":"","_relevanssi_related_not_related":"","_relevanssi_related_posts":"","_relevanssi_noindex_reason":""},"product_cat":[1774,1775],"product_tag":[],"class_list":["post-41892","product","type-product","status-publish","has-post-thumbnail","hentry","product_cat-koneet-ja-laitteet","product_cat-leikkauskoneet","tuotemerkki-wahl"],"tuotemerkit":[{"term_id":2303,"name":"Wahl","slug":"wahl","term_group":0,"term_taxonomy_id":2303,"taxonomy":"tuotemerkki","description":"","parent":0,"count":40,"filter":"raw"}],"acf":[],"yoast_head":"<!-- This site is optimized with the Yoast SEO plugin v23.3 - https:\/\/yoast.com\/wordpress\/plugins\/seo\/ -->\n<title>Wahl Cordless Legend -leikkauskone - Kinnunen<\/title>\n<meta name=\"description\" content=\"Wahlin suosituimman leikkauskoneen johdoton versio. Ter\u00e4n piikit ovat hieman eri mittaiset ja t\u00e4m\u00e4 luo pehme\u00e4n lopputuloksen.\" \/>\n<meta name=\"robots\" content=\"index, follow, max-snippet:-1, max-image-preview:large, max-video-preview:-1\" \/>\n<link rel=\"canonical\" href=\"https:\/\/kinnunen.fi\/en\/product\/wahl-cordless-legend-leikkauskone\/\" \/>\n<meta property=\"og:locale\" content=\"en_GB\" \/>\n<meta property=\"og:type\" content=\"article\" \/>\n<meta property=\"og:title\" content=\"Wahl Cordless Legend -leikkauskone - Kinnunen\" \/>\n<meta property=\"og:description\" content=\"Wahlin suosituimman leikkauskoneen johdoton versio. Ter\u00e4n piikit ovat hieman eri mittaiset ja t\u00e4m\u00e4 luo pehme\u00e4n lopputuloksen.\" \/>\n<meta property=\"og:url\" content=\"https:\/\/kinnunen.fi\/en\/product\/wahl-cordless-legend-leikkauskone\/\" \/>\n<meta property=\"og:site_name\" content=\"Kinnunen\" \/>\n<meta property=\"article:modified_time\" content=\"2026-05-02T01:00:04+00:00\" \/>\n<meta property=\"og:image\" content=\"https:\/\/kinnunen.fi\/wp-content\/uploads\/2024\/11\/08594-016_Wahl_Cordless_Legend_hero.jpg\" \/>\n\t<meta property=\"og:image:width\" content=\"1000\" \/>\n\t<meta property=\"og:image:height\" content=\"1000\" \/>\n\t<meta property=\"og:image:type\" content=\"image\/jpeg\" \/>\n<meta name=\"twitter:card\" content=\"summary_large_image\" \/>\n<script type=\"application\/ld+json\" class=\"yoast-schema-graph\">{\"@context\":\"https:\/\/schema.org\",\"@graph\":[{\"@type\":\"WebPage\",\"@id\":\"https:\/\/kinnunen.fi\/tuote\/wahl-cordless-legend-leikkauskone\/\",\"url\":\"https:\/\/kinnunen.fi\/tuote\/wahl-cordless-legend-leikkauskone\/\",\"name\":\"Wahl Cordless Legend -leikkauskone - Kinnunen\",\"isPartOf\":{\"@id\":\"https:\/\/kinnunen.fi\/#website\"},\"primaryImageOfPage\":{\"@id\":\"https:\/\/kinnunen.fi\/tuote\/wahl-cordless-legend-leikkauskone\/#primaryimage\"},\"image\":{\"@id\":\"https:\/\/kinnunen.fi\/tuote\/wahl-cordless-legend-leikkauskone\/#primaryimage\"},\"thumbnailUrl\":\"https:\/\/kinnunen.fi\/wp-content\/uploads\/2024\/11\/08594-016_Wahl_Cordless_Legend_hero.jpg\",\"datePublished\":\"2024-12-10T13:01:39+00:00\",\"dateModified\":\"2026-05-02T01:00:04+00:00\",\"description\":\"Wahlin suosituimman leikkauskoneen johdoton versio. Ter\u00e4n piikit ovat hieman eri mittaiset ja t\u00e4m\u00e4 luo pehme\u00e4n lopputuloksen.\",\"breadcrumb\":{\"@id\":\"https:\/\/kinnunen.fi\/tuote\/wahl-cordless-legend-leikkauskone\/#breadcrumb\"},\"inLanguage\":\"en-GB\",\"potentialAction\":[{\"@type\":\"ReadAction\",\"target\":[\"https:\/\/kinnunen.fi\/tuote\/wahl-cordless-legend-leikkauskone\/\"]}]},{\"@type\":\"ImageObject\",\"inLanguage\":\"en-GB\",\"@id\":\"https:\/\/kinnunen.fi\/tuote\/wahl-cordless-legend-leikkauskone\/#primaryimage\",\"url\":\"https:\/\/kinnunen.fi\/wp-content\/uploads\/2024\/11\/08594-016_Wahl_Cordless_Legend_hero.jpg\",\"contentUrl\":\"https:\/\/kinnunen.fi\/wp-content\/uploads\/2024\/11\/08594-016_Wahl_Cordless_Legend_hero.jpg\",\"width\":1000,\"height\":1000},{\"@type\":\"BreadcrumbList\",\"@id\":\"https:\/\/kinnunen.fi\/tuote\/wahl-cordless-legend-leikkauskone\/#breadcrumb\",\"itemListElement\":[{\"@type\":\"ListItem\",\"position\":1,\"name\":\"Etusivu\",\"item\":\"https:\/\/kinnunen.fi\/\"},{\"@type\":\"ListItem\",\"position\":2,\"name\":\"Kaikki tuotteet\",\"item\":\"https:\/\/kinnunen.fi\/kauppa\/\"},{\"@type\":\"ListItem\",\"position\":3,\"name\":\"Koneet ja s\u00e4hk\u00f6laitteet\",\"item\":\"https:\/\/kinnunen.fi\/tuote-osasto\/koneet-ja-laitteet\/\"},{\"@type\":\"ListItem\",\"position\":4,\"name\":\"Wahl Cordless Legend -leikkauskone\"}]},{\"@type\":\"WebSite\",\"@id\":\"https:\/\/kinnunen.fi\/#website\",\"url\":\"https:\/\/kinnunen.fi\/\",\"name\":\"Kinnunen\",\"description\":\"\",\"potentialAction\":[{\"@type\":\"SearchAction\",\"target\":{\"@type\":\"EntryPoint\",\"urlTemplate\":\"https:\/\/kinnunen.fi\/?s={search_term_string}\"},\"query-input\":\"required name=search_term_string\"}],\"inLanguage\":\"en-GB\"}]}<\/script>\n<!-- \/ Yoast SEO plugin. -->","yoast_head_json":{"title":"Wahl Cordless Legend -leikkauskone - Kinnunen","description":"Wahlin suosituimman leikkauskoneen johdoton versio. Ter\u00e4n piikit ovat hieman eri mittaiset ja t\u00e4m\u00e4 luo pehme\u00e4n lopputuloksen.","robots":{"index":"index","follow":"follow","max-snippet":"max-snippet:-1","max-image-preview":"max-image-preview:large","max-video-preview":"max-video-preview:-1"},"canonical":"https:\/\/kinnunen.fi\/en\/product\/wahl-cordless-legend-leikkauskone\/","og_locale":"en_GB","og_type":"article","og_title":"Wahl Cordless Legend -leikkauskone - Kinnunen","og_description":"Wahlin suosituimman leikkauskoneen johdoton versio. Ter\u00e4n piikit ovat hieman eri mittaiset ja t\u00e4m\u00e4 luo pehme\u00e4n lopputuloksen.","og_url":"https:\/\/kinnunen.fi\/en\/product\/wahl-cordless-legend-leikkauskone\/","og_site_name":"Kinnunen","article_modified_time":"2026-05-02T01:00:04+00:00","og_image":[{"width":1000,"height":1000,"url":"https:\/\/kinnunen.fi\/wp-content\/uploads\/2024\/11\/08594-016_Wahl_Cordless_Legend_hero.jpg","type":"image\/jpeg"}],"twitter_card":"summary_large_image","schema":{"@context":"https:\/\/schema.org","@graph":[{"@type":"WebPage","@id":"https:\/\/kinnunen.fi\/tuote\/wahl-cordless-legend-leikkauskone\/","url":"https:\/\/kinnunen.fi\/tuote\/wahl-cordless-legend-leikkauskone\/","name":"Wahl Cordless Legend -leikkauskone - Kinnunen","isPartOf":{"@id":"https:\/\/kinnunen.fi\/#website"},"primaryImageOfPage":{"@id":"https:\/\/kinnunen.fi\/tuote\/wahl-cordless-legend-leikkauskone\/#primaryimage"},"image":{"@id":"https:\/\/kinnunen.fi\/tuote\/wahl-cordless-legend-leikkauskone\/#primaryimage"},"thumbnailUrl":"https:\/\/kinnunen.fi\/wp-content\/uploads\/2024\/11\/08594-016_Wahl_Cordless_Legend_hero.jpg","datePublished":"2024-12-10T13:01:39+00:00","dateModified":"2026-05-02T01:00:04+00:00","description":"Wahlin suosituimman leikkauskoneen johdoton versio. Ter\u00e4n piikit ovat hieman eri mittaiset ja t\u00e4m\u00e4 luo pehme\u00e4n lopputuloksen.","breadcrumb":{"@id":"https:\/\/kinnunen.fi\/tuote\/wahl-cordless-legend-leikkauskone\/#breadcrumb"},"inLanguage":"en-GB","potentialAction":[{"@type":"ReadAction","target":["https:\/\/kinnunen.fi\/tuote\/wahl-cordless-legend-leikkauskone\/"]}]},{"@type":"ImageObject","inLanguage":"en-GB","@id":"https:\/\/kinnunen.fi\/tuote\/wahl-cordless-legend-leikkauskone\/#primaryimage","url":"https:\/\/kinnunen.fi\/wp-content\/uploads\/2024\/11\/08594-016_Wahl_Cordless_Legend_hero.jpg","contentUrl":"https:\/\/kinnunen.fi\/wp-content\/uploads\/2024\/11\/08594-016_Wahl_Cordless_Legend_hero.jpg","width":1000,"height":1000},{"@type":"BreadcrumbList","@id":"https:\/\/kinnunen.fi\/tuote\/wahl-cordless-legend-leikkauskone\/#breadcrumb","itemListElement":[{"@type":"ListItem","position":1,"name":"Etusivu","item":"https:\/\/kinnunen.fi\/"},{"@type":"ListItem","position":2,"name":"Kaikki tuotteet","item":"https:\/\/kinnunen.fi\/kauppa\/"},{"@type":"ListItem","position":3,"name":"Koneet ja s\u00e4hk\u00f6laitteet","item":"https:\/\/kinnunen.fi\/tuote-osasto\/koneet-ja-laitteet\/"},{"@type":"ListItem","position":4,"name":"Wahl Cordless Legend -leikkauskone"}]},{"@type":"WebSite","@id":"https:\/\/kinnunen.fi\/#website","url":"https:\/\/kinnunen.fi\/","name":"Kinnunen","description":"","potentialAction":[{"@type":"SearchAction","target":{"@type":"EntryPoint","urlTemplate":"https:\/\/kinnunen.fi\/?s={search_term_string}"},"query-input":"required name=search_term_string"}],"inLanguage":"en-GB"}]}},"_links":{"self":[{"href":"https:\/\/kinnunen.fi\/en\/wp-json\/wp\/v2\/product\/41892"}],"collection":[{"href":"https:\/\/kinnunen.fi\/en\/wp-json\/wp\/v2\/product"}],"about":[{"href":"https:\/\/kinnunen.fi\/en\/wp-json\/wp\/v2\/types\/product"}],"replies":[{"embeddable":true,"href":"https:\/\/kinnunen.fi\/en\/wp-json\/wp\/v2\/comments?post=41892"}],"wp:featuredmedia":[{"embeddable":true,"href":"https:\/\/kinnunen.fi\/en\/wp-json\/wp\/v2\/media\/41893"}],"wp:attachment":[{"href":"https:\/\/kinnunen.fi\/en\/wp-json\/wp\/v2\/media?parent=41892"}],"wp:term":[{"taxonomy":"product_cat","embeddable":true,"href":"https:\/\/kinnunen.fi\/en\/wp-json\/wp\/v2\/product_cat?post=41892"},{"taxonomy":"product_tag","embeddable":true,"href":"https:\/\/kinnunen.fi\/en\/wp-json\/wp\/v2\/product_tag?post=41892"}],"curies":[{"name":"wp","href":"https:\/\/api.w.org\/{rel}","templated":true}]}}