

{"id":41918,"date":"2024-12-10T14:56:28","date_gmt":"2024-12-10T12:56:28","guid":{"rendered":"https:\/\/kinnunen.fi\/?post_type=product&#038;p=41918"},"modified":"2026-04-30T04:00:15","modified_gmt":"2026-04-30T01:00:15","slug":"wahl-magic-clip-johdollinen-leikkauskone","status":"publish","type":"product","link":"https:\/\/kinnunen.fi\/en\/product\/wahl-magic-clip-johdollinen-leikkauskone\/","title":{"rendered":"Wahl Magic Clip, wire cutting machine"},"content":{"rendered":"<ul>\n<li>The wired Magic Clip is equipped with an electromagnetic motor (6000 rpm), which is very durable in use.<\/li>\n<li>Infinitely adjustable cutting length from 0.5 to 1.2 mm.<\/li>\n<li>The precise, chrome-plated blade is adjustable to 0-overlap, ideal for cutting along the skin.<\/li>\n<li>The machine is supplied with: 8 chisels (1.5 mm, 3 mm, 4.5 mm, 6 mm, 10 mm, 13 mm, 19 mm, 25 mm), machine cutting comb, cleaning brush, oil and blade guard.<\/li>\n<\/ul>\n<p><iframe width=\"560\" height=\"315\" src=\"https:\/\/www.youtube.com\/embed\/q4tyFRv4xaM?si=z2DAaF7T8PkxbFtS&amp;start=10\" title=\"YouTube video player\" frameborder=\"0\" allow=\"accelerometer; autoplay; clipboard-write; encrypted-media; gyroscope; picture-in-picture; web-share\" referrerpolicy=\"strict-origin-when-cross-origin\" allowfullscreen=\"allowfullscreen\"><\/iframe><\/p>","protected":false},"excerpt":{"rendered":"<p>This professional-grade corded cutting machine is equipped with a V5000 motor and a fade blade with sharper and finer teeth. The combination of a wide range of shelves and integrated cutting length adjustment makes it versatile and perfect for fading techniques.<\/p>","protected":false},"featured_media":41919,"comment_status":"closed","ping_status":"closed","template":"","meta":{"_relevanssi_hide_post":"","_relevanssi_pin_for_all":"","_relevanssi_pin_keywords":"","_relevanssi_unpin_keywords":"","_relevanssi_related_keywords":"","_relevanssi_related_include_ids":"","_relevanssi_related_exclude_ids":"","_relevanssi_related_no_append":"","_relevanssi_related_not_related":"","_relevanssi_related_posts":"","_relevanssi_noindex_reason":""},"product_cat":[1774,1775],"product_tag":[],"class_list":["post-41918","product","type-product","status-publish","has-post-thumbnail","hentry","product_cat-koneet-ja-laitteet","product_cat-leikkauskoneet","tuotemerkki-wahl"],"tuotemerkit":[{"term_id":2303,"name":"Wahl","slug":"wahl","term_group":0,"term_taxonomy_id":2303,"taxonomy":"tuotemerkki","description":"","parent":0,"count":40,"filter":"raw"}],"acf":[],"yoast_head":"<!-- This site is optimized with the Yoast SEO plugin v23.3 - https:\/\/yoast.com\/wordpress\/plugins\/seo\/ -->\n<title>Wahl Magic Clip, johdollinen leikkauskone - Kinnunen<\/title>\n<meta name=\"description\" content=\"Magic Clip on varustettu elektromagneettisella moottorilla (6000 rpm), joka on eritt\u00e4in kest\u00e4v\u00e4 k\u00e4yt\u00f6ss\u00e4. Portaaton leikkauspituuden s\u00e4\u00e4t\u00f6 0,5-1,2 mm.\" \/>\n<meta name=\"robots\" content=\"index, follow, max-snippet:-1, max-image-preview:large, max-video-preview:-1\" \/>\n<link rel=\"canonical\" href=\"https:\/\/kinnunen.fi\/en\/product\/wahl-magic-clip-johdollinen-leikkauskone\/\" \/>\n<meta property=\"og:locale\" content=\"en_GB\" \/>\n<meta property=\"og:type\" content=\"article\" \/>\n<meta property=\"og:title\" content=\"Wahl Magic Clip, johdollinen leikkauskone - Kinnunen\" \/>\n<meta property=\"og:description\" content=\"Magic Clip on varustettu elektromagneettisella moottorilla (6000 rpm), joka on eritt\u00e4in kest\u00e4v\u00e4 k\u00e4yt\u00f6ss\u00e4. Portaaton leikkauspituuden s\u00e4\u00e4t\u00f6 0,5-1,2 mm.\" \/>\n<meta property=\"og:url\" content=\"https:\/\/kinnunen.fi\/en\/product\/wahl-magic-clip-johdollinen-leikkauskone\/\" \/>\n<meta property=\"og:site_name\" content=\"Kinnunen\" \/>\n<meta property=\"article:modified_time\" content=\"2026-04-30T01:00:15+00:00\" \/>\n<meta property=\"og:image\" content=\"https:\/\/kinnunen.fi\/wp-content\/uploads\/2024\/11\/Wahl_MagicClip_hero.jpg\" \/>\n\t<meta property=\"og:image:width\" content=\"1000\" \/>\n\t<meta property=\"og:image:height\" content=\"1000\" \/>\n\t<meta property=\"og:image:type\" content=\"image\/jpeg\" \/>\n<meta name=\"twitter:card\" content=\"summary_large_image\" \/>\n<script type=\"application\/ld+json\" class=\"yoast-schema-graph\">{\"@context\":\"https:\/\/schema.org\",\"@graph\":[{\"@type\":\"WebPage\",\"@id\":\"https:\/\/kinnunen.fi\/tuote\/wahl-magic-clip-johdollinen-leikkauskone\/\",\"url\":\"https:\/\/kinnunen.fi\/tuote\/wahl-magic-clip-johdollinen-leikkauskone\/\",\"name\":\"Wahl Magic Clip, johdollinen leikkauskone - Kinnunen\",\"isPartOf\":{\"@id\":\"https:\/\/kinnunen.fi\/#website\"},\"primaryImageOfPage\":{\"@id\":\"https:\/\/kinnunen.fi\/tuote\/wahl-magic-clip-johdollinen-leikkauskone\/#primaryimage\"},\"image\":{\"@id\":\"https:\/\/kinnunen.fi\/tuote\/wahl-magic-clip-johdollinen-leikkauskone\/#primaryimage\"},\"thumbnailUrl\":\"https:\/\/kinnunen.fi\/wp-content\/uploads\/2024\/11\/Wahl_MagicClip_hero.jpg\",\"datePublished\":\"2024-12-10T12:56:28+00:00\",\"dateModified\":\"2026-04-30T01:00:15+00:00\",\"description\":\"Magic Clip on varustettu elektromagneettisella moottorilla (6000 rpm), joka on eritt\u00e4in kest\u00e4v\u00e4 k\u00e4yt\u00f6ss\u00e4. Portaaton leikkauspituuden s\u00e4\u00e4t\u00f6 0,5-1,2 mm.\",\"breadcrumb\":{\"@id\":\"https:\/\/kinnunen.fi\/tuote\/wahl-magic-clip-johdollinen-leikkauskone\/#breadcrumb\"},\"inLanguage\":\"en-GB\",\"potentialAction\":[{\"@type\":\"ReadAction\",\"target\":[\"https:\/\/kinnunen.fi\/tuote\/wahl-magic-clip-johdollinen-leikkauskone\/\"]}]},{\"@type\":\"ImageObject\",\"inLanguage\":\"en-GB\",\"@id\":\"https:\/\/kinnunen.fi\/tuote\/wahl-magic-clip-johdollinen-leikkauskone\/#primaryimage\",\"url\":\"https:\/\/kinnunen.fi\/wp-content\/uploads\/2024\/11\/Wahl_MagicClip_hero.jpg\",\"contentUrl\":\"https:\/\/kinnunen.fi\/wp-content\/uploads\/2024\/11\/Wahl_MagicClip_hero.jpg\",\"width\":1000,\"height\":1000},{\"@type\":\"BreadcrumbList\",\"@id\":\"https:\/\/kinnunen.fi\/tuote\/wahl-magic-clip-johdollinen-leikkauskone\/#breadcrumb\",\"itemListElement\":[{\"@type\":\"ListItem\",\"position\":1,\"name\":\"Etusivu\",\"item\":\"https:\/\/kinnunen.fi\/\"},{\"@type\":\"ListItem\",\"position\":2,\"name\":\"Kaikki tuotteet\",\"item\":\"https:\/\/kinnunen.fi\/kauppa\/\"},{\"@type\":\"ListItem\",\"position\":3,\"name\":\"Koneet ja s\u00e4hk\u00f6laitteet\",\"item\":\"https:\/\/kinnunen.fi\/tuote-osasto\/koneet-ja-laitteet\/\"},{\"@type\":\"ListItem\",\"position\":4,\"name\":\"Wahl Magic Clip, johdollinen leikkauskone\"}]},{\"@type\":\"WebSite\",\"@id\":\"https:\/\/kinnunen.fi\/#website\",\"url\":\"https:\/\/kinnunen.fi\/\",\"name\":\"Kinnunen\",\"description\":\"\",\"potentialAction\":[{\"@type\":\"SearchAction\",\"target\":{\"@type\":\"EntryPoint\",\"urlTemplate\":\"https:\/\/kinnunen.fi\/?s={search_term_string}\"},\"query-input\":\"required name=search_term_string\"}],\"inLanguage\":\"en-GB\"}]}<\/script>\n<!-- \/ Yoast SEO plugin. -->","yoast_head_json":{"title":"Wahl Magic Clip, johdollinen leikkauskone - Kinnunen","description":"Magic Clip on varustettu elektromagneettisella moottorilla (6000 rpm), joka on eritt\u00e4in kest\u00e4v\u00e4 k\u00e4yt\u00f6ss\u00e4. Portaaton leikkauspituuden s\u00e4\u00e4t\u00f6 0,5-1,2 mm.","robots":{"index":"index","follow":"follow","max-snippet":"max-snippet:-1","max-image-preview":"max-image-preview:large","max-video-preview":"max-video-preview:-1"},"canonical":"https:\/\/kinnunen.fi\/en\/product\/wahl-magic-clip-johdollinen-leikkauskone\/","og_locale":"en_GB","og_type":"article","og_title":"Wahl Magic Clip, johdollinen leikkauskone - Kinnunen","og_description":"Magic Clip on varustettu elektromagneettisella moottorilla (6000 rpm), joka on eritt\u00e4in kest\u00e4v\u00e4 k\u00e4yt\u00f6ss\u00e4. Portaaton leikkauspituuden s\u00e4\u00e4t\u00f6 0,5-1,2 mm.","og_url":"https:\/\/kinnunen.fi\/en\/product\/wahl-magic-clip-johdollinen-leikkauskone\/","og_site_name":"Kinnunen","article_modified_time":"2026-04-30T01:00:15+00:00","og_image":[{"width":1000,"height":1000,"url":"https:\/\/kinnunen.fi\/wp-content\/uploads\/2024\/11\/Wahl_MagicClip_hero.jpg","type":"image\/jpeg"}],"twitter_card":"summary_large_image","schema":{"@context":"https:\/\/schema.org","@graph":[{"@type":"WebPage","@id":"https:\/\/kinnunen.fi\/tuote\/wahl-magic-clip-johdollinen-leikkauskone\/","url":"https:\/\/kinnunen.fi\/tuote\/wahl-magic-clip-johdollinen-leikkauskone\/","name":"Wahl Magic Clip, johdollinen leikkauskone - Kinnunen","isPartOf":{"@id":"https:\/\/kinnunen.fi\/#website"},"primaryImageOfPage":{"@id":"https:\/\/kinnunen.fi\/tuote\/wahl-magic-clip-johdollinen-leikkauskone\/#primaryimage"},"image":{"@id":"https:\/\/kinnunen.fi\/tuote\/wahl-magic-clip-johdollinen-leikkauskone\/#primaryimage"},"thumbnailUrl":"https:\/\/kinnunen.fi\/wp-content\/uploads\/2024\/11\/Wahl_MagicClip_hero.jpg","datePublished":"2024-12-10T12:56:28+00:00","dateModified":"2026-04-30T01:00:15+00:00","description":"Magic Clip on varustettu elektromagneettisella moottorilla (6000 rpm), joka on eritt\u00e4in kest\u00e4v\u00e4 k\u00e4yt\u00f6ss\u00e4. Portaaton leikkauspituuden s\u00e4\u00e4t\u00f6 0,5-1,2 mm.","breadcrumb":{"@id":"https:\/\/kinnunen.fi\/tuote\/wahl-magic-clip-johdollinen-leikkauskone\/#breadcrumb"},"inLanguage":"en-GB","potentialAction":[{"@type":"ReadAction","target":["https:\/\/kinnunen.fi\/tuote\/wahl-magic-clip-johdollinen-leikkauskone\/"]}]},{"@type":"ImageObject","inLanguage":"en-GB","@id":"https:\/\/kinnunen.fi\/tuote\/wahl-magic-clip-johdollinen-leikkauskone\/#primaryimage","url":"https:\/\/kinnunen.fi\/wp-content\/uploads\/2024\/11\/Wahl_MagicClip_hero.jpg","contentUrl":"https:\/\/kinnunen.fi\/wp-content\/uploads\/2024\/11\/Wahl_MagicClip_hero.jpg","width":1000,"height":1000},{"@type":"BreadcrumbList","@id":"https:\/\/kinnunen.fi\/tuote\/wahl-magic-clip-johdollinen-leikkauskone\/#breadcrumb","itemListElement":[{"@type":"ListItem","position":1,"name":"Etusivu","item":"https:\/\/kinnunen.fi\/"},{"@type":"ListItem","position":2,"name":"Kaikki tuotteet","item":"https:\/\/kinnunen.fi\/kauppa\/"},{"@type":"ListItem","position":3,"name":"Koneet ja s\u00e4hk\u00f6laitteet","item":"https:\/\/kinnunen.fi\/tuote-osasto\/koneet-ja-laitteet\/"},{"@type":"ListItem","position":4,"name":"Wahl Magic Clip, johdollinen leikkauskone"}]},{"@type":"WebSite","@id":"https:\/\/kinnunen.fi\/#website","url":"https:\/\/kinnunen.fi\/","name":"Kinnunen","description":"","potentialAction":[{"@type":"SearchAction","target":{"@type":"EntryPoint","urlTemplate":"https:\/\/kinnunen.fi\/?s={search_term_string}"},"query-input":"required name=search_term_string"}],"inLanguage":"en-GB"}]}},"_links":{"self":[{"href":"https:\/\/kinnunen.fi\/en\/wp-json\/wp\/v2\/product\/41918"}],"collection":[{"href":"https:\/\/kinnunen.fi\/en\/wp-json\/wp\/v2\/product"}],"about":[{"href":"https:\/\/kinnunen.fi\/en\/wp-json\/wp\/v2\/types\/product"}],"replies":[{"embeddable":true,"href":"https:\/\/kinnunen.fi\/en\/wp-json\/wp\/v2\/comments?post=41918"}],"wp:featuredmedia":[{"embeddable":true,"href":"https:\/\/kinnunen.fi\/en\/wp-json\/wp\/v2\/media\/41919"}],"wp:attachment":[{"href":"https:\/\/kinnunen.fi\/en\/wp-json\/wp\/v2\/media?parent=41918"}],"wp:term":[{"taxonomy":"product_cat","embeddable":true,"href":"https:\/\/kinnunen.fi\/en\/wp-json\/wp\/v2\/product_cat?post=41918"},{"taxonomy":"product_tag","embeddable":true,"href":"https:\/\/kinnunen.fi\/en\/wp-json\/wp\/v2\/product_tag?post=41918"}],"curies":[{"name":"wp","href":"https:\/\/api.w.org\/{rel}","templated":true}]}}