

{"id":42583,"date":"2024-11-19T12:36:56","date_gmt":"2024-11-19T10:36:56","guid":{"rendered":"https:\/\/kinnunen.fi\/?post_type=product&#038;p=42583"},"modified":"2025-06-15T12:58:44","modified_gmt":"2025-06-15T09:58:44","slug":"hcfb-silkki-scrunchie-3kpl-setti","status":"publish","type":"product","link":"https:\/\/kinnunen.fi\/en\/product\/hcfb-silkki-scrunchie-3kpl-setti\/","title":{"rendered":"HCFB Mulberry silk scrunchie, set of 3"},"content":{"rendered":"<p>Scrunchies weigh 19 momme (units of weight), which determine the weight and density of the silk fabric. Mulberry silk is thin and light, but also exceptionally strong and durable. Natural silk is gentle on the hair. The silk material has been awarded OEKO-TEX Standard 100 certification, which guarantees the safe use of the product.<br \/>\nThe package contains 3 pieces (sizes: 2 cm, 4 cm and 6cm, dimensions are the width of the fabric) of silk scrunchies in your choice of colour.<\/p>\n<p>Instructions:<br \/>\n- wash silk scrunchies by hand (recommendation).<br \/>\n- allow to dry freely, e.g. on a towel or hanging up.<br \/>\n- avoid strong sunlight.<\/p>","protected":false},"excerpt":{"rendered":"<p>For a versatile haircut, hair-friendly scrunchies made from real Mulberry silk.<\/p>","protected":false},"featured_media":42559,"comment_status":"closed","ping_status":"closed","template":"","meta":{"_relevanssi_hide_post":"","_relevanssi_pin_for_all":"","_relevanssi_pin_keywords":"","_relevanssi_unpin_keywords":"","_relevanssi_related_keywords":"","_relevanssi_related_include_ids":"","_relevanssi_related_exclude_ids":"","_relevanssi_related_no_append":"","_relevanssi_related_not_related":"","_relevanssi_related_posts":"","_relevanssi_noindex_reason":""},"product_cat":[1762,1822,1824,1825],"product_tag":[2139,2140,2305,2306],"class_list":["post-42583","product","type-product","status-publish","has-post-thumbnail","hentry","product_cat-tarvikkeet","product_cat-kampaustarvikkeet","product_cat-hiuslenkit","product_cat-oheistuotteet-kampaustarvikkeet","product_tag-donitsi","product_tag-hiusdonitsi","product_tag-pompula","product_tag-ponnari","pa_vari-musta","pa_vari-tummansininen","pa_vari-vaalea-lila","pa_vari-vaaleanpunainen","pa_vari-vaaleansininen","pa_vari-valkoinen","tuotemerkki-hcf-beauty"],"tuotemerkit":[{"term_id":2293,"name":"HCF Beauty","slug":"hcf-beauty","term_group":0,"term_taxonomy_id":2293,"taxonomy":"tuotemerkki","description":"","parent":157,"count":23,"filter":"raw"}],"acf":[],"yoast_head":"<!-- This site is optimized with the Yoast SEO plugin v23.3 - https:\/\/yoast.com\/wordpress\/plugins\/seo\/ -->\n<title>HCFB Mulberry silkki scrunchie, 3kpl setti - Kinnunen<\/title>\n<meta name=\"robots\" content=\"index, follow, max-snippet:-1, max-image-preview:large, max-video-preview:-1\" \/>\n<link rel=\"canonical\" href=\"https:\/\/kinnunen.fi\/en\/product\/hcfb-silkki-scrunchie-3kpl-setti\/\" \/>\n<meta property=\"og:locale\" content=\"en_GB\" \/>\n<meta property=\"og:type\" content=\"article\" \/>\n<meta property=\"og:title\" content=\"HCFB Mulberry silkki scrunchie, 3kpl setti - Kinnunen\" \/>\n<meta property=\"og:description\" content=\"Monipuoliseen hiustenlaittoon, aidosta Mulberry -silkist\u00e4 valmistetut hiusyst\u00e4v\u00e4lliset scrunchiet.\" \/>\n<meta property=\"og:url\" content=\"https:\/\/kinnunen.fi\/en\/product\/hcfb-silkki-scrunchie-3kpl-setti\/\" \/>\n<meta property=\"og:site_name\" content=\"Kinnunen\" \/>\n<meta property=\"article:modified_time\" content=\"2025-06-15T09:58:44+00:00\" \/>\n<meta property=\"og:image\" content=\"https:\/\/kinnunen.fi\/wp-content\/uploads\/2024\/11\/HCFB_Silkkiscrunchie_trio.jpg\" \/>\n\t<meta property=\"og:image:width\" content=\"1000\" \/>\n\t<meta property=\"og:image:height\" content=\"1000\" \/>\n\t<meta property=\"og:image:type\" content=\"image\/jpeg\" \/>\n<meta name=\"twitter:card\" content=\"summary_large_image\" \/>\n<script type=\"application\/ld+json\" class=\"yoast-schema-graph\">{\"@context\":\"https:\/\/schema.org\",\"@graph\":[{\"@type\":\"WebPage\",\"@id\":\"https:\/\/kinnunen.fi\/tuote\/hcfb-silkki-scrunchie-3kpl-setti\/\",\"url\":\"https:\/\/kinnunen.fi\/tuote\/hcfb-silkki-scrunchie-3kpl-setti\/\",\"name\":\"HCFB Mulberry silkki scrunchie, 3kpl setti - Kinnunen\",\"isPartOf\":{\"@id\":\"https:\/\/kinnunen.fi\/#website\"},\"primaryImageOfPage\":{\"@id\":\"https:\/\/kinnunen.fi\/tuote\/hcfb-silkki-scrunchie-3kpl-setti\/#primaryimage\"},\"image\":{\"@id\":\"https:\/\/kinnunen.fi\/tuote\/hcfb-silkki-scrunchie-3kpl-setti\/#primaryimage\"},\"thumbnailUrl\":\"https:\/\/kinnunen.fi\/wp-content\/uploads\/2024\/11\/HCFB_Silkkiscrunchie_trio.jpg\",\"datePublished\":\"2024-11-19T10:36:56+00:00\",\"dateModified\":\"2025-06-15T09:58:44+00:00\",\"breadcrumb\":{\"@id\":\"https:\/\/kinnunen.fi\/tuote\/hcfb-silkki-scrunchie-3kpl-setti\/#breadcrumb\"},\"inLanguage\":\"en-GB\",\"potentialAction\":[{\"@type\":\"ReadAction\",\"target\":[\"https:\/\/kinnunen.fi\/tuote\/hcfb-silkki-scrunchie-3kpl-setti\/\"]}]},{\"@type\":\"ImageObject\",\"inLanguage\":\"en-GB\",\"@id\":\"https:\/\/kinnunen.fi\/tuote\/hcfb-silkki-scrunchie-3kpl-setti\/#primaryimage\",\"url\":\"https:\/\/kinnunen.fi\/wp-content\/uploads\/2024\/11\/HCFB_Silkkiscrunchie_trio.jpg\",\"contentUrl\":\"https:\/\/kinnunen.fi\/wp-content\/uploads\/2024\/11\/HCFB_Silkkiscrunchie_trio.jpg\",\"width\":1000,\"height\":1000},{\"@type\":\"BreadcrumbList\",\"@id\":\"https:\/\/kinnunen.fi\/tuote\/hcfb-silkki-scrunchie-3kpl-setti\/#breadcrumb\",\"itemListElement\":[{\"@type\":\"ListItem\",\"position\":1,\"name\":\"Etusivu\",\"item\":\"https:\/\/kinnunen.fi\/\"},{\"@type\":\"ListItem\",\"position\":2,\"name\":\"Kaikki tuotteet\",\"item\":\"https:\/\/kinnunen.fi\/kauppa\/\"},{\"@type\":\"ListItem\",\"position\":3,\"name\":\"Tarvikkeet\",\"item\":\"https:\/\/kinnunen.fi\/tuote-osasto\/tarvikkeet\/\"},{\"@type\":\"ListItem\",\"position\":4,\"name\":\"HCFB Mulberry silkki scrunchie, 3kpl setti\"}]},{\"@type\":\"WebSite\",\"@id\":\"https:\/\/kinnunen.fi\/#website\",\"url\":\"https:\/\/kinnunen.fi\/\",\"name\":\"Kinnunen\",\"description\":\"\",\"potentialAction\":[{\"@type\":\"SearchAction\",\"target\":{\"@type\":\"EntryPoint\",\"urlTemplate\":\"https:\/\/kinnunen.fi\/?s={search_term_string}\"},\"query-input\":\"required name=search_term_string\"}],\"inLanguage\":\"en-GB\"}]}<\/script>\n<!-- \/ Yoast SEO plugin. -->","yoast_head_json":{"title":"HCFB Mulberry silkki scrunchie, 3kpl setti - Kinnunen","robots":{"index":"index","follow":"follow","max-snippet":"max-snippet:-1","max-image-preview":"max-image-preview:large","max-video-preview":"max-video-preview:-1"},"canonical":"https:\/\/kinnunen.fi\/en\/product\/hcfb-silkki-scrunchie-3kpl-setti\/","og_locale":"en_GB","og_type":"article","og_title":"HCFB Mulberry silkki scrunchie, 3kpl setti - Kinnunen","og_description":"Monipuoliseen hiustenlaittoon, aidosta Mulberry -silkist\u00e4 valmistetut hiusyst\u00e4v\u00e4lliset scrunchiet.","og_url":"https:\/\/kinnunen.fi\/en\/product\/hcfb-silkki-scrunchie-3kpl-setti\/","og_site_name":"Kinnunen","article_modified_time":"2025-06-15T09:58:44+00:00","og_image":[{"width":1000,"height":1000,"url":"https:\/\/kinnunen.fi\/wp-content\/uploads\/2024\/11\/HCFB_Silkkiscrunchie_trio.jpg","type":"image\/jpeg"}],"twitter_card":"summary_large_image","schema":{"@context":"https:\/\/schema.org","@graph":[{"@type":"WebPage","@id":"https:\/\/kinnunen.fi\/tuote\/hcfb-silkki-scrunchie-3kpl-setti\/","url":"https:\/\/kinnunen.fi\/tuote\/hcfb-silkki-scrunchie-3kpl-setti\/","name":"HCFB Mulberry silkki scrunchie, 3kpl setti - Kinnunen","isPartOf":{"@id":"https:\/\/kinnunen.fi\/#website"},"primaryImageOfPage":{"@id":"https:\/\/kinnunen.fi\/tuote\/hcfb-silkki-scrunchie-3kpl-setti\/#primaryimage"},"image":{"@id":"https:\/\/kinnunen.fi\/tuote\/hcfb-silkki-scrunchie-3kpl-setti\/#primaryimage"},"thumbnailUrl":"https:\/\/kinnunen.fi\/wp-content\/uploads\/2024\/11\/HCFB_Silkkiscrunchie_trio.jpg","datePublished":"2024-11-19T10:36:56+00:00","dateModified":"2025-06-15T09:58:44+00:00","breadcrumb":{"@id":"https:\/\/kinnunen.fi\/tuote\/hcfb-silkki-scrunchie-3kpl-setti\/#breadcrumb"},"inLanguage":"en-GB","potentialAction":[{"@type":"ReadAction","target":["https:\/\/kinnunen.fi\/tuote\/hcfb-silkki-scrunchie-3kpl-setti\/"]}]},{"@type":"ImageObject","inLanguage":"en-GB","@id":"https:\/\/kinnunen.fi\/tuote\/hcfb-silkki-scrunchie-3kpl-setti\/#primaryimage","url":"https:\/\/kinnunen.fi\/wp-content\/uploads\/2024\/11\/HCFB_Silkkiscrunchie_trio.jpg","contentUrl":"https:\/\/kinnunen.fi\/wp-content\/uploads\/2024\/11\/HCFB_Silkkiscrunchie_trio.jpg","width":1000,"height":1000},{"@type":"BreadcrumbList","@id":"https:\/\/kinnunen.fi\/tuote\/hcfb-silkki-scrunchie-3kpl-setti\/#breadcrumb","itemListElement":[{"@type":"ListItem","position":1,"name":"Etusivu","item":"https:\/\/kinnunen.fi\/"},{"@type":"ListItem","position":2,"name":"Kaikki tuotteet","item":"https:\/\/kinnunen.fi\/kauppa\/"},{"@type":"ListItem","position":3,"name":"Tarvikkeet","item":"https:\/\/kinnunen.fi\/tuote-osasto\/tarvikkeet\/"},{"@type":"ListItem","position":4,"name":"HCFB Mulberry silkki scrunchie, 3kpl setti"}]},{"@type":"WebSite","@id":"https:\/\/kinnunen.fi\/#website","url":"https:\/\/kinnunen.fi\/","name":"Kinnunen","description":"","potentialAction":[{"@type":"SearchAction","target":{"@type":"EntryPoint","urlTemplate":"https:\/\/kinnunen.fi\/?s={search_term_string}"},"query-input":"required name=search_term_string"}],"inLanguage":"en-GB"}]}},"_links":{"self":[{"href":"https:\/\/kinnunen.fi\/en\/wp-json\/wp\/v2\/product\/42583"}],"collection":[{"href":"https:\/\/kinnunen.fi\/en\/wp-json\/wp\/v2\/product"}],"about":[{"href":"https:\/\/kinnunen.fi\/en\/wp-json\/wp\/v2\/types\/product"}],"replies":[{"embeddable":true,"href":"https:\/\/kinnunen.fi\/en\/wp-json\/wp\/v2\/comments?post=42583"}],"wp:featuredmedia":[{"embeddable":true,"href":"https:\/\/kinnunen.fi\/en\/wp-json\/wp\/v2\/media\/42559"}],"wp:attachment":[{"href":"https:\/\/kinnunen.fi\/en\/wp-json\/wp\/v2\/media?parent=42583"}],"wp:term":[{"taxonomy":"product_cat","embeddable":true,"href":"https:\/\/kinnunen.fi\/en\/wp-json\/wp\/v2\/product_cat?post=42583"},{"taxonomy":"product_tag","embeddable":true,"href":"https:\/\/kinnunen.fi\/en\/wp-json\/wp\/v2\/product_tag?post=42583"}],"curies":[{"name":"wp","href":"https:\/\/api.w.org\/{rel}","templated":true}]}}