

{"id":42616,"date":"2024-12-10T14:54:06","date_gmt":"2024-12-10T12:54:06","guid":{"rendered":"https:\/\/kinnunen.fi\/?post_type=product&#038;p=42616"},"modified":"2026-04-17T04:00:04","modified_gmt":"2026-04-17T01:00:04","slug":"wahl-vanish-shaver","status":"publish","type":"product","link":"https:\/\/kinnunen.fi\/en\/product\/wahl-vanish-shaver\/","title":{"rendered":"Wahl Vanish Shaver"},"content":{"rendered":"<p>Perfect for finishing fading. The device's separate cutting blades and micro-thin golden foil ensure that no hair is left uncut, creating a smooth and extremely short finish without irritation. The powerful lithium-ion battery provides up to 100 min of use. Full charge in 50 min. Charging level lights: 100 % 60 % and 30 %, which light up during use. Product includes: beard brush, cleaning brush, charging cord and blade guard.<br \/>\n<iframe width=\"560\" height=\"315\" src=\"https:\/\/www.youtube.com\/embed\/iCUqpPbxHRU?si=gs-JbCZSxjwXhM4W&amp;start=10\" title=\"YouTube video player\" frameborder=\"0\" allow=\"accelerometer; autoplay; clipboard-write; encrypted-media; gyroscope; picture-in-picture; web-share\" referrerpolicy=\"strict-origin-when-cross-origin\" allowfullscreen=\"allowfullscreen\"><\/iframe><\/p>","protected":false},"excerpt":{"rendered":"<p>The Wahl Vanish Shaver is the perfect tool for hairdressers looking for a smooth shave and flawless finish. The shaver is equipped with a state-of-the-art lithium-ion battery that lasts a typical working day without the need for recharging.<\/p>","protected":false},"featured_media":42617,"comment_status":"closed","ping_status":"closed","template":"","meta":{"_relevanssi_hide_post":"","_relevanssi_pin_for_all":"","_relevanssi_pin_keywords":"","_relevanssi_unpin_keywords":"","_relevanssi_related_keywords":"","_relevanssi_related_include_ids":"","_relevanssi_related_exclude_ids":"","_relevanssi_related_no_append":"","_relevanssi_related_not_related":"","_relevanssi_related_posts":"","_relevanssi_noindex_reason":""},"product_cat":[1774,1776,1782],"product_tag":[],"class_list":["post-42616","product","type-product","status-publish","has-post-thumbnail","hentry","product_cat-koneet-ja-laitteet","product_cat-rajaajat","product_cat-erikoislaitteet","tuotemerkki-wahl"],"tuotemerkit":[{"term_id":2303,"name":"Wahl","slug":"wahl","term_group":0,"term_taxonomy_id":2303,"taxonomy":"tuotemerkki","description":"","parent":0,"count":40,"filter":"raw"}],"acf":[],"yoast_head":"<!-- This site is optimized with the Yoast SEO plugin v23.3 - https:\/\/yoast.com\/wordpress\/plugins\/seo\/ -->\n<title>Wahl Vanish Shaver - Kinnunen<\/title>\n<meta name=\"robots\" content=\"index, follow, max-snippet:-1, max-image-preview:large, max-video-preview:-1\" \/>\n<link rel=\"canonical\" href=\"https:\/\/kinnunen.fi\/en\/product\/wahl-vanish-shaver\/\" \/>\n<meta property=\"og:locale\" content=\"en_GB\" \/>\n<meta property=\"og:type\" content=\"article\" \/>\n<meta property=\"og:title\" content=\"Wahl Vanish Shaver - Kinnunen\" \/>\n<meta property=\"og:description\" content=\"Wahl Vanish Shaver on t\u00e4ydellinen ty\u00f6v\u00e4line partureille, jotka tavoittelevat sile\u00e4\u00e4 ajotulosta ja virheet\u00f6nt\u00e4 viimeistely\u00e4. Partakoneessa on huippuluokan litiumioniakku, joka kest\u00e4\u00e4 tyypillisen ty\u00f6p\u00e4iv\u00e4n ilman tarvetta lis\u00e4lataukselle.\" \/>\n<meta property=\"og:url\" content=\"https:\/\/kinnunen.fi\/en\/product\/wahl-vanish-shaver\/\" \/>\n<meta property=\"og:site_name\" content=\"Kinnunen\" \/>\n<meta property=\"article:modified_time\" content=\"2026-04-17T01:00:04+00:00\" \/>\n<meta property=\"og:image\" content=\"https:\/\/kinnunen.fi\/wp-content\/uploads\/2024\/11\/Wahl_Vanish-Hero-On.jpg\" \/>\n\t<meta property=\"og:image:width\" content=\"1000\" \/>\n\t<meta property=\"og:image:height\" content=\"1000\" \/>\n\t<meta property=\"og:image:type\" content=\"image\/jpeg\" \/>\n<meta name=\"twitter:card\" content=\"summary_large_image\" \/>\n<script type=\"application\/ld+json\" class=\"yoast-schema-graph\">{\"@context\":\"https:\/\/schema.org\",\"@graph\":[{\"@type\":\"WebPage\",\"@id\":\"https:\/\/kinnunen.fi\/tuote\/wahl-vanish-shaver\/\",\"url\":\"https:\/\/kinnunen.fi\/tuote\/wahl-vanish-shaver\/\",\"name\":\"Wahl Vanish Shaver - Kinnunen\",\"isPartOf\":{\"@id\":\"https:\/\/kinnunen.fi\/#website\"},\"primaryImageOfPage\":{\"@id\":\"https:\/\/kinnunen.fi\/tuote\/wahl-vanish-shaver\/#primaryimage\"},\"image\":{\"@id\":\"https:\/\/kinnunen.fi\/tuote\/wahl-vanish-shaver\/#primaryimage\"},\"thumbnailUrl\":\"https:\/\/kinnunen.fi\/wp-content\/uploads\/2024\/11\/Wahl_Vanish-Hero-On.jpg\",\"datePublished\":\"2024-12-10T12:54:06+00:00\",\"dateModified\":\"2026-04-17T01:00:04+00:00\",\"breadcrumb\":{\"@id\":\"https:\/\/kinnunen.fi\/tuote\/wahl-vanish-shaver\/#breadcrumb\"},\"inLanguage\":\"en-GB\",\"potentialAction\":[{\"@type\":\"ReadAction\",\"target\":[\"https:\/\/kinnunen.fi\/tuote\/wahl-vanish-shaver\/\"]}]},{\"@type\":\"ImageObject\",\"inLanguage\":\"en-GB\",\"@id\":\"https:\/\/kinnunen.fi\/tuote\/wahl-vanish-shaver\/#primaryimage\",\"url\":\"https:\/\/kinnunen.fi\/wp-content\/uploads\/2024\/11\/Wahl_Vanish-Hero-On.jpg\",\"contentUrl\":\"https:\/\/kinnunen.fi\/wp-content\/uploads\/2024\/11\/Wahl_Vanish-Hero-On.jpg\",\"width\":1000,\"height\":1000},{\"@type\":\"BreadcrumbList\",\"@id\":\"https:\/\/kinnunen.fi\/tuote\/wahl-vanish-shaver\/#breadcrumb\",\"itemListElement\":[{\"@type\":\"ListItem\",\"position\":1,\"name\":\"Etusivu\",\"item\":\"https:\/\/kinnunen.fi\/\"},{\"@type\":\"ListItem\",\"position\":2,\"name\":\"Kaikki tuotteet\",\"item\":\"https:\/\/kinnunen.fi\/kauppa\/\"},{\"@type\":\"ListItem\",\"position\":3,\"name\":\"Koneet ja s\u00e4hk\u00f6laitteet\",\"item\":\"https:\/\/kinnunen.fi\/tuote-osasto\/koneet-ja-laitteet\/\"},{\"@type\":\"ListItem\",\"position\":4,\"name\":\"Wahl Vanish Shaver\"}]},{\"@type\":\"WebSite\",\"@id\":\"https:\/\/kinnunen.fi\/#website\",\"url\":\"https:\/\/kinnunen.fi\/\",\"name\":\"Kinnunen\",\"description\":\"\",\"potentialAction\":[{\"@type\":\"SearchAction\",\"target\":{\"@type\":\"EntryPoint\",\"urlTemplate\":\"https:\/\/kinnunen.fi\/?s={search_term_string}\"},\"query-input\":\"required name=search_term_string\"}],\"inLanguage\":\"en-GB\"}]}<\/script>\n<!-- \/ Yoast SEO plugin. -->","yoast_head_json":{"title":"Wahl Vanish Shaver - Kinnunen","robots":{"index":"index","follow":"follow","max-snippet":"max-snippet:-1","max-image-preview":"max-image-preview:large","max-video-preview":"max-video-preview:-1"},"canonical":"https:\/\/kinnunen.fi\/en\/product\/wahl-vanish-shaver\/","og_locale":"en_GB","og_type":"article","og_title":"Wahl Vanish Shaver - Kinnunen","og_description":"Wahl Vanish Shaver on t\u00e4ydellinen ty\u00f6v\u00e4line partureille, jotka tavoittelevat sile\u00e4\u00e4 ajotulosta ja virheet\u00f6nt\u00e4 viimeistely\u00e4. Partakoneessa on huippuluokan litiumioniakku, joka kest\u00e4\u00e4 tyypillisen ty\u00f6p\u00e4iv\u00e4n ilman tarvetta lis\u00e4lataukselle.","og_url":"https:\/\/kinnunen.fi\/en\/product\/wahl-vanish-shaver\/","og_site_name":"Kinnunen","article_modified_time":"2026-04-17T01:00:04+00:00","og_image":[{"width":1000,"height":1000,"url":"https:\/\/kinnunen.fi\/wp-content\/uploads\/2024\/11\/Wahl_Vanish-Hero-On.jpg","type":"image\/jpeg"}],"twitter_card":"summary_large_image","schema":{"@context":"https:\/\/schema.org","@graph":[{"@type":"WebPage","@id":"https:\/\/kinnunen.fi\/tuote\/wahl-vanish-shaver\/","url":"https:\/\/kinnunen.fi\/tuote\/wahl-vanish-shaver\/","name":"Wahl Vanish Shaver - Kinnunen","isPartOf":{"@id":"https:\/\/kinnunen.fi\/#website"},"primaryImageOfPage":{"@id":"https:\/\/kinnunen.fi\/tuote\/wahl-vanish-shaver\/#primaryimage"},"image":{"@id":"https:\/\/kinnunen.fi\/tuote\/wahl-vanish-shaver\/#primaryimage"},"thumbnailUrl":"https:\/\/kinnunen.fi\/wp-content\/uploads\/2024\/11\/Wahl_Vanish-Hero-On.jpg","datePublished":"2024-12-10T12:54:06+00:00","dateModified":"2026-04-17T01:00:04+00:00","breadcrumb":{"@id":"https:\/\/kinnunen.fi\/tuote\/wahl-vanish-shaver\/#breadcrumb"},"inLanguage":"en-GB","potentialAction":[{"@type":"ReadAction","target":["https:\/\/kinnunen.fi\/tuote\/wahl-vanish-shaver\/"]}]},{"@type":"ImageObject","inLanguage":"en-GB","@id":"https:\/\/kinnunen.fi\/tuote\/wahl-vanish-shaver\/#primaryimage","url":"https:\/\/kinnunen.fi\/wp-content\/uploads\/2024\/11\/Wahl_Vanish-Hero-On.jpg","contentUrl":"https:\/\/kinnunen.fi\/wp-content\/uploads\/2024\/11\/Wahl_Vanish-Hero-On.jpg","width":1000,"height":1000},{"@type":"BreadcrumbList","@id":"https:\/\/kinnunen.fi\/tuote\/wahl-vanish-shaver\/#breadcrumb","itemListElement":[{"@type":"ListItem","position":1,"name":"Etusivu","item":"https:\/\/kinnunen.fi\/"},{"@type":"ListItem","position":2,"name":"Kaikki tuotteet","item":"https:\/\/kinnunen.fi\/kauppa\/"},{"@type":"ListItem","position":3,"name":"Koneet ja s\u00e4hk\u00f6laitteet","item":"https:\/\/kinnunen.fi\/tuote-osasto\/koneet-ja-laitteet\/"},{"@type":"ListItem","position":4,"name":"Wahl Vanish Shaver"}]},{"@type":"WebSite","@id":"https:\/\/kinnunen.fi\/#website","url":"https:\/\/kinnunen.fi\/","name":"Kinnunen","description":"","potentialAction":[{"@type":"SearchAction","target":{"@type":"EntryPoint","urlTemplate":"https:\/\/kinnunen.fi\/?s={search_term_string}"},"query-input":"required name=search_term_string"}],"inLanguage":"en-GB"}]}},"_links":{"self":[{"href":"https:\/\/kinnunen.fi\/en\/wp-json\/wp\/v2\/product\/42616"}],"collection":[{"href":"https:\/\/kinnunen.fi\/en\/wp-json\/wp\/v2\/product"}],"about":[{"href":"https:\/\/kinnunen.fi\/en\/wp-json\/wp\/v2\/types\/product"}],"replies":[{"embeddable":true,"href":"https:\/\/kinnunen.fi\/en\/wp-json\/wp\/v2\/comments?post=42616"}],"wp:featuredmedia":[{"embeddable":true,"href":"https:\/\/kinnunen.fi\/en\/wp-json\/wp\/v2\/media\/42617"}],"wp:attachment":[{"href":"https:\/\/kinnunen.fi\/en\/wp-json\/wp\/v2\/media?parent=42616"}],"wp:term":[{"taxonomy":"product_cat","embeddable":true,"href":"https:\/\/kinnunen.fi\/en\/wp-json\/wp\/v2\/product_cat?post=42616"},{"taxonomy":"product_tag","embeddable":true,"href":"https:\/\/kinnunen.fi\/en\/wp-json\/wp\/v2\/product_tag?post=42616"}],"curies":[{"name":"wp","href":"https:\/\/api.w.org\/{rel}","templated":true}]}}