

{"id":42757,"date":"2024-11-28T14:49:24","date_gmt":"2024-11-28T12:49:24","guid":{"rendered":"https:\/\/kinnunen.fi\/?post_type=product&#038;p=42757"},"modified":"2026-04-30T11:23:56","modified_gmt":"2026-04-30T08:23:56","slug":"denman-tangle-tamer-ultra-pink-crush","status":"publish","type":"product","link":"https:\/\/kinnunen.fi\/en\/product\/denman-tangle-tamer-ultra-pink-crush\/","title":{"rendered":"Denman Tangle Tamer Ultra, Pink Crush"},"content":{"rendered":"","protected":false},"excerpt":{"rendered":"<p>The Tangle Tamer ultra brush is specially designed for long and thick hair. The bristles of the Tangle Tamer ultra brush are made of soft nylon bristles. The bristles gently remove tangles without damaging the hair. The padded base follows the shape of the head.<\/p>","protected":false},"featured_media":42753,"comment_status":"closed","ping_status":"closed","template":"","meta":{"_relevanssi_hide_post":"","_relevanssi_pin_for_all":"","_relevanssi_pin_keywords":"","_relevanssi_unpin_keywords":"","_relevanssi_related_keywords":"","_relevanssi_related_include_ids":"","_relevanssi_related_exclude_ids":"","_relevanssi_related_no_append":"","_relevanssi_related_not_related":"","_relevanssi_related_posts":"","_relevanssi_noindex_reason":""},"product_cat":[1762,1790,1792],"product_tag":[],"class_list":["post-42757","product","type-product","status-publish","has-post-thumbnail","hentry","product_cat-tarvikkeet","product_cat-harjat-ja-kammat","product_cat-selvitys-ja-aukikampausharjat","tuotemerkki-denman","tuotemerkki-tangle-tamer"],"tuotemerkit":[{"term_id":197,"name":"Denman","slug":"denman","term_group":0,"term_taxonomy_id":197,"taxonomy":"tuotemerkki","description":"","parent":0,"count":34,"filter":"raw"},{"term_id":203,"name":"Tangle Tamer","slug":"tangle-tamer","term_group":0,"term_taxonomy_id":203,"taxonomy":"tuotemerkki","description":"","parent":197,"count":4,"filter":"raw"}],"acf":[],"yoast_head":"<!-- This site is optimized with the Yoast SEO plugin v23.3 - https:\/\/yoast.com\/wordpress\/plugins\/seo\/ -->\n<title>Denman Tangle Tamer Ultra, Pink Crush - Kinnunen<\/title>\n<meta name=\"robots\" content=\"index, follow, max-snippet:-1, max-image-preview:large, max-video-preview:-1\" \/>\n<link rel=\"canonical\" href=\"https:\/\/kinnunen.fi\/en\/product\/denman-tangle-tamer-ultra-pink-crush\/\" \/>\n<meta property=\"og:locale\" content=\"en_GB\" \/>\n<meta property=\"og:type\" content=\"article\" \/>\n<meta property=\"og:title\" content=\"Denman Tangle Tamer Ultra, Pink Crush - Kinnunen\" \/>\n<meta property=\"og:description\" content=\"Tangle Tamer ultra harja on erityisesti pitkille ja paksuille hiuksille suunniteltu. Tangle Tamer ultra harjan harjakset ovat pehme\u00e4\u00e4 nylon harjasta. Harjakset selvitt\u00e4v\u00e4t hiuksista takut hell\u00e4varaisesti vahingoittamatta hiuksia. Pehmustettu pohja my\u00f6t\u00e4ilee p\u00e4\u00e4n muotoja.\" \/>\n<meta property=\"og:url\" content=\"https:\/\/kinnunen.fi\/en\/product\/denman-tangle-tamer-ultra-pink-crush\/\" \/>\n<meta property=\"og:site_name\" content=\"Kinnunen\" \/>\n<meta property=\"article:modified_time\" content=\"2026-04-30T08:23:56+00:00\" \/>\n<meta property=\"og:image\" content=\"https:\/\/kinnunen.fi\/wp-content\/uploads\/2024\/11\/D90LPPK_Tangle-Tamer-Ultra_pink-crush.jpg\" \/>\n\t<meta property=\"og:image:width\" content=\"1000\" \/>\n\t<meta property=\"og:image:height\" content=\"1000\" \/>\n\t<meta property=\"og:image:type\" content=\"image\/jpeg\" \/>\n<meta name=\"twitter:card\" content=\"summary_large_image\" \/>\n<script type=\"application\/ld+json\" class=\"yoast-schema-graph\">{\"@context\":\"https:\/\/schema.org\",\"@graph\":[{\"@type\":\"WebPage\",\"@id\":\"https:\/\/kinnunen.fi\/tuote\/denman-tangle-tamer-ultra-pink-crush\/\",\"url\":\"https:\/\/kinnunen.fi\/tuote\/denman-tangle-tamer-ultra-pink-crush\/\",\"name\":\"Denman Tangle Tamer Ultra, Pink Crush - Kinnunen\",\"isPartOf\":{\"@id\":\"https:\/\/kinnunen.fi\/#website\"},\"primaryImageOfPage\":{\"@id\":\"https:\/\/kinnunen.fi\/tuote\/denman-tangle-tamer-ultra-pink-crush\/#primaryimage\"},\"image\":{\"@id\":\"https:\/\/kinnunen.fi\/tuote\/denman-tangle-tamer-ultra-pink-crush\/#primaryimage\"},\"thumbnailUrl\":\"https:\/\/kinnunen.fi\/wp-content\/uploads\/2024\/11\/D90LPPK_Tangle-Tamer-Ultra_pink-crush.jpg\",\"datePublished\":\"2024-11-28T12:49:24+00:00\",\"dateModified\":\"2026-04-30T08:23:56+00:00\",\"breadcrumb\":{\"@id\":\"https:\/\/kinnunen.fi\/tuote\/denman-tangle-tamer-ultra-pink-crush\/#breadcrumb\"},\"inLanguage\":\"en-GB\",\"potentialAction\":[{\"@type\":\"ReadAction\",\"target\":[\"https:\/\/kinnunen.fi\/tuote\/denman-tangle-tamer-ultra-pink-crush\/\"]}]},{\"@type\":\"ImageObject\",\"inLanguage\":\"en-GB\",\"@id\":\"https:\/\/kinnunen.fi\/tuote\/denman-tangle-tamer-ultra-pink-crush\/#primaryimage\",\"url\":\"https:\/\/kinnunen.fi\/wp-content\/uploads\/2024\/11\/D90LPPK_Tangle-Tamer-Ultra_pink-crush.jpg\",\"contentUrl\":\"https:\/\/kinnunen.fi\/wp-content\/uploads\/2024\/11\/D90LPPK_Tangle-Tamer-Ultra_pink-crush.jpg\",\"width\":1000,\"height\":1000},{\"@type\":\"BreadcrumbList\",\"@id\":\"https:\/\/kinnunen.fi\/tuote\/denman-tangle-tamer-ultra-pink-crush\/#breadcrumb\",\"itemListElement\":[{\"@type\":\"ListItem\",\"position\":1,\"name\":\"Etusivu\",\"item\":\"https:\/\/kinnunen.fi\/\"},{\"@type\":\"ListItem\",\"position\":2,\"name\":\"Kaikki tuotteet\",\"item\":\"https:\/\/kinnunen.fi\/kauppa\/\"},{\"@type\":\"ListItem\",\"position\":3,\"name\":\"Tarvikkeet\",\"item\":\"https:\/\/kinnunen.fi\/tuote-osasto\/tarvikkeet\/\"},{\"@type\":\"ListItem\",\"position\":4,\"name\":\"Denman Tangle Tamer Ultra, Pink Crush\"}]},{\"@type\":\"WebSite\",\"@id\":\"https:\/\/kinnunen.fi\/#website\",\"url\":\"https:\/\/kinnunen.fi\/\",\"name\":\"Kinnunen\",\"description\":\"\",\"potentialAction\":[{\"@type\":\"SearchAction\",\"target\":{\"@type\":\"EntryPoint\",\"urlTemplate\":\"https:\/\/kinnunen.fi\/?s={search_term_string}\"},\"query-input\":\"required name=search_term_string\"}],\"inLanguage\":\"en-GB\"}]}<\/script>\n<!-- \/ Yoast SEO plugin. -->","yoast_head_json":{"title":"Denman Tangle Tamer Ultra, Pink Crush - Kinnunen","robots":{"index":"index","follow":"follow","max-snippet":"max-snippet:-1","max-image-preview":"max-image-preview:large","max-video-preview":"max-video-preview:-1"},"canonical":"https:\/\/kinnunen.fi\/en\/product\/denman-tangle-tamer-ultra-pink-crush\/","og_locale":"en_GB","og_type":"article","og_title":"Denman Tangle Tamer Ultra, Pink Crush - Kinnunen","og_description":"Tangle Tamer ultra harja on erityisesti pitkille ja paksuille hiuksille suunniteltu. Tangle Tamer ultra harjan harjakset ovat pehme\u00e4\u00e4 nylon harjasta. Harjakset selvitt\u00e4v\u00e4t hiuksista takut hell\u00e4varaisesti vahingoittamatta hiuksia. Pehmustettu pohja my\u00f6t\u00e4ilee p\u00e4\u00e4n muotoja.","og_url":"https:\/\/kinnunen.fi\/en\/product\/denman-tangle-tamer-ultra-pink-crush\/","og_site_name":"Kinnunen","article_modified_time":"2026-04-30T08:23:56+00:00","og_image":[{"width":1000,"height":1000,"url":"https:\/\/kinnunen.fi\/wp-content\/uploads\/2024\/11\/D90LPPK_Tangle-Tamer-Ultra_pink-crush.jpg","type":"image\/jpeg"}],"twitter_card":"summary_large_image","schema":{"@context":"https:\/\/schema.org","@graph":[{"@type":"WebPage","@id":"https:\/\/kinnunen.fi\/tuote\/denman-tangle-tamer-ultra-pink-crush\/","url":"https:\/\/kinnunen.fi\/tuote\/denman-tangle-tamer-ultra-pink-crush\/","name":"Denman Tangle Tamer Ultra, Pink Crush - Kinnunen","isPartOf":{"@id":"https:\/\/kinnunen.fi\/#website"},"primaryImageOfPage":{"@id":"https:\/\/kinnunen.fi\/tuote\/denman-tangle-tamer-ultra-pink-crush\/#primaryimage"},"image":{"@id":"https:\/\/kinnunen.fi\/tuote\/denman-tangle-tamer-ultra-pink-crush\/#primaryimage"},"thumbnailUrl":"https:\/\/kinnunen.fi\/wp-content\/uploads\/2024\/11\/D90LPPK_Tangle-Tamer-Ultra_pink-crush.jpg","datePublished":"2024-11-28T12:49:24+00:00","dateModified":"2026-04-30T08:23:56+00:00","breadcrumb":{"@id":"https:\/\/kinnunen.fi\/tuote\/denman-tangle-tamer-ultra-pink-crush\/#breadcrumb"},"inLanguage":"en-GB","potentialAction":[{"@type":"ReadAction","target":["https:\/\/kinnunen.fi\/tuote\/denman-tangle-tamer-ultra-pink-crush\/"]}]},{"@type":"ImageObject","inLanguage":"en-GB","@id":"https:\/\/kinnunen.fi\/tuote\/denman-tangle-tamer-ultra-pink-crush\/#primaryimage","url":"https:\/\/kinnunen.fi\/wp-content\/uploads\/2024\/11\/D90LPPK_Tangle-Tamer-Ultra_pink-crush.jpg","contentUrl":"https:\/\/kinnunen.fi\/wp-content\/uploads\/2024\/11\/D90LPPK_Tangle-Tamer-Ultra_pink-crush.jpg","width":1000,"height":1000},{"@type":"BreadcrumbList","@id":"https:\/\/kinnunen.fi\/tuote\/denman-tangle-tamer-ultra-pink-crush\/#breadcrumb","itemListElement":[{"@type":"ListItem","position":1,"name":"Etusivu","item":"https:\/\/kinnunen.fi\/"},{"@type":"ListItem","position":2,"name":"Kaikki tuotteet","item":"https:\/\/kinnunen.fi\/kauppa\/"},{"@type":"ListItem","position":3,"name":"Tarvikkeet","item":"https:\/\/kinnunen.fi\/tuote-osasto\/tarvikkeet\/"},{"@type":"ListItem","position":4,"name":"Denman Tangle Tamer Ultra, Pink Crush"}]},{"@type":"WebSite","@id":"https:\/\/kinnunen.fi\/#website","url":"https:\/\/kinnunen.fi\/","name":"Kinnunen","description":"","potentialAction":[{"@type":"SearchAction","target":{"@type":"EntryPoint","urlTemplate":"https:\/\/kinnunen.fi\/?s={search_term_string}"},"query-input":"required name=search_term_string"}],"inLanguage":"en-GB"}]}},"_links":{"self":[{"href":"https:\/\/kinnunen.fi\/en\/wp-json\/wp\/v2\/product\/42757"}],"collection":[{"href":"https:\/\/kinnunen.fi\/en\/wp-json\/wp\/v2\/product"}],"about":[{"href":"https:\/\/kinnunen.fi\/en\/wp-json\/wp\/v2\/types\/product"}],"replies":[{"embeddable":true,"href":"https:\/\/kinnunen.fi\/en\/wp-json\/wp\/v2\/comments?post=42757"}],"wp:featuredmedia":[{"embeddable":true,"href":"https:\/\/kinnunen.fi\/en\/wp-json\/wp\/v2\/media\/42753"}],"wp:attachment":[{"href":"https:\/\/kinnunen.fi\/en\/wp-json\/wp\/v2\/media?parent=42757"}],"wp:term":[{"taxonomy":"product_cat","embeddable":true,"href":"https:\/\/kinnunen.fi\/en\/wp-json\/wp\/v2\/product_cat?post=42757"},{"taxonomy":"product_tag","embeddable":true,"href":"https:\/\/kinnunen.fi\/en\/wp-json\/wp\/v2\/product_tag?post=42757"}],"curies":[{"name":"wp","href":"https:\/\/api.w.org\/{rel}","templated":true}]}}