

{"id":42758,"date":"2024-11-28T14:51:06","date_gmt":"2024-11-28T12:51:06","guid":{"rendered":"https:\/\/kinnunen.fi\/?post_type=product&#038;p=42758"},"modified":"2026-04-29T08:31:17","modified_gmt":"2026-04-29T05:31:17","slug":"denman-power-paddle-pink-crush","status":"publish","type":"product","link":"https:\/\/kinnunen.fi\/en\/product\/denman-power-paddle-pink-crush\/","title":{"rendered":"Denman Power Paddle, Pink Crush"},"content":{"rendered":"","protected":false},"excerpt":{"rendered":"<p>The Denman Power Paddle is designed for maximum speed, comfort and control. The Power Paddle brush features iconic nylon spikes that make it easy to brush and detangle hair without damaging it. The nylon spikes are attached to an air-soft base, so it follows the curved contours of the head. The Power Paddle is suitable for use on both dry and wet hair. The Power Paddle brush can be used for blow drying and its wide shape speeds up the drying time. Very stylish, matte finish<\/p>","protected":false},"featured_media":42754,"comment_status":"closed","ping_status":"closed","template":"","meta":{"_relevanssi_hide_post":"","_relevanssi_pin_for_all":"","_relevanssi_pin_keywords":"","_relevanssi_unpin_keywords":"","_relevanssi_related_keywords":"","_relevanssi_related_include_ids":"","_relevanssi_related_exclude_ids":"","_relevanssi_related_no_append":"","_relevanssi_related_not_related":"","_relevanssi_related_posts":"","_relevanssi_noindex_reason":""},"product_cat":[1762,1790,1793,1792],"product_tag":[],"class_list":["post-42758","product","type-product","status-publish","has-post-thumbnail","hentry","product_cat-tarvikkeet","product_cat-harjat-ja-kammat","product_cat-foonausharjat","product_cat-selvitys-ja-aukikampausharjat","tuotemerkki-denman"],"tuotemerkit":[{"term_id":197,"name":"Denman","slug":"denman","term_group":0,"term_taxonomy_id":197,"taxonomy":"tuotemerkki","description":"","parent":0,"count":34,"filter":"raw"}],"acf":[],"yoast_head":"<!-- This site is optimized with the Yoast SEO plugin v23.3 - https:\/\/yoast.com\/wordpress\/plugins\/seo\/ -->\n<title>Denman Power Paddle, Pink Crush - Kinnunen<\/title>\n<meta name=\"robots\" content=\"index, follow, max-snippet:-1, max-image-preview:large, max-video-preview:-1\" \/>\n<link rel=\"canonical\" href=\"https:\/\/kinnunen.fi\/en\/product\/denman-power-paddle-pink-crush\/\" \/>\n<meta property=\"og:locale\" content=\"en_GB\" \/>\n<meta property=\"og:type\" content=\"article\" \/>\n<meta property=\"og:title\" content=\"Denman Power Paddle, Pink Crush - Kinnunen\" \/>\n<meta property=\"og:description\" content=\"Denman Power Paddle on suunniteltu maksimaaliseen nopeuteen, mukavuuteen ja hallintaan. Power Paddle -harjassa on ikoniset nylonpiikit, jotka helpottavat hiusten harjaamista ja selvitt\u00e4\u00e4 hiukset vahingoittamatta niit\u00e4. Nylonpiikit ovat kiinnitetty ilmavan pehme\u00e4\u00e4n alustaan, joten se my\u00f6t\u00e4ilee p\u00e4\u00e4n kaarevia muotoja. Power Paddle sopii k\u00e4ytett\u00e4v\u00e4ksi sek\u00e4 kuiviin ett\u00e4 m\u00e4rkiin hiuksiin. Power Paddle -harjaa voidaan k\u00e4ytt\u00e4\u00e4 f\u00f6\u00f6naamiseen ja sen leve\u00e4 muoto nopeuttaa hiusten kuivaamisaikaa. Eritt\u00e4in tyylik\u00e4s, mattainen viimeistely\" \/>\n<meta property=\"og:url\" content=\"https:\/\/kinnunen.fi\/en\/product\/denman-power-paddle-pink-crush\/\" \/>\n<meta property=\"og:site_name\" content=\"Kinnunen\" \/>\n<meta property=\"article:modified_time\" content=\"2026-04-29T05:31:17+00:00\" \/>\n<meta property=\"og:image\" content=\"https:\/\/kinnunen.fi\/wp-content\/uploads\/2024\/11\/D38PC_Denman-Power-Paddle_pink-crush.jpg\" \/>\n\t<meta property=\"og:image:width\" content=\"1000\" \/>\n\t<meta property=\"og:image:height\" content=\"1000\" \/>\n\t<meta property=\"og:image:type\" content=\"image\/jpeg\" \/>\n<meta name=\"twitter:card\" content=\"summary_large_image\" \/>\n<script type=\"application\/ld+json\" class=\"yoast-schema-graph\">{\"@context\":\"https:\/\/schema.org\",\"@graph\":[{\"@type\":\"WebPage\",\"@id\":\"https:\/\/kinnunen.fi\/tuote\/denman-power-paddle-pink-crush\/\",\"url\":\"https:\/\/kinnunen.fi\/tuote\/denman-power-paddle-pink-crush\/\",\"name\":\"Denman Power Paddle, Pink Crush - Kinnunen\",\"isPartOf\":{\"@id\":\"https:\/\/kinnunen.fi\/#website\"},\"primaryImageOfPage\":{\"@id\":\"https:\/\/kinnunen.fi\/tuote\/denman-power-paddle-pink-crush\/#primaryimage\"},\"image\":{\"@id\":\"https:\/\/kinnunen.fi\/tuote\/denman-power-paddle-pink-crush\/#primaryimage\"},\"thumbnailUrl\":\"https:\/\/kinnunen.fi\/wp-content\/uploads\/2024\/11\/D38PC_Denman-Power-Paddle_pink-crush.jpg\",\"datePublished\":\"2024-11-28T12:51:06+00:00\",\"dateModified\":\"2026-04-29T05:31:17+00:00\",\"breadcrumb\":{\"@id\":\"https:\/\/kinnunen.fi\/tuote\/denman-power-paddle-pink-crush\/#breadcrumb\"},\"inLanguage\":\"en-GB\",\"potentialAction\":[{\"@type\":\"ReadAction\",\"target\":[\"https:\/\/kinnunen.fi\/tuote\/denman-power-paddle-pink-crush\/\"]}]},{\"@type\":\"ImageObject\",\"inLanguage\":\"en-GB\",\"@id\":\"https:\/\/kinnunen.fi\/tuote\/denman-power-paddle-pink-crush\/#primaryimage\",\"url\":\"https:\/\/kinnunen.fi\/wp-content\/uploads\/2024\/11\/D38PC_Denman-Power-Paddle_pink-crush.jpg\",\"contentUrl\":\"https:\/\/kinnunen.fi\/wp-content\/uploads\/2024\/11\/D38PC_Denman-Power-Paddle_pink-crush.jpg\",\"width\":1000,\"height\":1000},{\"@type\":\"BreadcrumbList\",\"@id\":\"https:\/\/kinnunen.fi\/tuote\/denman-power-paddle-pink-crush\/#breadcrumb\",\"itemListElement\":[{\"@type\":\"ListItem\",\"position\":1,\"name\":\"Etusivu\",\"item\":\"https:\/\/kinnunen.fi\/\"},{\"@type\":\"ListItem\",\"position\":2,\"name\":\"Kaikki tuotteet\",\"item\":\"https:\/\/kinnunen.fi\/kauppa\/\"},{\"@type\":\"ListItem\",\"position\":3,\"name\":\"Tarvikkeet\",\"item\":\"https:\/\/kinnunen.fi\/tuote-osasto\/tarvikkeet\/\"},{\"@type\":\"ListItem\",\"position\":4,\"name\":\"Denman Power Paddle, Pink Crush\"}]},{\"@type\":\"WebSite\",\"@id\":\"https:\/\/kinnunen.fi\/#website\",\"url\":\"https:\/\/kinnunen.fi\/\",\"name\":\"Kinnunen\",\"description\":\"\",\"potentialAction\":[{\"@type\":\"SearchAction\",\"target\":{\"@type\":\"EntryPoint\",\"urlTemplate\":\"https:\/\/kinnunen.fi\/?s={search_term_string}\"},\"query-input\":\"required name=search_term_string\"}],\"inLanguage\":\"en-GB\"}]}<\/script>\n<!-- \/ Yoast SEO plugin. -->","yoast_head_json":{"title":"Denman Power Paddle, Pink Crush - Kinnunen","robots":{"index":"index","follow":"follow","max-snippet":"max-snippet:-1","max-image-preview":"max-image-preview:large","max-video-preview":"max-video-preview:-1"},"canonical":"https:\/\/kinnunen.fi\/en\/product\/denman-power-paddle-pink-crush\/","og_locale":"en_GB","og_type":"article","og_title":"Denman Power Paddle, Pink Crush - Kinnunen","og_description":"Denman Power Paddle on suunniteltu maksimaaliseen nopeuteen, mukavuuteen ja hallintaan. Power Paddle -harjassa on ikoniset nylonpiikit, jotka helpottavat hiusten harjaamista ja selvitt\u00e4\u00e4 hiukset vahingoittamatta niit\u00e4. Nylonpiikit ovat kiinnitetty ilmavan pehme\u00e4\u00e4n alustaan, joten se my\u00f6t\u00e4ilee p\u00e4\u00e4n kaarevia muotoja. Power Paddle sopii k\u00e4ytett\u00e4v\u00e4ksi sek\u00e4 kuiviin ett\u00e4 m\u00e4rkiin hiuksiin. Power Paddle -harjaa voidaan k\u00e4ytt\u00e4\u00e4 f\u00f6\u00f6naamiseen ja sen leve\u00e4 muoto nopeuttaa hiusten kuivaamisaikaa. Eritt\u00e4in tyylik\u00e4s, mattainen viimeistely","og_url":"https:\/\/kinnunen.fi\/en\/product\/denman-power-paddle-pink-crush\/","og_site_name":"Kinnunen","article_modified_time":"2026-04-29T05:31:17+00:00","og_image":[{"width":1000,"height":1000,"url":"https:\/\/kinnunen.fi\/wp-content\/uploads\/2024\/11\/D38PC_Denman-Power-Paddle_pink-crush.jpg","type":"image\/jpeg"}],"twitter_card":"summary_large_image","schema":{"@context":"https:\/\/schema.org","@graph":[{"@type":"WebPage","@id":"https:\/\/kinnunen.fi\/tuote\/denman-power-paddle-pink-crush\/","url":"https:\/\/kinnunen.fi\/tuote\/denman-power-paddle-pink-crush\/","name":"Denman Power Paddle, Pink Crush - Kinnunen","isPartOf":{"@id":"https:\/\/kinnunen.fi\/#website"},"primaryImageOfPage":{"@id":"https:\/\/kinnunen.fi\/tuote\/denman-power-paddle-pink-crush\/#primaryimage"},"image":{"@id":"https:\/\/kinnunen.fi\/tuote\/denman-power-paddle-pink-crush\/#primaryimage"},"thumbnailUrl":"https:\/\/kinnunen.fi\/wp-content\/uploads\/2024\/11\/D38PC_Denman-Power-Paddle_pink-crush.jpg","datePublished":"2024-11-28T12:51:06+00:00","dateModified":"2026-04-29T05:31:17+00:00","breadcrumb":{"@id":"https:\/\/kinnunen.fi\/tuote\/denman-power-paddle-pink-crush\/#breadcrumb"},"inLanguage":"en-GB","potentialAction":[{"@type":"ReadAction","target":["https:\/\/kinnunen.fi\/tuote\/denman-power-paddle-pink-crush\/"]}]},{"@type":"ImageObject","inLanguage":"en-GB","@id":"https:\/\/kinnunen.fi\/tuote\/denman-power-paddle-pink-crush\/#primaryimage","url":"https:\/\/kinnunen.fi\/wp-content\/uploads\/2024\/11\/D38PC_Denman-Power-Paddle_pink-crush.jpg","contentUrl":"https:\/\/kinnunen.fi\/wp-content\/uploads\/2024\/11\/D38PC_Denman-Power-Paddle_pink-crush.jpg","width":1000,"height":1000},{"@type":"BreadcrumbList","@id":"https:\/\/kinnunen.fi\/tuote\/denman-power-paddle-pink-crush\/#breadcrumb","itemListElement":[{"@type":"ListItem","position":1,"name":"Etusivu","item":"https:\/\/kinnunen.fi\/"},{"@type":"ListItem","position":2,"name":"Kaikki tuotteet","item":"https:\/\/kinnunen.fi\/kauppa\/"},{"@type":"ListItem","position":3,"name":"Tarvikkeet","item":"https:\/\/kinnunen.fi\/tuote-osasto\/tarvikkeet\/"},{"@type":"ListItem","position":4,"name":"Denman Power Paddle, Pink Crush"}]},{"@type":"WebSite","@id":"https:\/\/kinnunen.fi\/#website","url":"https:\/\/kinnunen.fi\/","name":"Kinnunen","description":"","potentialAction":[{"@type":"SearchAction","target":{"@type":"EntryPoint","urlTemplate":"https:\/\/kinnunen.fi\/?s={search_term_string}"},"query-input":"required name=search_term_string"}],"inLanguage":"en-GB"}]}},"_links":{"self":[{"href":"https:\/\/kinnunen.fi\/en\/wp-json\/wp\/v2\/product\/42758"}],"collection":[{"href":"https:\/\/kinnunen.fi\/en\/wp-json\/wp\/v2\/product"}],"about":[{"href":"https:\/\/kinnunen.fi\/en\/wp-json\/wp\/v2\/types\/product"}],"replies":[{"embeddable":true,"href":"https:\/\/kinnunen.fi\/en\/wp-json\/wp\/v2\/comments?post=42758"}],"wp:featuredmedia":[{"embeddable":true,"href":"https:\/\/kinnunen.fi\/en\/wp-json\/wp\/v2\/media\/42754"}],"wp:attachment":[{"href":"https:\/\/kinnunen.fi\/en\/wp-json\/wp\/v2\/media?parent=42758"}],"wp:term":[{"taxonomy":"product_cat","embeddable":true,"href":"https:\/\/kinnunen.fi\/en\/wp-json\/wp\/v2\/product_cat?post=42758"},{"taxonomy":"product_tag","embeddable":true,"href":"https:\/\/kinnunen.fi\/en\/wp-json\/wp\/v2\/product_tag?post=42758"}],"curies":[{"name":"wp","href":"https:\/\/api.w.org\/{rel}","templated":true}]}}