

{"id":42812,"date":"2024-12-03T12:08:12","date_gmt":"2024-12-03T10:08:12","guid":{"rendered":"https:\/\/kinnunen.fi\/?post_type=product&#038;p=42812"},"modified":"2026-05-01T04:00:37","modified_gmt":"2026-05-01T01:00:37","slug":"y-s-park-clip-l-5kpl-musta","status":"publish","type":"product","link":"https:\/\/kinnunen.fi\/en\/product\/y-s-park-clip-l-5kpl-musta\/","title":{"rendered":"Y.S.Park Clip L 5pcs, black"},"content":{"rendered":"","protected":false},"excerpt":{"rendered":"<p>Y.S. Park Clip L clips are made of aluminium and are suitable for all kinds of work in salons. The improved opening mechanism allows for effortless use. The anodised coating prevents corrosion and the stainless steel spring guarantee a long life of the clip. The strong spring holds the partitions firmly in place. The clip is 100 mm long and weighs only 5g.<br \/>\nPackage size: 5 pcs\/pkt<\/p>","protected":false},"featured_media":42813,"comment_status":"closed","ping_status":"closed","template":"","meta":{"_relevanssi_hide_post":"","_relevanssi_pin_for_all":"","_relevanssi_pin_keywords":"","_relevanssi_unpin_keywords":"","_relevanssi_related_keywords":"","_relevanssi_related_include_ids":"","_relevanssi_related_exclude_ids":"","_relevanssi_related_no_append":"","_relevanssi_related_not_related":"","_relevanssi_related_posts":"","_relevanssi_noindex_reason":""},"product_cat":[1762,1828],"product_tag":[2318,2319,2320],"class_list":["post-42812","product","type-product","status-publish","has-post-thumbnail","hentry","product_cat-tarvikkeet","product_cat-klipsit","product_tag-hiusklipsi","product_tag-klipsi","product_tag-ositusklipsi","tuotemerkki-y-s-park"],"tuotemerkit":[{"term_id":193,"name":"Y.S.Park","slug":"y-s-park","term_group":0,"term_taxonomy_id":193,"taxonomy":"tuotemerkki","description":"","parent":0,"count":61,"filter":"raw"}],"acf":[],"yoast_head":"<!-- This site is optimized with the Yoast SEO plugin v23.3 - https:\/\/yoast.com\/wordpress\/plugins\/seo\/ -->\n<title>Y.S.Park Clip L 5kpl, musta - Kinnunen<\/title>\n<meta name=\"robots\" content=\"index, follow, max-snippet:-1, max-image-preview:large, max-video-preview:-1\" \/>\n<link rel=\"canonical\" href=\"https:\/\/kinnunen.fi\/en\/product\/y-s-park-clip-l-5kpl-musta\/\" \/>\n<meta property=\"og:locale\" content=\"en_GB\" \/>\n<meta property=\"og:type\" content=\"article\" \/>\n<meta property=\"og:title\" content=\"Y.S.Park Clip L 5kpl, musta - Kinnunen\" \/>\n<meta property=\"og:description\" content=\"Y.S. Park Clip L -klipsit ovat valmistettu alumiinista ja soveltuvat kaikenlaiseen ty\u00f6skentelyyn salongeissa. Paranneltu avausmekanismi mahdollistaa vaivattoman k\u00e4yt\u00f6n. Anodisoitu pinnoite est\u00e4\u00e4 korroosiota ja ruostumattomasta ter\u00e4ksest\u00e4 valmistettu jousi takaavat klipsin pitk\u00e4n k\u00e4ytt\u00f6i\u00e4n. Voimakas jousi pit\u00e4\u00e4 osiot tukevasti paikallaan. Klipsin pituus on 100 mm ja paino vain 5g. Pakkauskoko: 5 kpl\/pkt\" \/>\n<meta property=\"og:url\" content=\"https:\/\/kinnunen.fi\/en\/product\/y-s-park-clip-l-5kpl-musta\/\" \/>\n<meta property=\"og:site_name\" content=\"Kinnunen\" \/>\n<meta property=\"article:modified_time\" content=\"2026-05-01T01:00:37+00:00\" \/>\n<meta property=\"og:image\" content=\"https:\/\/kinnunen.fi\/wp-content\/uploads\/2024\/12\/YSCLIPL-yspark-clip-L_black.jpg\" \/>\n\t<meta property=\"og:image:width\" content=\"2407\" \/>\n\t<meta property=\"og:image:height\" content=\"2407\" \/>\n\t<meta property=\"og:image:type\" content=\"image\/jpeg\" \/>\n<meta name=\"twitter:card\" content=\"summary_large_image\" \/>\n<script type=\"application\/ld+json\" class=\"yoast-schema-graph\">{\"@context\":\"https:\/\/schema.org\",\"@graph\":[{\"@type\":\"WebPage\",\"@id\":\"https:\/\/kinnunen.fi\/tuote\/y-s-park-clip-l-5kpl-musta\/\",\"url\":\"https:\/\/kinnunen.fi\/tuote\/y-s-park-clip-l-5kpl-musta\/\",\"name\":\"Y.S.Park Clip L 5kpl, musta - Kinnunen\",\"isPartOf\":{\"@id\":\"https:\/\/kinnunen.fi\/#website\"},\"primaryImageOfPage\":{\"@id\":\"https:\/\/kinnunen.fi\/tuote\/y-s-park-clip-l-5kpl-musta\/#primaryimage\"},\"image\":{\"@id\":\"https:\/\/kinnunen.fi\/tuote\/y-s-park-clip-l-5kpl-musta\/#primaryimage\"},\"thumbnailUrl\":\"https:\/\/kinnunen.fi\/wp-content\/uploads\/2024\/12\/YSCLIPL-yspark-clip-L_black.jpg\",\"datePublished\":\"2024-12-03T10:08:12+00:00\",\"dateModified\":\"2026-05-01T01:00:37+00:00\",\"breadcrumb\":{\"@id\":\"https:\/\/kinnunen.fi\/tuote\/y-s-park-clip-l-5kpl-musta\/#breadcrumb\"},\"inLanguage\":\"en-GB\",\"potentialAction\":[{\"@type\":\"ReadAction\",\"target\":[\"https:\/\/kinnunen.fi\/tuote\/y-s-park-clip-l-5kpl-musta\/\"]}]},{\"@type\":\"ImageObject\",\"inLanguage\":\"en-GB\",\"@id\":\"https:\/\/kinnunen.fi\/tuote\/y-s-park-clip-l-5kpl-musta\/#primaryimage\",\"url\":\"https:\/\/kinnunen.fi\/wp-content\/uploads\/2024\/12\/YSCLIPL-yspark-clip-L_black.jpg\",\"contentUrl\":\"https:\/\/kinnunen.fi\/wp-content\/uploads\/2024\/12\/YSCLIPL-yspark-clip-L_black.jpg\",\"width\":2407,\"height\":2407},{\"@type\":\"BreadcrumbList\",\"@id\":\"https:\/\/kinnunen.fi\/tuote\/y-s-park-clip-l-5kpl-musta\/#breadcrumb\",\"itemListElement\":[{\"@type\":\"ListItem\",\"position\":1,\"name\":\"Etusivu\",\"item\":\"https:\/\/kinnunen.fi\/\"},{\"@type\":\"ListItem\",\"position\":2,\"name\":\"Kaikki tuotteet\",\"item\":\"https:\/\/kinnunen.fi\/kauppa\/\"},{\"@type\":\"ListItem\",\"position\":3,\"name\":\"Tarvikkeet\",\"item\":\"https:\/\/kinnunen.fi\/tuote-osasto\/tarvikkeet\/\"},{\"@type\":\"ListItem\",\"position\":4,\"name\":\"Y.S.Park Clip L 5kpl, musta\"}]},{\"@type\":\"WebSite\",\"@id\":\"https:\/\/kinnunen.fi\/#website\",\"url\":\"https:\/\/kinnunen.fi\/\",\"name\":\"Kinnunen\",\"description\":\"\",\"potentialAction\":[{\"@type\":\"SearchAction\",\"target\":{\"@type\":\"EntryPoint\",\"urlTemplate\":\"https:\/\/kinnunen.fi\/?s={search_term_string}\"},\"query-input\":\"required name=search_term_string\"}],\"inLanguage\":\"en-GB\"}]}<\/script>\n<!-- \/ Yoast SEO plugin. -->","yoast_head_json":{"title":"Y.S.Park Clip L 5kpl, musta - Kinnunen","robots":{"index":"index","follow":"follow","max-snippet":"max-snippet:-1","max-image-preview":"max-image-preview:large","max-video-preview":"max-video-preview:-1"},"canonical":"https:\/\/kinnunen.fi\/en\/product\/y-s-park-clip-l-5kpl-musta\/","og_locale":"en_GB","og_type":"article","og_title":"Y.S.Park Clip L 5kpl, musta - Kinnunen","og_description":"Y.S. Park Clip L -klipsit ovat valmistettu alumiinista ja soveltuvat kaikenlaiseen ty\u00f6skentelyyn salongeissa. Paranneltu avausmekanismi mahdollistaa vaivattoman k\u00e4yt\u00f6n. Anodisoitu pinnoite est\u00e4\u00e4 korroosiota ja ruostumattomasta ter\u00e4ksest\u00e4 valmistettu jousi takaavat klipsin pitk\u00e4n k\u00e4ytt\u00f6i\u00e4n. Voimakas jousi pit\u00e4\u00e4 osiot tukevasti paikallaan. Klipsin pituus on 100 mm ja paino vain 5g. Pakkauskoko: 5 kpl\/pkt","og_url":"https:\/\/kinnunen.fi\/en\/product\/y-s-park-clip-l-5kpl-musta\/","og_site_name":"Kinnunen","article_modified_time":"2026-05-01T01:00:37+00:00","og_image":[{"width":2407,"height":2407,"url":"https:\/\/kinnunen.fi\/wp-content\/uploads\/2024\/12\/YSCLIPL-yspark-clip-L_black.jpg","type":"image\/jpeg"}],"twitter_card":"summary_large_image","schema":{"@context":"https:\/\/schema.org","@graph":[{"@type":"WebPage","@id":"https:\/\/kinnunen.fi\/tuote\/y-s-park-clip-l-5kpl-musta\/","url":"https:\/\/kinnunen.fi\/tuote\/y-s-park-clip-l-5kpl-musta\/","name":"Y.S.Park Clip L 5kpl, musta - Kinnunen","isPartOf":{"@id":"https:\/\/kinnunen.fi\/#website"},"primaryImageOfPage":{"@id":"https:\/\/kinnunen.fi\/tuote\/y-s-park-clip-l-5kpl-musta\/#primaryimage"},"image":{"@id":"https:\/\/kinnunen.fi\/tuote\/y-s-park-clip-l-5kpl-musta\/#primaryimage"},"thumbnailUrl":"https:\/\/kinnunen.fi\/wp-content\/uploads\/2024\/12\/YSCLIPL-yspark-clip-L_black.jpg","datePublished":"2024-12-03T10:08:12+00:00","dateModified":"2026-05-01T01:00:37+00:00","breadcrumb":{"@id":"https:\/\/kinnunen.fi\/tuote\/y-s-park-clip-l-5kpl-musta\/#breadcrumb"},"inLanguage":"en-GB","potentialAction":[{"@type":"ReadAction","target":["https:\/\/kinnunen.fi\/tuote\/y-s-park-clip-l-5kpl-musta\/"]}]},{"@type":"ImageObject","inLanguage":"en-GB","@id":"https:\/\/kinnunen.fi\/tuote\/y-s-park-clip-l-5kpl-musta\/#primaryimage","url":"https:\/\/kinnunen.fi\/wp-content\/uploads\/2024\/12\/YSCLIPL-yspark-clip-L_black.jpg","contentUrl":"https:\/\/kinnunen.fi\/wp-content\/uploads\/2024\/12\/YSCLIPL-yspark-clip-L_black.jpg","width":2407,"height":2407},{"@type":"BreadcrumbList","@id":"https:\/\/kinnunen.fi\/tuote\/y-s-park-clip-l-5kpl-musta\/#breadcrumb","itemListElement":[{"@type":"ListItem","position":1,"name":"Etusivu","item":"https:\/\/kinnunen.fi\/"},{"@type":"ListItem","position":2,"name":"Kaikki tuotteet","item":"https:\/\/kinnunen.fi\/kauppa\/"},{"@type":"ListItem","position":3,"name":"Tarvikkeet","item":"https:\/\/kinnunen.fi\/tuote-osasto\/tarvikkeet\/"},{"@type":"ListItem","position":4,"name":"Y.S.Park Clip L 5kpl, musta"}]},{"@type":"WebSite","@id":"https:\/\/kinnunen.fi\/#website","url":"https:\/\/kinnunen.fi\/","name":"Kinnunen","description":"","potentialAction":[{"@type":"SearchAction","target":{"@type":"EntryPoint","urlTemplate":"https:\/\/kinnunen.fi\/?s={search_term_string}"},"query-input":"required name=search_term_string"}],"inLanguage":"en-GB"}]}},"_links":{"self":[{"href":"https:\/\/kinnunen.fi\/en\/wp-json\/wp\/v2\/product\/42812"}],"collection":[{"href":"https:\/\/kinnunen.fi\/en\/wp-json\/wp\/v2\/product"}],"about":[{"href":"https:\/\/kinnunen.fi\/en\/wp-json\/wp\/v2\/types\/product"}],"replies":[{"embeddable":true,"href":"https:\/\/kinnunen.fi\/en\/wp-json\/wp\/v2\/comments?post=42812"}],"wp:featuredmedia":[{"embeddable":true,"href":"https:\/\/kinnunen.fi\/en\/wp-json\/wp\/v2\/media\/42813"}],"wp:attachment":[{"href":"https:\/\/kinnunen.fi\/en\/wp-json\/wp\/v2\/media?parent=42812"}],"wp:term":[{"taxonomy":"product_cat","embeddable":true,"href":"https:\/\/kinnunen.fi\/en\/wp-json\/wp\/v2\/product_cat?post=42812"},{"taxonomy":"product_tag","embeddable":true,"href":"https:\/\/kinnunen.fi\/en\/wp-json\/wp\/v2\/product_tag?post=42812"}],"curies":[{"name":"wp","href":"https:\/\/api.w.org\/{rel}","templated":true}]}}