

{"id":42879,"date":"2024-12-11T10:32:04","date_gmt":"2024-12-11T08:32:04","guid":{"rendered":"https:\/\/kinnunen.fi\/?post_type=product&#038;p=42879"},"modified":"2026-04-18T04:00:32","modified_gmt":"2026-04-18T01:00:32","slug":"haircamouflage-matkafooni","status":"publish","type":"product","link":"https:\/\/kinnunen.fi\/en\/product\/haircamouflage-matkafooni\/","title":{"rendered":"HairCamouflage travel hairdryer"},"content":{"rendered":"","protected":false},"excerpt":{"rendered":"<p><span data-teams=\"true\">A very compact and powerful (1000 W) folding hairdryer that you can easily carry on the go. 2 blowing powers and 2 temperatures. Supplied with nozzle, diffuser and storage bag. Cord length 2 m. 24 months warranty.<\/span><\/p>","protected":false},"featured_media":42875,"comment_status":"closed","ping_status":"closed","template":"","meta":{"_relevanssi_hide_post":"","_relevanssi_pin_for_all":"","_relevanssi_pin_keywords":"","_relevanssi_unpin_keywords":"","_relevanssi_related_keywords":"","_relevanssi_related_include_ids":"","_relevanssi_related_exclude_ids":"","_relevanssi_related_no_append":"","_relevanssi_related_not_related":"","_relevanssi_related_posts":"","_relevanssi_noindex_reason":""},"product_cat":[1774,1778],"product_tag":[2325,2326,2324],"class_list":["post-42879","product","type-product","status-publish","has-post-thumbnail","hentry","product_cat-koneet-ja-laitteet","product_cat-foonit","product_tag-mini-fooni","product_tag-mini-hiustenkuivaaja","product_tag-minifooni","tuotemerkki-haircamouflage"],"tuotemerkit":[{"term_id":157,"name":"HairCamouflage","slug":"haircamouflage","term_group":0,"term_taxonomy_id":157,"taxonomy":"tuotemerkki","description":"","parent":0,"count":31,"filter":"raw"}],"acf":[],"yoast_head":"<!-- This site is optimized with the Yoast SEO plugin v23.3 - https:\/\/yoast.com\/wordpress\/plugins\/seo\/ -->\n<title>HairCamouflage matkaf\u00f6\u00f6ni - Kinnunen<\/title>\n<meta name=\"robots\" content=\"index, follow, max-snippet:-1, max-image-preview:large, max-video-preview:-1\" \/>\n<link rel=\"canonical\" href=\"https:\/\/kinnunen.fi\/en\/product\/haircamouflage-matkafooni\/\" \/>\n<meta property=\"og:locale\" content=\"en_GB\" \/>\n<meta property=\"og:type\" content=\"article\" \/>\n<meta property=\"og:title\" content=\"HairCamouflage matkaf\u00f6\u00f6ni - Kinnunen\" \/>\n<meta property=\"og:description\" content=\"Eritt\u00e4in kompakti ja tehokas (1000 W) kokoon taittuva f\u00f6\u00f6ni, jota kuljetat matkalla mukanasi vaivattomasti. 2 puhallustehoa ja 2 l\u00e4mp\u00f6tilaa. Laitteen mukana toimitetaan suutin, diffuuseri ja s\u00e4ilytyspussi. Johdon pituus 2 m. Takuu 24 kk.\" \/>\n<meta property=\"og:url\" content=\"https:\/\/kinnunen.fi\/en\/product\/haircamouflage-matkafooni\/\" \/>\n<meta property=\"og:site_name\" content=\"Kinnunen\" \/>\n<meta property=\"article:modified_time\" content=\"2026-04-18T01:00:32+00:00\" \/>\n<meta property=\"og:image\" content=\"https:\/\/kinnunen.fi\/wp-content\/uploads\/2024\/12\/HairCamoulflage_mini_travel_dryer.jpg\" \/>\n\t<meta property=\"og:image:width\" content=\"1000\" \/>\n\t<meta property=\"og:image:height\" content=\"1000\" \/>\n\t<meta property=\"og:image:type\" content=\"image\/jpeg\" \/>\n<meta name=\"twitter:card\" content=\"summary_large_image\" \/>\n<script type=\"application\/ld+json\" class=\"yoast-schema-graph\">{\"@context\":\"https:\/\/schema.org\",\"@graph\":[{\"@type\":\"WebPage\",\"@id\":\"https:\/\/kinnunen.fi\/tuote\/haircamouflage-matkafooni\/\",\"url\":\"https:\/\/kinnunen.fi\/tuote\/haircamouflage-matkafooni\/\",\"name\":\"HairCamouflage matkaf\u00f6\u00f6ni - Kinnunen\",\"isPartOf\":{\"@id\":\"https:\/\/kinnunen.fi\/#website\"},\"primaryImageOfPage\":{\"@id\":\"https:\/\/kinnunen.fi\/tuote\/haircamouflage-matkafooni\/#primaryimage\"},\"image\":{\"@id\":\"https:\/\/kinnunen.fi\/tuote\/haircamouflage-matkafooni\/#primaryimage\"},\"thumbnailUrl\":\"https:\/\/kinnunen.fi\/wp-content\/uploads\/2024\/12\/HairCamoulflage_mini_travel_dryer.jpg\",\"datePublished\":\"2024-12-11T08:32:04+00:00\",\"dateModified\":\"2026-04-18T01:00:32+00:00\",\"breadcrumb\":{\"@id\":\"https:\/\/kinnunen.fi\/tuote\/haircamouflage-matkafooni\/#breadcrumb\"},\"inLanguage\":\"en-GB\",\"potentialAction\":[{\"@type\":\"ReadAction\",\"target\":[\"https:\/\/kinnunen.fi\/tuote\/haircamouflage-matkafooni\/\"]}]},{\"@type\":\"ImageObject\",\"inLanguage\":\"en-GB\",\"@id\":\"https:\/\/kinnunen.fi\/tuote\/haircamouflage-matkafooni\/#primaryimage\",\"url\":\"https:\/\/kinnunen.fi\/wp-content\/uploads\/2024\/12\/HairCamoulflage_mini_travel_dryer.jpg\",\"contentUrl\":\"https:\/\/kinnunen.fi\/wp-content\/uploads\/2024\/12\/HairCamoulflage_mini_travel_dryer.jpg\",\"width\":1000,\"height\":1000},{\"@type\":\"BreadcrumbList\",\"@id\":\"https:\/\/kinnunen.fi\/tuote\/haircamouflage-matkafooni\/#breadcrumb\",\"itemListElement\":[{\"@type\":\"ListItem\",\"position\":1,\"name\":\"Etusivu\",\"item\":\"https:\/\/kinnunen.fi\/\"},{\"@type\":\"ListItem\",\"position\":2,\"name\":\"Kaikki tuotteet\",\"item\":\"https:\/\/kinnunen.fi\/kauppa\/\"},{\"@type\":\"ListItem\",\"position\":3,\"name\":\"Koneet ja s\u00e4hk\u00f6laitteet\",\"item\":\"https:\/\/kinnunen.fi\/tuote-osasto\/koneet-ja-laitteet\/\"},{\"@type\":\"ListItem\",\"position\":4,\"name\":\"HairCamouflage matkaf\u00f6\u00f6ni\"}]},{\"@type\":\"WebSite\",\"@id\":\"https:\/\/kinnunen.fi\/#website\",\"url\":\"https:\/\/kinnunen.fi\/\",\"name\":\"Kinnunen\",\"description\":\"\",\"potentialAction\":[{\"@type\":\"SearchAction\",\"target\":{\"@type\":\"EntryPoint\",\"urlTemplate\":\"https:\/\/kinnunen.fi\/?s={search_term_string}\"},\"query-input\":\"required name=search_term_string\"}],\"inLanguage\":\"en-GB\"}]}<\/script>\n<!-- \/ Yoast SEO plugin. -->","yoast_head_json":{"title":"HairCamouflage matkaf\u00f6\u00f6ni - Kinnunen","robots":{"index":"index","follow":"follow","max-snippet":"max-snippet:-1","max-image-preview":"max-image-preview:large","max-video-preview":"max-video-preview:-1"},"canonical":"https:\/\/kinnunen.fi\/en\/product\/haircamouflage-matkafooni\/","og_locale":"en_GB","og_type":"article","og_title":"HairCamouflage matkaf\u00f6\u00f6ni - Kinnunen","og_description":"Eritt\u00e4in kompakti ja tehokas (1000 W) kokoon taittuva f\u00f6\u00f6ni, jota kuljetat matkalla mukanasi vaivattomasti. 2 puhallustehoa ja 2 l\u00e4mp\u00f6tilaa. Laitteen mukana toimitetaan suutin, diffuuseri ja s\u00e4ilytyspussi. Johdon pituus 2 m. Takuu 24 kk.","og_url":"https:\/\/kinnunen.fi\/en\/product\/haircamouflage-matkafooni\/","og_site_name":"Kinnunen","article_modified_time":"2026-04-18T01:00:32+00:00","og_image":[{"width":1000,"height":1000,"url":"https:\/\/kinnunen.fi\/wp-content\/uploads\/2024\/12\/HairCamoulflage_mini_travel_dryer.jpg","type":"image\/jpeg"}],"twitter_card":"summary_large_image","schema":{"@context":"https:\/\/schema.org","@graph":[{"@type":"WebPage","@id":"https:\/\/kinnunen.fi\/tuote\/haircamouflage-matkafooni\/","url":"https:\/\/kinnunen.fi\/tuote\/haircamouflage-matkafooni\/","name":"HairCamouflage matkaf\u00f6\u00f6ni - Kinnunen","isPartOf":{"@id":"https:\/\/kinnunen.fi\/#website"},"primaryImageOfPage":{"@id":"https:\/\/kinnunen.fi\/tuote\/haircamouflage-matkafooni\/#primaryimage"},"image":{"@id":"https:\/\/kinnunen.fi\/tuote\/haircamouflage-matkafooni\/#primaryimage"},"thumbnailUrl":"https:\/\/kinnunen.fi\/wp-content\/uploads\/2024\/12\/HairCamoulflage_mini_travel_dryer.jpg","datePublished":"2024-12-11T08:32:04+00:00","dateModified":"2026-04-18T01:00:32+00:00","breadcrumb":{"@id":"https:\/\/kinnunen.fi\/tuote\/haircamouflage-matkafooni\/#breadcrumb"},"inLanguage":"en-GB","potentialAction":[{"@type":"ReadAction","target":["https:\/\/kinnunen.fi\/tuote\/haircamouflage-matkafooni\/"]}]},{"@type":"ImageObject","inLanguage":"en-GB","@id":"https:\/\/kinnunen.fi\/tuote\/haircamouflage-matkafooni\/#primaryimage","url":"https:\/\/kinnunen.fi\/wp-content\/uploads\/2024\/12\/HairCamoulflage_mini_travel_dryer.jpg","contentUrl":"https:\/\/kinnunen.fi\/wp-content\/uploads\/2024\/12\/HairCamoulflage_mini_travel_dryer.jpg","width":1000,"height":1000},{"@type":"BreadcrumbList","@id":"https:\/\/kinnunen.fi\/tuote\/haircamouflage-matkafooni\/#breadcrumb","itemListElement":[{"@type":"ListItem","position":1,"name":"Etusivu","item":"https:\/\/kinnunen.fi\/"},{"@type":"ListItem","position":2,"name":"Kaikki tuotteet","item":"https:\/\/kinnunen.fi\/kauppa\/"},{"@type":"ListItem","position":3,"name":"Koneet ja s\u00e4hk\u00f6laitteet","item":"https:\/\/kinnunen.fi\/tuote-osasto\/koneet-ja-laitteet\/"},{"@type":"ListItem","position":4,"name":"HairCamouflage matkaf\u00f6\u00f6ni"}]},{"@type":"WebSite","@id":"https:\/\/kinnunen.fi\/#website","url":"https:\/\/kinnunen.fi\/","name":"Kinnunen","description":"","potentialAction":[{"@type":"SearchAction","target":{"@type":"EntryPoint","urlTemplate":"https:\/\/kinnunen.fi\/?s={search_term_string}"},"query-input":"required name=search_term_string"}],"inLanguage":"en-GB"}]}},"_links":{"self":[{"href":"https:\/\/kinnunen.fi\/en\/wp-json\/wp\/v2\/product\/42879"}],"collection":[{"href":"https:\/\/kinnunen.fi\/en\/wp-json\/wp\/v2\/product"}],"about":[{"href":"https:\/\/kinnunen.fi\/en\/wp-json\/wp\/v2\/types\/product"}],"replies":[{"embeddable":true,"href":"https:\/\/kinnunen.fi\/en\/wp-json\/wp\/v2\/comments?post=42879"}],"wp:featuredmedia":[{"embeddable":true,"href":"https:\/\/kinnunen.fi\/en\/wp-json\/wp\/v2\/media\/42875"}],"wp:attachment":[{"href":"https:\/\/kinnunen.fi\/en\/wp-json\/wp\/v2\/media?parent=42879"}],"wp:term":[{"taxonomy":"product_cat","embeddable":true,"href":"https:\/\/kinnunen.fi\/en\/wp-json\/wp\/v2\/product_cat?post=42879"},{"taxonomy":"product_tag","embeddable":true,"href":"https:\/\/kinnunen.fi\/en\/wp-json\/wp\/v2\/product_tag?post=42879"}],"curies":[{"name":"wp","href":"https:\/\/api.w.org\/{rel}","templated":true}]}}