

{"id":43172,"date":"2025-01-24T13:42:03","date_gmt":"2025-01-24T11:42:03","guid":{"rendered":"https:\/\/kinnunen.fi\/?post_type=product&#038;p=43172"},"modified":"2026-05-03T04:00:26","modified_gmt":"2026-05-03T01:00:26","slug":"hc-blue-ice-sakset-5","status":"publish","type":"product","link":"https:\/\/kinnunen.fi\/en\/product\/hc-blue-ice-sakset-5\/","title":{"rendered":"HC Blue Ice scissors set 5\u2033"},"content":{"rendered":"","protected":false},"excerpt":{"rendered":"<p>Ultra-slim titanium-coated cutting scissors for effortless cutting with all cutting techniques! The blue titanium coating of the scissors keeps the sharpness extremely long and protects you and your client from allergic reactions.<\/p>","protected":false},"featured_media":43166,"comment_status":"closed","ping_status":"closed","template":"","meta":{"_relevanssi_hide_post":"","_relevanssi_pin_for_all":"","_relevanssi_pin_keywords":"","_relevanssi_unpin_keywords":"","_relevanssi_related_keywords":"","_relevanssi_related_include_ids":"","_relevanssi_related_exclude_ids":"","_relevanssi_related_no_append":"","_relevanssi_related_not_related":"","_relevanssi_related_posts":"","_relevanssi_noindex_reason":""},"product_cat":[1783,1784],"product_tag":[],"class_list":["post-43172","product","type-product","status-publish","has-post-thumbnail","hentry","product_cat-sakset-ja-veitset","product_cat-leikkaussakset","tuotemerkki-haircamouflage"],"tuotemerkit":[{"term_id":157,"name":"HairCamouflage","slug":"haircamouflage","term_group":0,"term_taxonomy_id":157,"taxonomy":"tuotemerkki","description":"","parent":0,"count":31,"filter":"raw"}],"acf":[],"yoast_head":"<!-- This site is optimized with the Yoast SEO plugin v23.3 - https:\/\/yoast.com\/wordpress\/plugins\/seo\/ -->\n<title>HC Blue Ice -sakset 5&quot; - Kinnunen<\/title>\n<meta name=\"robots\" content=\"index, follow, max-snippet:-1, max-image-preview:large, max-video-preview:-1\" \/>\n<link rel=\"canonical\" href=\"https:\/\/kinnunen.fi\/en\/product\/hc-blue-ice-sakset-5\/\" \/>\n<meta property=\"og:locale\" content=\"en_GB\" \/>\n<meta property=\"og:type\" content=\"article\" \/>\n<meta property=\"og:title\" content=\"HC Blue Ice -sakset 5&quot; - Kinnunen\" \/>\n<meta property=\"og:description\" content=\"Eritt\u00e4in sirot titaanipinnoitteiset leikkaus sakset, joilla leikkaat kaikilla leikkaustekniikoilla vaivattomasti! Saksien sininen titaanipinnoite pit\u00e4\u00e4 ter\u00e4vyyden \u00e4\u00e4rimm\u00e4isen pitk\u00e4\u00e4n ja suojelee sinua sek\u00e4 asiakastasi allergisilta reaktioilta.\" \/>\n<meta property=\"og:url\" content=\"https:\/\/kinnunen.fi\/en\/product\/hc-blue-ice-sakset-5\/\" \/>\n<meta property=\"og:site_name\" content=\"Kinnunen\" \/>\n<meta property=\"article:modified_time\" content=\"2026-05-03T01:00:26+00:00\" \/>\n<meta property=\"og:image\" content=\"https:\/\/kinnunen.fi\/wp-content\/uploads\/2025\/01\/HCBI-50_HC_Blue_Ice_50_hero.jpg\" \/>\n\t<meta property=\"og:image:width\" content=\"1000\" \/>\n\t<meta property=\"og:image:height\" content=\"1000\" \/>\n\t<meta property=\"og:image:type\" content=\"image\/jpeg\" \/>\n<meta name=\"twitter:card\" content=\"summary_large_image\" \/>\n<script type=\"application\/ld+json\" class=\"yoast-schema-graph\">{\"@context\":\"https:\/\/schema.org\",\"@graph\":[{\"@type\":\"WebPage\",\"@id\":\"https:\/\/kinnunen.fi\/tuote\/hc-blue-ice-sakset-5\/\",\"url\":\"https:\/\/kinnunen.fi\/tuote\/hc-blue-ice-sakset-5\/\",\"name\":\"HC Blue Ice -sakset 5\\\" - Kinnunen\",\"isPartOf\":{\"@id\":\"https:\/\/kinnunen.fi\/#website\"},\"primaryImageOfPage\":{\"@id\":\"https:\/\/kinnunen.fi\/tuote\/hc-blue-ice-sakset-5\/#primaryimage\"},\"image\":{\"@id\":\"https:\/\/kinnunen.fi\/tuote\/hc-blue-ice-sakset-5\/#primaryimage\"},\"thumbnailUrl\":\"https:\/\/kinnunen.fi\/wp-content\/uploads\/2025\/01\/HCBI-50_HC_Blue_Ice_50_hero.jpg\",\"datePublished\":\"2025-01-24T11:42:03+00:00\",\"dateModified\":\"2026-05-03T01:00:26+00:00\",\"breadcrumb\":{\"@id\":\"https:\/\/kinnunen.fi\/tuote\/hc-blue-ice-sakset-5\/#breadcrumb\"},\"inLanguage\":\"en-GB\",\"potentialAction\":[{\"@type\":\"ReadAction\",\"target\":[\"https:\/\/kinnunen.fi\/tuote\/hc-blue-ice-sakset-5\/\"]}]},{\"@type\":\"ImageObject\",\"inLanguage\":\"en-GB\",\"@id\":\"https:\/\/kinnunen.fi\/tuote\/hc-blue-ice-sakset-5\/#primaryimage\",\"url\":\"https:\/\/kinnunen.fi\/wp-content\/uploads\/2025\/01\/HCBI-50_HC_Blue_Ice_50_hero.jpg\",\"contentUrl\":\"https:\/\/kinnunen.fi\/wp-content\/uploads\/2025\/01\/HCBI-50_HC_Blue_Ice_50_hero.jpg\",\"width\":1000,\"height\":1000},{\"@type\":\"BreadcrumbList\",\"@id\":\"https:\/\/kinnunen.fi\/tuote\/hc-blue-ice-sakset-5\/#breadcrumb\",\"itemListElement\":[{\"@type\":\"ListItem\",\"position\":1,\"name\":\"Etusivu\",\"item\":\"https:\/\/kinnunen.fi\/\"},{\"@type\":\"ListItem\",\"position\":2,\"name\":\"Kaikki tuotteet\",\"item\":\"https:\/\/kinnunen.fi\/kauppa\/\"},{\"@type\":\"ListItem\",\"position\":3,\"name\":\"Sakset ja veitset\",\"item\":\"https:\/\/kinnunen.fi\/tuote-osasto\/sakset-ja-veitset\/\"},{\"@type\":\"ListItem\",\"position\":4,\"name\":\"HC Blue Ice -sakset 5&#8243;\"}]},{\"@type\":\"WebSite\",\"@id\":\"https:\/\/kinnunen.fi\/#website\",\"url\":\"https:\/\/kinnunen.fi\/\",\"name\":\"Kinnunen\",\"description\":\"\",\"potentialAction\":[{\"@type\":\"SearchAction\",\"target\":{\"@type\":\"EntryPoint\",\"urlTemplate\":\"https:\/\/kinnunen.fi\/?s={search_term_string}\"},\"query-input\":\"required name=search_term_string\"}],\"inLanguage\":\"en-GB\"}]}<\/script>\n<!-- \/ Yoast SEO plugin. -->","yoast_head_json":{"title":"HC Blue Ice -sakset 5\" - Kinnunen","robots":{"index":"index","follow":"follow","max-snippet":"max-snippet:-1","max-image-preview":"max-image-preview:large","max-video-preview":"max-video-preview:-1"},"canonical":"https:\/\/kinnunen.fi\/en\/product\/hc-blue-ice-sakset-5\/","og_locale":"en_GB","og_type":"article","og_title":"HC Blue Ice -sakset 5\" - Kinnunen","og_description":"Eritt\u00e4in sirot titaanipinnoitteiset leikkaus sakset, joilla leikkaat kaikilla leikkaustekniikoilla vaivattomasti! Saksien sininen titaanipinnoite pit\u00e4\u00e4 ter\u00e4vyyden \u00e4\u00e4rimm\u00e4isen pitk\u00e4\u00e4n ja suojelee sinua sek\u00e4 asiakastasi allergisilta reaktioilta.","og_url":"https:\/\/kinnunen.fi\/en\/product\/hc-blue-ice-sakset-5\/","og_site_name":"Kinnunen","article_modified_time":"2026-05-03T01:00:26+00:00","og_image":[{"width":1000,"height":1000,"url":"https:\/\/kinnunen.fi\/wp-content\/uploads\/2025\/01\/HCBI-50_HC_Blue_Ice_50_hero.jpg","type":"image\/jpeg"}],"twitter_card":"summary_large_image","schema":{"@context":"https:\/\/schema.org","@graph":[{"@type":"WebPage","@id":"https:\/\/kinnunen.fi\/tuote\/hc-blue-ice-sakset-5\/","url":"https:\/\/kinnunen.fi\/tuote\/hc-blue-ice-sakset-5\/","name":"HC Blue Ice -sakset 5\" - Kinnunen","isPartOf":{"@id":"https:\/\/kinnunen.fi\/#website"},"primaryImageOfPage":{"@id":"https:\/\/kinnunen.fi\/tuote\/hc-blue-ice-sakset-5\/#primaryimage"},"image":{"@id":"https:\/\/kinnunen.fi\/tuote\/hc-blue-ice-sakset-5\/#primaryimage"},"thumbnailUrl":"https:\/\/kinnunen.fi\/wp-content\/uploads\/2025\/01\/HCBI-50_HC_Blue_Ice_50_hero.jpg","datePublished":"2025-01-24T11:42:03+00:00","dateModified":"2026-05-03T01:00:26+00:00","breadcrumb":{"@id":"https:\/\/kinnunen.fi\/tuote\/hc-blue-ice-sakset-5\/#breadcrumb"},"inLanguage":"en-GB","potentialAction":[{"@type":"ReadAction","target":["https:\/\/kinnunen.fi\/tuote\/hc-blue-ice-sakset-5\/"]}]},{"@type":"ImageObject","inLanguage":"en-GB","@id":"https:\/\/kinnunen.fi\/tuote\/hc-blue-ice-sakset-5\/#primaryimage","url":"https:\/\/kinnunen.fi\/wp-content\/uploads\/2025\/01\/HCBI-50_HC_Blue_Ice_50_hero.jpg","contentUrl":"https:\/\/kinnunen.fi\/wp-content\/uploads\/2025\/01\/HCBI-50_HC_Blue_Ice_50_hero.jpg","width":1000,"height":1000},{"@type":"BreadcrumbList","@id":"https:\/\/kinnunen.fi\/tuote\/hc-blue-ice-sakset-5\/#breadcrumb","itemListElement":[{"@type":"ListItem","position":1,"name":"Etusivu","item":"https:\/\/kinnunen.fi\/"},{"@type":"ListItem","position":2,"name":"Kaikki tuotteet","item":"https:\/\/kinnunen.fi\/kauppa\/"},{"@type":"ListItem","position":3,"name":"Sakset ja veitset","item":"https:\/\/kinnunen.fi\/tuote-osasto\/sakset-ja-veitset\/"},{"@type":"ListItem","position":4,"name":"HC Blue Ice -sakset 5&#8243;"}]},{"@type":"WebSite","@id":"https:\/\/kinnunen.fi\/#website","url":"https:\/\/kinnunen.fi\/","name":"Kinnunen","description":"","potentialAction":[{"@type":"SearchAction","target":{"@type":"EntryPoint","urlTemplate":"https:\/\/kinnunen.fi\/?s={search_term_string}"},"query-input":"required name=search_term_string"}],"inLanguage":"en-GB"}]}},"_links":{"self":[{"href":"https:\/\/kinnunen.fi\/en\/wp-json\/wp\/v2\/product\/43172"}],"collection":[{"href":"https:\/\/kinnunen.fi\/en\/wp-json\/wp\/v2\/product"}],"about":[{"href":"https:\/\/kinnunen.fi\/en\/wp-json\/wp\/v2\/types\/product"}],"replies":[{"embeddable":true,"href":"https:\/\/kinnunen.fi\/en\/wp-json\/wp\/v2\/comments?post=43172"}],"wp:featuredmedia":[{"embeddable":true,"href":"https:\/\/kinnunen.fi\/en\/wp-json\/wp\/v2\/media\/43166"}],"wp:attachment":[{"href":"https:\/\/kinnunen.fi\/en\/wp-json\/wp\/v2\/media?parent=43172"}],"wp:term":[{"taxonomy":"product_cat","embeddable":true,"href":"https:\/\/kinnunen.fi\/en\/wp-json\/wp\/v2\/product_cat?post=43172"},{"taxonomy":"product_tag","embeddable":true,"href":"https:\/\/kinnunen.fi\/en\/wp-json\/wp\/v2\/product_tag?post=43172"}],"curies":[{"name":"wp","href":"https:\/\/api.w.org\/{rel}","templated":true}]}}