

{"id":43404,"date":"2025-02-25T15:32:32","date_gmt":"2025-02-25T13:32:32","guid":{"rendered":"https:\/\/kinnunen.fi\/?post_type=product&#038;p=43404"},"modified":"2026-04-17T04:00:15","modified_gmt":"2026-04-17T01:00:15","slug":"wahl-hi-viz-blade","status":"publish","type":"product","link":"https:\/\/kinnunen.fi\/en\/product\/wahl-hi-viz-blade\/","title":{"rendered":"Wahl Hi-Viz Blade"},"content":{"rendered":"","protected":false},"excerpt":{"rendered":"<p>Extra wide T-blade (40.6 mm) with DLC coating for longer life. The wider blade allows you to cut efficiently and quickly. Cutting length 0.4 mm. The blade is adjustable to 0.<\/p>","protected":false},"featured_media":43405,"comment_status":"closed","ping_status":"closed","template":"","meta":{"_relevanssi_hide_post":"","_relevanssi_pin_for_all":"","_relevanssi_pin_keywords":"","_relevanssi_unpin_keywords":"","_relevanssi_related_keywords":"","_relevanssi_related_include_ids":"","_relevanssi_related_exclude_ids":"","_relevanssi_related_no_append":"","_relevanssi_related_not_related":"","_relevanssi_related_posts":"","_relevanssi_noindex_reason":""},"product_cat":[1774,1777],"product_tag":[2437,2436],"class_list":["post-43404","product","type-product","status-publish","has-post-thumbnail","hentry","product_cat-koneet-ja-laitteet","product_cat-leikkauskoneiden-terat-ja-varaosta","product_tag-vaihtotera","product_tag-varatera","tuotemerkki-wahl"],"tuotemerkit":[{"term_id":2303,"name":"Wahl","slug":"wahl","term_group":0,"term_taxonomy_id":2303,"taxonomy":"tuotemerkki","description":"","parent":0,"count":40,"filter":"raw"}],"acf":[],"yoast_head":"<!-- This site is optimized with the Yoast SEO plugin v23.3 - https:\/\/yoast.com\/wordpress\/plugins\/seo\/ -->\n<title>Wahl Hi-Viz Blade - Kinnunen<\/title>\n<meta name=\"description\" content=\"Eritt\u00e4in leve\u00e4 T-ter\u00e4 (40.6 mm), jonka DLC pinnoite pident\u00e4\u00e4 k\u00e4ytt\u00f6ik\u00e4\u00e4. Leve\u00e4mm\u00e4n ter\u00e4n avulla leikkaat tehokkaasti ja nopeasti.\" \/>\n<meta name=\"robots\" content=\"index, follow, max-snippet:-1, max-image-preview:large, max-video-preview:-1\" \/>\n<link rel=\"canonical\" href=\"https:\/\/kinnunen.fi\/en\/product\/wahl-hi-viz-blade\/\" \/>\n<meta property=\"og:locale\" content=\"en_GB\" \/>\n<meta property=\"og:type\" content=\"article\" \/>\n<meta property=\"og:title\" content=\"Wahl Hi-Viz Blade - Kinnunen\" \/>\n<meta property=\"og:description\" content=\"Eritt\u00e4in leve\u00e4 T-ter\u00e4 (40.6 mm), jonka DLC pinnoite pident\u00e4\u00e4 k\u00e4ytt\u00f6ik\u00e4\u00e4. Leve\u00e4mm\u00e4n ter\u00e4n avulla leikkaat tehokkaasti ja nopeasti.\" \/>\n<meta property=\"og:url\" content=\"https:\/\/kinnunen.fi\/en\/product\/wahl-hi-viz-blade\/\" \/>\n<meta property=\"og:site_name\" content=\"Kinnunen\" \/>\n<meta property=\"article:modified_time\" content=\"2026-04-17T01:00:15+00:00\" \/>\n<meta property=\"og:image\" content=\"https:\/\/kinnunen.fi\/wp-content\/uploads\/2025\/02\/3024059-hi-viz-blade_hero.jpg\" \/>\n\t<meta property=\"og:image:width\" content=\"650\" \/>\n\t<meta property=\"og:image:height\" content=\"650\" \/>\n\t<meta property=\"og:image:type\" content=\"image\/jpeg\" \/>\n<meta name=\"twitter:card\" content=\"summary_large_image\" \/>\n<script type=\"application\/ld+json\" class=\"yoast-schema-graph\">{\"@context\":\"https:\/\/schema.org\",\"@graph\":[{\"@type\":\"WebPage\",\"@id\":\"https:\/\/kinnunen.fi\/tuote\/wahl-hi-viz-blade\/\",\"url\":\"https:\/\/kinnunen.fi\/tuote\/wahl-hi-viz-blade\/\",\"name\":\"Wahl Hi-Viz Blade - Kinnunen\",\"isPartOf\":{\"@id\":\"https:\/\/kinnunen.fi\/#website\"},\"primaryImageOfPage\":{\"@id\":\"https:\/\/kinnunen.fi\/tuote\/wahl-hi-viz-blade\/#primaryimage\"},\"image\":{\"@id\":\"https:\/\/kinnunen.fi\/tuote\/wahl-hi-viz-blade\/#primaryimage\"},\"thumbnailUrl\":\"https:\/\/kinnunen.fi\/wp-content\/uploads\/2025\/02\/3024059-hi-viz-blade_hero.jpg\",\"datePublished\":\"2025-02-25T13:32:32+00:00\",\"dateModified\":\"2026-04-17T01:00:15+00:00\",\"description\":\"Eritt\u00e4in leve\u00e4 T-ter\u00e4 (40.6 mm), jonka DLC pinnoite pident\u00e4\u00e4 k\u00e4ytt\u00f6ik\u00e4\u00e4. Leve\u00e4mm\u00e4n ter\u00e4n avulla leikkaat tehokkaasti ja nopeasti.\",\"breadcrumb\":{\"@id\":\"https:\/\/kinnunen.fi\/tuote\/wahl-hi-viz-blade\/#breadcrumb\"},\"inLanguage\":\"en-GB\",\"potentialAction\":[{\"@type\":\"ReadAction\",\"target\":[\"https:\/\/kinnunen.fi\/tuote\/wahl-hi-viz-blade\/\"]}]},{\"@type\":\"ImageObject\",\"inLanguage\":\"en-GB\",\"@id\":\"https:\/\/kinnunen.fi\/tuote\/wahl-hi-viz-blade\/#primaryimage\",\"url\":\"https:\/\/kinnunen.fi\/wp-content\/uploads\/2025\/02\/3024059-hi-viz-blade_hero.jpg\",\"contentUrl\":\"https:\/\/kinnunen.fi\/wp-content\/uploads\/2025\/02\/3024059-hi-viz-blade_hero.jpg\",\"width\":650,\"height\":650},{\"@type\":\"BreadcrumbList\",\"@id\":\"https:\/\/kinnunen.fi\/tuote\/wahl-hi-viz-blade\/#breadcrumb\",\"itemListElement\":[{\"@type\":\"ListItem\",\"position\":1,\"name\":\"Etusivu\",\"item\":\"https:\/\/kinnunen.fi\/\"},{\"@type\":\"ListItem\",\"position\":2,\"name\":\"Kaikki tuotteet\",\"item\":\"https:\/\/kinnunen.fi\/kauppa\/\"},{\"@type\":\"ListItem\",\"position\":3,\"name\":\"Koneet ja s\u00e4hk\u00f6laitteet\",\"item\":\"https:\/\/kinnunen.fi\/tuote-osasto\/koneet-ja-laitteet\/\"},{\"@type\":\"ListItem\",\"position\":4,\"name\":\"Wahl Hi-Viz Blade\"}]},{\"@type\":\"WebSite\",\"@id\":\"https:\/\/kinnunen.fi\/#website\",\"url\":\"https:\/\/kinnunen.fi\/\",\"name\":\"Kinnunen\",\"description\":\"\",\"potentialAction\":[{\"@type\":\"SearchAction\",\"target\":{\"@type\":\"EntryPoint\",\"urlTemplate\":\"https:\/\/kinnunen.fi\/?s={search_term_string}\"},\"query-input\":\"required name=search_term_string\"}],\"inLanguage\":\"en-GB\"}]}<\/script>\n<!-- \/ Yoast SEO plugin. -->","yoast_head_json":{"title":"Wahl Hi-Viz Blade - Kinnunen","description":"Eritt\u00e4in leve\u00e4 T-ter\u00e4 (40.6 mm), jonka DLC pinnoite pident\u00e4\u00e4 k\u00e4ytt\u00f6ik\u00e4\u00e4. Leve\u00e4mm\u00e4n ter\u00e4n avulla leikkaat tehokkaasti ja nopeasti.","robots":{"index":"index","follow":"follow","max-snippet":"max-snippet:-1","max-image-preview":"max-image-preview:large","max-video-preview":"max-video-preview:-1"},"canonical":"https:\/\/kinnunen.fi\/en\/product\/wahl-hi-viz-blade\/","og_locale":"en_GB","og_type":"article","og_title":"Wahl Hi-Viz Blade - Kinnunen","og_description":"Eritt\u00e4in leve\u00e4 T-ter\u00e4 (40.6 mm), jonka DLC pinnoite pident\u00e4\u00e4 k\u00e4ytt\u00f6ik\u00e4\u00e4. Leve\u00e4mm\u00e4n ter\u00e4n avulla leikkaat tehokkaasti ja nopeasti.","og_url":"https:\/\/kinnunen.fi\/en\/product\/wahl-hi-viz-blade\/","og_site_name":"Kinnunen","article_modified_time":"2026-04-17T01:00:15+00:00","og_image":[{"width":650,"height":650,"url":"https:\/\/kinnunen.fi\/wp-content\/uploads\/2025\/02\/3024059-hi-viz-blade_hero.jpg","type":"image\/jpeg"}],"twitter_card":"summary_large_image","schema":{"@context":"https:\/\/schema.org","@graph":[{"@type":"WebPage","@id":"https:\/\/kinnunen.fi\/tuote\/wahl-hi-viz-blade\/","url":"https:\/\/kinnunen.fi\/tuote\/wahl-hi-viz-blade\/","name":"Wahl Hi-Viz Blade - Kinnunen","isPartOf":{"@id":"https:\/\/kinnunen.fi\/#website"},"primaryImageOfPage":{"@id":"https:\/\/kinnunen.fi\/tuote\/wahl-hi-viz-blade\/#primaryimage"},"image":{"@id":"https:\/\/kinnunen.fi\/tuote\/wahl-hi-viz-blade\/#primaryimage"},"thumbnailUrl":"https:\/\/kinnunen.fi\/wp-content\/uploads\/2025\/02\/3024059-hi-viz-blade_hero.jpg","datePublished":"2025-02-25T13:32:32+00:00","dateModified":"2026-04-17T01:00:15+00:00","description":"Eritt\u00e4in leve\u00e4 T-ter\u00e4 (40.6 mm), jonka DLC pinnoite pident\u00e4\u00e4 k\u00e4ytt\u00f6ik\u00e4\u00e4. Leve\u00e4mm\u00e4n ter\u00e4n avulla leikkaat tehokkaasti ja nopeasti.","breadcrumb":{"@id":"https:\/\/kinnunen.fi\/tuote\/wahl-hi-viz-blade\/#breadcrumb"},"inLanguage":"en-GB","potentialAction":[{"@type":"ReadAction","target":["https:\/\/kinnunen.fi\/tuote\/wahl-hi-viz-blade\/"]}]},{"@type":"ImageObject","inLanguage":"en-GB","@id":"https:\/\/kinnunen.fi\/tuote\/wahl-hi-viz-blade\/#primaryimage","url":"https:\/\/kinnunen.fi\/wp-content\/uploads\/2025\/02\/3024059-hi-viz-blade_hero.jpg","contentUrl":"https:\/\/kinnunen.fi\/wp-content\/uploads\/2025\/02\/3024059-hi-viz-blade_hero.jpg","width":650,"height":650},{"@type":"BreadcrumbList","@id":"https:\/\/kinnunen.fi\/tuote\/wahl-hi-viz-blade\/#breadcrumb","itemListElement":[{"@type":"ListItem","position":1,"name":"Etusivu","item":"https:\/\/kinnunen.fi\/"},{"@type":"ListItem","position":2,"name":"Kaikki tuotteet","item":"https:\/\/kinnunen.fi\/kauppa\/"},{"@type":"ListItem","position":3,"name":"Koneet ja s\u00e4hk\u00f6laitteet","item":"https:\/\/kinnunen.fi\/tuote-osasto\/koneet-ja-laitteet\/"},{"@type":"ListItem","position":4,"name":"Wahl Hi-Viz Blade"}]},{"@type":"WebSite","@id":"https:\/\/kinnunen.fi\/#website","url":"https:\/\/kinnunen.fi\/","name":"Kinnunen","description":"","potentialAction":[{"@type":"SearchAction","target":{"@type":"EntryPoint","urlTemplate":"https:\/\/kinnunen.fi\/?s={search_term_string}"},"query-input":"required name=search_term_string"}],"inLanguage":"en-GB"}]}},"_links":{"self":[{"href":"https:\/\/kinnunen.fi\/en\/wp-json\/wp\/v2\/product\/43404"}],"collection":[{"href":"https:\/\/kinnunen.fi\/en\/wp-json\/wp\/v2\/product"}],"about":[{"href":"https:\/\/kinnunen.fi\/en\/wp-json\/wp\/v2\/types\/product"}],"replies":[{"embeddable":true,"href":"https:\/\/kinnunen.fi\/en\/wp-json\/wp\/v2\/comments?post=43404"}],"wp:featuredmedia":[{"embeddable":true,"href":"https:\/\/kinnunen.fi\/en\/wp-json\/wp\/v2\/media\/43405"}],"wp:attachment":[{"href":"https:\/\/kinnunen.fi\/en\/wp-json\/wp\/v2\/media?parent=43404"}],"wp:term":[{"taxonomy":"product_cat","embeddable":true,"href":"https:\/\/kinnunen.fi\/en\/wp-json\/wp\/v2\/product_cat?post=43404"},{"taxonomy":"product_tag","embeddable":true,"href":"https:\/\/kinnunen.fi\/en\/wp-json\/wp\/v2\/product_tag?post=43404"}],"curies":[{"name":"wp","href":"https:\/\/api.w.org\/{rel}","templated":true}]}}